{"id":9340,"date":"2026-03-16T17:55:43","date_gmt":"2026-03-16T17:55:43","guid":{"rendered":"https:\/\/minsk.hochroth.eu\/?post_type=product&#038;p=9340"},"modified":"2026-03-16T17:55:43","modified_gmt":"2026-03-16T17:55:43","slug":"maksim-dali-kryvtsov-cry-on-the-slag-head","status":"publish","type":"product","link":"https:\/\/minsk.hochroth.eu\/en\/product\/maksim-dali-kryvtsov-cry-on-the-slag-head\/","title":{"rendered":"Maksim &#8220;Dali&#8221; Kryvtsov \u2014 Cry on the slag Head"},"content":{"rendered":"<h6 class=\"p1\">Maksim &#8220;Dali&#8221; Kryvtsov<br \/>\nCry on the Slag Heap<br \/>\nTranslated from Ukrainian to Belarusian by Vola Jerma\u0142ajeva Franko<br \/>\nIllustration by Volha Prankievi\u010d<br \/>\nEditing by Ale\u015b P\u0142otka<br \/>\nProofreading by Natalla Rusieckaja<br \/>\nhochroth Minsk<br \/>\nBerlin, 2026<br \/>\nISBN 978-3-949850-77-6<\/h6>\n<p class=\"p1\">Maksim Kryvtsov was the Ukrainian soldier, poet, photographer and volunteer. He volunteered for the army in 2014. Later he worked in the Center for Readaptation and Rehabilitation &#8220;YARMIZ&#8221; and in the Veteran Hub charity. As a photographer and mentor, he joined the &#8220;\u0421\u0442\u0440\u043e\u043a\u0430\u0442\u0456 \u0454\u043d\u043e\u0442\u0438&#8221; (&#8216;Motley raccoons&#8217;) project for children.<span class=\"Apple-converted-space\">\u00a0<\/span><\/p>\n<p class=\"p1\">After the full scale Russian invasion in 2022, Maksym returned to the front and served as the machine gunner in the Special Operations Forces of the Armed Forces of Ukraine.<\/p>\n<p class=\"p1\">Kryvtsov has been writing poetry since teenage years. His texts were published in such collections as \u00ab\u041a\u043d\u0438\u0433\u0430 Love 2.0. \u041b\u044e\u0431\u043e\u0432 \u0456 \u0432\u0456\u0439\u043d\u0430\u00bb, \u00ab\u0422\u0430\u043c, \u0434\u0435 \u0432\u0434\u043e\u043c\u0430: 112 \u0432\u0456\u0440\u0448\u0456\u0432 \u043f\u0440\u043e \u043b\u044e\u0431\u043e\u0432 \u0442\u0430 \u0432\u0456\u0439\u043d\u0443\u00bb, \u00ab\u041a\u043e\u043b\u0438\u0441\u043a\u043e\u0432\u0430 21-\u0433\u043e \u0441\u0442\u043e\u043b\u0456\u0442\u0442\u044f Vol. 1: \u0449\u043e \u0442\u0435\u0431\u0435 \u0437\u0430\u043a\u043e\u043b\u0438\u0441\u0443\u0454?\u00bb.<\/p>\n<p class=\"p1\">In December 2023, he published his first collection &#8220;\u0412\u0456\u0440\u0448\u0456 \u0437 \u0431\u0456\u0439\u043d\u0438\u0446\u0456&#8221; (&#8220;Poems from the Gunloop&#8221;). It was honored as one of the best Ukrainian books of 2023 by PEN Ukraine.<\/p>\n<p class=\"p1\">Kryvtsov&#8217;s poetry has been translated to Lithuanian, Greek, Polish, Bulgarian, Portuguese, French, and English. His poems were put to music by such bands as Yurcash, Adm:t, as well as by singers Vivienne Mort and Oohla.<span class=\"Apple-converted-space\">\u00a0<\/span><\/p>\n<p class=\"p1\">Maksym died defending Ukraine on January 7, 2024, in Kharkiv region.<span class=\"Apple-converted-space\">\u00a0<\/span><\/p>\n","protected":false},"excerpt":{"rendered":"<p>Maksim &#8220;Dali&#8221; Kryvtsov Cry on the Slag Heap Translated from Ukrainian to Belarusian by Vola Jerma\u0142ajeva Franko Illustration by Volha Prankievi\u010d Editing by Ale\u015b P\u0142otka Proofreading by Natalla Rusieckaja hochroth Minsk Berlin, 2026 ISBN 978-3-949850-77-6 Maksim Kryvtsov was the Ukrainian soldier, poet, photographer and volunteer. He volunteered for the army in 2014. Later he worked [&hellip;]<\/p>\n","protected":false},"featured_media":9342,"template":"","meta":{"_themeisle_gutenberg_block_has_review":false},"product_brand":[],"product_cat":[691],"product_tag":[],"class_list":{"0":"post-9340","1":"product","2":"type-product","3":"status-publish","4":"has-post-thumbnail","6":"product_cat-kryvtsov-dali-maksim","8":"first","9":"instock","10":"shipping-taxable","11":"purchasable","12":"product-type-simple"},"yoast_head":"<!-- This site is optimized with the Yoast SEO plugin v27.3 - https:\/\/yoast.com\/product\/yoast-seo-wordpress\/ -->\n<title>Maksim &quot;Dali&quot; Kryvtsov \u2014 Cry on the slag Head - hochroth minsk<\/title>\n<meta name=\"robots\" content=\"index, follow, max-snippet:-1, max-image-preview:large, max-video-preview:-1\" \/>\n<link rel=\"canonical\" href=\"https:\/\/minsk.hochroth.eu\/en\/product\/maksim-dali-kryvtsov-cry-on-the-slag-head\/\" \/>\n<meta property=\"og:locale\" content=\"en_GB\" \/>\n<meta property=\"og:type\" content=\"article\" \/>\n<meta property=\"og:title\" content=\"Maksim &quot;Dali&quot; Kryvtsov \u2014 Cry on the slag Head - hochroth minsk\" \/>\n<meta property=\"og:description\" content=\"Maksim &#8220;Dali&#8221; Kryvtsov Cry on the Slag Heap Translated from Ukrainian to Belarusian by Vola Jerma\u0142ajeva Franko Illustration by Volha Prankievi\u010d Editing by Ale\u015b P\u0142otka Proofreading by Natalla Rusieckaja hochroth Minsk Berlin, 2026 ISBN 978-3-949850-77-6 Maksim Kryvtsov was the Ukrainian soldier, poet, photographer and volunteer. He volunteered for the army in 2014. Later he worked [&hellip;]\" \/>\n<meta property=\"og:url\" content=\"https:\/\/minsk.hochroth.eu\/en\/product\/maksim-dali-kryvtsov-cry-on-the-slag-head\/\" \/>\n<meta property=\"og:site_name\" content=\"hochroth minsk\" \/>\n<meta property=\"og:image\" content=\"https:\/\/minsk.hochroth.eu\/wp-content\/uploads\/2026\/03\/\u0421\u043d\u0438\u043c\u043e\u043a-\u044d\u043a\u0440\u0430\u043d\u0430-2026-03-16-\u0432-20.46.39-1.png\" \/>\n\t<meta property=\"og:image:width\" content=\"366\" \/>\n\t<meta property=\"og:image:height\" content=\"408\" \/>\n\t<meta property=\"og:image:type\" content=\"image\/png\" \/>\n<meta name=\"twitter:card\" content=\"summary_large_image\" \/>\n<meta name=\"twitter:label1\" content=\"Estimated reading time\" \/>\n\t<meta name=\"twitter:data1\" content=\"2 minutes\" \/>\n<script type=\"application\/ld+json\" class=\"yoast-schema-graph\">{\"@context\":\"https:\\\/\\\/schema.org\",\"@graph\":[{\"@type\":\"WebPage\",\"@id\":\"https:\\\/\\\/minsk.hochroth.eu\\\/product\\\/maksim-dali-kryvtsov-cry-on-the-slag-head\\\/\",\"url\":\"https:\\\/\\\/minsk.hochroth.eu\\\/product\\\/maksim-dali-kryvtsov-cry-on-the-slag-head\\\/\",\"name\":\"Maksim \\\"Dali\\\" Kryvtsov \u2014 Cry on the slag Head - hochroth minsk\",\"isPartOf\":{\"@id\":\"https:\\\/\\\/minsk.hochroth.eu\\\/#website\"},\"primaryImageOfPage\":{\"@id\":\"https:\\\/\\\/minsk.hochroth.eu\\\/product\\\/maksim-dali-kryvtsov-cry-on-the-slag-head\\\/#primaryimage\"},\"image\":{\"@id\":\"https:\\\/\\\/minsk.hochroth.eu\\\/product\\\/maksim-dali-kryvtsov-cry-on-the-slag-head\\\/#primaryimage\"},\"thumbnailUrl\":\"https:\\\/\\\/minsk.hochroth.eu\\\/wp-content\\\/uploads\\\/2026\\\/03\\\/\u0421\u043d\u0438\u043c\u043e\u043a-\u044d\u043a\u0440\u0430\u043d\u0430-2026-03-16-\u0432-20.46.39-1.png\",\"datePublished\":\"2026-03-16T17:55:43+00:00\",\"breadcrumb\":{\"@id\":\"https:\\\/\\\/minsk.hochroth.eu\\\/product\\\/maksim-dali-kryvtsov-cry-on-the-slag-head\\\/#breadcrumb\"},\"inLanguage\":\"en-GB\",\"potentialAction\":[{\"@type\":\"ReadAction\",\"target\":[\"https:\\\/\\\/minsk.hochroth.eu\\\/product\\\/maksim-dali-kryvtsov-cry-on-the-slag-head\\\/\"]}]},{\"@type\":\"ImageObject\",\"inLanguage\":\"en-GB\",\"@id\":\"https:\\\/\\\/minsk.hochroth.eu\\\/product\\\/maksim-dali-kryvtsov-cry-on-the-slag-head\\\/#primaryimage\",\"url\":\"https:\\\/\\\/minsk.hochroth.eu\\\/wp-content\\\/uploads\\\/2026\\\/03\\\/\u0421\u043d\u0438\u043c\u043e\u043a-\u044d\u043a\u0440\u0430\u043d\u0430-2026-03-16-\u0432-20.46.39-1.png\",\"contentUrl\":\"https:\\\/\\\/minsk.hochroth.eu\\\/wp-content\\\/uploads\\\/2026\\\/03\\\/\u0421\u043d\u0438\u043c\u043e\u043a-\u044d\u043a\u0440\u0430\u043d\u0430-2026-03-16-\u0432-20.46.39-1.png\",\"width\":366,\"height\":408},{\"@type\":\"BreadcrumbList\",\"@id\":\"https:\\\/\\\/minsk.hochroth.eu\\\/product\\\/maksim-dali-kryvtsov-cry-on-the-slag-head\\\/#breadcrumb\",\"itemListElement\":[{\"@type\":\"ListItem\",\"position\":1,\"name\":\"Startseite\",\"item\":\"https:\\\/\\\/minsk.hochroth.eu\\\/\"},{\"@type\":\"ListItem\",\"position\":2,\"name\":\"Shop\",\"item\":\"https:\\\/\\\/minsk.hochroth.eu\\\/shop\\\/\"},{\"@type\":\"ListItem\",\"position\":3,\"name\":\"Maksim &#8220;Dali&#8221; Kryvtsov \u2014 Cry on the slag Head\"}]},{\"@type\":\"WebSite\",\"@id\":\"https:\\\/\\\/minsk.hochroth.eu\\\/#website\",\"url\":\"https:\\\/\\\/minsk.hochroth.eu\\\/\",\"name\":\"hochroth m\u0456\u043d\u0441\u043a\",\"description\":\"\",\"publisher\":{\"@id\":\"https:\\\/\\\/minsk.hochroth.eu\\\/#organization\"},\"potentialAction\":[{\"@type\":\"SearchAction\",\"target\":{\"@type\":\"EntryPoint\",\"urlTemplate\":\"https:\\\/\\\/minsk.hochroth.eu\\\/?s={search_term_string}\"},\"query-input\":{\"@type\":\"PropertyValueSpecification\",\"valueRequired\":true,\"valueName\":\"search_term_string\"}}],\"inLanguage\":\"en-GB\"},{\"@type\":\"Organization\",\"@id\":\"https:\\\/\\\/minsk.hochroth.eu\\\/#organization\",\"name\":\"hochroth verlag\",\"url\":\"https:\\\/\\\/minsk.hochroth.eu\\\/\",\"logo\":{\"@type\":\"ImageObject\",\"inLanguage\":\"en-GB\",\"@id\":\"https:\\\/\\\/minsk.hochroth.eu\\\/#\\\/schema\\\/logo\\\/image\\\/\",\"url\":\"https:\\\/\\\/minsk.hochroth.eu\\\/wp-content\\\/uploads\\\/2021\\\/12\\\/211208_hochroth_fb.png\",\"contentUrl\":\"https:\\\/\\\/minsk.hochroth.eu\\\/wp-content\\\/uploads\\\/2021\\\/12\\\/211208_hochroth_fb.png\",\"width\":1200,\"height\":630,\"caption\":\"hochroth verlag\"},\"image\":{\"@id\":\"https:\\\/\\\/minsk.hochroth.eu\\\/#\\\/schema\\\/logo\\\/image\\\/\"}}]}<\/script>\n<!-- \/ Yoast SEO plugin. -->","yoast_head_json":{"title":"Maksim \"Dali\" Kryvtsov \u2014 Cry on the slag Head - hochroth minsk","robots":{"index":"index","follow":"follow","max-snippet":"max-snippet:-1","max-image-preview":"max-image-preview:large","max-video-preview":"max-video-preview:-1"},"canonical":"https:\/\/minsk.hochroth.eu\/en\/product\/maksim-dali-kryvtsov-cry-on-the-slag-head\/","og_locale":"en_GB","og_type":"article","og_title":"Maksim \"Dali\" Kryvtsov \u2014 Cry on the slag Head - hochroth minsk","og_description":"Maksim &#8220;Dali&#8221; Kryvtsov Cry on the Slag Heap Translated from Ukrainian to Belarusian by Vola Jerma\u0142ajeva Franko Illustration by Volha Prankievi\u010d Editing by Ale\u015b P\u0142otka Proofreading by Natalla Rusieckaja hochroth Minsk Berlin, 2026 ISBN 978-3-949850-77-6 Maksim Kryvtsov was the Ukrainian soldier, poet, photographer and volunteer. He volunteered for the army in 2014. Later he worked [&hellip;]","og_url":"https:\/\/minsk.hochroth.eu\/en\/product\/maksim-dali-kryvtsov-cry-on-the-slag-head\/","og_site_name":"hochroth minsk","og_image":[{"width":366,"height":408,"url":"https:\/\/minsk.hochroth.eu\/wp-content\/uploads\/2026\/03\/\u0421\u043d\u0438\u043c\u043e\u043a-\u044d\u043a\u0440\u0430\u043d\u0430-2026-03-16-\u0432-20.46.39-1.png","type":"image\/png"}],"twitter_card":"summary_large_image","twitter_misc":{"Estimated reading time":"2 minutes"},"schema":{"@context":"https:\/\/schema.org","@graph":[{"@type":"WebPage","@id":"https:\/\/minsk.hochroth.eu\/product\/maksim-dali-kryvtsov-cry-on-the-slag-head\/","url":"https:\/\/minsk.hochroth.eu\/product\/maksim-dali-kryvtsov-cry-on-the-slag-head\/","name":"Maksim \"Dali\" Kryvtsov \u2014 Cry on the slag Head - hochroth minsk","isPartOf":{"@id":"https:\/\/minsk.hochroth.eu\/#website"},"primaryImageOfPage":{"@id":"https:\/\/minsk.hochroth.eu\/product\/maksim-dali-kryvtsov-cry-on-the-slag-head\/#primaryimage"},"image":{"@id":"https:\/\/minsk.hochroth.eu\/product\/maksim-dali-kryvtsov-cry-on-the-slag-head\/#primaryimage"},"thumbnailUrl":"https:\/\/minsk.hochroth.eu\/wp-content\/uploads\/2026\/03\/\u0421\u043d\u0438\u043c\u043e\u043a-\u044d\u043a\u0440\u0430\u043d\u0430-2026-03-16-\u0432-20.46.39-1.png","datePublished":"2026-03-16T17:55:43+00:00","breadcrumb":{"@id":"https:\/\/minsk.hochroth.eu\/product\/maksim-dali-kryvtsov-cry-on-the-slag-head\/#breadcrumb"},"inLanguage":"en-GB","potentialAction":[{"@type":"ReadAction","target":["https:\/\/minsk.hochroth.eu\/product\/maksim-dali-kryvtsov-cry-on-the-slag-head\/"]}]},{"@type":"ImageObject","inLanguage":"en-GB","@id":"https:\/\/minsk.hochroth.eu\/product\/maksim-dali-kryvtsov-cry-on-the-slag-head\/#primaryimage","url":"https:\/\/minsk.hochroth.eu\/wp-content\/uploads\/2026\/03\/\u0421\u043d\u0438\u043c\u043e\u043a-\u044d\u043a\u0440\u0430\u043d\u0430-2026-03-16-\u0432-20.46.39-1.png","contentUrl":"https:\/\/minsk.hochroth.eu\/wp-content\/uploads\/2026\/03\/\u0421\u043d\u0438\u043c\u043e\u043a-\u044d\u043a\u0440\u0430\u043d\u0430-2026-03-16-\u0432-20.46.39-1.png","width":366,"height":408},{"@type":"BreadcrumbList","@id":"https:\/\/minsk.hochroth.eu\/product\/maksim-dali-kryvtsov-cry-on-the-slag-head\/#breadcrumb","itemListElement":[{"@type":"ListItem","position":1,"name":"Startseite","item":"https:\/\/minsk.hochroth.eu\/"},{"@type":"ListItem","position":2,"name":"Shop","item":"https:\/\/minsk.hochroth.eu\/shop\/"},{"@type":"ListItem","position":3,"name":"Maksim &#8220;Dali&#8221; Kryvtsov \u2014 Cry on the slag Head"}]},{"@type":"WebSite","@id":"https:\/\/minsk.hochroth.eu\/#website","url":"https:\/\/minsk.hochroth.eu\/","name":"hochroth m\u0456\u043d\u0441\u043a","description":"","publisher":{"@id":"https:\/\/minsk.hochroth.eu\/#organization"},"potentialAction":[{"@type":"SearchAction","target":{"@type":"EntryPoint","urlTemplate":"https:\/\/minsk.hochroth.eu\/?s={search_term_string}"},"query-input":{"@type":"PropertyValueSpecification","valueRequired":true,"valueName":"search_term_string"}}],"inLanguage":"en-GB"},{"@type":"Organization","@id":"https:\/\/minsk.hochroth.eu\/#organization","name":"hochroth verlag","url":"https:\/\/minsk.hochroth.eu\/","logo":{"@type":"ImageObject","inLanguage":"en-GB","@id":"https:\/\/minsk.hochroth.eu\/#\/schema\/logo\/image\/","url":"https:\/\/minsk.hochroth.eu\/wp-content\/uploads\/2021\/12\/211208_hochroth_fb.png","contentUrl":"https:\/\/minsk.hochroth.eu\/wp-content\/uploads\/2021\/12\/211208_hochroth_fb.png","width":1200,"height":630,"caption":"hochroth verlag"},"image":{"@id":"https:\/\/minsk.hochroth.eu\/#\/schema\/logo\/image\/"}}]}},"_links":{"self":[{"href":"https:\/\/minsk.hochroth.eu\/en\/wp-json\/wp\/v2\/product\/9340","targetHints":{"allow":["GET"]}}],"collection":[{"href":"https:\/\/minsk.hochroth.eu\/en\/wp-json\/wp\/v2\/product"}],"about":[{"href":"https:\/\/minsk.hochroth.eu\/en\/wp-json\/wp\/v2\/types\/product"}],"wp:featuredmedia":[{"embeddable":true,"href":"https:\/\/minsk.hochroth.eu\/en\/wp-json\/wp\/v2\/media\/9342"}],"wp:attachment":[{"href":"https:\/\/minsk.hochroth.eu\/en\/wp-json\/wp\/v2\/media?parent=9340"}],"wp:term":[{"taxonomy":"product_brand","embeddable":true,"href":"https:\/\/minsk.hochroth.eu\/en\/wp-json\/wp\/v2\/product_brand?post=9340"},{"taxonomy":"product_cat","embeddable":true,"href":"https:\/\/minsk.hochroth.eu\/en\/wp-json\/wp\/v2\/product_cat?post=9340"},{"taxonomy":"product_tag","embeddable":true,"href":"https:\/\/minsk.hochroth.eu\/en\/wp-json\/wp\/v2\/product_tag?post=9340"}],"curies":[{"name":"wp","href":"https:\/\/api.w.org\/{rel}","templated":true}]}}