{"id":9288,"date":"2025-11-05T18:05:17","date_gmt":"2025-11-05T18:05:17","guid":{"rendered":"https:\/\/minsk.hochroth.eu\/?post_type=product&#038;p=9288"},"modified":"2025-11-05T18:05:17","modified_gmt":"2025-11-05T18:05:17","slug":"hanna-jankuta-a-reliable-remedy-for-ghosts-%d0%bd%d0%b0%d0%b4%d0%b7%d0%b5%d0%b9%d0%bd%d1%8b-%d1%81%d1%80%d0%be%d0%b4%d0%b0%d0%ba-%d0%b0%d0%b4-%d0%bf%d1%80%d1%8b%d0%b2%d1%96%d0%b4%d0%b0","status":"publish","type":"product","link":"https:\/\/minsk.hochroth.eu\/en\/product\/hanna-jankuta-a-reliable-remedy-for-ghosts-%d0%bd%d0%b0%d0%b4%d0%b7%d0%b5%d0%b9%d0%bd%d1%8b-%d1%81%d1%80%d0%be%d0%b4%d0%b0%d0%ba-%d0%b0%d0%b4-%d0%bf%d1%80%d1%8b%d0%b2%d1%96%d0%b4%d0%b0\/","title":{"rendered":"Hanna Jankuta \u2014 A reliable remedy for ghosts (\u041d\u0430\u0434\u0437\u0435\u0439\u043d\u044b \u0441\u0440\u043e\u0434\u0430\u043a \u0430\u0434 \u043f\u0440\u044b\u0432\u0456\u0434\u0430\u045e)"},"content":{"rendered":"<h6 class=\"p1\">Hanna Jankuta<br \/>\nA reliable remedy for ghosts (\u041d\u0430\u0434\u0437\u0435\u0439\u043d\u044b \u0441\u0440\u043e\u0434\u0430\u043a \u0430\u0434 \u043f\u0440\u044b\u0432\u0456\u0434\u0430\u045e)<br \/>\nEditors: Ihar Krebs, U\u0142ad\u017a Lankievi\u010d<br \/>\nIllustration: Vola Franko<br \/>\nhochroth Minsk<br \/>\nBerlin, 2025<br \/>\nISBN 978-3-949850-72-1<br \/>\nLanguage: Belarusian<\/h6>\n<p class=\"p1\">Hanna Jankuta was born in 1984 in Hrodna. She&#8217;s the writer, translator and literary critic. Candidate of Philological Sciences. She&#8217;s the author of the book &#8220;\u0427\u0430\u0441 \u043f\u0443\u0441\u0442\u0430\u0437\u0435\u043b\u043b\u044f&#8221; (&#8220;Time of Fieldweed&#8221;, 2023), and the poetic project &#8220;\u0413\u0435\u0430\u043b\u043e\u0433\u0456\u044f&#8221;\/&#8221;\u041a\u0430\u043d\u0441\u0442\u044b\u0442\u0443\u0446\u044b\u044f&#8221; (&#8220;Geology&#8221;\/&#8221;Constitution&#8221;, 2022). Jankuta is also the author of children&#8217;s stories, including the series about \u0160prot the Cat and the book &#8220;\u041c\u0430\u0440\u0442\u0430 \u0456 \u044f\u0435 \u043c\u0430\u0440\u0430 \u043f\u0440\u0430 \u0441\u043d\u0435\u0433&#8221; (&#8220;Marta and her dream of the snow&#8221;), as well as numerous articles and essays.<span class=\"Apple-converted-space\">\u00a0<\/span><\/p>\n<p class=\"p1\">Hanna Jankuta translates Polish and English poetry and prose. Winner of the Ale\u015b Adamovi\u010d Prize (2024), the Jerzy Giedroyc Prize (2nd place, 2024), and the Maksim Bahdanovi\u010d &#8220;Debut&#8221; Prize in the category &#8220;Literary Translation&#8221; (2013). Her works have been translated to German, Danish, Italian, Latvian, English, Spanish, Czech, Slovak, Polish, Lithuanian, Hungarian, and other languages.<span class=\"Apple-converted-space\">\u00a0<\/span><\/p>\n<p class=\"p1\">The author sincerely thanks IG Autorinnen Autoren (Vienna), whose support made the preparation and publishing of this book possible.<\/p>\n","protected":false},"excerpt":{"rendered":"<p>Hanna Jankuta A reliable remedy for ghosts (\u041d\u0430\u0434\u0437\u0435\u0439\u043d\u044b \u0441\u0440\u043e\u0434\u0430\u043a \u0430\u0434 \u043f\u0440\u044b\u0432\u0456\u0434\u0430\u045e) Editors: Ihar Krebs, U\u0142ad\u017a Lankievi\u010d Illustration: Vola Franko hochroth Minsk Berlin, 2025 ISBN 978-3-949850-72-1 Language: Belarusian Hanna Jankuta was born in 1984 in Hrodna. She&#8217;s the writer, translator and literary critic. Candidate of Philological Sciences. She&#8217;s the author of the book &#8220;\u0427\u0430\u0441 \u043f\u0443\u0441\u0442\u0430\u0437\u0435\u043b\u043b\u044f&#8221; (&#8220;Time [&hellip;]<\/p>\n","protected":false},"featured_media":9289,"template":"","meta":{"_themeisle_gutenberg_block_has_review":false},"product_brand":[],"product_cat":[686],"product_tag":[],"class_list":{"0":"post-9288","1":"product","2":"type-product","3":"status-publish","4":"has-post-thumbnail","6":"product_cat-jankuta-hanna","8":"first","9":"instock","10":"shipping-taxable","11":"purchasable","12":"product-type-simple"},"yoast_head":"<!-- This site is optimized with the Yoast SEO plugin v27.5 - https:\/\/yoast.com\/product\/yoast-seo-wordpress\/ -->\n<title>Hanna Jankuta \u2014 A reliable remedy for ghosts (\u041d\u0430\u0434\u0437\u0435\u0439\u043d\u044b \u0441\u0440\u043e\u0434\u0430\u043a \u0430\u0434 \u043f\u0440\u044b\u0432\u0456\u0434\u0430\u045e) - hochroth minsk<\/title>\n<meta name=\"robots\" content=\"index, follow, max-snippet:-1, max-image-preview:large, max-video-preview:-1\" \/>\n<link rel=\"canonical\" href=\"https:\/\/minsk.hochroth.eu\/en\/product\/hanna-jankuta-a-reliable-remedy-for-ghosts-\u043d\u0430\u0434\u0437\u0435\u0439\u043d\u044b-\u0441\u0440\u043e\u0434\u0430\u043a-\u0430\u0434-\u043f\u0440\u044b\u0432\u0456\u0434\u0430\/\" \/>\n<meta property=\"og:locale\" content=\"en_GB\" \/>\n<meta property=\"og:type\" content=\"article\" \/>\n<meta property=\"og:title\" content=\"Hanna Jankuta \u2014 A reliable remedy for ghosts (\u041d\u0430\u0434\u0437\u0435\u0439\u043d\u044b \u0441\u0440\u043e\u0434\u0430\u043a \u0430\u0434 \u043f\u0440\u044b\u0432\u0456\u0434\u0430\u045e) - hochroth minsk\" \/>\n<meta property=\"og:description\" content=\"Hanna Jankuta A reliable remedy for ghosts (\u041d\u0430\u0434\u0437\u0435\u0439\u043d\u044b \u0441\u0440\u043e\u0434\u0430\u043a \u0430\u0434 \u043f\u0440\u044b\u0432\u0456\u0434\u0430\u045e) Editors: Ihar Krebs, U\u0142ad\u017a Lankievi\u010d Illustration: Vola Franko hochroth Minsk Berlin, 2025 ISBN 978-3-949850-72-1 Language: Belarusian Hanna Jankuta was born in 1984 in Hrodna. She&#8217;s the writer, translator and literary critic. Candidate of Philological Sciences. She&#8217;s the author of the book &#8220;\u0427\u0430\u0441 \u043f\u0443\u0441\u0442\u0430\u0437\u0435\u043b\u043b\u044f&#8221; (&#8220;Time [&hellip;]\" \/>\n<meta property=\"og:url\" content=\"https:\/\/minsk.hochroth.eu\/en\/product\/hanna-jankuta-a-reliable-remedy-for-ghosts-\u043d\u0430\u0434\u0437\u0435\u0439\u043d\u044b-\u0441\u0440\u043e\u0434\u0430\u043a-\u0430\u0434-\u043f\u0440\u044b\u0432\u0456\u0434\u0430\/\" \/>\n<meta property=\"og:site_name\" content=\"hochroth minsk\" \/>\n<meta property=\"og:image\" content=\"https:\/\/minsk.hochroth.eu\/wp-content\/uploads\/2025\/11\/\u0421\u043d\u0438\u043c\u043e\u043a-\u044d\u043a\u0440\u0430\u043d\u0430-2025-11-04-\u0432-22.30.19.png\" \/>\n\t<meta property=\"og:image:width\" content=\"754\" \/>\n\t<meta property=\"og:image:height\" content=\"932\" \/>\n\t<meta property=\"og:image:type\" content=\"image\/png\" \/>\n<meta name=\"twitter:card\" content=\"summary_large_image\" \/>\n<meta name=\"twitter:label1\" content=\"Estimated reading time\" \/>\n\t<meta name=\"twitter:data1\" content=\"1 minute\" \/>\n<script type=\"application\/ld+json\" class=\"yoast-schema-graph\">{\"@context\":\"https:\\\/\\\/schema.org\",\"@graph\":[{\"@type\":\"WebPage\",\"@id\":\"https:\\\/\\\/minsk.hochroth.eu\\\/product\\\/hanna-jankuta-a-reliable-remedy-for-ghosts-%d0%bd%d0%b0%d0%b4%d0%b7%d0%b5%d0%b9%d0%bd%d1%8b-%d1%81%d1%80%d0%be%d0%b4%d0%b0%d0%ba-%d0%b0%d0%b4-%d0%bf%d1%80%d1%8b%d0%b2%d1%96%d0%b4%d0%b0\\\/\",\"url\":\"https:\\\/\\\/minsk.hochroth.eu\\\/product\\\/hanna-jankuta-a-reliable-remedy-for-ghosts-%d0%bd%d0%b0%d0%b4%d0%b7%d0%b5%d0%b9%d0%bd%d1%8b-%d1%81%d1%80%d0%be%d0%b4%d0%b0%d0%ba-%d0%b0%d0%b4-%d0%bf%d1%80%d1%8b%d0%b2%d1%96%d0%b4%d0%b0\\\/\",\"name\":\"Hanna Jankuta \u2014 A reliable remedy for ghosts (\u041d\u0430\u0434\u0437\u0435\u0439\u043d\u044b \u0441\u0440\u043e\u0434\u0430\u043a \u0430\u0434 \u043f\u0440\u044b\u0432\u0456\u0434\u0430\u045e) - hochroth minsk\",\"isPartOf\":{\"@id\":\"https:\\\/\\\/minsk.hochroth.eu\\\/#website\"},\"primaryImageOfPage\":{\"@id\":\"https:\\\/\\\/minsk.hochroth.eu\\\/product\\\/hanna-jankuta-a-reliable-remedy-for-ghosts-%d0%bd%d0%b0%d0%b4%d0%b7%d0%b5%d0%b9%d0%bd%d1%8b-%d1%81%d1%80%d0%be%d0%b4%d0%b0%d0%ba-%d0%b0%d0%b4-%d0%bf%d1%80%d1%8b%d0%b2%d1%96%d0%b4%d0%b0\\\/#primaryimage\"},\"image\":{\"@id\":\"https:\\\/\\\/minsk.hochroth.eu\\\/product\\\/hanna-jankuta-a-reliable-remedy-for-ghosts-%d0%bd%d0%b0%d0%b4%d0%b7%d0%b5%d0%b9%d0%bd%d1%8b-%d1%81%d1%80%d0%be%d0%b4%d0%b0%d0%ba-%d0%b0%d0%b4-%d0%bf%d1%80%d1%8b%d0%b2%d1%96%d0%b4%d0%b0\\\/#primaryimage\"},\"thumbnailUrl\":\"https:\\\/\\\/minsk.hochroth.eu\\\/wp-content\\\/uploads\\\/2025\\\/11\\\/\u0421\u043d\u0438\u043c\u043e\u043a-\u044d\u043a\u0440\u0430\u043d\u0430-2025-11-04-\u0432-22.30.19.png\",\"datePublished\":\"2025-11-05T18:05:17+00:00\",\"breadcrumb\":{\"@id\":\"https:\\\/\\\/minsk.hochroth.eu\\\/product\\\/hanna-jankuta-a-reliable-remedy-for-ghosts-%d0%bd%d0%b0%d0%b4%d0%b7%d0%b5%d0%b9%d0%bd%d1%8b-%d1%81%d1%80%d0%be%d0%b4%d0%b0%d0%ba-%d0%b0%d0%b4-%d0%bf%d1%80%d1%8b%d0%b2%d1%96%d0%b4%d0%b0\\\/#breadcrumb\"},\"inLanguage\":\"en-GB\",\"potentialAction\":[{\"@type\":\"ReadAction\",\"target\":[\"https:\\\/\\\/minsk.hochroth.eu\\\/product\\\/hanna-jankuta-a-reliable-remedy-for-ghosts-%d0%bd%d0%b0%d0%b4%d0%b7%d0%b5%d0%b9%d0%bd%d1%8b-%d1%81%d1%80%d0%be%d0%b4%d0%b0%d0%ba-%d0%b0%d0%b4-%d0%bf%d1%80%d1%8b%d0%b2%d1%96%d0%b4%d0%b0\\\/\"]}]},{\"@type\":\"ImageObject\",\"inLanguage\":\"en-GB\",\"@id\":\"https:\\\/\\\/minsk.hochroth.eu\\\/product\\\/hanna-jankuta-a-reliable-remedy-for-ghosts-%d0%bd%d0%b0%d0%b4%d0%b7%d0%b5%d0%b9%d0%bd%d1%8b-%d1%81%d1%80%d0%be%d0%b4%d0%b0%d0%ba-%d0%b0%d0%b4-%d0%bf%d1%80%d1%8b%d0%b2%d1%96%d0%b4%d0%b0\\\/#primaryimage\",\"url\":\"https:\\\/\\\/minsk.hochroth.eu\\\/wp-content\\\/uploads\\\/2025\\\/11\\\/\u0421\u043d\u0438\u043c\u043e\u043a-\u044d\u043a\u0440\u0430\u043d\u0430-2025-11-04-\u0432-22.30.19.png\",\"contentUrl\":\"https:\\\/\\\/minsk.hochroth.eu\\\/wp-content\\\/uploads\\\/2025\\\/11\\\/\u0421\u043d\u0438\u043c\u043e\u043a-\u044d\u043a\u0440\u0430\u043d\u0430-2025-11-04-\u0432-22.30.19.png\",\"width\":754,\"height\":932},{\"@type\":\"BreadcrumbList\",\"@id\":\"https:\\\/\\\/minsk.hochroth.eu\\\/product\\\/hanna-jankuta-a-reliable-remedy-for-ghosts-%d0%bd%d0%b0%d0%b4%d0%b7%d0%b5%d0%b9%d0%bd%d1%8b-%d1%81%d1%80%d0%be%d0%b4%d0%b0%d0%ba-%d0%b0%d0%b4-%d0%bf%d1%80%d1%8b%d0%b2%d1%96%d0%b4%d0%b0\\\/#breadcrumb\",\"itemListElement\":[{\"@type\":\"ListItem\",\"position\":1,\"name\":\"Startseite\",\"item\":\"https:\\\/\\\/minsk.hochroth.eu\\\/\"},{\"@type\":\"ListItem\",\"position\":2,\"name\":\"Shop\",\"item\":\"https:\\\/\\\/minsk.hochroth.eu\\\/shop\\\/\"},{\"@type\":\"ListItem\",\"position\":3,\"name\":\"Hanna Jankuta \u2014 A reliable remedy for ghosts (\u041d\u0430\u0434\u0437\u0435\u0439\u043d\u044b \u0441\u0440\u043e\u0434\u0430\u043a \u0430\u0434 \u043f\u0440\u044b\u0432\u0456\u0434\u0430\u045e)\"}]},{\"@type\":\"WebSite\",\"@id\":\"https:\\\/\\\/minsk.hochroth.eu\\\/#website\",\"url\":\"https:\\\/\\\/minsk.hochroth.eu\\\/\",\"name\":\"hochroth m\u0456\u043d\u0441\u043a\",\"description\":\"\",\"publisher\":{\"@id\":\"https:\\\/\\\/minsk.hochroth.eu\\\/#organization\"},\"potentialAction\":[{\"@type\":\"SearchAction\",\"target\":{\"@type\":\"EntryPoint\",\"urlTemplate\":\"https:\\\/\\\/minsk.hochroth.eu\\\/?s={search_term_string}\"},\"query-input\":{\"@type\":\"PropertyValueSpecification\",\"valueRequired\":true,\"valueName\":\"search_term_string\"}}],\"inLanguage\":\"en-GB\"},{\"@type\":\"Organization\",\"@id\":\"https:\\\/\\\/minsk.hochroth.eu\\\/#organization\",\"name\":\"hochroth verlag\",\"url\":\"https:\\\/\\\/minsk.hochroth.eu\\\/\",\"logo\":{\"@type\":\"ImageObject\",\"inLanguage\":\"en-GB\",\"@id\":\"https:\\\/\\\/minsk.hochroth.eu\\\/#\\\/schema\\\/logo\\\/image\\\/\",\"url\":\"https:\\\/\\\/minsk.hochroth.eu\\\/wp-content\\\/uploads\\\/2021\\\/12\\\/211208_hochroth_fb.png\",\"contentUrl\":\"https:\\\/\\\/minsk.hochroth.eu\\\/wp-content\\\/uploads\\\/2021\\\/12\\\/211208_hochroth_fb.png\",\"width\":1200,\"height\":630,\"caption\":\"hochroth verlag\"},\"image\":{\"@id\":\"https:\\\/\\\/minsk.hochroth.eu\\\/#\\\/schema\\\/logo\\\/image\\\/\"}}]}<\/script>\n<!-- \/ Yoast SEO plugin. -->","yoast_head_json":{"title":"Hanna Jankuta \u2014 A reliable remedy for ghosts (\u041d\u0430\u0434\u0437\u0435\u0439\u043d\u044b \u0441\u0440\u043e\u0434\u0430\u043a \u0430\u0434 \u043f\u0440\u044b\u0432\u0456\u0434\u0430\u045e) - hochroth minsk","robots":{"index":"index","follow":"follow","max-snippet":"max-snippet:-1","max-image-preview":"max-image-preview:large","max-video-preview":"max-video-preview:-1"},"canonical":"https:\/\/minsk.hochroth.eu\/en\/product\/hanna-jankuta-a-reliable-remedy-for-ghosts-\u043d\u0430\u0434\u0437\u0435\u0439\u043d\u044b-\u0441\u0440\u043e\u0434\u0430\u043a-\u0430\u0434-\u043f\u0440\u044b\u0432\u0456\u0434\u0430\/","og_locale":"en_GB","og_type":"article","og_title":"Hanna Jankuta \u2014 A reliable remedy for ghosts (\u041d\u0430\u0434\u0437\u0435\u0439\u043d\u044b \u0441\u0440\u043e\u0434\u0430\u043a \u0430\u0434 \u043f\u0440\u044b\u0432\u0456\u0434\u0430\u045e) - hochroth minsk","og_description":"Hanna Jankuta A reliable remedy for ghosts (\u041d\u0430\u0434\u0437\u0435\u0439\u043d\u044b \u0441\u0440\u043e\u0434\u0430\u043a \u0430\u0434 \u043f\u0440\u044b\u0432\u0456\u0434\u0430\u045e) Editors: Ihar Krebs, U\u0142ad\u017a Lankievi\u010d Illustration: Vola Franko hochroth Minsk Berlin, 2025 ISBN 978-3-949850-72-1 Language: Belarusian Hanna Jankuta was born in 1984 in Hrodna. She&#8217;s the writer, translator and literary critic. Candidate of Philological Sciences. She&#8217;s the author of the book &#8220;\u0427\u0430\u0441 \u043f\u0443\u0441\u0442\u0430\u0437\u0435\u043b\u043b\u044f&#8221; (&#8220;Time [&hellip;]","og_url":"https:\/\/minsk.hochroth.eu\/en\/product\/hanna-jankuta-a-reliable-remedy-for-ghosts-\u043d\u0430\u0434\u0437\u0435\u0439\u043d\u044b-\u0441\u0440\u043e\u0434\u0430\u043a-\u0430\u0434-\u043f\u0440\u044b\u0432\u0456\u0434\u0430\/","og_site_name":"hochroth minsk","og_image":[{"width":754,"height":932,"url":"https:\/\/minsk.hochroth.eu\/wp-content\/uploads\/2025\/11\/\u0421\u043d\u0438\u043c\u043e\u043a-\u044d\u043a\u0440\u0430\u043d\u0430-2025-11-04-\u0432-22.30.19.png","type":"image\/png"}],"twitter_card":"summary_large_image","twitter_misc":{"Estimated reading time":"1 minute"},"schema":{"@context":"https:\/\/schema.org","@graph":[{"@type":"WebPage","@id":"https:\/\/minsk.hochroth.eu\/product\/hanna-jankuta-a-reliable-remedy-for-ghosts-%d0%bd%d0%b0%d0%b4%d0%b7%d0%b5%d0%b9%d0%bd%d1%8b-%d1%81%d1%80%d0%be%d0%b4%d0%b0%d0%ba-%d0%b0%d0%b4-%d0%bf%d1%80%d1%8b%d0%b2%d1%96%d0%b4%d0%b0\/","url":"https:\/\/minsk.hochroth.eu\/product\/hanna-jankuta-a-reliable-remedy-for-ghosts-%d0%bd%d0%b0%d0%b4%d0%b7%d0%b5%d0%b9%d0%bd%d1%8b-%d1%81%d1%80%d0%be%d0%b4%d0%b0%d0%ba-%d0%b0%d0%b4-%d0%bf%d1%80%d1%8b%d0%b2%d1%96%d0%b4%d0%b0\/","name":"Hanna Jankuta \u2014 A reliable remedy for ghosts (\u041d\u0430\u0434\u0437\u0435\u0439\u043d\u044b \u0441\u0440\u043e\u0434\u0430\u043a \u0430\u0434 \u043f\u0440\u044b\u0432\u0456\u0434\u0430\u045e) - hochroth minsk","isPartOf":{"@id":"https:\/\/minsk.hochroth.eu\/#website"},"primaryImageOfPage":{"@id":"https:\/\/minsk.hochroth.eu\/product\/hanna-jankuta-a-reliable-remedy-for-ghosts-%d0%bd%d0%b0%d0%b4%d0%b7%d0%b5%d0%b9%d0%bd%d1%8b-%d1%81%d1%80%d0%be%d0%b4%d0%b0%d0%ba-%d0%b0%d0%b4-%d0%bf%d1%80%d1%8b%d0%b2%d1%96%d0%b4%d0%b0\/#primaryimage"},"image":{"@id":"https:\/\/minsk.hochroth.eu\/product\/hanna-jankuta-a-reliable-remedy-for-ghosts-%d0%bd%d0%b0%d0%b4%d0%b7%d0%b5%d0%b9%d0%bd%d1%8b-%d1%81%d1%80%d0%be%d0%b4%d0%b0%d0%ba-%d0%b0%d0%b4-%d0%bf%d1%80%d1%8b%d0%b2%d1%96%d0%b4%d0%b0\/#primaryimage"},"thumbnailUrl":"https:\/\/minsk.hochroth.eu\/wp-content\/uploads\/2025\/11\/\u0421\u043d\u0438\u043c\u043e\u043a-\u044d\u043a\u0440\u0430\u043d\u0430-2025-11-04-\u0432-22.30.19.png","datePublished":"2025-11-05T18:05:17+00:00","breadcrumb":{"@id":"https:\/\/minsk.hochroth.eu\/product\/hanna-jankuta-a-reliable-remedy-for-ghosts-%d0%bd%d0%b0%d0%b4%d0%b7%d0%b5%d0%b9%d0%bd%d1%8b-%d1%81%d1%80%d0%be%d0%b4%d0%b0%d0%ba-%d0%b0%d0%b4-%d0%bf%d1%80%d1%8b%d0%b2%d1%96%d0%b4%d0%b0\/#breadcrumb"},"inLanguage":"en-GB","potentialAction":[{"@type":"ReadAction","target":["https:\/\/minsk.hochroth.eu\/product\/hanna-jankuta-a-reliable-remedy-for-ghosts-%d0%bd%d0%b0%d0%b4%d0%b7%d0%b5%d0%b9%d0%bd%d1%8b-%d1%81%d1%80%d0%be%d0%b4%d0%b0%d0%ba-%d0%b0%d0%b4-%d0%bf%d1%80%d1%8b%d0%b2%d1%96%d0%b4%d0%b0\/"]}]},{"@type":"ImageObject","inLanguage":"en-GB","@id":"https:\/\/minsk.hochroth.eu\/product\/hanna-jankuta-a-reliable-remedy-for-ghosts-%d0%bd%d0%b0%d0%b4%d0%b7%d0%b5%d0%b9%d0%bd%d1%8b-%d1%81%d1%80%d0%be%d0%b4%d0%b0%d0%ba-%d0%b0%d0%b4-%d0%bf%d1%80%d1%8b%d0%b2%d1%96%d0%b4%d0%b0\/#primaryimage","url":"https:\/\/minsk.hochroth.eu\/wp-content\/uploads\/2025\/11\/\u0421\u043d\u0438\u043c\u043e\u043a-\u044d\u043a\u0440\u0430\u043d\u0430-2025-11-04-\u0432-22.30.19.png","contentUrl":"https:\/\/minsk.hochroth.eu\/wp-content\/uploads\/2025\/11\/\u0421\u043d\u0438\u043c\u043e\u043a-\u044d\u043a\u0440\u0430\u043d\u0430-2025-11-04-\u0432-22.30.19.png","width":754,"height":932},{"@type":"BreadcrumbList","@id":"https:\/\/minsk.hochroth.eu\/product\/hanna-jankuta-a-reliable-remedy-for-ghosts-%d0%bd%d0%b0%d0%b4%d0%b7%d0%b5%d0%b9%d0%bd%d1%8b-%d1%81%d1%80%d0%be%d0%b4%d0%b0%d0%ba-%d0%b0%d0%b4-%d0%bf%d1%80%d1%8b%d0%b2%d1%96%d0%b4%d0%b0\/#breadcrumb","itemListElement":[{"@type":"ListItem","position":1,"name":"Startseite","item":"https:\/\/minsk.hochroth.eu\/"},{"@type":"ListItem","position":2,"name":"Shop","item":"https:\/\/minsk.hochroth.eu\/shop\/"},{"@type":"ListItem","position":3,"name":"Hanna Jankuta \u2014 A reliable remedy for ghosts (\u041d\u0430\u0434\u0437\u0435\u0439\u043d\u044b \u0441\u0440\u043e\u0434\u0430\u043a \u0430\u0434 \u043f\u0440\u044b\u0432\u0456\u0434\u0430\u045e)"}]},{"@type":"WebSite","@id":"https:\/\/minsk.hochroth.eu\/#website","url":"https:\/\/minsk.hochroth.eu\/","name":"hochroth m\u0456\u043d\u0441\u043a","description":"","publisher":{"@id":"https:\/\/minsk.hochroth.eu\/#organization"},"potentialAction":[{"@type":"SearchAction","target":{"@type":"EntryPoint","urlTemplate":"https:\/\/minsk.hochroth.eu\/?s={search_term_string}"},"query-input":{"@type":"PropertyValueSpecification","valueRequired":true,"valueName":"search_term_string"}}],"inLanguage":"en-GB"},{"@type":"Organization","@id":"https:\/\/minsk.hochroth.eu\/#organization","name":"hochroth verlag","url":"https:\/\/minsk.hochroth.eu\/","logo":{"@type":"ImageObject","inLanguage":"en-GB","@id":"https:\/\/minsk.hochroth.eu\/#\/schema\/logo\/image\/","url":"https:\/\/minsk.hochroth.eu\/wp-content\/uploads\/2021\/12\/211208_hochroth_fb.png","contentUrl":"https:\/\/minsk.hochroth.eu\/wp-content\/uploads\/2021\/12\/211208_hochroth_fb.png","width":1200,"height":630,"caption":"hochroth verlag"},"image":{"@id":"https:\/\/minsk.hochroth.eu\/#\/schema\/logo\/image\/"}}]}},"_links":{"self":[{"href":"https:\/\/minsk.hochroth.eu\/en\/wp-json\/wp\/v2\/product\/9288","targetHints":{"allow":["GET"]}}],"collection":[{"href":"https:\/\/minsk.hochroth.eu\/en\/wp-json\/wp\/v2\/product"}],"about":[{"href":"https:\/\/minsk.hochroth.eu\/en\/wp-json\/wp\/v2\/types\/product"}],"wp:featuredmedia":[{"embeddable":true,"href":"https:\/\/minsk.hochroth.eu\/en\/wp-json\/wp\/v2\/media\/9289"}],"wp:attachment":[{"href":"https:\/\/minsk.hochroth.eu\/en\/wp-json\/wp\/v2\/media?parent=9288"}],"wp:term":[{"taxonomy":"product_brand","embeddable":true,"href":"https:\/\/minsk.hochroth.eu\/en\/wp-json\/wp\/v2\/product_brand?post=9288"},{"taxonomy":"product_cat","embeddable":true,"href":"https:\/\/minsk.hochroth.eu\/en\/wp-json\/wp\/v2\/product_cat?post=9288"},{"taxonomy":"product_tag","embeddable":true,"href":"https:\/\/minsk.hochroth.eu\/en\/wp-json\/wp\/v2\/product_tag?post=9288"}],"curies":[{"name":"wp","href":"https:\/\/api.w.org\/{rel}","templated":true}]}}