{"id":9261,"date":"2025-10-14T17:01:37","date_gmt":"2025-10-14T17:01:37","guid":{"rendered":"https:\/\/minsk.hochroth.eu\/?post_type=product&#038;p=9261"},"modified":"2025-10-17T13:14:44","modified_gmt":"2025-10-17T13:14:44","slug":"viktar-zybul-muranenrohrling","status":"publish","type":"product","link":"https:\/\/minsk.hochroth.eu\/en\/product\/viktar-zybul-muranenrohrling\/","title":{"rendered":"Viktar \u017dybul \u2014 Mur\u00e4nenr\u00f6hrling (Fishroom)"},"content":{"rendered":"<h6 class=\"p1\">Viktar \u017dybul \u2014 Mur\u00e4nenr\u00f6hrling (Fishroom)<br \/>\nTranslated from Belarusian by Thomas Weiler<br \/>\nIllustration: Kastus\u0301 \u017dybul<br \/>\nhochroth Minsk<br \/>\nBerlin, 2025<br \/>\nISBN 978-3-949850-71-4<br \/>\n<b>Language: <\/b>german<\/h6>\n<p class=\"p1\">Viktar \u017dybul (born 1978) is a poet, literary scholar, dramatist, and performing artist from Belarus. He is a member of the \u201cBum-Bam-Lit\u201d movement and has been involved in numerous literary and theater projects. He was awarded the \u201cHliniany Vialies\u201d literary prize for his book of collected poetry \u201eOrange\u201c (hochroth Minsk, 2024). \u201eMur\u00e4nenr\u00f6hrling\u201c is his first volume of poetry to be published in German.<\/p>\n<p class=\"p1\">Thomas Weiler (born 1978) translates from Belarusian, Russian, and Polish, mostly prose, but also children&#8217;s literature and poetry, e.g. Ale\u015b Razana\u016d, Vera Burlak, Julia Cimafiejeva, and Oleg Grigorjew. In 2024, he was honored with the Paul Celan Prize and the August Wilhelm von Schlegel Visiting Professorship for Poetics of Translation, and in 2025 he received the Leipzig Book Fair Prize in the category \u201etranslation\u201c.<\/p>\n","protected":false},"excerpt":{"rendered":"<p>Viktar \u017dybul \u2014 Mur\u00e4nenr\u00f6hrling (Fishroom) Translated from Belarusian by Thomas Weiler Illustration: Kastus\u0301 \u017dybul hochroth Minsk Berlin, 2025 ISBN 978-3-949850-71-4 Language: german Viktar \u017dybul (born 1978) is a poet, literary scholar, dramatist, and performing artist from Belarus. He is a member of the \u201cBum-Bam-Lit\u201d movement and has been involved in numerous literary and theater projects. [&hellip;]<\/p>\n","protected":false},"featured_media":9262,"template":"","meta":{"_themeisle_gutenberg_block_has_review":false},"product_brand":[],"product_cat":[684,664],"product_tag":[],"class_list":{"0":"post-9261","1":"product","2":"type-product","3":"status-publish","4":"has-post-thumbnail","6":"product_cat-weiler-thomas","7":"product_cat-zybul-viktar","9":"first","10":"instock","11":"shipping-taxable","12":"purchasable","13":"product-type-simple"},"yoast_head":"<!-- This site is optimized with the Yoast SEO plugin v27.3 - https:\/\/yoast.com\/product\/yoast-seo-wordpress\/ -->\n<title>Viktar \u017dybul \u2014 Mur\u00e4nenr\u00f6hrling (Fishroom) - hochroth minsk<\/title>\n<meta name=\"robots\" content=\"index, follow, max-snippet:-1, max-image-preview:large, max-video-preview:-1\" \/>\n<link rel=\"canonical\" href=\"https:\/\/minsk.hochroth.eu\/en\/product\/viktar-zybul-muranenrohrling\/\" \/>\n<meta property=\"og:locale\" content=\"en_GB\" \/>\n<meta property=\"og:type\" content=\"article\" \/>\n<meta property=\"og:title\" content=\"Viktar \u017dybul \u2014 Mur\u00e4nenr\u00f6hrling (Fishroom) - hochroth minsk\" \/>\n<meta property=\"og:description\" content=\"Viktar \u017dybul \u2014 Mur\u00e4nenr\u00f6hrling (Fishroom) Translated from Belarusian by Thomas Weiler Illustration: Kastus\u0301 \u017dybul hochroth Minsk Berlin, 2025 ISBN 978-3-949850-71-4 Language: german Viktar \u017dybul (born 1978) is a poet, literary scholar, dramatist, and performing artist from Belarus. He is a member of the \u201cBum-Bam-Lit\u201d movement and has been involved in numerous literary and theater projects. [&hellip;]\" \/>\n<meta property=\"og:url\" content=\"https:\/\/minsk.hochroth.eu\/en\/product\/viktar-zybul-muranenrohrling\/\" \/>\n<meta property=\"og:site_name\" content=\"hochroth minsk\" \/>\n<meta property=\"article:modified_time\" content=\"2025-10-17T13:14:44+00:00\" \/>\n<meta property=\"og:image\" content=\"https:\/\/minsk.hochroth.eu\/wp-content\/uploads\/2025\/10\/\u0421\u043d\u0438\u043c\u043e\u043a-\u044d\u043a\u0440\u0430\u043d\u0430-2025-10-14-\u0432-19.40.24.png\" \/>\n\t<meta property=\"og:image:width\" content=\"728\" \/>\n\t<meta property=\"og:image:height\" content=\"1012\" \/>\n\t<meta property=\"og:image:type\" content=\"image\/png\" \/>\n<meta name=\"twitter:card\" content=\"summary_large_image\" \/>\n<meta name=\"twitter:label1\" content=\"Estimated reading time\" \/>\n\t<meta name=\"twitter:data1\" content=\"1 minute\" \/>\n<script type=\"application\/ld+json\" class=\"yoast-schema-graph\">{\"@context\":\"https:\\\/\\\/schema.org\",\"@graph\":[{\"@type\":\"WebPage\",\"@id\":\"https:\\\/\\\/minsk.hochroth.eu\\\/product\\\/viktar-zybul-muranenrohrling\\\/\",\"url\":\"https:\\\/\\\/minsk.hochroth.eu\\\/product\\\/viktar-zybul-muranenrohrling\\\/\",\"name\":\"Viktar \u017dybul \u2014 Mur\u00e4nenr\u00f6hrling (Fishroom) - hochroth minsk\",\"isPartOf\":{\"@id\":\"https:\\\/\\\/minsk.hochroth.eu\\\/#website\"},\"primaryImageOfPage\":{\"@id\":\"https:\\\/\\\/minsk.hochroth.eu\\\/product\\\/viktar-zybul-muranenrohrling\\\/#primaryimage\"},\"image\":{\"@id\":\"https:\\\/\\\/minsk.hochroth.eu\\\/product\\\/viktar-zybul-muranenrohrling\\\/#primaryimage\"},\"thumbnailUrl\":\"https:\\\/\\\/minsk.hochroth.eu\\\/wp-content\\\/uploads\\\/2025\\\/10\\\/\u0421\u043d\u0438\u043c\u043e\u043a-\u044d\u043a\u0440\u0430\u043d\u0430-2025-10-14-\u0432-19.40.24.png\",\"datePublished\":\"2025-10-14T17:01:37+00:00\",\"dateModified\":\"2025-10-17T13:14:44+00:00\",\"breadcrumb\":{\"@id\":\"https:\\\/\\\/minsk.hochroth.eu\\\/product\\\/viktar-zybul-muranenrohrling\\\/#breadcrumb\"},\"inLanguage\":\"en-GB\",\"potentialAction\":[{\"@type\":\"ReadAction\",\"target\":[\"https:\\\/\\\/minsk.hochroth.eu\\\/product\\\/viktar-zybul-muranenrohrling\\\/\"]}]},{\"@type\":\"ImageObject\",\"inLanguage\":\"en-GB\",\"@id\":\"https:\\\/\\\/minsk.hochroth.eu\\\/product\\\/viktar-zybul-muranenrohrling\\\/#primaryimage\",\"url\":\"https:\\\/\\\/minsk.hochroth.eu\\\/wp-content\\\/uploads\\\/2025\\\/10\\\/\u0421\u043d\u0438\u043c\u043e\u043a-\u044d\u043a\u0440\u0430\u043d\u0430-2025-10-14-\u0432-19.40.24.png\",\"contentUrl\":\"https:\\\/\\\/minsk.hochroth.eu\\\/wp-content\\\/uploads\\\/2025\\\/10\\\/\u0421\u043d\u0438\u043c\u043e\u043a-\u044d\u043a\u0440\u0430\u043d\u0430-2025-10-14-\u0432-19.40.24.png\",\"width\":728,\"height\":1012},{\"@type\":\"BreadcrumbList\",\"@id\":\"https:\\\/\\\/minsk.hochroth.eu\\\/product\\\/viktar-zybul-muranenrohrling\\\/#breadcrumb\",\"itemListElement\":[{\"@type\":\"ListItem\",\"position\":1,\"name\":\"Startseite\",\"item\":\"https:\\\/\\\/minsk.hochroth.eu\\\/\"},{\"@type\":\"ListItem\",\"position\":2,\"name\":\"Shop\",\"item\":\"https:\\\/\\\/minsk.hochroth.eu\\\/shop\\\/\"},{\"@type\":\"ListItem\",\"position\":3,\"name\":\"Viktar \u017dybul \u2014 Mur\u00e4nenr\u00f6hrling (Fishroom)\"}]},{\"@type\":\"WebSite\",\"@id\":\"https:\\\/\\\/minsk.hochroth.eu\\\/#website\",\"url\":\"https:\\\/\\\/minsk.hochroth.eu\\\/\",\"name\":\"hochroth m\u0456\u043d\u0441\u043a\",\"description\":\"\",\"publisher\":{\"@id\":\"https:\\\/\\\/minsk.hochroth.eu\\\/#organization\"},\"potentialAction\":[{\"@type\":\"SearchAction\",\"target\":{\"@type\":\"EntryPoint\",\"urlTemplate\":\"https:\\\/\\\/minsk.hochroth.eu\\\/?s={search_term_string}\"},\"query-input\":{\"@type\":\"PropertyValueSpecification\",\"valueRequired\":true,\"valueName\":\"search_term_string\"}}],\"inLanguage\":\"en-GB\"},{\"@type\":\"Organization\",\"@id\":\"https:\\\/\\\/minsk.hochroth.eu\\\/#organization\",\"name\":\"hochroth verlag\",\"url\":\"https:\\\/\\\/minsk.hochroth.eu\\\/\",\"logo\":{\"@type\":\"ImageObject\",\"inLanguage\":\"en-GB\",\"@id\":\"https:\\\/\\\/minsk.hochroth.eu\\\/#\\\/schema\\\/logo\\\/image\\\/\",\"url\":\"https:\\\/\\\/minsk.hochroth.eu\\\/wp-content\\\/uploads\\\/2021\\\/12\\\/211208_hochroth_fb.png\",\"contentUrl\":\"https:\\\/\\\/minsk.hochroth.eu\\\/wp-content\\\/uploads\\\/2021\\\/12\\\/211208_hochroth_fb.png\",\"width\":1200,\"height\":630,\"caption\":\"hochroth verlag\"},\"image\":{\"@id\":\"https:\\\/\\\/minsk.hochroth.eu\\\/#\\\/schema\\\/logo\\\/image\\\/\"}}]}<\/script>\n<!-- \/ Yoast SEO plugin. -->","yoast_head_json":{"title":"Viktar \u017dybul \u2014 Mur\u00e4nenr\u00f6hrling (Fishroom) - hochroth minsk","robots":{"index":"index","follow":"follow","max-snippet":"max-snippet:-1","max-image-preview":"max-image-preview:large","max-video-preview":"max-video-preview:-1"},"canonical":"https:\/\/minsk.hochroth.eu\/en\/product\/viktar-zybul-muranenrohrling\/","og_locale":"en_GB","og_type":"article","og_title":"Viktar \u017dybul \u2014 Mur\u00e4nenr\u00f6hrling (Fishroom) - hochroth minsk","og_description":"Viktar \u017dybul \u2014 Mur\u00e4nenr\u00f6hrling (Fishroom) Translated from Belarusian by Thomas Weiler Illustration: Kastus\u0301 \u017dybul hochroth Minsk Berlin, 2025 ISBN 978-3-949850-71-4 Language: german Viktar \u017dybul (born 1978) is a poet, literary scholar, dramatist, and performing artist from Belarus. He is a member of the \u201cBum-Bam-Lit\u201d movement and has been involved in numerous literary and theater projects. [&hellip;]","og_url":"https:\/\/minsk.hochroth.eu\/en\/product\/viktar-zybul-muranenrohrling\/","og_site_name":"hochroth minsk","article_modified_time":"2025-10-17T13:14:44+00:00","og_image":[{"width":728,"height":1012,"url":"https:\/\/minsk.hochroth.eu\/wp-content\/uploads\/2025\/10\/\u0421\u043d\u0438\u043c\u043e\u043a-\u044d\u043a\u0440\u0430\u043d\u0430-2025-10-14-\u0432-19.40.24.png","type":"image\/png"}],"twitter_card":"summary_large_image","twitter_misc":{"Estimated reading time":"1 minute"},"schema":{"@context":"https:\/\/schema.org","@graph":[{"@type":"WebPage","@id":"https:\/\/minsk.hochroth.eu\/product\/viktar-zybul-muranenrohrling\/","url":"https:\/\/minsk.hochroth.eu\/product\/viktar-zybul-muranenrohrling\/","name":"Viktar \u017dybul \u2014 Mur\u00e4nenr\u00f6hrling (Fishroom) - hochroth minsk","isPartOf":{"@id":"https:\/\/minsk.hochroth.eu\/#website"},"primaryImageOfPage":{"@id":"https:\/\/minsk.hochroth.eu\/product\/viktar-zybul-muranenrohrling\/#primaryimage"},"image":{"@id":"https:\/\/minsk.hochroth.eu\/product\/viktar-zybul-muranenrohrling\/#primaryimage"},"thumbnailUrl":"https:\/\/minsk.hochroth.eu\/wp-content\/uploads\/2025\/10\/\u0421\u043d\u0438\u043c\u043e\u043a-\u044d\u043a\u0440\u0430\u043d\u0430-2025-10-14-\u0432-19.40.24.png","datePublished":"2025-10-14T17:01:37+00:00","dateModified":"2025-10-17T13:14:44+00:00","breadcrumb":{"@id":"https:\/\/minsk.hochroth.eu\/product\/viktar-zybul-muranenrohrling\/#breadcrumb"},"inLanguage":"en-GB","potentialAction":[{"@type":"ReadAction","target":["https:\/\/minsk.hochroth.eu\/product\/viktar-zybul-muranenrohrling\/"]}]},{"@type":"ImageObject","inLanguage":"en-GB","@id":"https:\/\/minsk.hochroth.eu\/product\/viktar-zybul-muranenrohrling\/#primaryimage","url":"https:\/\/minsk.hochroth.eu\/wp-content\/uploads\/2025\/10\/\u0421\u043d\u0438\u043c\u043e\u043a-\u044d\u043a\u0440\u0430\u043d\u0430-2025-10-14-\u0432-19.40.24.png","contentUrl":"https:\/\/minsk.hochroth.eu\/wp-content\/uploads\/2025\/10\/\u0421\u043d\u0438\u043c\u043e\u043a-\u044d\u043a\u0440\u0430\u043d\u0430-2025-10-14-\u0432-19.40.24.png","width":728,"height":1012},{"@type":"BreadcrumbList","@id":"https:\/\/minsk.hochroth.eu\/product\/viktar-zybul-muranenrohrling\/#breadcrumb","itemListElement":[{"@type":"ListItem","position":1,"name":"Startseite","item":"https:\/\/minsk.hochroth.eu\/"},{"@type":"ListItem","position":2,"name":"Shop","item":"https:\/\/minsk.hochroth.eu\/shop\/"},{"@type":"ListItem","position":3,"name":"Viktar \u017dybul \u2014 Mur\u00e4nenr\u00f6hrling (Fishroom)"}]},{"@type":"WebSite","@id":"https:\/\/minsk.hochroth.eu\/#website","url":"https:\/\/minsk.hochroth.eu\/","name":"hochroth m\u0456\u043d\u0441\u043a","description":"","publisher":{"@id":"https:\/\/minsk.hochroth.eu\/#organization"},"potentialAction":[{"@type":"SearchAction","target":{"@type":"EntryPoint","urlTemplate":"https:\/\/minsk.hochroth.eu\/?s={search_term_string}"},"query-input":{"@type":"PropertyValueSpecification","valueRequired":true,"valueName":"search_term_string"}}],"inLanguage":"en-GB"},{"@type":"Organization","@id":"https:\/\/minsk.hochroth.eu\/#organization","name":"hochroth verlag","url":"https:\/\/minsk.hochroth.eu\/","logo":{"@type":"ImageObject","inLanguage":"en-GB","@id":"https:\/\/minsk.hochroth.eu\/#\/schema\/logo\/image\/","url":"https:\/\/minsk.hochroth.eu\/wp-content\/uploads\/2021\/12\/211208_hochroth_fb.png","contentUrl":"https:\/\/minsk.hochroth.eu\/wp-content\/uploads\/2021\/12\/211208_hochroth_fb.png","width":1200,"height":630,"caption":"hochroth verlag"},"image":{"@id":"https:\/\/minsk.hochroth.eu\/#\/schema\/logo\/image\/"}}]}},"_links":{"self":[{"href":"https:\/\/minsk.hochroth.eu\/en\/wp-json\/wp\/v2\/product\/9261","targetHints":{"allow":["GET"]}}],"collection":[{"href":"https:\/\/minsk.hochroth.eu\/en\/wp-json\/wp\/v2\/product"}],"about":[{"href":"https:\/\/minsk.hochroth.eu\/en\/wp-json\/wp\/v2\/types\/product"}],"wp:featuredmedia":[{"embeddable":true,"href":"https:\/\/minsk.hochroth.eu\/en\/wp-json\/wp\/v2\/media\/9262"}],"wp:attachment":[{"href":"https:\/\/minsk.hochroth.eu\/en\/wp-json\/wp\/v2\/media?parent=9261"}],"wp:term":[{"taxonomy":"product_brand","embeddable":true,"href":"https:\/\/minsk.hochroth.eu\/en\/wp-json\/wp\/v2\/product_brand?post=9261"},{"taxonomy":"product_cat","embeddable":true,"href":"https:\/\/minsk.hochroth.eu\/en\/wp-json\/wp\/v2\/product_cat?post=9261"},{"taxonomy":"product_tag","embeddable":true,"href":"https:\/\/minsk.hochroth.eu\/en\/wp-json\/wp\/v2\/product_tag?post=9261"}],"curies":[{"name":"wp","href":"https:\/\/api.w.org\/{rel}","templated":true}]}}