{"id":9256,"date":"2025-10-01T19:22:51","date_gmt":"2025-10-01T19:22:51","guid":{"rendered":"https:\/\/minsk.hochroth.eu\/?post_type=product&#038;p=9256"},"modified":"2025-10-01T19:22:52","modified_gmt":"2025-10-01T19:22:52","slug":"marharyta-alaskievic-with-breve-and-some-lacinka-%d0%bd%d0%b5%d1%81%d0%ba%d0%bb%d0%b0%d0%b4%d0%be%d0%b2%d0%b0-%d1%96-%d1%82%d1%80%d0%be%d1%85%d1%83-%d0%bb%d0%b0%d1%86%d1%96%d0%bd%d0%ba","status":"publish","type":"product","link":"https:\/\/minsk.hochroth.eu\/en\/product\/marharyta-alaskievic-with-breve-and-some-lacinka-%d0%bd%d0%b5%d1%81%d0%ba%d0%bb%d0%b0%d0%b4%d0%be%d0%b2%d0%b0-%d1%96-%d1%82%d1%80%d0%be%d1%85%d1%83-%d0%bb%d0%b0%d1%86%d1%96%d0%bd%d0%ba\/","title":{"rendered":"Marharyta Ala\u0161kievi\u010d \u2013 With breve and some \u0141acinka (\u041d\u0435\u0441\u043a\u043b\u0430\u0434\u043e\u0432\u0430 \u0456 \u0442\u0440\u043e\u0445\u0443 \u043b\u0430\u0446\u0456\u043d\u043a\u0430\u0439)"},"content":{"rendered":"<h6>Marharyta Ala\u0161kievi\u010d<br \/>\nWith breve and some \u0141acinka (\u041d\u0435\u0441\u043a\u043b\u0430\u0434\u043e\u0432\u0430 \u0456 \u0442\u0440\u043e\u0445\u0443 \u043b\u0430\u0446\u0456\u043d\u043a\u0430\u0439)<br \/>\nEditing by Marta Cisievi\u010d<br \/>\nIllustrations by Nasta Chvasto\u016dskaja<br \/>\nhochroth Minsk<br \/>\nBerlin, 2025<br \/>\nISBN 978-3-949850-69-1<\/h6>\n<p class=\"p1\">Marharyta Ala\u0161kievi\u010d (born in 1985 in Minsk) is a literary critic and an author of prose and poetry. She graduated as a postgraduate from the Faculty of Journalism at the Belarusian State University in 2010. In 2025 she graduated from the Minsk Theological Academy as a choir-master. She worked as a photo model and taught literature to journalists. Author of the prose book &#8220;Model for murder&#8221; (&#8220;\u041c\u0430\u0434\u044d\u043b\u044c \u0434\u043b\u044f \u0437\u0430\u0431\u043e\u0439\u0441\u0442\u0432\u0430&#8221;, 2013) and the poetry collection &#8220;Word Hunt&#8221; (&#8220;\u0421\u043b\u043e\u045e\u043d\u044b\u044f \u043b\u043e\u0432\u044b&#8221;, 2019). Lives in Belarus.<\/p>\n<p class=\"p1\">The second collection of poetry by Marharyta Ala\u0161kievi\u010d tells of the last five Belarusian years as seen by the author from her personal perspective.<\/p>\n","protected":false},"excerpt":{"rendered":"<p>Marharyta Ala\u0161kievi\u010d With breve and some \u0141acinka (\u041d\u0435\u0441\u043a\u043b\u0430\u0434\u043e\u0432\u0430 \u0456 \u0442\u0440\u043e\u0445\u0443 \u043b\u0430\u0446\u0456\u043d\u043a\u0430\u0439) Editing by Marta Cisievi\u010d Illustrations by Nasta Chvasto\u016dskaja hochroth Minsk Berlin, 2025 ISBN 978-3-949850-69-1 Marharyta Ala\u0161kievi\u010d (born in 1985 in Minsk) is a literary critic and an author of prose and poetry. She graduated as a postgraduate from the Faculty of Journalism at the [&hellip;]<\/p>\n","protected":false},"featured_media":9257,"template":"","meta":{"_themeisle_gutenberg_block_has_review":false},"product_brand":[],"product_cat":[683],"product_tag":[],"class_list":{"0":"post-9256","1":"product","2":"type-product","3":"status-publish","4":"has-post-thumbnail","6":"product_cat-alaskievic-marharyta","8":"first","9":"instock","10":"shipping-taxable","11":"purchasable","12":"product-type-simple"},"yoast_head":"<!-- This site is optimized with the Yoast SEO plugin v27.3 - https:\/\/yoast.com\/product\/yoast-seo-wordpress\/ -->\n<title>Marharyta Ala\u0161kievi\u010d \u2013 With breve and some \u0141acinka (\u041d\u0435\u0441\u043a\u043b\u0430\u0434\u043e\u0432\u0430 \u0456 \u0442\u0440\u043e\u0445\u0443 \u043b\u0430\u0446\u0456\u043d\u043a\u0430\u0439) - hochroth minsk<\/title>\n<meta name=\"robots\" content=\"index, follow, max-snippet:-1, max-image-preview:large, max-video-preview:-1\" \/>\n<link rel=\"canonical\" href=\"https:\/\/minsk.hochroth.eu\/en\/product\/marharyta-alaskievic-with-breve-and-some-lacinka-\u043d\u0435\u0441\u043a\u043b\u0430\u0434\u043e\u0432\u0430-\u0456-\u0442\u0440\u043e\u0445\u0443-\u043b\u0430\u0446\u0456\u043d\u043a\/\" \/>\n<meta property=\"og:locale\" content=\"en_GB\" \/>\n<meta property=\"og:type\" content=\"article\" \/>\n<meta property=\"og:title\" content=\"Marharyta Ala\u0161kievi\u010d \u2013 With breve and some \u0141acinka (\u041d\u0435\u0441\u043a\u043b\u0430\u0434\u043e\u0432\u0430 \u0456 \u0442\u0440\u043e\u0445\u0443 \u043b\u0430\u0446\u0456\u043d\u043a\u0430\u0439) - hochroth minsk\" \/>\n<meta property=\"og:description\" content=\"Marharyta Ala\u0161kievi\u010d With breve and some \u0141acinka (\u041d\u0435\u0441\u043a\u043b\u0430\u0434\u043e\u0432\u0430 \u0456 \u0442\u0440\u043e\u0445\u0443 \u043b\u0430\u0446\u0456\u043d\u043a\u0430\u0439) Editing by Marta Cisievi\u010d Illustrations by Nasta Chvasto\u016dskaja hochroth Minsk Berlin, 2025 ISBN 978-3-949850-69-1 Marharyta Ala\u0161kievi\u010d (born in 1985 in Minsk) is a literary critic and an author of prose and poetry. She graduated as a postgraduate from the Faculty of Journalism at the [&hellip;]\" \/>\n<meta property=\"og:url\" content=\"https:\/\/minsk.hochroth.eu\/en\/product\/marharyta-alaskievic-with-breve-and-some-lacinka-\u043d\u0435\u0441\u043a\u043b\u0430\u0434\u043e\u0432\u0430-\u0456-\u0442\u0440\u043e\u0445\u0443-\u043b\u0430\u0446\u0456\u043d\u043a\/\" \/>\n<meta property=\"og:site_name\" content=\"hochroth minsk\" \/>\n<meta property=\"article:modified_time\" content=\"2025-10-01T19:22:52+00:00\" \/>\n<meta property=\"og:image\" content=\"https:\/\/minsk.hochroth.eu\/wp-content\/uploads\/2025\/10\/\u0421\u043d\u0438\u043c\u043e\u043a-\u044d\u043a\u0440\u0430\u043d\u0430-2025-10-01-\u0432-22.06.36.png\" \/>\n\t<meta property=\"og:image:width\" content=\"936\" \/>\n\t<meta property=\"og:image:height\" content=\"1204\" \/>\n\t<meta property=\"og:image:type\" content=\"image\/png\" \/>\n<meta name=\"twitter:card\" content=\"summary_large_image\" \/>\n<meta name=\"twitter:label1\" content=\"Estimated reading time\" \/>\n\t<meta name=\"twitter:data1\" content=\"1 minute\" \/>\n<script type=\"application\/ld+json\" class=\"yoast-schema-graph\">{\"@context\":\"https:\\\/\\\/schema.org\",\"@graph\":[{\"@type\":\"WebPage\",\"@id\":\"https:\\\/\\\/minsk.hochroth.eu\\\/product\\\/marharyta-alaskievic-with-breve-and-some-lacinka-%d0%bd%d0%b5%d1%81%d0%ba%d0%bb%d0%b0%d0%b4%d0%be%d0%b2%d0%b0-%d1%96-%d1%82%d1%80%d0%be%d1%85%d1%83-%d0%bb%d0%b0%d1%86%d1%96%d0%bd%d0%ba\\\/\",\"url\":\"https:\\\/\\\/minsk.hochroth.eu\\\/product\\\/marharyta-alaskievic-with-breve-and-some-lacinka-%d0%bd%d0%b5%d1%81%d0%ba%d0%bb%d0%b0%d0%b4%d0%be%d0%b2%d0%b0-%d1%96-%d1%82%d1%80%d0%be%d1%85%d1%83-%d0%bb%d0%b0%d1%86%d1%96%d0%bd%d0%ba\\\/\",\"name\":\"Marharyta Ala\u0161kievi\u010d \u2013 With breve and some \u0141acinka (\u041d\u0435\u0441\u043a\u043b\u0430\u0434\u043e\u0432\u0430 \u0456 \u0442\u0440\u043e\u0445\u0443 \u043b\u0430\u0446\u0456\u043d\u043a\u0430\u0439) - hochroth minsk\",\"isPartOf\":{\"@id\":\"https:\\\/\\\/minsk.hochroth.eu\\\/#website\"},\"primaryImageOfPage\":{\"@id\":\"https:\\\/\\\/minsk.hochroth.eu\\\/product\\\/marharyta-alaskievic-with-breve-and-some-lacinka-%d0%bd%d0%b5%d1%81%d0%ba%d0%bb%d0%b0%d0%b4%d0%be%d0%b2%d0%b0-%d1%96-%d1%82%d1%80%d0%be%d1%85%d1%83-%d0%bb%d0%b0%d1%86%d1%96%d0%bd%d0%ba\\\/#primaryimage\"},\"image\":{\"@id\":\"https:\\\/\\\/minsk.hochroth.eu\\\/product\\\/marharyta-alaskievic-with-breve-and-some-lacinka-%d0%bd%d0%b5%d1%81%d0%ba%d0%bb%d0%b0%d0%b4%d0%be%d0%b2%d0%b0-%d1%96-%d1%82%d1%80%d0%be%d1%85%d1%83-%d0%bb%d0%b0%d1%86%d1%96%d0%bd%d0%ba\\\/#primaryimage\"},\"thumbnailUrl\":\"https:\\\/\\\/minsk.hochroth.eu\\\/wp-content\\\/uploads\\\/2025\\\/10\\\/\u0421\u043d\u0438\u043c\u043e\u043a-\u044d\u043a\u0440\u0430\u043d\u0430-2025-10-01-\u0432-22.06.36.png\",\"datePublished\":\"2025-10-01T19:22:51+00:00\",\"dateModified\":\"2025-10-01T19:22:52+00:00\",\"breadcrumb\":{\"@id\":\"https:\\\/\\\/minsk.hochroth.eu\\\/product\\\/marharyta-alaskievic-with-breve-and-some-lacinka-%d0%bd%d0%b5%d1%81%d0%ba%d0%bb%d0%b0%d0%b4%d0%be%d0%b2%d0%b0-%d1%96-%d1%82%d1%80%d0%be%d1%85%d1%83-%d0%bb%d0%b0%d1%86%d1%96%d0%bd%d0%ba\\\/#breadcrumb\"},\"inLanguage\":\"en-GB\",\"potentialAction\":[{\"@type\":\"ReadAction\",\"target\":[\"https:\\\/\\\/minsk.hochroth.eu\\\/product\\\/marharyta-alaskievic-with-breve-and-some-lacinka-%d0%bd%d0%b5%d1%81%d0%ba%d0%bb%d0%b0%d0%b4%d0%be%d0%b2%d0%b0-%d1%96-%d1%82%d1%80%d0%be%d1%85%d1%83-%d0%bb%d0%b0%d1%86%d1%96%d0%bd%d0%ba\\\/\"]}]},{\"@type\":\"ImageObject\",\"inLanguage\":\"en-GB\",\"@id\":\"https:\\\/\\\/minsk.hochroth.eu\\\/product\\\/marharyta-alaskievic-with-breve-and-some-lacinka-%d0%bd%d0%b5%d1%81%d0%ba%d0%bb%d0%b0%d0%b4%d0%be%d0%b2%d0%b0-%d1%96-%d1%82%d1%80%d0%be%d1%85%d1%83-%d0%bb%d0%b0%d1%86%d1%96%d0%bd%d0%ba\\\/#primaryimage\",\"url\":\"https:\\\/\\\/minsk.hochroth.eu\\\/wp-content\\\/uploads\\\/2025\\\/10\\\/\u0421\u043d\u0438\u043c\u043e\u043a-\u044d\u043a\u0440\u0430\u043d\u0430-2025-10-01-\u0432-22.06.36.png\",\"contentUrl\":\"https:\\\/\\\/minsk.hochroth.eu\\\/wp-content\\\/uploads\\\/2025\\\/10\\\/\u0421\u043d\u0438\u043c\u043e\u043a-\u044d\u043a\u0440\u0430\u043d\u0430-2025-10-01-\u0432-22.06.36.png\",\"width\":936,\"height\":1204},{\"@type\":\"BreadcrumbList\",\"@id\":\"https:\\\/\\\/minsk.hochroth.eu\\\/product\\\/marharyta-alaskievic-with-breve-and-some-lacinka-%d0%bd%d0%b5%d1%81%d0%ba%d0%bb%d0%b0%d0%b4%d0%be%d0%b2%d0%b0-%d1%96-%d1%82%d1%80%d0%be%d1%85%d1%83-%d0%bb%d0%b0%d1%86%d1%96%d0%bd%d0%ba\\\/#breadcrumb\",\"itemListElement\":[{\"@type\":\"ListItem\",\"position\":1,\"name\":\"Startseite\",\"item\":\"https:\\\/\\\/minsk.hochroth.eu\\\/\"},{\"@type\":\"ListItem\",\"position\":2,\"name\":\"Shop\",\"item\":\"https:\\\/\\\/minsk.hochroth.eu\\\/shop\\\/\"},{\"@type\":\"ListItem\",\"position\":3,\"name\":\"Marharyta Ala\u0161kievi\u010d \u2013 With breve and some \u0141acinka (\u041d\u0435\u0441\u043a\u043b\u0430\u0434\u043e\u0432\u0430 \u0456 \u0442\u0440\u043e\u0445\u0443 \u043b\u0430\u0446\u0456\u043d\u043a\u0430\u0439)\"}]},{\"@type\":\"WebSite\",\"@id\":\"https:\\\/\\\/minsk.hochroth.eu\\\/#website\",\"url\":\"https:\\\/\\\/minsk.hochroth.eu\\\/\",\"name\":\"hochroth m\u0456\u043d\u0441\u043a\",\"description\":\"\",\"publisher\":{\"@id\":\"https:\\\/\\\/minsk.hochroth.eu\\\/#organization\"},\"potentialAction\":[{\"@type\":\"SearchAction\",\"target\":{\"@type\":\"EntryPoint\",\"urlTemplate\":\"https:\\\/\\\/minsk.hochroth.eu\\\/?s={search_term_string}\"},\"query-input\":{\"@type\":\"PropertyValueSpecification\",\"valueRequired\":true,\"valueName\":\"search_term_string\"}}],\"inLanguage\":\"en-GB\"},{\"@type\":\"Organization\",\"@id\":\"https:\\\/\\\/minsk.hochroth.eu\\\/#organization\",\"name\":\"hochroth verlag\",\"url\":\"https:\\\/\\\/minsk.hochroth.eu\\\/\",\"logo\":{\"@type\":\"ImageObject\",\"inLanguage\":\"en-GB\",\"@id\":\"https:\\\/\\\/minsk.hochroth.eu\\\/#\\\/schema\\\/logo\\\/image\\\/\",\"url\":\"https:\\\/\\\/minsk.hochroth.eu\\\/wp-content\\\/uploads\\\/2021\\\/12\\\/211208_hochroth_fb.png\",\"contentUrl\":\"https:\\\/\\\/minsk.hochroth.eu\\\/wp-content\\\/uploads\\\/2021\\\/12\\\/211208_hochroth_fb.png\",\"width\":1200,\"height\":630,\"caption\":\"hochroth verlag\"},\"image\":{\"@id\":\"https:\\\/\\\/minsk.hochroth.eu\\\/#\\\/schema\\\/logo\\\/image\\\/\"}}]}<\/script>\n<!-- \/ Yoast SEO plugin. -->","yoast_head_json":{"title":"Marharyta Ala\u0161kievi\u010d \u2013 With breve and some \u0141acinka (\u041d\u0435\u0441\u043a\u043b\u0430\u0434\u043e\u0432\u0430 \u0456 \u0442\u0440\u043e\u0445\u0443 \u043b\u0430\u0446\u0456\u043d\u043a\u0430\u0439) - hochroth minsk","robots":{"index":"index","follow":"follow","max-snippet":"max-snippet:-1","max-image-preview":"max-image-preview:large","max-video-preview":"max-video-preview:-1"},"canonical":"https:\/\/minsk.hochroth.eu\/en\/product\/marharyta-alaskievic-with-breve-and-some-lacinka-\u043d\u0435\u0441\u043a\u043b\u0430\u0434\u043e\u0432\u0430-\u0456-\u0442\u0440\u043e\u0445\u0443-\u043b\u0430\u0446\u0456\u043d\u043a\/","og_locale":"en_GB","og_type":"article","og_title":"Marharyta Ala\u0161kievi\u010d \u2013 With breve and some \u0141acinka (\u041d\u0435\u0441\u043a\u043b\u0430\u0434\u043e\u0432\u0430 \u0456 \u0442\u0440\u043e\u0445\u0443 \u043b\u0430\u0446\u0456\u043d\u043a\u0430\u0439) - hochroth minsk","og_description":"Marharyta Ala\u0161kievi\u010d With breve and some \u0141acinka (\u041d\u0435\u0441\u043a\u043b\u0430\u0434\u043e\u0432\u0430 \u0456 \u0442\u0440\u043e\u0445\u0443 \u043b\u0430\u0446\u0456\u043d\u043a\u0430\u0439) Editing by Marta Cisievi\u010d Illustrations by Nasta Chvasto\u016dskaja hochroth Minsk Berlin, 2025 ISBN 978-3-949850-69-1 Marharyta Ala\u0161kievi\u010d (born in 1985 in Minsk) is a literary critic and an author of prose and poetry. She graduated as a postgraduate from the Faculty of Journalism at the [&hellip;]","og_url":"https:\/\/minsk.hochroth.eu\/en\/product\/marharyta-alaskievic-with-breve-and-some-lacinka-\u043d\u0435\u0441\u043a\u043b\u0430\u0434\u043e\u0432\u0430-\u0456-\u0442\u0440\u043e\u0445\u0443-\u043b\u0430\u0446\u0456\u043d\u043a\/","og_site_name":"hochroth minsk","article_modified_time":"2025-10-01T19:22:52+00:00","og_image":[{"width":936,"height":1204,"url":"https:\/\/minsk.hochroth.eu\/wp-content\/uploads\/2025\/10\/\u0421\u043d\u0438\u043c\u043e\u043a-\u044d\u043a\u0440\u0430\u043d\u0430-2025-10-01-\u0432-22.06.36.png","type":"image\/png"}],"twitter_card":"summary_large_image","twitter_misc":{"Estimated reading time":"1 minute"},"schema":{"@context":"https:\/\/schema.org","@graph":[{"@type":"WebPage","@id":"https:\/\/minsk.hochroth.eu\/product\/marharyta-alaskievic-with-breve-and-some-lacinka-%d0%bd%d0%b5%d1%81%d0%ba%d0%bb%d0%b0%d0%b4%d0%be%d0%b2%d0%b0-%d1%96-%d1%82%d1%80%d0%be%d1%85%d1%83-%d0%bb%d0%b0%d1%86%d1%96%d0%bd%d0%ba\/","url":"https:\/\/minsk.hochroth.eu\/product\/marharyta-alaskievic-with-breve-and-some-lacinka-%d0%bd%d0%b5%d1%81%d0%ba%d0%bb%d0%b0%d0%b4%d0%be%d0%b2%d0%b0-%d1%96-%d1%82%d1%80%d0%be%d1%85%d1%83-%d0%bb%d0%b0%d1%86%d1%96%d0%bd%d0%ba\/","name":"Marharyta Ala\u0161kievi\u010d \u2013 With breve and some \u0141acinka (\u041d\u0435\u0441\u043a\u043b\u0430\u0434\u043e\u0432\u0430 \u0456 \u0442\u0440\u043e\u0445\u0443 \u043b\u0430\u0446\u0456\u043d\u043a\u0430\u0439) - hochroth minsk","isPartOf":{"@id":"https:\/\/minsk.hochroth.eu\/#website"},"primaryImageOfPage":{"@id":"https:\/\/minsk.hochroth.eu\/product\/marharyta-alaskievic-with-breve-and-some-lacinka-%d0%bd%d0%b5%d1%81%d0%ba%d0%bb%d0%b0%d0%b4%d0%be%d0%b2%d0%b0-%d1%96-%d1%82%d1%80%d0%be%d1%85%d1%83-%d0%bb%d0%b0%d1%86%d1%96%d0%bd%d0%ba\/#primaryimage"},"image":{"@id":"https:\/\/minsk.hochroth.eu\/product\/marharyta-alaskievic-with-breve-and-some-lacinka-%d0%bd%d0%b5%d1%81%d0%ba%d0%bb%d0%b0%d0%b4%d0%be%d0%b2%d0%b0-%d1%96-%d1%82%d1%80%d0%be%d1%85%d1%83-%d0%bb%d0%b0%d1%86%d1%96%d0%bd%d0%ba\/#primaryimage"},"thumbnailUrl":"https:\/\/minsk.hochroth.eu\/wp-content\/uploads\/2025\/10\/\u0421\u043d\u0438\u043c\u043e\u043a-\u044d\u043a\u0440\u0430\u043d\u0430-2025-10-01-\u0432-22.06.36.png","datePublished":"2025-10-01T19:22:51+00:00","dateModified":"2025-10-01T19:22:52+00:00","breadcrumb":{"@id":"https:\/\/minsk.hochroth.eu\/product\/marharyta-alaskievic-with-breve-and-some-lacinka-%d0%bd%d0%b5%d1%81%d0%ba%d0%bb%d0%b0%d0%b4%d0%be%d0%b2%d0%b0-%d1%96-%d1%82%d1%80%d0%be%d1%85%d1%83-%d0%bb%d0%b0%d1%86%d1%96%d0%bd%d0%ba\/#breadcrumb"},"inLanguage":"en-GB","potentialAction":[{"@type":"ReadAction","target":["https:\/\/minsk.hochroth.eu\/product\/marharyta-alaskievic-with-breve-and-some-lacinka-%d0%bd%d0%b5%d1%81%d0%ba%d0%bb%d0%b0%d0%b4%d0%be%d0%b2%d0%b0-%d1%96-%d1%82%d1%80%d0%be%d1%85%d1%83-%d0%bb%d0%b0%d1%86%d1%96%d0%bd%d0%ba\/"]}]},{"@type":"ImageObject","inLanguage":"en-GB","@id":"https:\/\/minsk.hochroth.eu\/product\/marharyta-alaskievic-with-breve-and-some-lacinka-%d0%bd%d0%b5%d1%81%d0%ba%d0%bb%d0%b0%d0%b4%d0%be%d0%b2%d0%b0-%d1%96-%d1%82%d1%80%d0%be%d1%85%d1%83-%d0%bb%d0%b0%d1%86%d1%96%d0%bd%d0%ba\/#primaryimage","url":"https:\/\/minsk.hochroth.eu\/wp-content\/uploads\/2025\/10\/\u0421\u043d\u0438\u043c\u043e\u043a-\u044d\u043a\u0440\u0430\u043d\u0430-2025-10-01-\u0432-22.06.36.png","contentUrl":"https:\/\/minsk.hochroth.eu\/wp-content\/uploads\/2025\/10\/\u0421\u043d\u0438\u043c\u043e\u043a-\u044d\u043a\u0440\u0430\u043d\u0430-2025-10-01-\u0432-22.06.36.png","width":936,"height":1204},{"@type":"BreadcrumbList","@id":"https:\/\/minsk.hochroth.eu\/product\/marharyta-alaskievic-with-breve-and-some-lacinka-%d0%bd%d0%b5%d1%81%d0%ba%d0%bb%d0%b0%d0%b4%d0%be%d0%b2%d0%b0-%d1%96-%d1%82%d1%80%d0%be%d1%85%d1%83-%d0%bb%d0%b0%d1%86%d1%96%d0%bd%d0%ba\/#breadcrumb","itemListElement":[{"@type":"ListItem","position":1,"name":"Startseite","item":"https:\/\/minsk.hochroth.eu\/"},{"@type":"ListItem","position":2,"name":"Shop","item":"https:\/\/minsk.hochroth.eu\/shop\/"},{"@type":"ListItem","position":3,"name":"Marharyta Ala\u0161kievi\u010d \u2013 With breve and some \u0141acinka (\u041d\u0435\u0441\u043a\u043b\u0430\u0434\u043e\u0432\u0430 \u0456 \u0442\u0440\u043e\u0445\u0443 \u043b\u0430\u0446\u0456\u043d\u043a\u0430\u0439)"}]},{"@type":"WebSite","@id":"https:\/\/minsk.hochroth.eu\/#website","url":"https:\/\/minsk.hochroth.eu\/","name":"hochroth m\u0456\u043d\u0441\u043a","description":"","publisher":{"@id":"https:\/\/minsk.hochroth.eu\/#organization"},"potentialAction":[{"@type":"SearchAction","target":{"@type":"EntryPoint","urlTemplate":"https:\/\/minsk.hochroth.eu\/?s={search_term_string}"},"query-input":{"@type":"PropertyValueSpecification","valueRequired":true,"valueName":"search_term_string"}}],"inLanguage":"en-GB"},{"@type":"Organization","@id":"https:\/\/minsk.hochroth.eu\/#organization","name":"hochroth verlag","url":"https:\/\/minsk.hochroth.eu\/","logo":{"@type":"ImageObject","inLanguage":"en-GB","@id":"https:\/\/minsk.hochroth.eu\/#\/schema\/logo\/image\/","url":"https:\/\/minsk.hochroth.eu\/wp-content\/uploads\/2021\/12\/211208_hochroth_fb.png","contentUrl":"https:\/\/minsk.hochroth.eu\/wp-content\/uploads\/2021\/12\/211208_hochroth_fb.png","width":1200,"height":630,"caption":"hochroth verlag"},"image":{"@id":"https:\/\/minsk.hochroth.eu\/#\/schema\/logo\/image\/"}}]}},"_links":{"self":[{"href":"https:\/\/minsk.hochroth.eu\/en\/wp-json\/wp\/v2\/product\/9256","targetHints":{"allow":["GET"]}}],"collection":[{"href":"https:\/\/minsk.hochroth.eu\/en\/wp-json\/wp\/v2\/product"}],"about":[{"href":"https:\/\/minsk.hochroth.eu\/en\/wp-json\/wp\/v2\/types\/product"}],"wp:featuredmedia":[{"embeddable":true,"href":"https:\/\/minsk.hochroth.eu\/en\/wp-json\/wp\/v2\/media\/9257"}],"wp:attachment":[{"href":"https:\/\/minsk.hochroth.eu\/en\/wp-json\/wp\/v2\/media?parent=9256"}],"wp:term":[{"taxonomy":"product_brand","embeddable":true,"href":"https:\/\/minsk.hochroth.eu\/en\/wp-json\/wp\/v2\/product_brand?post=9256"},{"taxonomy":"product_cat","embeddable":true,"href":"https:\/\/minsk.hochroth.eu\/en\/wp-json\/wp\/v2\/product_cat?post=9256"},{"taxonomy":"product_tag","embeddable":true,"href":"https:\/\/minsk.hochroth.eu\/en\/wp-json\/wp\/v2\/product_tag?post=9256"}],"curies":[{"name":"wp","href":"https:\/\/api.w.org\/{rel}","templated":true}]}}