{"id":9040,"date":"2024-07-08T19:42:23","date_gmt":"2024-07-08T19:42:23","guid":{"rendered":"https:\/\/minsk.hochroth.eu\/?post_type=product&#038;p=9040"},"modified":"2024-10-03T08:12:05","modified_gmt":"2024-10-03T08:12:05","slug":"9040","status":"publish","type":"product","link":"https:\/\/minsk.hochroth.eu\/en\/product\/9040\/","title":{"rendered":"Viktar \u017dybul \u2013 \u0410\u0440\u0430\u043d\u0436\u0430\u0432\u044b (Orange)"},"content":{"rendered":"<h6 class=\"p1\">Viktar \u017dybul<br \/>\nOrange<br \/>\nIllustration: Kastu\u015b \u017dybul<span class=\"Apple-converted-space\"><br \/>\n<\/span>hochroth Minsk<br \/>\nBerlin, 2024<br \/>\nISBN 978-3-949850-52-3<\/h6>\n<p class=\"p1\"><strong>Viktar \u017dybul<\/strong> was born in Minsk in 1978. Poet, performer, and literary critic. Candidate of philological sciences. Member of the creative movement &#8220;Bum-Bam-Lit,&#8221; as well as a number of literary, musical, and theatrical projects. Author of the books of poetry &#8220;\u041a\u0430\u043b\u0456 \u0443\u0306 \u0445\u0430\u0446\u0435 \u0434\u044b\u0432\u044d\u0440\u0441\u0430\u043d\u0442&#8221; (When a saboteur is in the house&#8221;, 1996), &#8220;\u0420\u043e\u0433\u0456 \u0433\u043e\u0440&#8221; (&#8220;Horns of the mountains&#8221;, 1997), &#8220;\u041f\u0440\u044b\u043a\u0440\u044b \u043a\u0440\u044b\u043a&#8221; (&#8220;Nasty Cry&#8221;, 2001), &#8220;\u0414\u044b\u044f\u0444\u0440\u0430\u0433\u043c\u0430&#8221; (&#8220;Diaphragm&#8221;, 2003), &#8220;\u0417\u0430\u0431\u0456 \u0443\u0306 \u0441\u0430\u0431\u0435 \u0421\u0430\u043a\u0440\u0430\u0442\u0430!&#8221; (&#8220;Kill Socrates in yourself!&#8221;, 2008, with Vera Bur\u0142ak), &#8220;\u0421\u0442\u0430\u043f\u044d\u043b\u0456\u0456&#8221; (&#8220;Stapelia&#8221;, 2012), and &#8220;\u0414\u0437\u044f\u0446\u0435\u043b \u0456 \u0434\u0443\u043f\u043b\u043e&#8221; (&#8220;Woodpecker and Hollow&#8221;, 2016). \u017dybul also wrote a number of plays and research articles. Winner of several poetry slams. Laureate of the &#8220;Golden Apostrophe&#8221; award (2011), &#8220;David Burliuk International Award&#8221; (2013), &#8220;\u041f\u0440\u0430\u0437\u0440\u044b\u0441\u0442\u044b \u042d\u043e\u043b&#8221; award (&#8220;Transparent Aeolus&#8221;, 2018). His works were translated into 16 languages.<\/p>\n","protected":false},"excerpt":{"rendered":"<p>Viktar \u017dybul Orange Illustration: Kastu\u015b \u017dybul hochroth Minsk Berlin, 2024 ISBN 978-3-949850-52-3 Viktar \u017dybul was born in Minsk in 1978. Poet, performer, and literary critic. Candidate of philological sciences. Member of the creative movement &#8220;Bum-Bam-Lit,&#8221; as well as a number of literary, musical, and theatrical projects. Author of the books of poetry &#8220;\u041a\u0430\u043b\u0456 \u0443\u0306 \u0445\u0430\u0446\u0435 [&hellip;]<\/p>\n","protected":false},"featured_media":9041,"template":"","meta":{"_themeisle_gutenberg_block_has_review":false},"product_brand":[],"product_cat":[664],"product_tag":[],"class_list":{"0":"post-9040","1":"product","2":"type-product","3":"status-publish","4":"has-post-thumbnail","6":"product_cat-zybul-viktar","8":"first","9":"instock","10":"shipping-taxable","11":"purchasable","12":"product-type-simple"},"yoast_head":"<!-- This site is optimized with the Yoast SEO plugin v27.4 - https:\/\/yoast.com\/product\/yoast-seo-wordpress\/ -->\n<title>Viktar \u017dybul \u2013 \u0410\u0440\u0430\u043d\u0436\u0430\u0432\u044b (Orange) - hochroth minsk<\/title>\n<meta name=\"robots\" content=\"index, follow, max-snippet:-1, max-image-preview:large, max-video-preview:-1\" \/>\n<link rel=\"canonical\" href=\"https:\/\/minsk.hochroth.eu\/en\/product\/9040\/\" \/>\n<meta property=\"og:locale\" content=\"en_GB\" \/>\n<meta property=\"og:type\" content=\"article\" \/>\n<meta property=\"og:title\" content=\"Viktar \u017dybul \u2013 \u0410\u0440\u0430\u043d\u0436\u0430\u0432\u044b (Orange) - hochroth minsk\" \/>\n<meta property=\"og:description\" content=\"Viktar \u017dybul Orange Illustration: Kastu\u015b \u017dybul hochroth Minsk Berlin, 2024 ISBN 978-3-949850-52-3 Viktar \u017dybul was born in Minsk in 1978. Poet, performer, and literary critic. Candidate of philological sciences. Member of the creative movement &#8220;Bum-Bam-Lit,&#8221; as well as a number of literary, musical, and theatrical projects. Author of the books of poetry &#8220;\u041a\u0430\u043b\u0456 \u0443\u0306 \u0445\u0430\u0446\u0435 [&hellip;]\" \/>\n<meta property=\"og:url\" content=\"https:\/\/minsk.hochroth.eu\/en\/product\/9040\/\" \/>\n<meta property=\"og:site_name\" content=\"hochroth minsk\" \/>\n<meta property=\"article:modified_time\" content=\"2024-10-03T08:12:05+00:00\" \/>\n<meta property=\"og:image\" content=\"https:\/\/minsk.hochroth.eu\/wp-content\/uploads\/2024\/07\/Viktar-Zybul-1-3.jpg\" \/>\n\t<meta property=\"og:image:width\" content=\"769\" \/>\n\t<meta property=\"og:image:height\" content=\"1026\" \/>\n\t<meta property=\"og:image:type\" content=\"image\/jpeg\" \/>\n<meta name=\"twitter:card\" content=\"summary_large_image\" \/>\n<meta name=\"twitter:label1\" content=\"Estimated reading time\" \/>\n\t<meta name=\"twitter:data1\" content=\"1 minute\" \/>\n<script type=\"application\/ld+json\" class=\"yoast-schema-graph\">{\"@context\":\"https:\\\/\\\/schema.org\",\"@graph\":[{\"@type\":\"WebPage\",\"@id\":\"https:\\\/\\\/minsk.hochroth.eu\\\/product\\\/9040\\\/\",\"url\":\"https:\\\/\\\/minsk.hochroth.eu\\\/product\\\/9040\\\/\",\"name\":\"Viktar \u017dybul \u2013 \u0410\u0440\u0430\u043d\u0436\u0430\u0432\u044b (Orange) - hochroth minsk\",\"isPartOf\":{\"@id\":\"https:\\\/\\\/minsk.hochroth.eu\\\/#website\"},\"primaryImageOfPage\":{\"@id\":\"https:\\\/\\\/minsk.hochroth.eu\\\/product\\\/9040\\\/#primaryimage\"},\"image\":{\"@id\":\"https:\\\/\\\/minsk.hochroth.eu\\\/product\\\/9040\\\/#primaryimage\"},\"thumbnailUrl\":\"https:\\\/\\\/minsk.hochroth.eu\\\/wp-content\\\/uploads\\\/2024\\\/07\\\/Viktar-Zybul-1-3.jpg\",\"datePublished\":\"2024-07-08T19:42:23+00:00\",\"dateModified\":\"2024-10-03T08:12:05+00:00\",\"breadcrumb\":{\"@id\":\"https:\\\/\\\/minsk.hochroth.eu\\\/product\\\/9040\\\/#breadcrumb\"},\"inLanguage\":\"en-GB\",\"potentialAction\":[{\"@type\":\"ReadAction\",\"target\":[\"https:\\\/\\\/minsk.hochroth.eu\\\/product\\\/9040\\\/\"]}]},{\"@type\":\"ImageObject\",\"inLanguage\":\"en-GB\",\"@id\":\"https:\\\/\\\/minsk.hochroth.eu\\\/product\\\/9040\\\/#primaryimage\",\"url\":\"https:\\\/\\\/minsk.hochroth.eu\\\/wp-content\\\/uploads\\\/2024\\\/07\\\/Viktar-Zybul-1-3.jpg\",\"contentUrl\":\"https:\\\/\\\/minsk.hochroth.eu\\\/wp-content\\\/uploads\\\/2024\\\/07\\\/Viktar-Zybul-1-3.jpg\",\"width\":769,\"height\":1026},{\"@type\":\"BreadcrumbList\",\"@id\":\"https:\\\/\\\/minsk.hochroth.eu\\\/product\\\/9040\\\/#breadcrumb\",\"itemListElement\":[{\"@type\":\"ListItem\",\"position\":1,\"name\":\"Startseite\",\"item\":\"https:\\\/\\\/minsk.hochroth.eu\\\/\"},{\"@type\":\"ListItem\",\"position\":2,\"name\":\"Shop\",\"item\":\"https:\\\/\\\/minsk.hochroth.eu\\\/shop\\\/\"},{\"@type\":\"ListItem\",\"position\":3,\"name\":\"Viktar \u017dybul \u2013 \u0410\u0440\u0430\u043d\u0436\u0430\u0432\u044b (Orange)\"}]},{\"@type\":\"WebSite\",\"@id\":\"https:\\\/\\\/minsk.hochroth.eu\\\/#website\",\"url\":\"https:\\\/\\\/minsk.hochroth.eu\\\/\",\"name\":\"hochroth m\u0456\u043d\u0441\u043a\",\"description\":\"\",\"publisher\":{\"@id\":\"https:\\\/\\\/minsk.hochroth.eu\\\/#organization\"},\"potentialAction\":[{\"@type\":\"SearchAction\",\"target\":{\"@type\":\"EntryPoint\",\"urlTemplate\":\"https:\\\/\\\/minsk.hochroth.eu\\\/?s={search_term_string}\"},\"query-input\":{\"@type\":\"PropertyValueSpecification\",\"valueRequired\":true,\"valueName\":\"search_term_string\"}}],\"inLanguage\":\"en-GB\"},{\"@type\":\"Organization\",\"@id\":\"https:\\\/\\\/minsk.hochroth.eu\\\/#organization\",\"name\":\"hochroth verlag\",\"url\":\"https:\\\/\\\/minsk.hochroth.eu\\\/\",\"logo\":{\"@type\":\"ImageObject\",\"inLanguage\":\"en-GB\",\"@id\":\"https:\\\/\\\/minsk.hochroth.eu\\\/#\\\/schema\\\/logo\\\/image\\\/\",\"url\":\"https:\\\/\\\/minsk.hochroth.eu\\\/wp-content\\\/uploads\\\/2021\\\/12\\\/211208_hochroth_fb.png\",\"contentUrl\":\"https:\\\/\\\/minsk.hochroth.eu\\\/wp-content\\\/uploads\\\/2021\\\/12\\\/211208_hochroth_fb.png\",\"width\":1200,\"height\":630,\"caption\":\"hochroth verlag\"},\"image\":{\"@id\":\"https:\\\/\\\/minsk.hochroth.eu\\\/#\\\/schema\\\/logo\\\/image\\\/\"}}]}<\/script>\n<!-- \/ Yoast SEO plugin. -->","yoast_head_json":{"title":"Viktar \u017dybul \u2013 \u0410\u0440\u0430\u043d\u0436\u0430\u0432\u044b (Orange) - hochroth minsk","robots":{"index":"index","follow":"follow","max-snippet":"max-snippet:-1","max-image-preview":"max-image-preview:large","max-video-preview":"max-video-preview:-1"},"canonical":"https:\/\/minsk.hochroth.eu\/en\/product\/9040\/","og_locale":"en_GB","og_type":"article","og_title":"Viktar \u017dybul \u2013 \u0410\u0440\u0430\u043d\u0436\u0430\u0432\u044b (Orange) - hochroth minsk","og_description":"Viktar \u017dybul Orange Illustration: Kastu\u015b \u017dybul hochroth Minsk Berlin, 2024 ISBN 978-3-949850-52-3 Viktar \u017dybul was born in Minsk in 1978. Poet, performer, and literary critic. Candidate of philological sciences. Member of the creative movement &#8220;Bum-Bam-Lit,&#8221; as well as a number of literary, musical, and theatrical projects. Author of the books of poetry &#8220;\u041a\u0430\u043b\u0456 \u0443\u0306 \u0445\u0430\u0446\u0435 [&hellip;]","og_url":"https:\/\/minsk.hochroth.eu\/en\/product\/9040\/","og_site_name":"hochroth minsk","article_modified_time":"2024-10-03T08:12:05+00:00","og_image":[{"width":769,"height":1026,"url":"https:\/\/minsk.hochroth.eu\/wp-content\/uploads\/2024\/07\/Viktar-Zybul-1-3.jpg","type":"image\/jpeg"}],"twitter_card":"summary_large_image","twitter_misc":{"Estimated reading time":"1 minute"},"schema":{"@context":"https:\/\/schema.org","@graph":[{"@type":"WebPage","@id":"https:\/\/minsk.hochroth.eu\/product\/9040\/","url":"https:\/\/minsk.hochroth.eu\/product\/9040\/","name":"Viktar \u017dybul \u2013 \u0410\u0440\u0430\u043d\u0436\u0430\u0432\u044b (Orange) - hochroth minsk","isPartOf":{"@id":"https:\/\/minsk.hochroth.eu\/#website"},"primaryImageOfPage":{"@id":"https:\/\/minsk.hochroth.eu\/product\/9040\/#primaryimage"},"image":{"@id":"https:\/\/minsk.hochroth.eu\/product\/9040\/#primaryimage"},"thumbnailUrl":"https:\/\/minsk.hochroth.eu\/wp-content\/uploads\/2024\/07\/Viktar-Zybul-1-3.jpg","datePublished":"2024-07-08T19:42:23+00:00","dateModified":"2024-10-03T08:12:05+00:00","breadcrumb":{"@id":"https:\/\/minsk.hochroth.eu\/product\/9040\/#breadcrumb"},"inLanguage":"en-GB","potentialAction":[{"@type":"ReadAction","target":["https:\/\/minsk.hochroth.eu\/product\/9040\/"]}]},{"@type":"ImageObject","inLanguage":"en-GB","@id":"https:\/\/minsk.hochroth.eu\/product\/9040\/#primaryimage","url":"https:\/\/minsk.hochroth.eu\/wp-content\/uploads\/2024\/07\/Viktar-Zybul-1-3.jpg","contentUrl":"https:\/\/minsk.hochroth.eu\/wp-content\/uploads\/2024\/07\/Viktar-Zybul-1-3.jpg","width":769,"height":1026},{"@type":"BreadcrumbList","@id":"https:\/\/minsk.hochroth.eu\/product\/9040\/#breadcrumb","itemListElement":[{"@type":"ListItem","position":1,"name":"Startseite","item":"https:\/\/minsk.hochroth.eu\/"},{"@type":"ListItem","position":2,"name":"Shop","item":"https:\/\/minsk.hochroth.eu\/shop\/"},{"@type":"ListItem","position":3,"name":"Viktar \u017dybul \u2013 \u0410\u0440\u0430\u043d\u0436\u0430\u0432\u044b (Orange)"}]},{"@type":"WebSite","@id":"https:\/\/minsk.hochroth.eu\/#website","url":"https:\/\/minsk.hochroth.eu\/","name":"hochroth m\u0456\u043d\u0441\u043a","description":"","publisher":{"@id":"https:\/\/minsk.hochroth.eu\/#organization"},"potentialAction":[{"@type":"SearchAction","target":{"@type":"EntryPoint","urlTemplate":"https:\/\/minsk.hochroth.eu\/?s={search_term_string}"},"query-input":{"@type":"PropertyValueSpecification","valueRequired":true,"valueName":"search_term_string"}}],"inLanguage":"en-GB"},{"@type":"Organization","@id":"https:\/\/minsk.hochroth.eu\/#organization","name":"hochroth verlag","url":"https:\/\/minsk.hochroth.eu\/","logo":{"@type":"ImageObject","inLanguage":"en-GB","@id":"https:\/\/minsk.hochroth.eu\/#\/schema\/logo\/image\/","url":"https:\/\/minsk.hochroth.eu\/wp-content\/uploads\/2021\/12\/211208_hochroth_fb.png","contentUrl":"https:\/\/minsk.hochroth.eu\/wp-content\/uploads\/2021\/12\/211208_hochroth_fb.png","width":1200,"height":630,"caption":"hochroth verlag"},"image":{"@id":"https:\/\/minsk.hochroth.eu\/#\/schema\/logo\/image\/"}}]}},"_links":{"self":[{"href":"https:\/\/minsk.hochroth.eu\/en\/wp-json\/wp\/v2\/product\/9040","targetHints":{"allow":["GET"]}}],"collection":[{"href":"https:\/\/minsk.hochroth.eu\/en\/wp-json\/wp\/v2\/product"}],"about":[{"href":"https:\/\/minsk.hochroth.eu\/en\/wp-json\/wp\/v2\/types\/product"}],"wp:featuredmedia":[{"embeddable":true,"href":"https:\/\/minsk.hochroth.eu\/en\/wp-json\/wp\/v2\/media\/9041"}],"wp:attachment":[{"href":"https:\/\/minsk.hochroth.eu\/en\/wp-json\/wp\/v2\/media?parent=9040"}],"wp:term":[{"taxonomy":"product_brand","embeddable":true,"href":"https:\/\/minsk.hochroth.eu\/en\/wp-json\/wp\/v2\/product_brand?post=9040"},{"taxonomy":"product_cat","embeddable":true,"href":"https:\/\/minsk.hochroth.eu\/en\/wp-json\/wp\/v2\/product_cat?post=9040"},{"taxonomy":"product_tag","embeddable":true,"href":"https:\/\/minsk.hochroth.eu\/en\/wp-json\/wp\/v2\/product_tag?post=9040"}],"curies":[{"name":"wp","href":"https:\/\/api.w.org\/{rel}","templated":true}]}}