{"id":8780,"date":"2024-05-11T15:41:28","date_gmt":"2024-05-11T15:41:28","guid":{"rendered":"https:\/\/minsk.hochroth.eu\/?post_type=product&#038;p=8780"},"modified":"2024-12-09T18:19:18","modified_gmt":"2024-12-09T18:19:18","slug":"raman-abramcuk-%d0%b2%d0%b5%d1%80%d1%88%d1%8b-%d0%b4%d0%bb%d1%8f-%d1%85%d1%80%d0%b0%d0%bc%d0%b0%d1%83%cc%86-%d1%81%d1%96%d0%b7%d0%b0-%d1%96%d1%87%d1%83-poems-for-churches-jails-and-cells","status":"publish","type":"product","link":"https:\/\/minsk.hochroth.eu\/en\/product\/raman-abramcuk-%d0%b2%d0%b5%d1%80%d1%88%d1%8b-%d0%b4%d0%bb%d1%8f-%d1%85%d1%80%d0%b0%d0%bc%d0%b0%d1%83%cc%86-%d1%81%d1%96%d0%b7%d0%b0-%d1%96%d1%87%d1%83-poems-for-churches-jails-and-cells\/","title":{"rendered":"Raman Abram\u010duk \u2013 \u0412\u0435\u0440\u0448\u044b \u0434\u043b\u044f \u0445\u0440\u0430\u043c\u0430\u0443\u0306, \u0441\u0456\u0437\u0430, \u0456\u0447\u0443 (Poems for churches, jails and cells)"},"content":{"rendered":"<h6>Raman Abram\u010duk \u2013 \u0412\u0435\u0440\u0448\u044b \u0434\u043b\u044f \u0445\u0440\u0430\u043c\u0430\u0443\u0306, \u0441\u0456\u0437\u0430, \u0456\u0447\u0443 (Poems for churches, jails and cells)<br \/>\nIllustration: Arkad\u017a Bru\u015bni\u010dnik<br \/>\nhochroth Minsk<br \/>\nBerlin, 2024<br \/>\nISBN: ISBN 978-3-949850-48-6<br \/>\nLanguage: Belarusian<\/h6>\n<p class=\"p1\">This book was lucky to become the first one for Raman Abram\u010duk, although he has been writing poetry for a long time. Abram\u010duk is known as a poet and the leader of the \u201cCity Wall\u201d (&#8220;\u0413\u0430\u0440\u0430\u0434\u0441\u043a\u0456 \u0432\u0430\u043b&#8221;) band, with which he performed songs based on his own and other people&#8217;s poems. He is known as a dedicated city guide and explorer of his native Minsk, as well as a famous bike traveler. It is obvious that in the poetic persona of Raman Abram\u010duk, all these roles come together. But the first impetus to become the author of his own book was given by the Belarusian events of 2020. This climactic personal experience of prison and emigration gave rise to the poems full of events, names, dedications, and dates. These texts aspire to become the documents of their time, so that not a single detail is forgotten.<\/p>\n<p class=\"p1\">\u201cPoems for churches, jails and cells\u201d were written in churches, jails and cells, which makes them a living and genuine testimony. These are painful poems. Sometimes they are sharp and merciless, like our times, but they are always extraordinary, daring, and bribeless. Sometimes they are uncompromising and pungent, but at the same time they are full of unobtrusive love and sincerity. There is no room for lyricism and tenderness here, but even in this terrible chronicle there are glimmers of hope and the paths leading home.<\/p>\n<p><strong>Raman Abram\u010duk<\/strong>\u00a0was born in Minsk. Graduated from the Belarusian State University of Culture and Arts. Graduate of the School of Young Writers at the Union of Belarusian Writers. His early poetry was first published in the late 2000s on the website of the \u201cNa\u0161a Niva\u201d newspaper. His later poetic series appeared on the portal \u201cTextura\u201d and in such Belarusian newspapers as \u201cLitaratura i Mastactva\u201d and \u201cBie\u0142aru\u015b Litaraturnaja\u201d. Abram\u010duk took part in the poetic reading organized by \u201cTextura\u201d portal, as well as the musical and literary project \u201cVie\u017ea Miru\u201d, and the \u201cSprav\u0430\u201d festival. In 2018, he became one of the laureates of the \u201cOne Poem Festival\u201d literary competition.<\/p>\n<p>In 2022, his poetical series on the political protest, emigration and war was translated into eight European languages as part of the \u201cFree All Words\u201d project.<\/p>\n<p>Between 2010 and 2020, Abram\u010duk was the author-performer and the leader of the Minsk musical band \u201cHaradski Va\u0142\u201d. The band recorded several studio albums and singles. Their music is based on the texts by Abram\u010duk and other Belarusian poets.<\/p>\n<p>Abram\u010duk currently lives in Warsaw.<\/p>\n","protected":false},"excerpt":{"rendered":"<p>The present collection includes poems written between 2020 and 2024. They reflect on protest, emigration, war, and political prisoners. Language: Belarusian<\/p>\n","protected":false},"featured_media":8985,"template":"","meta":{"_themeisle_gutenberg_block_has_review":false},"product_brand":[],"product_cat":[642],"product_tag":[],"class_list":{"0":"post-8780","1":"product","2":"type-product","3":"status-publish","4":"has-post-thumbnail","6":"product_cat-raman-abramcuk","8":"first","9":"instock","10":"shipping-taxable","11":"purchasable","12":"product-type-simple"},"yoast_head":"<!-- This site is optimized with the Yoast SEO plugin v27.4 - https:\/\/yoast.com\/product\/yoast-seo-wordpress\/ -->\n<title>Raman Abram\u010duk \u2013 \u0412\u0435\u0440\u0448\u044b \u0434\u043b\u044f \u0445\u0440\u0430\u043c\u0430\u0443\u0306, \u0441\u0456\u0437\u0430, \u0456\u0447\u0443 (Poems for churches, jails and cells) - hochroth minsk<\/title>\n<meta name=\"robots\" content=\"index, follow, max-snippet:-1, max-image-preview:large, max-video-preview:-1\" \/>\n<link rel=\"canonical\" href=\"https:\/\/minsk.hochroth.eu\/en\/product\/raman-abramcuk-\u0432\u0435\u0440\u0448\u044b-\u0434\u043b\u044f-\u0445\u0440\u0430\u043c\u0430\u0443\u0306-\u0441\u0456\u0437\u0430-\u0456\u0447\u0443-poems-for-churches-jails-and-cells\/\" \/>\n<meta property=\"og:locale\" content=\"en_GB\" \/>\n<meta property=\"og:type\" content=\"article\" \/>\n<meta property=\"og:title\" content=\"Raman Abram\u010duk \u2013 \u0412\u0435\u0440\u0448\u044b \u0434\u043b\u044f \u0445\u0440\u0430\u043c\u0430\u0443\u0306, \u0441\u0456\u0437\u0430, \u0456\u0447\u0443 (Poems for churches, jails and cells) - hochroth minsk\" \/>\n<meta property=\"og:description\" content=\"The present collection includes poems written between 2020 and 2024. They reflect on protest, emigration, war, and political prisoners. Language: Belarusian\" \/>\n<meta property=\"og:url\" content=\"https:\/\/minsk.hochroth.eu\/en\/product\/raman-abramcuk-\u0432\u0435\u0440\u0448\u044b-\u0434\u043b\u044f-\u0445\u0440\u0430\u043c\u0430\u0443\u0306-\u0441\u0456\u0437\u0430-\u0456\u0447\u0443-poems-for-churches-jails-and-cells\/\" \/>\n<meta property=\"og:site_name\" content=\"hochroth minsk\" \/>\n<meta property=\"article:modified_time\" content=\"2024-12-09T18:19:18+00:00\" \/>\n<meta property=\"og:image\" content=\"https:\/\/minsk.hochroth.eu\/wp-content\/uploads\/2024\/05\/minsk-1-1417x2048-1.jpeg\" \/>\n\t<meta property=\"og:image:width\" content=\"1536\" \/>\n\t<meta property=\"og:image:height\" content=\"2048\" \/>\n\t<meta property=\"og:image:type\" content=\"image\/jpeg\" \/>\n<meta name=\"twitter:card\" content=\"summary_large_image\" \/>\n<meta name=\"twitter:label1\" content=\"Estimated reading time\" \/>\n\t<meta name=\"twitter:data1\" content=\"3 minutes\" \/>\n<script type=\"application\/ld+json\" class=\"yoast-schema-graph\">{\"@context\":\"https:\\\/\\\/schema.org\",\"@graph\":[{\"@type\":\"WebPage\",\"@id\":\"https:\\\/\\\/minsk.hochroth.eu\\\/product\\\/raman-abramcuk-%d0%b2%d0%b5%d1%80%d1%88%d1%8b-%d0%b4%d0%bb%d1%8f-%d1%85%d1%80%d0%b0%d0%bc%d0%b0%d1%83%cc%86-%d1%81%d1%96%d0%b7%d0%b0-%d1%96%d1%87%d1%83-poems-for-churches-jails-and-cells\\\/\",\"url\":\"https:\\\/\\\/minsk.hochroth.eu\\\/product\\\/raman-abramcuk-%d0%b2%d0%b5%d1%80%d1%88%d1%8b-%d0%b4%d0%bb%d1%8f-%d1%85%d1%80%d0%b0%d0%bc%d0%b0%d1%83%cc%86-%d1%81%d1%96%d0%b7%d0%b0-%d1%96%d1%87%d1%83-poems-for-churches-jails-and-cells\\\/\",\"name\":\"Raman Abram\u010duk \u2013 \u0412\u0435\u0440\u0448\u044b \u0434\u043b\u044f \u0445\u0440\u0430\u043c\u0430\u0443\u0306, \u0441\u0456\u0437\u0430, \u0456\u0447\u0443 (Poems for churches, jails and cells) - hochroth minsk\",\"isPartOf\":{\"@id\":\"https:\\\/\\\/minsk.hochroth.eu\\\/#website\"},\"primaryImageOfPage\":{\"@id\":\"https:\\\/\\\/minsk.hochroth.eu\\\/product\\\/raman-abramcuk-%d0%b2%d0%b5%d1%80%d1%88%d1%8b-%d0%b4%d0%bb%d1%8f-%d1%85%d1%80%d0%b0%d0%bc%d0%b0%d1%83%cc%86-%d1%81%d1%96%d0%b7%d0%b0-%d1%96%d1%87%d1%83-poems-for-churches-jails-and-cells\\\/#primaryimage\"},\"image\":{\"@id\":\"https:\\\/\\\/minsk.hochroth.eu\\\/product\\\/raman-abramcuk-%d0%b2%d0%b5%d1%80%d1%88%d1%8b-%d0%b4%d0%bb%d1%8f-%d1%85%d1%80%d0%b0%d0%bc%d0%b0%d1%83%cc%86-%d1%81%d1%96%d0%b7%d0%b0-%d1%96%d1%87%d1%83-poems-for-churches-jails-and-cells\\\/#primaryimage\"},\"thumbnailUrl\":\"https:\\\/\\\/minsk.hochroth.eu\\\/wp-content\\\/uploads\\\/2024\\\/05\\\/minsk-1-1417x2048-1.jpeg\",\"datePublished\":\"2024-05-11T15:41:28+00:00\",\"dateModified\":\"2024-12-09T18:19:18+00:00\",\"breadcrumb\":{\"@id\":\"https:\\\/\\\/minsk.hochroth.eu\\\/product\\\/raman-abramcuk-%d0%b2%d0%b5%d1%80%d1%88%d1%8b-%d0%b4%d0%bb%d1%8f-%d1%85%d1%80%d0%b0%d0%bc%d0%b0%d1%83%cc%86-%d1%81%d1%96%d0%b7%d0%b0-%d1%96%d1%87%d1%83-poems-for-churches-jails-and-cells\\\/#breadcrumb\"},\"inLanguage\":\"en-GB\",\"potentialAction\":[{\"@type\":\"ReadAction\",\"target\":[\"https:\\\/\\\/minsk.hochroth.eu\\\/product\\\/raman-abramcuk-%d0%b2%d0%b5%d1%80%d1%88%d1%8b-%d0%b4%d0%bb%d1%8f-%d1%85%d1%80%d0%b0%d0%bc%d0%b0%d1%83%cc%86-%d1%81%d1%96%d0%b7%d0%b0-%d1%96%d1%87%d1%83-poems-for-churches-jails-and-cells\\\/\"]}]},{\"@type\":\"ImageObject\",\"inLanguage\":\"en-GB\",\"@id\":\"https:\\\/\\\/minsk.hochroth.eu\\\/product\\\/raman-abramcuk-%d0%b2%d0%b5%d1%80%d1%88%d1%8b-%d0%b4%d0%bb%d1%8f-%d1%85%d1%80%d0%b0%d0%bc%d0%b0%d1%83%cc%86-%d1%81%d1%96%d0%b7%d0%b0-%d1%96%d1%87%d1%83-poems-for-churches-jails-and-cells\\\/#primaryimage\",\"url\":\"https:\\\/\\\/minsk.hochroth.eu\\\/wp-content\\\/uploads\\\/2024\\\/05\\\/minsk-1-1417x2048-1.jpeg\",\"contentUrl\":\"https:\\\/\\\/minsk.hochroth.eu\\\/wp-content\\\/uploads\\\/2024\\\/05\\\/minsk-1-1417x2048-1.jpeg\",\"width\":1536,\"height\":2048},{\"@type\":\"BreadcrumbList\",\"@id\":\"https:\\\/\\\/minsk.hochroth.eu\\\/product\\\/raman-abramcuk-%d0%b2%d0%b5%d1%80%d1%88%d1%8b-%d0%b4%d0%bb%d1%8f-%d1%85%d1%80%d0%b0%d0%bc%d0%b0%d1%83%cc%86-%d1%81%d1%96%d0%b7%d0%b0-%d1%96%d1%87%d1%83-poems-for-churches-jails-and-cells\\\/#breadcrumb\",\"itemListElement\":[{\"@type\":\"ListItem\",\"position\":1,\"name\":\"Startseite\",\"item\":\"https:\\\/\\\/minsk.hochroth.eu\\\/\"},{\"@type\":\"ListItem\",\"position\":2,\"name\":\"Shop\",\"item\":\"https:\\\/\\\/minsk.hochroth.eu\\\/shop\\\/\"},{\"@type\":\"ListItem\",\"position\":3,\"name\":\"Raman Abram\u010duk \u2013 \u0412\u0435\u0440\u0448\u044b \u0434\u043b\u044f \u0445\u0440\u0430\u043c\u0430\u0443\u0306, \u0441\u0456\u0437\u0430, \u0456\u0447\u0443 (Poems for churches, jails and cells)\"}]},{\"@type\":\"WebSite\",\"@id\":\"https:\\\/\\\/minsk.hochroth.eu\\\/#website\",\"url\":\"https:\\\/\\\/minsk.hochroth.eu\\\/\",\"name\":\"hochroth m\u0456\u043d\u0441\u043a\",\"description\":\"\",\"publisher\":{\"@id\":\"https:\\\/\\\/minsk.hochroth.eu\\\/#organization\"},\"potentialAction\":[{\"@type\":\"SearchAction\",\"target\":{\"@type\":\"EntryPoint\",\"urlTemplate\":\"https:\\\/\\\/minsk.hochroth.eu\\\/?s={search_term_string}\"},\"query-input\":{\"@type\":\"PropertyValueSpecification\",\"valueRequired\":true,\"valueName\":\"search_term_string\"}}],\"inLanguage\":\"en-GB\"},{\"@type\":\"Organization\",\"@id\":\"https:\\\/\\\/minsk.hochroth.eu\\\/#organization\",\"name\":\"hochroth verlag\",\"url\":\"https:\\\/\\\/minsk.hochroth.eu\\\/\",\"logo\":{\"@type\":\"ImageObject\",\"inLanguage\":\"en-GB\",\"@id\":\"https:\\\/\\\/minsk.hochroth.eu\\\/#\\\/schema\\\/logo\\\/image\\\/\",\"url\":\"https:\\\/\\\/minsk.hochroth.eu\\\/wp-content\\\/uploads\\\/2021\\\/12\\\/211208_hochroth_fb.png\",\"contentUrl\":\"https:\\\/\\\/minsk.hochroth.eu\\\/wp-content\\\/uploads\\\/2021\\\/12\\\/211208_hochroth_fb.png\",\"width\":1200,\"height\":630,\"caption\":\"hochroth verlag\"},\"image\":{\"@id\":\"https:\\\/\\\/minsk.hochroth.eu\\\/#\\\/schema\\\/logo\\\/image\\\/\"}}]}<\/script>\n<!-- \/ Yoast SEO plugin. -->","yoast_head_json":{"title":"Raman Abram\u010duk \u2013 \u0412\u0435\u0440\u0448\u044b \u0434\u043b\u044f \u0445\u0440\u0430\u043c\u0430\u0443\u0306, \u0441\u0456\u0437\u0430, \u0456\u0447\u0443 (Poems for churches, jails and cells) - hochroth minsk","robots":{"index":"index","follow":"follow","max-snippet":"max-snippet:-1","max-image-preview":"max-image-preview:large","max-video-preview":"max-video-preview:-1"},"canonical":"https:\/\/minsk.hochroth.eu\/en\/product\/raman-abramcuk-\u0432\u0435\u0440\u0448\u044b-\u0434\u043b\u044f-\u0445\u0440\u0430\u043c\u0430\u0443\u0306-\u0441\u0456\u0437\u0430-\u0456\u0447\u0443-poems-for-churches-jails-and-cells\/","og_locale":"en_GB","og_type":"article","og_title":"Raman Abram\u010duk \u2013 \u0412\u0435\u0440\u0448\u044b \u0434\u043b\u044f \u0445\u0440\u0430\u043c\u0430\u0443\u0306, \u0441\u0456\u0437\u0430, \u0456\u0447\u0443 (Poems for churches, jails and cells) - hochroth minsk","og_description":"The present collection includes poems written between 2020 and 2024. They reflect on protest, emigration, war, and political prisoners. Language: Belarusian","og_url":"https:\/\/minsk.hochroth.eu\/en\/product\/raman-abramcuk-\u0432\u0435\u0440\u0448\u044b-\u0434\u043b\u044f-\u0445\u0440\u0430\u043c\u0430\u0443\u0306-\u0441\u0456\u0437\u0430-\u0456\u0447\u0443-poems-for-churches-jails-and-cells\/","og_site_name":"hochroth minsk","article_modified_time":"2024-12-09T18:19:18+00:00","og_image":[{"width":1536,"height":2048,"url":"https:\/\/minsk.hochroth.eu\/wp-content\/uploads\/2024\/05\/minsk-1-1417x2048-1.jpeg","type":"image\/jpeg"}],"twitter_card":"summary_large_image","twitter_misc":{"Estimated reading time":"3 minutes"},"schema":{"@context":"https:\/\/schema.org","@graph":[{"@type":"WebPage","@id":"https:\/\/minsk.hochroth.eu\/product\/raman-abramcuk-%d0%b2%d0%b5%d1%80%d1%88%d1%8b-%d0%b4%d0%bb%d1%8f-%d1%85%d1%80%d0%b0%d0%bc%d0%b0%d1%83%cc%86-%d1%81%d1%96%d0%b7%d0%b0-%d1%96%d1%87%d1%83-poems-for-churches-jails-and-cells\/","url":"https:\/\/minsk.hochroth.eu\/product\/raman-abramcuk-%d0%b2%d0%b5%d1%80%d1%88%d1%8b-%d0%b4%d0%bb%d1%8f-%d1%85%d1%80%d0%b0%d0%bc%d0%b0%d1%83%cc%86-%d1%81%d1%96%d0%b7%d0%b0-%d1%96%d1%87%d1%83-poems-for-churches-jails-and-cells\/","name":"Raman Abram\u010duk \u2013 \u0412\u0435\u0440\u0448\u044b \u0434\u043b\u044f \u0445\u0440\u0430\u043c\u0430\u0443\u0306, \u0441\u0456\u0437\u0430, \u0456\u0447\u0443 (Poems for churches, jails and cells) - hochroth minsk","isPartOf":{"@id":"https:\/\/minsk.hochroth.eu\/#website"},"primaryImageOfPage":{"@id":"https:\/\/minsk.hochroth.eu\/product\/raman-abramcuk-%d0%b2%d0%b5%d1%80%d1%88%d1%8b-%d0%b4%d0%bb%d1%8f-%d1%85%d1%80%d0%b0%d0%bc%d0%b0%d1%83%cc%86-%d1%81%d1%96%d0%b7%d0%b0-%d1%96%d1%87%d1%83-poems-for-churches-jails-and-cells\/#primaryimage"},"image":{"@id":"https:\/\/minsk.hochroth.eu\/product\/raman-abramcuk-%d0%b2%d0%b5%d1%80%d1%88%d1%8b-%d0%b4%d0%bb%d1%8f-%d1%85%d1%80%d0%b0%d0%bc%d0%b0%d1%83%cc%86-%d1%81%d1%96%d0%b7%d0%b0-%d1%96%d1%87%d1%83-poems-for-churches-jails-and-cells\/#primaryimage"},"thumbnailUrl":"https:\/\/minsk.hochroth.eu\/wp-content\/uploads\/2024\/05\/minsk-1-1417x2048-1.jpeg","datePublished":"2024-05-11T15:41:28+00:00","dateModified":"2024-12-09T18:19:18+00:00","breadcrumb":{"@id":"https:\/\/minsk.hochroth.eu\/product\/raman-abramcuk-%d0%b2%d0%b5%d1%80%d1%88%d1%8b-%d0%b4%d0%bb%d1%8f-%d1%85%d1%80%d0%b0%d0%bc%d0%b0%d1%83%cc%86-%d1%81%d1%96%d0%b7%d0%b0-%d1%96%d1%87%d1%83-poems-for-churches-jails-and-cells\/#breadcrumb"},"inLanguage":"en-GB","potentialAction":[{"@type":"ReadAction","target":["https:\/\/minsk.hochroth.eu\/product\/raman-abramcuk-%d0%b2%d0%b5%d1%80%d1%88%d1%8b-%d0%b4%d0%bb%d1%8f-%d1%85%d1%80%d0%b0%d0%bc%d0%b0%d1%83%cc%86-%d1%81%d1%96%d0%b7%d0%b0-%d1%96%d1%87%d1%83-poems-for-churches-jails-and-cells\/"]}]},{"@type":"ImageObject","inLanguage":"en-GB","@id":"https:\/\/minsk.hochroth.eu\/product\/raman-abramcuk-%d0%b2%d0%b5%d1%80%d1%88%d1%8b-%d0%b4%d0%bb%d1%8f-%d1%85%d1%80%d0%b0%d0%bc%d0%b0%d1%83%cc%86-%d1%81%d1%96%d0%b7%d0%b0-%d1%96%d1%87%d1%83-poems-for-churches-jails-and-cells\/#primaryimage","url":"https:\/\/minsk.hochroth.eu\/wp-content\/uploads\/2024\/05\/minsk-1-1417x2048-1.jpeg","contentUrl":"https:\/\/minsk.hochroth.eu\/wp-content\/uploads\/2024\/05\/minsk-1-1417x2048-1.jpeg","width":1536,"height":2048},{"@type":"BreadcrumbList","@id":"https:\/\/minsk.hochroth.eu\/product\/raman-abramcuk-%d0%b2%d0%b5%d1%80%d1%88%d1%8b-%d0%b4%d0%bb%d1%8f-%d1%85%d1%80%d0%b0%d0%bc%d0%b0%d1%83%cc%86-%d1%81%d1%96%d0%b7%d0%b0-%d1%96%d1%87%d1%83-poems-for-churches-jails-and-cells\/#breadcrumb","itemListElement":[{"@type":"ListItem","position":1,"name":"Startseite","item":"https:\/\/minsk.hochroth.eu\/"},{"@type":"ListItem","position":2,"name":"Shop","item":"https:\/\/minsk.hochroth.eu\/shop\/"},{"@type":"ListItem","position":3,"name":"Raman Abram\u010duk \u2013 \u0412\u0435\u0440\u0448\u044b \u0434\u043b\u044f \u0445\u0440\u0430\u043c\u0430\u0443\u0306, \u0441\u0456\u0437\u0430, \u0456\u0447\u0443 (Poems for churches, jails and cells)"}]},{"@type":"WebSite","@id":"https:\/\/minsk.hochroth.eu\/#website","url":"https:\/\/minsk.hochroth.eu\/","name":"hochroth m\u0456\u043d\u0441\u043a","description":"","publisher":{"@id":"https:\/\/minsk.hochroth.eu\/#organization"},"potentialAction":[{"@type":"SearchAction","target":{"@type":"EntryPoint","urlTemplate":"https:\/\/minsk.hochroth.eu\/?s={search_term_string}"},"query-input":{"@type":"PropertyValueSpecification","valueRequired":true,"valueName":"search_term_string"}}],"inLanguage":"en-GB"},{"@type":"Organization","@id":"https:\/\/minsk.hochroth.eu\/#organization","name":"hochroth verlag","url":"https:\/\/minsk.hochroth.eu\/","logo":{"@type":"ImageObject","inLanguage":"en-GB","@id":"https:\/\/minsk.hochroth.eu\/#\/schema\/logo\/image\/","url":"https:\/\/minsk.hochroth.eu\/wp-content\/uploads\/2021\/12\/211208_hochroth_fb.png","contentUrl":"https:\/\/minsk.hochroth.eu\/wp-content\/uploads\/2021\/12\/211208_hochroth_fb.png","width":1200,"height":630,"caption":"hochroth verlag"},"image":{"@id":"https:\/\/minsk.hochroth.eu\/#\/schema\/logo\/image\/"}}]}},"_links":{"self":[{"href":"https:\/\/minsk.hochroth.eu\/en\/wp-json\/wp\/v2\/product\/8780","targetHints":{"allow":["GET"]}}],"collection":[{"href":"https:\/\/minsk.hochroth.eu\/en\/wp-json\/wp\/v2\/product"}],"about":[{"href":"https:\/\/minsk.hochroth.eu\/en\/wp-json\/wp\/v2\/types\/product"}],"wp:featuredmedia":[{"embeddable":true,"href":"https:\/\/minsk.hochroth.eu\/en\/wp-json\/wp\/v2\/media\/8985"}],"wp:attachment":[{"href":"https:\/\/minsk.hochroth.eu\/en\/wp-json\/wp\/v2\/media?parent=8780"}],"wp:term":[{"taxonomy":"product_brand","embeddable":true,"href":"https:\/\/minsk.hochroth.eu\/en\/wp-json\/wp\/v2\/product_brand?post=8780"},{"taxonomy":"product_cat","embeddable":true,"href":"https:\/\/minsk.hochroth.eu\/en\/wp-json\/wp\/v2\/product_cat?post=8780"},{"taxonomy":"product_tag","embeddable":true,"href":"https:\/\/minsk.hochroth.eu\/en\/wp-json\/wp\/v2\/product_tag?post=8780"}],"curies":[{"name":"wp","href":"https:\/\/api.w.org\/{rel}","templated":true}]}}