{"id":8778,"date":"2024-05-11T15:25:27","date_gmt":"2024-05-11T15:25:27","guid":{"rendered":"https:\/\/minsk.hochroth.eu\/?post_type=product&#038;p=8778"},"modified":"2024-06-11T09:35:20","modified_gmt":"2024-06-11T09:35:20","slug":"dmitri-strotsev-%d1%80oeticka-reportaz-%d1%80oetic-reportage","status":"publish","type":"product","link":"https:\/\/minsk.hochroth.eu\/en\/product\/dmitri-strotsev-%d1%80oeticka-reportaz-%d1%80oetic-reportage\/","title":{"rendered":"Dmitri Strotsev \u2013 \u0420oetick\u00e1 report\u00e1\u017e (\u0420oetic Reportage)"},"content":{"rendered":"<h6>Dmitri Strotsev \u2013 \u0420oetick\u00e1 report\u00e1\u017e (\u0420oetic Reportage)<br \/>\nIllustration: \u015aviat\u0142ana Sofja Dziemidovi\u010d<br \/>\nTranslation: Max Beliavski, Marzia Paton, Helena Vostr\u00fd, Max \u0160c\u030cur<br \/>\nhochroth Minsk<br \/>\nBerlin, 2024<br \/>\nISBN 978-3-949850-47-9<br \/>\nLanguage: Czech<\/h6>\n<p>Dmitri Strotsev (born 1963) is a Belarusian poet writing in Russian. Author of 22 books of poetry translated into different languages, laureate of a number of European literary awards, including the prize of the V\u00e1clav Havel Library \u201cDisturbing the Peace Award for a Courageous Writer at Risk\u201d (2021). Currently lives in Berlin.<\/p>\n<p>\u201cPoetic Reportage\u201d is Strotsev\u2019s first book in the Czech language. The collection was issued by the Berlin publishing house hochroth Minsk, which specializes in publishing Belarusian poetry in various languages. Poetic reportage is Strotsev\u2019s own genre, which the poet has been developing for more than 20 years.<\/p>\n<p>The book contains poems written between 2008 and 2022. 2008 was the beginning of open Russian military expansion with the invasion of the troops of the Russian Federation into Georgia. In 2022, the full-scale invasion of the Russian army into Ukraine began. For Strotsev as a poet, the need to testify about the tragedy, sometimes from the very place of events, is central. This is an important confirmation of a person\u2019s dignity and responsibility in the face of a military and political catastrophe.<\/p>\n<p>In his new collection, the author addresses the Czech audience. Strots\u0435v has good relations with the Czech Republic, maintains friendship with the V\u00e1clav Havel and Arno\u0161t Lustig foundations and with the Czech translators. The book \u201cPoetic Reportage\u201d is the result of this friendship. The author hopes that this book will help the Czech readers to feel more closely the events taking place in Eastern Europe and to understand more fully the scale of this humanitarian catastrophe.<\/p>\n","protected":false},"excerpt":{"rendered":"<p>Poetic reportage is Strotsev\u2019s own genre, which the poet has been developing for more than 20 years. The book contains poems written between 2008 and 2022. \u201cPoetic Reportage\u201d is Strotsev\u2019s first book in the Czech language.<\/p>\n","protected":false},"featured_media":8984,"template":"","meta":{"_themeisle_gutenberg_block_has_review":false},"product_brand":[],"product_cat":[643],"product_tag":[],"class_list":{"0":"post-8778","1":"product","2":"type-product","3":"status-publish","4":"has-post-thumbnail","6":"product_cat-dmitri-strotsev","8":"first","9":"instock","10":"shipping-taxable","11":"purchasable","12":"product-type-simple"},"yoast_head":"<!-- This site is optimized with the Yoast SEO plugin v27.3 - https:\/\/yoast.com\/product\/yoast-seo-wordpress\/ -->\n<title>Dmitri Strotsev \u2013 \u0420oetick\u00e1 report\u00e1\u017e (\u0420oetic Reportage) - hochroth minsk<\/title>\n<meta name=\"robots\" content=\"index, follow, max-snippet:-1, max-image-preview:large, max-video-preview:-1\" \/>\n<link rel=\"canonical\" href=\"https:\/\/minsk.hochroth.eu\/en\/product\/dmitri-strotsev-\u0440oeticka-reportaz-\u0440oetic-reportage\/\" \/>\n<meta property=\"og:locale\" content=\"en_GB\" \/>\n<meta property=\"og:type\" content=\"article\" \/>\n<meta property=\"og:title\" content=\"Dmitri Strotsev \u2013 \u0420oetick\u00e1 report\u00e1\u017e (\u0420oetic Reportage) - hochroth minsk\" \/>\n<meta property=\"og:description\" content=\"Poetic reportage is Strotsev\u2019s own genre, which the poet has been developing for more than 20 years. The book contains poems written between 2008 and 2022. \u201cPoetic Reportage\u201d is Strotsev\u2019s first book in the Czech language.\" \/>\n<meta property=\"og:url\" content=\"https:\/\/minsk.hochroth.eu\/en\/product\/dmitri-strotsev-\u0440oeticka-reportaz-\u0440oetic-reportage\/\" \/>\n<meta property=\"og:site_name\" content=\"hochroth minsk\" \/>\n<meta property=\"article:modified_time\" content=\"2024-06-11T09:35:20+00:00\" \/>\n<meta property=\"og:image\" content=\"https:\/\/minsk.hochroth.eu\/wp-content\/uploads\/2024\/05\/Dmitrij-Strocev-2-5-768x1024.jpeg\" \/>\n\t<meta property=\"og:image:width\" content=\"768\" \/>\n\t<meta property=\"og:image:height\" content=\"1024\" \/>\n\t<meta property=\"og:image:type\" content=\"image\/jpeg\" \/>\n<meta name=\"twitter:card\" content=\"summary_large_image\" \/>\n<meta name=\"twitter:label1\" content=\"Estimated reading time\" \/>\n\t<meta name=\"twitter:data1\" content=\"2 minutes\" \/>\n<script type=\"application\/ld+json\" class=\"yoast-schema-graph\">{\"@context\":\"https:\\\/\\\/schema.org\",\"@graph\":[{\"@type\":\"WebPage\",\"@id\":\"https:\\\/\\\/minsk.hochroth.eu\\\/product\\\/dmitri-strotsev-%d1%80oeticka-reportaz-%d1%80oetic-reportage\\\/\",\"url\":\"https:\\\/\\\/minsk.hochroth.eu\\\/product\\\/dmitri-strotsev-%d1%80oeticka-reportaz-%d1%80oetic-reportage\\\/\",\"name\":\"Dmitri Strotsev \u2013 \u0420oetick\u00e1 report\u00e1\u017e (\u0420oetic Reportage) - hochroth minsk\",\"isPartOf\":{\"@id\":\"https:\\\/\\\/minsk.hochroth.eu\\\/#website\"},\"primaryImageOfPage\":{\"@id\":\"https:\\\/\\\/minsk.hochroth.eu\\\/product\\\/dmitri-strotsev-%d1%80oeticka-reportaz-%d1%80oetic-reportage\\\/#primaryimage\"},\"image\":{\"@id\":\"https:\\\/\\\/minsk.hochroth.eu\\\/product\\\/dmitri-strotsev-%d1%80oeticka-reportaz-%d1%80oetic-reportage\\\/#primaryimage\"},\"thumbnailUrl\":\"https:\\\/\\\/minsk.hochroth.eu\\\/wp-content\\\/uploads\\\/2024\\\/05\\\/Dmitrij-Strocev-2-5.jpeg\",\"datePublished\":\"2024-05-11T15:25:27+00:00\",\"dateModified\":\"2024-06-11T09:35:20+00:00\",\"breadcrumb\":{\"@id\":\"https:\\\/\\\/minsk.hochroth.eu\\\/product\\\/dmitri-strotsev-%d1%80oeticka-reportaz-%d1%80oetic-reportage\\\/#breadcrumb\"},\"inLanguage\":\"en-GB\",\"potentialAction\":[{\"@type\":\"ReadAction\",\"target\":[\"https:\\\/\\\/minsk.hochroth.eu\\\/product\\\/dmitri-strotsev-%d1%80oeticka-reportaz-%d1%80oetic-reportage\\\/\"]}]},{\"@type\":\"ImageObject\",\"inLanguage\":\"en-GB\",\"@id\":\"https:\\\/\\\/minsk.hochroth.eu\\\/product\\\/dmitri-strotsev-%d1%80oeticka-reportaz-%d1%80oetic-reportage\\\/#primaryimage\",\"url\":\"https:\\\/\\\/minsk.hochroth.eu\\\/wp-content\\\/uploads\\\/2024\\\/05\\\/Dmitrij-Strocev-2-5.jpeg\",\"contentUrl\":\"https:\\\/\\\/minsk.hochroth.eu\\\/wp-content\\\/uploads\\\/2024\\\/05\\\/Dmitrij-Strocev-2-5.jpeg\",\"width\":1737,\"height\":2315},{\"@type\":\"BreadcrumbList\",\"@id\":\"https:\\\/\\\/minsk.hochroth.eu\\\/product\\\/dmitri-strotsev-%d1%80oeticka-reportaz-%d1%80oetic-reportage\\\/#breadcrumb\",\"itemListElement\":[{\"@type\":\"ListItem\",\"position\":1,\"name\":\"Startseite\",\"item\":\"https:\\\/\\\/minsk.hochroth.eu\\\/\"},{\"@type\":\"ListItem\",\"position\":2,\"name\":\"Shop\",\"item\":\"https:\\\/\\\/minsk.hochroth.eu\\\/shop\\\/\"},{\"@type\":\"ListItem\",\"position\":3,\"name\":\"Dmitri Strotsev \u2013 \u0420oetick\u00e1 report\u00e1\u017e (\u0420oetic Reportage)\"}]},{\"@type\":\"WebSite\",\"@id\":\"https:\\\/\\\/minsk.hochroth.eu\\\/#website\",\"url\":\"https:\\\/\\\/minsk.hochroth.eu\\\/\",\"name\":\"hochroth m\u0456\u043d\u0441\u043a\",\"description\":\"\",\"publisher\":{\"@id\":\"https:\\\/\\\/minsk.hochroth.eu\\\/#organization\"},\"potentialAction\":[{\"@type\":\"SearchAction\",\"target\":{\"@type\":\"EntryPoint\",\"urlTemplate\":\"https:\\\/\\\/minsk.hochroth.eu\\\/?s={search_term_string}\"},\"query-input\":{\"@type\":\"PropertyValueSpecification\",\"valueRequired\":true,\"valueName\":\"search_term_string\"}}],\"inLanguage\":\"en-GB\"},{\"@type\":\"Organization\",\"@id\":\"https:\\\/\\\/minsk.hochroth.eu\\\/#organization\",\"name\":\"hochroth verlag\",\"url\":\"https:\\\/\\\/minsk.hochroth.eu\\\/\",\"logo\":{\"@type\":\"ImageObject\",\"inLanguage\":\"en-GB\",\"@id\":\"https:\\\/\\\/minsk.hochroth.eu\\\/#\\\/schema\\\/logo\\\/image\\\/\",\"url\":\"https:\\\/\\\/minsk.hochroth.eu\\\/wp-content\\\/uploads\\\/2021\\\/12\\\/211208_hochroth_fb.png\",\"contentUrl\":\"https:\\\/\\\/minsk.hochroth.eu\\\/wp-content\\\/uploads\\\/2021\\\/12\\\/211208_hochroth_fb.png\",\"width\":1200,\"height\":630,\"caption\":\"hochroth verlag\"},\"image\":{\"@id\":\"https:\\\/\\\/minsk.hochroth.eu\\\/#\\\/schema\\\/logo\\\/image\\\/\"}}]}<\/script>\n<!-- \/ Yoast SEO plugin. -->","yoast_head_json":{"title":"Dmitri Strotsev \u2013 \u0420oetick\u00e1 report\u00e1\u017e (\u0420oetic Reportage) - hochroth minsk","robots":{"index":"index","follow":"follow","max-snippet":"max-snippet:-1","max-image-preview":"max-image-preview:large","max-video-preview":"max-video-preview:-1"},"canonical":"https:\/\/minsk.hochroth.eu\/en\/product\/dmitri-strotsev-\u0440oeticka-reportaz-\u0440oetic-reportage\/","og_locale":"en_GB","og_type":"article","og_title":"Dmitri Strotsev \u2013 \u0420oetick\u00e1 report\u00e1\u017e (\u0420oetic Reportage) - hochroth minsk","og_description":"Poetic reportage is Strotsev\u2019s own genre, which the poet has been developing for more than 20 years. The book contains poems written between 2008 and 2022. \u201cPoetic Reportage\u201d is Strotsev\u2019s first book in the Czech language.","og_url":"https:\/\/minsk.hochroth.eu\/en\/product\/dmitri-strotsev-\u0440oeticka-reportaz-\u0440oetic-reportage\/","og_site_name":"hochroth minsk","article_modified_time":"2024-06-11T09:35:20+00:00","og_image":[{"width":768,"height":1024,"url":"https:\/\/minsk.hochroth.eu\/wp-content\/uploads\/2024\/05\/Dmitrij-Strocev-2-5-768x1024.jpeg","type":"image\/jpeg"}],"twitter_card":"summary_large_image","twitter_misc":{"Estimated reading time":"2 minutes"},"schema":{"@context":"https:\/\/schema.org","@graph":[{"@type":"WebPage","@id":"https:\/\/minsk.hochroth.eu\/product\/dmitri-strotsev-%d1%80oeticka-reportaz-%d1%80oetic-reportage\/","url":"https:\/\/minsk.hochroth.eu\/product\/dmitri-strotsev-%d1%80oeticka-reportaz-%d1%80oetic-reportage\/","name":"Dmitri Strotsev \u2013 \u0420oetick\u00e1 report\u00e1\u017e (\u0420oetic Reportage) - hochroth minsk","isPartOf":{"@id":"https:\/\/minsk.hochroth.eu\/#website"},"primaryImageOfPage":{"@id":"https:\/\/minsk.hochroth.eu\/product\/dmitri-strotsev-%d1%80oeticka-reportaz-%d1%80oetic-reportage\/#primaryimage"},"image":{"@id":"https:\/\/minsk.hochroth.eu\/product\/dmitri-strotsev-%d1%80oeticka-reportaz-%d1%80oetic-reportage\/#primaryimage"},"thumbnailUrl":"https:\/\/minsk.hochroth.eu\/wp-content\/uploads\/2024\/05\/Dmitrij-Strocev-2-5.jpeg","datePublished":"2024-05-11T15:25:27+00:00","dateModified":"2024-06-11T09:35:20+00:00","breadcrumb":{"@id":"https:\/\/minsk.hochroth.eu\/product\/dmitri-strotsev-%d1%80oeticka-reportaz-%d1%80oetic-reportage\/#breadcrumb"},"inLanguage":"en-GB","potentialAction":[{"@type":"ReadAction","target":["https:\/\/minsk.hochroth.eu\/product\/dmitri-strotsev-%d1%80oeticka-reportaz-%d1%80oetic-reportage\/"]}]},{"@type":"ImageObject","inLanguage":"en-GB","@id":"https:\/\/minsk.hochroth.eu\/product\/dmitri-strotsev-%d1%80oeticka-reportaz-%d1%80oetic-reportage\/#primaryimage","url":"https:\/\/minsk.hochroth.eu\/wp-content\/uploads\/2024\/05\/Dmitrij-Strocev-2-5.jpeg","contentUrl":"https:\/\/minsk.hochroth.eu\/wp-content\/uploads\/2024\/05\/Dmitrij-Strocev-2-5.jpeg","width":1737,"height":2315},{"@type":"BreadcrumbList","@id":"https:\/\/minsk.hochroth.eu\/product\/dmitri-strotsev-%d1%80oeticka-reportaz-%d1%80oetic-reportage\/#breadcrumb","itemListElement":[{"@type":"ListItem","position":1,"name":"Startseite","item":"https:\/\/minsk.hochroth.eu\/"},{"@type":"ListItem","position":2,"name":"Shop","item":"https:\/\/minsk.hochroth.eu\/shop\/"},{"@type":"ListItem","position":3,"name":"Dmitri Strotsev \u2013 \u0420oetick\u00e1 report\u00e1\u017e (\u0420oetic Reportage)"}]},{"@type":"WebSite","@id":"https:\/\/minsk.hochroth.eu\/#website","url":"https:\/\/minsk.hochroth.eu\/","name":"hochroth m\u0456\u043d\u0441\u043a","description":"","publisher":{"@id":"https:\/\/minsk.hochroth.eu\/#organization"},"potentialAction":[{"@type":"SearchAction","target":{"@type":"EntryPoint","urlTemplate":"https:\/\/minsk.hochroth.eu\/?s={search_term_string}"},"query-input":{"@type":"PropertyValueSpecification","valueRequired":true,"valueName":"search_term_string"}}],"inLanguage":"en-GB"},{"@type":"Organization","@id":"https:\/\/minsk.hochroth.eu\/#organization","name":"hochroth verlag","url":"https:\/\/minsk.hochroth.eu\/","logo":{"@type":"ImageObject","inLanguage":"en-GB","@id":"https:\/\/minsk.hochroth.eu\/#\/schema\/logo\/image\/","url":"https:\/\/minsk.hochroth.eu\/wp-content\/uploads\/2021\/12\/211208_hochroth_fb.png","contentUrl":"https:\/\/minsk.hochroth.eu\/wp-content\/uploads\/2021\/12\/211208_hochroth_fb.png","width":1200,"height":630,"caption":"hochroth verlag"},"image":{"@id":"https:\/\/minsk.hochroth.eu\/#\/schema\/logo\/image\/"}}]}},"_links":{"self":[{"href":"https:\/\/minsk.hochroth.eu\/en\/wp-json\/wp\/v2\/product\/8778","targetHints":{"allow":["GET"]}}],"collection":[{"href":"https:\/\/minsk.hochroth.eu\/en\/wp-json\/wp\/v2\/product"}],"about":[{"href":"https:\/\/minsk.hochroth.eu\/en\/wp-json\/wp\/v2\/types\/product"}],"wp:featuredmedia":[{"embeddable":true,"href":"https:\/\/minsk.hochroth.eu\/en\/wp-json\/wp\/v2\/media\/8984"}],"wp:attachment":[{"href":"https:\/\/minsk.hochroth.eu\/en\/wp-json\/wp\/v2\/media?parent=8778"}],"wp:term":[{"taxonomy":"product_brand","embeddable":true,"href":"https:\/\/minsk.hochroth.eu\/en\/wp-json\/wp\/v2\/product_brand?post=8778"},{"taxonomy":"product_cat","embeddable":true,"href":"https:\/\/minsk.hochroth.eu\/en\/wp-json\/wp\/v2\/product_cat?post=8778"},{"taxonomy":"product_tag","embeddable":true,"href":"https:\/\/minsk.hochroth.eu\/en\/wp-json\/wp\/v2\/product_tag?post=8778"}],"curies":[{"name":"wp","href":"https:\/\/api.w.org\/{rel}","templated":true}]}}