{"id":8773,"date":"2024-05-11T13:56:55","date_gmt":"2024-05-11T13:56:55","guid":{"rendered":"https:\/\/minsk.hochroth.eu\/?post_type=product&#038;p=8773"},"modified":"2024-06-11T09:27:04","modified_gmt":"2024-06-11T09:27:04","slug":"kasia-ioffe-%d1%88%d1%8b%d0%b1%d0%b0-%d0%b1%d0%b5%d0%b7-%d1%88%d0%ba%d0%bb%d0%b0-glassless-window-frame","status":"publish","type":"product","link":"https:\/\/minsk.hochroth.eu\/en\/product\/kasia-ioffe-%d1%88%d1%8b%d0%b1%d0%b0-%d0%b1%d0%b5%d0%b7-%d1%88%d0%ba%d0%bb%d0%b0-glassless-window-frame\/","title":{"rendered":"Kasia Ioffe \u2013 \u0428\u044b\u0431\u0430 \u0431\u0435\u0437 \u0448\u043a\u043b\u0430 (Glassless window-frame)"},"content":{"rendered":"<h6 class=\"p1\">Kasia Ioffe \u2013 \u0428\u044b\u0431\u0430 \u0431\u0435\u0437 \u0448\u043a\u043b\u0430 (Glassless window-frame)<br \/>\nIllustration: Ksenija Anhie\u0142ava<span class=\"Apple-converted-space\"><br \/>\n<\/span>hochroth Minsk<br \/>\nBerlin, 2023<br \/>\nISBN 978-3-949850-40-0<br \/>\nLanguages: Belarusian, Russian, Polish<\/h6>\n<p class=\"p1\">A window-frame without glass is something upsetting and surprising. It forces you to stop your movement and thoughts, to touch the painful image that appears on the cover in the form of a title. This image accompanies you while traveling through the pages. For Kasia Ioffe, Belarusian poet, translator and psychotherapist, this book became a place of self-reflection and contact with the reader.<\/p>\n<p class=\"p1\">This contact happens beyond the boundaries, the first of which is linguistic. The book contains poems in Belarusian, Russian, Polish, some works mention Ukrainian and Yiddish.<\/p>\n<p class=\"p1\">But &#8220;beyond boundaries&#8221; is not only about language or even geography. It is a matter of mental distance, which is also overcome. The book was created in conditions of relocation, taking into account the Belarusian experience of 2020, extremely tragic, but not destructive. This is seen in the system of images, where hyper-naturalistic metaphors, like twisted joints, are healed by the natural element, combining the natural and the social. The phonetics of the lines are built on the beating of sounds, repetitions, and the author&#8217;s neologisms with pieces of meaning. Behind all this, there is the figure of the narrator. She does not separate herself from the artistic universe with its fragile hope, which can exist only next to &#8220;white, red, white pain, waiting, pain.&#8221;<\/p>\n<p class=\"p1\"><b>Kasia Ioffe<\/b> (Kaciaryna Nowinski, formerly Kaciaryna Kavalonak-H\u0142ucho\u016dskaja, officially H\u0142ucho\u016dskaja) is a Belarusian poet, psychotherapist and translator. Born in Minsk on June 2, 1995. Her poems have been in print since 2009, starting with the &#8220;\u0414\u0437\u0435\u044f\u0441\u043b\u043e\u045e&#8221; magazine. Member of the Belarusian PEN Center since 2021. After the 2020 protests, Ioffe had to leave Belarus. Lives in Krak\u00f3w since the fall of 2020. Founder of the festivals &#8220;\u041a\u0443\u043b\u044c\u0442\u0443\u0440\u0430 \u043d\u0430 \u0432\u044b\u0433\u043d\u0430\u043d\u043d\u0456&#8221; (&#8220;Culture in Emigration&#8221;) at Villa Decius, &#8220;\u0417\u0456\u043c\u0430 \u043f\u0430-\u0431\u0435\u043b\u0430\u0440\u0443\u0441\u043a\u0443&#8221; (&#8220;Winter in Belarusian&#8221;) and &#8220;\u0422\u044b\u0434\u0437\u0435\u043d\u044c \u0414\u0437\u044f\u0434\u043e\u0443\u0306&#8221; (&#8220;Forefathers&#8217; Week&#8221;). One of the main organizers of the Letucie\u0144 Picnic. Since 2023, Ioffe has been the founder and chairwoman of the Belarusian society &#8220;Krok&#8221; (&#8220;The Step&#8221;), engaged in the preservation and development of the Belarusian culture.<\/p>\n","protected":false},"excerpt":{"rendered":"<p>Kasia Ioffe \u2013 \u0428\u044b\u0431\u0430 \u0431\u0435\u0437 \u0448\u043a\u043b\u0430 (Glassless window-frame) Illustration: Ksenija Anhie\u0142ava hochroth Minsk Berlin, 2023 ISBN 978-3-949850-40-0 Languages: Belarusian, Russian, Polish A window-frame without glass is something upsetting and surprising. It forces you to stop your movement and thoughts, to touch the painful image that appears on the cover in the form of a title. [&hellip;]<\/p>\n","protected":false},"featured_media":8980,"template":"","meta":{"_themeisle_gutenberg_block_has_review":false},"product_brand":[],"product_cat":[652],"product_tag":[],"class_list":{"0":"post-8773","1":"product","2":"type-product","3":"status-publish","4":"has-post-thumbnail","6":"product_cat-kasia-ioffe","8":"first","9":"instock","10":"shipping-taxable","11":"purchasable","12":"product-type-simple"},"yoast_head":"<!-- This site is optimized with the Yoast SEO plugin v27.3 - https:\/\/yoast.com\/product\/yoast-seo-wordpress\/ -->\n<title>Kasia Ioffe \u2013 \u0428\u044b\u0431\u0430 \u0431\u0435\u0437 \u0448\u043a\u043b\u0430 (Glassless window-frame) - hochroth minsk<\/title>\n<meta name=\"robots\" content=\"index, follow, max-snippet:-1, max-image-preview:large, max-video-preview:-1\" \/>\n<link rel=\"canonical\" href=\"https:\/\/minsk.hochroth.eu\/en\/product\/kasia-ioffe-\u0448\u044b\u0431\u0430-\u0431\u0435\u0437-\u0448\u043a\u043b\u0430-glassless-window-frame\/\" \/>\n<meta property=\"og:locale\" content=\"en_GB\" \/>\n<meta property=\"og:type\" content=\"article\" \/>\n<meta property=\"og:title\" content=\"Kasia Ioffe \u2013 \u0428\u044b\u0431\u0430 \u0431\u0435\u0437 \u0448\u043a\u043b\u0430 (Glassless window-frame) - hochroth minsk\" \/>\n<meta property=\"og:description\" content=\"Kasia Ioffe \u2013 \u0428\u044b\u0431\u0430 \u0431\u0435\u0437 \u0448\u043a\u043b\u0430 (Glassless window-frame) Illustration: Ksenija Anhie\u0142ava hochroth Minsk Berlin, 2023 ISBN 978-3-949850-40-0 Languages: Belarusian, Russian, Polish A window-frame without glass is something upsetting and surprising. It forces you to stop your movement and thoughts, to touch the painful image that appears on the cover in the form of a title. [&hellip;]\" \/>\n<meta property=\"og:url\" content=\"https:\/\/minsk.hochroth.eu\/en\/product\/kasia-ioffe-\u0448\u044b\u0431\u0430-\u0431\u0435\u0437-\u0448\u043a\u043b\u0430-glassless-window-frame\/\" \/>\n<meta property=\"og:site_name\" content=\"hochroth minsk\" \/>\n<meta property=\"article:modified_time\" content=\"2024-06-11T09:27:04+00:00\" \/>\n<meta property=\"og:image\" content=\"https:\/\/minsk.hochroth.eu\/wp-content\/uploads\/2024\/05\/Kasia-Iofie-5-768x1024.jpeg\" \/>\n\t<meta property=\"og:image:width\" content=\"768\" \/>\n\t<meta property=\"og:image:height\" content=\"1024\" \/>\n\t<meta property=\"og:image:type\" content=\"image\/jpeg\" \/>\n<meta name=\"twitter:card\" content=\"summary_large_image\" \/>\n<meta name=\"twitter:label1\" content=\"Estimated reading time\" \/>\n\t<meta name=\"twitter:data1\" content=\"2 minutes\" \/>\n<script type=\"application\/ld+json\" class=\"yoast-schema-graph\">{\"@context\":\"https:\\\/\\\/schema.org\",\"@graph\":[{\"@type\":\"WebPage\",\"@id\":\"https:\\\/\\\/minsk.hochroth.eu\\\/product\\\/kasia-ioffe-%d1%88%d1%8b%d0%b1%d0%b0-%d0%b1%d0%b5%d0%b7-%d1%88%d0%ba%d0%bb%d0%b0-glassless-window-frame\\\/\",\"url\":\"https:\\\/\\\/minsk.hochroth.eu\\\/product\\\/kasia-ioffe-%d1%88%d1%8b%d0%b1%d0%b0-%d0%b1%d0%b5%d0%b7-%d1%88%d0%ba%d0%bb%d0%b0-glassless-window-frame\\\/\",\"name\":\"Kasia Ioffe \u2013 \u0428\u044b\u0431\u0430 \u0431\u0435\u0437 \u0448\u043a\u043b\u0430 (Glassless window-frame) - hochroth minsk\",\"isPartOf\":{\"@id\":\"https:\\\/\\\/minsk.hochroth.eu\\\/#website\"},\"primaryImageOfPage\":{\"@id\":\"https:\\\/\\\/minsk.hochroth.eu\\\/product\\\/kasia-ioffe-%d1%88%d1%8b%d0%b1%d0%b0-%d0%b1%d0%b5%d0%b7-%d1%88%d0%ba%d0%bb%d0%b0-glassless-window-frame\\\/#primaryimage\"},\"image\":{\"@id\":\"https:\\\/\\\/minsk.hochroth.eu\\\/product\\\/kasia-ioffe-%d1%88%d1%8b%d0%b1%d0%b0-%d0%b1%d0%b5%d0%b7-%d1%88%d0%ba%d0%bb%d0%b0-glassless-window-frame\\\/#primaryimage\"},\"thumbnailUrl\":\"https:\\\/\\\/minsk.hochroth.eu\\\/wp-content\\\/uploads\\\/2024\\\/05\\\/Kasia-Iofie-5.jpeg\",\"datePublished\":\"2024-05-11T13:56:55+00:00\",\"dateModified\":\"2024-06-11T09:27:04+00:00\",\"breadcrumb\":{\"@id\":\"https:\\\/\\\/minsk.hochroth.eu\\\/product\\\/kasia-ioffe-%d1%88%d1%8b%d0%b1%d0%b0-%d0%b1%d0%b5%d0%b7-%d1%88%d0%ba%d0%bb%d0%b0-glassless-window-frame\\\/#breadcrumb\"},\"inLanguage\":\"en-GB\",\"potentialAction\":[{\"@type\":\"ReadAction\",\"target\":[\"https:\\\/\\\/minsk.hochroth.eu\\\/product\\\/kasia-ioffe-%d1%88%d1%8b%d0%b1%d0%b0-%d0%b1%d0%b5%d0%b7-%d1%88%d0%ba%d0%bb%d0%b0-glassless-window-frame\\\/\"]}]},{\"@type\":\"ImageObject\",\"inLanguage\":\"en-GB\",\"@id\":\"https:\\\/\\\/minsk.hochroth.eu\\\/product\\\/kasia-ioffe-%d1%88%d1%8b%d0%b1%d0%b0-%d0%b1%d0%b5%d0%b7-%d1%88%d0%ba%d0%bb%d0%b0-glassless-window-frame\\\/#primaryimage\",\"url\":\"https:\\\/\\\/minsk.hochroth.eu\\\/wp-content\\\/uploads\\\/2024\\\/05\\\/Kasia-Iofie-5.jpeg\",\"contentUrl\":\"https:\\\/\\\/minsk.hochroth.eu\\\/wp-content\\\/uploads\\\/2024\\\/05\\\/Kasia-Iofie-5.jpeg\",\"width\":1417,\"height\":1889},{\"@type\":\"BreadcrumbList\",\"@id\":\"https:\\\/\\\/minsk.hochroth.eu\\\/product\\\/kasia-ioffe-%d1%88%d1%8b%d0%b1%d0%b0-%d0%b1%d0%b5%d0%b7-%d1%88%d0%ba%d0%bb%d0%b0-glassless-window-frame\\\/#breadcrumb\",\"itemListElement\":[{\"@type\":\"ListItem\",\"position\":1,\"name\":\"Startseite\",\"item\":\"https:\\\/\\\/minsk.hochroth.eu\\\/\"},{\"@type\":\"ListItem\",\"position\":2,\"name\":\"Shop\",\"item\":\"https:\\\/\\\/minsk.hochroth.eu\\\/shop\\\/\"},{\"@type\":\"ListItem\",\"position\":3,\"name\":\"Kasia Ioffe \u2013 \u0428\u044b\u0431\u0430 \u0431\u0435\u0437 \u0448\u043a\u043b\u0430 (Glassless window-frame)\"}]},{\"@type\":\"WebSite\",\"@id\":\"https:\\\/\\\/minsk.hochroth.eu\\\/#website\",\"url\":\"https:\\\/\\\/minsk.hochroth.eu\\\/\",\"name\":\"hochroth m\u0456\u043d\u0441\u043a\",\"description\":\"\",\"publisher\":{\"@id\":\"https:\\\/\\\/minsk.hochroth.eu\\\/#organization\"},\"potentialAction\":[{\"@type\":\"SearchAction\",\"target\":{\"@type\":\"EntryPoint\",\"urlTemplate\":\"https:\\\/\\\/minsk.hochroth.eu\\\/?s={search_term_string}\"},\"query-input\":{\"@type\":\"PropertyValueSpecification\",\"valueRequired\":true,\"valueName\":\"search_term_string\"}}],\"inLanguage\":\"en-GB\"},{\"@type\":\"Organization\",\"@id\":\"https:\\\/\\\/minsk.hochroth.eu\\\/#organization\",\"name\":\"hochroth verlag\",\"url\":\"https:\\\/\\\/minsk.hochroth.eu\\\/\",\"logo\":{\"@type\":\"ImageObject\",\"inLanguage\":\"en-GB\",\"@id\":\"https:\\\/\\\/minsk.hochroth.eu\\\/#\\\/schema\\\/logo\\\/image\\\/\",\"url\":\"https:\\\/\\\/minsk.hochroth.eu\\\/wp-content\\\/uploads\\\/2021\\\/12\\\/211208_hochroth_fb.png\",\"contentUrl\":\"https:\\\/\\\/minsk.hochroth.eu\\\/wp-content\\\/uploads\\\/2021\\\/12\\\/211208_hochroth_fb.png\",\"width\":1200,\"height\":630,\"caption\":\"hochroth verlag\"},\"image\":{\"@id\":\"https:\\\/\\\/minsk.hochroth.eu\\\/#\\\/schema\\\/logo\\\/image\\\/\"}}]}<\/script>\n<!-- \/ Yoast SEO plugin. -->","yoast_head_json":{"title":"Kasia Ioffe \u2013 \u0428\u044b\u0431\u0430 \u0431\u0435\u0437 \u0448\u043a\u043b\u0430 (Glassless window-frame) - hochroth minsk","robots":{"index":"index","follow":"follow","max-snippet":"max-snippet:-1","max-image-preview":"max-image-preview:large","max-video-preview":"max-video-preview:-1"},"canonical":"https:\/\/minsk.hochroth.eu\/en\/product\/kasia-ioffe-\u0448\u044b\u0431\u0430-\u0431\u0435\u0437-\u0448\u043a\u043b\u0430-glassless-window-frame\/","og_locale":"en_GB","og_type":"article","og_title":"Kasia Ioffe \u2013 \u0428\u044b\u0431\u0430 \u0431\u0435\u0437 \u0448\u043a\u043b\u0430 (Glassless window-frame) - hochroth minsk","og_description":"Kasia Ioffe \u2013 \u0428\u044b\u0431\u0430 \u0431\u0435\u0437 \u0448\u043a\u043b\u0430 (Glassless window-frame) Illustration: Ksenija Anhie\u0142ava hochroth Minsk Berlin, 2023 ISBN 978-3-949850-40-0 Languages: Belarusian, Russian, Polish A window-frame without glass is something upsetting and surprising. It forces you to stop your movement and thoughts, to touch the painful image that appears on the cover in the form of a title. [&hellip;]","og_url":"https:\/\/minsk.hochroth.eu\/en\/product\/kasia-ioffe-\u0448\u044b\u0431\u0430-\u0431\u0435\u0437-\u0448\u043a\u043b\u0430-glassless-window-frame\/","og_site_name":"hochroth minsk","article_modified_time":"2024-06-11T09:27:04+00:00","og_image":[{"width":768,"height":1024,"url":"https:\/\/minsk.hochroth.eu\/wp-content\/uploads\/2024\/05\/Kasia-Iofie-5-768x1024.jpeg","type":"image\/jpeg"}],"twitter_card":"summary_large_image","twitter_misc":{"Estimated reading time":"2 minutes"},"schema":{"@context":"https:\/\/schema.org","@graph":[{"@type":"WebPage","@id":"https:\/\/minsk.hochroth.eu\/product\/kasia-ioffe-%d1%88%d1%8b%d0%b1%d0%b0-%d0%b1%d0%b5%d0%b7-%d1%88%d0%ba%d0%bb%d0%b0-glassless-window-frame\/","url":"https:\/\/minsk.hochroth.eu\/product\/kasia-ioffe-%d1%88%d1%8b%d0%b1%d0%b0-%d0%b1%d0%b5%d0%b7-%d1%88%d0%ba%d0%bb%d0%b0-glassless-window-frame\/","name":"Kasia Ioffe \u2013 \u0428\u044b\u0431\u0430 \u0431\u0435\u0437 \u0448\u043a\u043b\u0430 (Glassless window-frame) - hochroth minsk","isPartOf":{"@id":"https:\/\/minsk.hochroth.eu\/#website"},"primaryImageOfPage":{"@id":"https:\/\/minsk.hochroth.eu\/product\/kasia-ioffe-%d1%88%d1%8b%d0%b1%d0%b0-%d0%b1%d0%b5%d0%b7-%d1%88%d0%ba%d0%bb%d0%b0-glassless-window-frame\/#primaryimage"},"image":{"@id":"https:\/\/minsk.hochroth.eu\/product\/kasia-ioffe-%d1%88%d1%8b%d0%b1%d0%b0-%d0%b1%d0%b5%d0%b7-%d1%88%d0%ba%d0%bb%d0%b0-glassless-window-frame\/#primaryimage"},"thumbnailUrl":"https:\/\/minsk.hochroth.eu\/wp-content\/uploads\/2024\/05\/Kasia-Iofie-5.jpeg","datePublished":"2024-05-11T13:56:55+00:00","dateModified":"2024-06-11T09:27:04+00:00","breadcrumb":{"@id":"https:\/\/minsk.hochroth.eu\/product\/kasia-ioffe-%d1%88%d1%8b%d0%b1%d0%b0-%d0%b1%d0%b5%d0%b7-%d1%88%d0%ba%d0%bb%d0%b0-glassless-window-frame\/#breadcrumb"},"inLanguage":"en-GB","potentialAction":[{"@type":"ReadAction","target":["https:\/\/minsk.hochroth.eu\/product\/kasia-ioffe-%d1%88%d1%8b%d0%b1%d0%b0-%d0%b1%d0%b5%d0%b7-%d1%88%d0%ba%d0%bb%d0%b0-glassless-window-frame\/"]}]},{"@type":"ImageObject","inLanguage":"en-GB","@id":"https:\/\/minsk.hochroth.eu\/product\/kasia-ioffe-%d1%88%d1%8b%d0%b1%d0%b0-%d0%b1%d0%b5%d0%b7-%d1%88%d0%ba%d0%bb%d0%b0-glassless-window-frame\/#primaryimage","url":"https:\/\/minsk.hochroth.eu\/wp-content\/uploads\/2024\/05\/Kasia-Iofie-5.jpeg","contentUrl":"https:\/\/minsk.hochroth.eu\/wp-content\/uploads\/2024\/05\/Kasia-Iofie-5.jpeg","width":1417,"height":1889},{"@type":"BreadcrumbList","@id":"https:\/\/minsk.hochroth.eu\/product\/kasia-ioffe-%d1%88%d1%8b%d0%b1%d0%b0-%d0%b1%d0%b5%d0%b7-%d1%88%d0%ba%d0%bb%d0%b0-glassless-window-frame\/#breadcrumb","itemListElement":[{"@type":"ListItem","position":1,"name":"Startseite","item":"https:\/\/minsk.hochroth.eu\/"},{"@type":"ListItem","position":2,"name":"Shop","item":"https:\/\/minsk.hochroth.eu\/shop\/"},{"@type":"ListItem","position":3,"name":"Kasia Ioffe \u2013 \u0428\u044b\u0431\u0430 \u0431\u0435\u0437 \u0448\u043a\u043b\u0430 (Glassless window-frame)"}]},{"@type":"WebSite","@id":"https:\/\/minsk.hochroth.eu\/#website","url":"https:\/\/minsk.hochroth.eu\/","name":"hochroth m\u0456\u043d\u0441\u043a","description":"","publisher":{"@id":"https:\/\/minsk.hochroth.eu\/#organization"},"potentialAction":[{"@type":"SearchAction","target":{"@type":"EntryPoint","urlTemplate":"https:\/\/minsk.hochroth.eu\/?s={search_term_string}"},"query-input":{"@type":"PropertyValueSpecification","valueRequired":true,"valueName":"search_term_string"}}],"inLanguage":"en-GB"},{"@type":"Organization","@id":"https:\/\/minsk.hochroth.eu\/#organization","name":"hochroth verlag","url":"https:\/\/minsk.hochroth.eu\/","logo":{"@type":"ImageObject","inLanguage":"en-GB","@id":"https:\/\/minsk.hochroth.eu\/#\/schema\/logo\/image\/","url":"https:\/\/minsk.hochroth.eu\/wp-content\/uploads\/2021\/12\/211208_hochroth_fb.png","contentUrl":"https:\/\/minsk.hochroth.eu\/wp-content\/uploads\/2021\/12\/211208_hochroth_fb.png","width":1200,"height":630,"caption":"hochroth verlag"},"image":{"@id":"https:\/\/minsk.hochroth.eu\/#\/schema\/logo\/image\/"}}]}},"_links":{"self":[{"href":"https:\/\/minsk.hochroth.eu\/en\/wp-json\/wp\/v2\/product\/8773","targetHints":{"allow":["GET"]}}],"collection":[{"href":"https:\/\/minsk.hochroth.eu\/en\/wp-json\/wp\/v2\/product"}],"about":[{"href":"https:\/\/minsk.hochroth.eu\/en\/wp-json\/wp\/v2\/types\/product"}],"wp:featuredmedia":[{"embeddable":true,"href":"https:\/\/minsk.hochroth.eu\/en\/wp-json\/wp\/v2\/media\/8980"}],"wp:attachment":[{"href":"https:\/\/minsk.hochroth.eu\/en\/wp-json\/wp\/v2\/media?parent=8773"}],"wp:term":[{"taxonomy":"product_brand","embeddable":true,"href":"https:\/\/minsk.hochroth.eu\/en\/wp-json\/wp\/v2\/product_brand?post=8773"},{"taxonomy":"product_cat","embeddable":true,"href":"https:\/\/minsk.hochroth.eu\/en\/wp-json\/wp\/v2\/product_cat?post=8773"},{"taxonomy":"product_tag","embeddable":true,"href":"https:\/\/minsk.hochroth.eu\/en\/wp-json\/wp\/v2\/product_tag?post=8773"}],"curies":[{"name":"wp","href":"https:\/\/api.w.org\/{rel}","templated":true}]}}