{"id":8770,"date":"2024-05-11T13:35:28","date_gmt":"2024-05-11T13:35:28","guid":{"rendered":"https:\/\/minsk.hochroth.eu\/?post_type=product&#038;p=8770"},"modified":"2024-06-11T09:24:27","modified_gmt":"2024-06-11T09:24:27","slug":"andrej-chadanovic-%d0%bd%d0%b0-%d0%b1%d0%b5%d1%80%d0%b0%d0%b7%d0%b5-%d0%b2%d0%be%d0%bb%d1%96-on-the-shore-of-freedom","status":"publish","type":"product","link":"https:\/\/minsk.hochroth.eu\/en\/product\/andrej-chadanovic-%d0%bd%d0%b0-%d0%b1%d0%b5%d1%80%d0%b0%d0%b7%d0%b5-%d0%b2%d0%be%d0%bb%d1%96-on-the-shore-of-freedom\/","title":{"rendered":"Andrej Chadanovi\u010d \u2013 \u041d\u0430 \u0431\u0435\u0440\u0430\u0437\u0435 \u0432\u043e\u043b\u0456 (On the shore of freedom)"},"content":{"rendered":"<h6 class=\"p1\"><span class=\"Apple-converted-space\">Andrej Chadanovi\u010d \u2013 \u041d\u0430 \u0431\u0435\u0440\u0430\u0437\u0435 \u0432\u043e\u043b\u0456 (On the shore of freedom)<br \/>\n<\/span>Illustration: \u015aviat\u0142ana Sofja Dziemidovi\u010d<br \/>\nhochroth Minsk<br \/>\nBerlin, 2023<br \/>\nISBN 978-3-949850-31-8<br \/>\nLanguage: Belarusian<\/h6>\n<p class=\"p1\">Incredible and unexpected, ironic and provocative, the &#8220;maitre&#8221; of contemporary Belarusian poetry. At the same time, Andrej Chadanovi\u010d is extremely sincere with the reader, desiring to talk about what is socially dangerous and intimate even during the translation of someone else&#8217;s text or the demonstration of the &#8220;mask&#8221; of a clown&#8230; Also, Chadanovi\u010d is a well-known lecturer, blogger and online correspondent. He is among the first figures of Belarusian culture to start the project of preserving it abroad and consolidating independent national art.<span class=\"Apple-converted-space\">\u00a0<\/span><\/p>\n<p class=\"p2\">The quintessence of this experience is the book &#8220;On the shore of Freedom&#8221;, which includes poems from 2020-2023. It has the visual introduction by \u015aviat\u0142ana Sofja Dziemidovi\u010d, whose illustration, terrible and symbolic, conveys the birth of the movement, the painful liberation. Such a book should reach the reader bound by the unsettled life in emigration or by the borders of a captured land, where &#8220;one cannot read&#8221; because there is no freedom. The poems become greeting letters, telling about the absence and necessity of freedom, waiting for changes, longing to stay close even at a distance. They are colored not only by despair, but also by hope: &#8220;bars are only preparation for a life where there are no bars&#8221;.<\/p>\n<p class=\"p1\"><b>Andrej Chadanovi\u010d <\/b>is a poet, translator, essayist and lecturer. Born in 1973 in Minsk. Author of ten collections of &#8220;adult&#8221; poetry, as well as one book of poems for children. The poems have been translated into fifteen languages and published as separate books in Ukraine, Poland and Sweden. Chadanovi\u010d translates poetry into Belarusian from French, English, Polish and Ukrainian. Laureate of the &#8220;Book of the Year&#8221; award for the children&#8217;s book &#8220;\u041d\u0430\u0442\u0430\u0442\u043a\u0456 \u0442\u0430\u0442\u043a\u0456&#8221; (&#8220;Daddy&#8217;s Notes&#8221;, 2015). Laureate of the Kar\u0142as \u0160erman award for the translation of Charles Baudelaire&#8217;s poetry (2017). Laureate of the Natalla Arsie\u0144nieva award for the book &#8220;\u0428\u043a\u043e\u043b\u0430 \u0442\u0440\u0430\u0432\u044b&#8221; (&#8220;Grass School&#8221;, 2020). Laureate of The Crystal Vilenica award (2008), Polish PEN Club award (2015), the Jerzy Giedroyc Prize of the Rzeczpospolita newspaper (2021). Chadanovi\u010d taught literature at the Philological Faculty of the Belarusian State University, at the Belarusian Collegium and at the Jakub Ko\u0142as Humanities Lyceum. Conducted the &#8220;Translation Workshop&#8221; at the Belarusian PEN Center and at the School of Young Writers at the Union of Belarusian Writers. Teaches literature in the European Humanities University (Vilnius, Lithuania), gives lectures online: <a href=\"http:\/\/www.youtube.com\/@chadanovic\"><span class=\"s1\">www.youtube.com\/@chadanovic<\/span><\/a>.<\/p>\n","protected":false},"excerpt":{"rendered":"<p>The book includes poems written from 2020 to 2023.<\/p>\n","protected":false},"featured_media":8978,"template":"","meta":{"_themeisle_gutenberg_block_has_review":false},"product_brand":[],"product_cat":[650],"product_tag":[],"class_list":{"0":"post-8770","1":"product","2":"type-product","3":"status-publish","4":"has-post-thumbnail","6":"product_cat-andrej-chadanovic","8":"first","9":"instock","10":"shipping-taxable","11":"purchasable","12":"product-type-simple"},"yoast_head":"<!-- This site is optimized with the Yoast SEO plugin v27.3 - https:\/\/yoast.com\/product\/yoast-seo-wordpress\/ -->\n<title>Andrej Chadanovi\u010d \u2013 \u041d\u0430 \u0431\u0435\u0440\u0430\u0437\u0435 \u0432\u043e\u043b\u0456 (On the shore of freedom) - hochroth minsk<\/title>\n<meta name=\"robots\" content=\"index, follow, max-snippet:-1, max-image-preview:large, max-video-preview:-1\" \/>\n<link rel=\"canonical\" href=\"https:\/\/minsk.hochroth.eu\/en\/product\/andrej-chadanovic-\u043d\u0430-\u0431\u0435\u0440\u0430\u0437\u0435-\u0432\u043e\u043b\u0456-on-the-shore-of-freedom\/\" \/>\n<meta property=\"og:locale\" content=\"en_GB\" \/>\n<meta property=\"og:type\" content=\"article\" \/>\n<meta property=\"og:title\" content=\"Andrej Chadanovi\u010d \u2013 \u041d\u0430 \u0431\u0435\u0440\u0430\u0437\u0435 \u0432\u043e\u043b\u0456 (On the shore of freedom) - hochroth minsk\" \/>\n<meta property=\"og:description\" content=\"The book includes poems written from 2020 to 2023.\" \/>\n<meta property=\"og:url\" content=\"https:\/\/minsk.hochroth.eu\/en\/product\/andrej-chadanovic-\u043d\u0430-\u0431\u0435\u0440\u0430\u0437\u0435-\u0432\u043e\u043b\u0456-on-the-shore-of-freedom\/\" \/>\n<meta property=\"og:site_name\" content=\"hochroth minsk\" \/>\n<meta property=\"article:modified_time\" content=\"2024-06-11T09:24:27+00:00\" \/>\n<meta property=\"og:image\" content=\"https:\/\/minsk.hochroth.eu\/wp-content\/uploads\/2024\/05\/Andrej-Chadanovic-3-\u043a\u043e\u043f\u0438\u044f.jpeg\" \/>\n\t<meta property=\"og:image:width\" content=\"1345\" \/>\n\t<meta property=\"og:image:height\" content=\"1793\" \/>\n\t<meta property=\"og:image:type\" content=\"image\/jpeg\" \/>\n<meta name=\"twitter:card\" content=\"summary_large_image\" \/>\n<meta name=\"twitter:label1\" content=\"Estimated reading time\" \/>\n\t<meta name=\"twitter:data1\" content=\"2 minutes\" \/>\n<script type=\"application\/ld+json\" class=\"yoast-schema-graph\">{\"@context\":\"https:\\\/\\\/schema.org\",\"@graph\":[{\"@type\":\"WebPage\",\"@id\":\"https:\\\/\\\/minsk.hochroth.eu\\\/product\\\/andrej-chadanovic-%d0%bd%d0%b0-%d0%b1%d0%b5%d1%80%d0%b0%d0%b7%d0%b5-%d0%b2%d0%be%d0%bb%d1%96-on-the-shore-of-freedom\\\/\",\"url\":\"https:\\\/\\\/minsk.hochroth.eu\\\/product\\\/andrej-chadanovic-%d0%bd%d0%b0-%d0%b1%d0%b5%d1%80%d0%b0%d0%b7%d0%b5-%d0%b2%d0%be%d0%bb%d1%96-on-the-shore-of-freedom\\\/\",\"name\":\"Andrej Chadanovi\u010d \u2013 \u041d\u0430 \u0431\u0435\u0440\u0430\u0437\u0435 \u0432\u043e\u043b\u0456 (On the shore of freedom) - hochroth minsk\",\"isPartOf\":{\"@id\":\"https:\\\/\\\/minsk.hochroth.eu\\\/#website\"},\"primaryImageOfPage\":{\"@id\":\"https:\\\/\\\/minsk.hochroth.eu\\\/product\\\/andrej-chadanovic-%d0%bd%d0%b0-%d0%b1%d0%b5%d1%80%d0%b0%d0%b7%d0%b5-%d0%b2%d0%be%d0%bb%d1%96-on-the-shore-of-freedom\\\/#primaryimage\"},\"image\":{\"@id\":\"https:\\\/\\\/minsk.hochroth.eu\\\/product\\\/andrej-chadanovic-%d0%bd%d0%b0-%d0%b1%d0%b5%d1%80%d0%b0%d0%b7%d0%b5-%d0%b2%d0%be%d0%bb%d1%96-on-the-shore-of-freedom\\\/#primaryimage\"},\"thumbnailUrl\":\"https:\\\/\\\/minsk.hochroth.eu\\\/wp-content\\\/uploads\\\/2024\\\/05\\\/Andrej-Chadanovic-3-\u043a\u043e\u043f\u0438\u044f.jpeg\",\"datePublished\":\"2024-05-11T13:35:28+00:00\",\"dateModified\":\"2024-06-11T09:24:27+00:00\",\"breadcrumb\":{\"@id\":\"https:\\\/\\\/minsk.hochroth.eu\\\/product\\\/andrej-chadanovic-%d0%bd%d0%b0-%d0%b1%d0%b5%d1%80%d0%b0%d0%b7%d0%b5-%d0%b2%d0%be%d0%bb%d1%96-on-the-shore-of-freedom\\\/#breadcrumb\"},\"inLanguage\":\"en-GB\",\"potentialAction\":[{\"@type\":\"ReadAction\",\"target\":[\"https:\\\/\\\/minsk.hochroth.eu\\\/product\\\/andrej-chadanovic-%d0%bd%d0%b0-%d0%b1%d0%b5%d1%80%d0%b0%d0%b7%d0%b5-%d0%b2%d0%be%d0%bb%d1%96-on-the-shore-of-freedom\\\/\"]}]},{\"@type\":\"ImageObject\",\"inLanguage\":\"en-GB\",\"@id\":\"https:\\\/\\\/minsk.hochroth.eu\\\/product\\\/andrej-chadanovic-%d0%bd%d0%b0-%d0%b1%d0%b5%d1%80%d0%b0%d0%b7%d0%b5-%d0%b2%d0%be%d0%bb%d1%96-on-the-shore-of-freedom\\\/#primaryimage\",\"url\":\"https:\\\/\\\/minsk.hochroth.eu\\\/wp-content\\\/uploads\\\/2024\\\/05\\\/Andrej-Chadanovic-3-\u043a\u043e\u043f\u0438\u044f.jpeg\",\"contentUrl\":\"https:\\\/\\\/minsk.hochroth.eu\\\/wp-content\\\/uploads\\\/2024\\\/05\\\/Andrej-Chadanovic-3-\u043a\u043e\u043f\u0438\u044f.jpeg\",\"width\":1345,\"height\":1793},{\"@type\":\"BreadcrumbList\",\"@id\":\"https:\\\/\\\/minsk.hochroth.eu\\\/product\\\/andrej-chadanovic-%d0%bd%d0%b0-%d0%b1%d0%b5%d1%80%d0%b0%d0%b7%d0%b5-%d0%b2%d0%be%d0%bb%d1%96-on-the-shore-of-freedom\\\/#breadcrumb\",\"itemListElement\":[{\"@type\":\"ListItem\",\"position\":1,\"name\":\"Startseite\",\"item\":\"https:\\\/\\\/minsk.hochroth.eu\\\/\"},{\"@type\":\"ListItem\",\"position\":2,\"name\":\"Shop\",\"item\":\"https:\\\/\\\/minsk.hochroth.eu\\\/shop\\\/\"},{\"@type\":\"ListItem\",\"position\":3,\"name\":\"Andrej Chadanovi\u010d \u2013 \u041d\u0430 \u0431\u0435\u0440\u0430\u0437\u0435 \u0432\u043e\u043b\u0456 (On the shore of freedom)\"}]},{\"@type\":\"WebSite\",\"@id\":\"https:\\\/\\\/minsk.hochroth.eu\\\/#website\",\"url\":\"https:\\\/\\\/minsk.hochroth.eu\\\/\",\"name\":\"hochroth m\u0456\u043d\u0441\u043a\",\"description\":\"\",\"publisher\":{\"@id\":\"https:\\\/\\\/minsk.hochroth.eu\\\/#organization\"},\"potentialAction\":[{\"@type\":\"SearchAction\",\"target\":{\"@type\":\"EntryPoint\",\"urlTemplate\":\"https:\\\/\\\/minsk.hochroth.eu\\\/?s={search_term_string}\"},\"query-input\":{\"@type\":\"PropertyValueSpecification\",\"valueRequired\":true,\"valueName\":\"search_term_string\"}}],\"inLanguage\":\"en-GB\"},{\"@type\":\"Organization\",\"@id\":\"https:\\\/\\\/minsk.hochroth.eu\\\/#organization\",\"name\":\"hochroth verlag\",\"url\":\"https:\\\/\\\/minsk.hochroth.eu\\\/\",\"logo\":{\"@type\":\"ImageObject\",\"inLanguage\":\"en-GB\",\"@id\":\"https:\\\/\\\/minsk.hochroth.eu\\\/#\\\/schema\\\/logo\\\/image\\\/\",\"url\":\"https:\\\/\\\/minsk.hochroth.eu\\\/wp-content\\\/uploads\\\/2021\\\/12\\\/211208_hochroth_fb.png\",\"contentUrl\":\"https:\\\/\\\/minsk.hochroth.eu\\\/wp-content\\\/uploads\\\/2021\\\/12\\\/211208_hochroth_fb.png\",\"width\":1200,\"height\":630,\"caption\":\"hochroth verlag\"},\"image\":{\"@id\":\"https:\\\/\\\/minsk.hochroth.eu\\\/#\\\/schema\\\/logo\\\/image\\\/\"}}]}<\/script>\n<!-- \/ Yoast SEO plugin. -->","yoast_head_json":{"title":"Andrej Chadanovi\u010d \u2013 \u041d\u0430 \u0431\u0435\u0440\u0430\u0437\u0435 \u0432\u043e\u043b\u0456 (On the shore of freedom) - hochroth minsk","robots":{"index":"index","follow":"follow","max-snippet":"max-snippet:-1","max-image-preview":"max-image-preview:large","max-video-preview":"max-video-preview:-1"},"canonical":"https:\/\/minsk.hochroth.eu\/en\/product\/andrej-chadanovic-\u043d\u0430-\u0431\u0435\u0440\u0430\u0437\u0435-\u0432\u043e\u043b\u0456-on-the-shore-of-freedom\/","og_locale":"en_GB","og_type":"article","og_title":"Andrej Chadanovi\u010d \u2013 \u041d\u0430 \u0431\u0435\u0440\u0430\u0437\u0435 \u0432\u043e\u043b\u0456 (On the shore of freedom) - hochroth minsk","og_description":"The book includes poems written from 2020 to 2023.","og_url":"https:\/\/minsk.hochroth.eu\/en\/product\/andrej-chadanovic-\u043d\u0430-\u0431\u0435\u0440\u0430\u0437\u0435-\u0432\u043e\u043b\u0456-on-the-shore-of-freedom\/","og_site_name":"hochroth minsk","article_modified_time":"2024-06-11T09:24:27+00:00","og_image":[{"width":1345,"height":1793,"url":"https:\/\/minsk.hochroth.eu\/wp-content\/uploads\/2024\/05\/Andrej-Chadanovic-3-\u043a\u043e\u043f\u0438\u044f.jpeg","type":"image\/jpeg"}],"twitter_card":"summary_large_image","twitter_misc":{"Estimated reading time":"2 minutes"},"schema":{"@context":"https:\/\/schema.org","@graph":[{"@type":"WebPage","@id":"https:\/\/minsk.hochroth.eu\/product\/andrej-chadanovic-%d0%bd%d0%b0-%d0%b1%d0%b5%d1%80%d0%b0%d0%b7%d0%b5-%d0%b2%d0%be%d0%bb%d1%96-on-the-shore-of-freedom\/","url":"https:\/\/minsk.hochroth.eu\/product\/andrej-chadanovic-%d0%bd%d0%b0-%d0%b1%d0%b5%d1%80%d0%b0%d0%b7%d0%b5-%d0%b2%d0%be%d0%bb%d1%96-on-the-shore-of-freedom\/","name":"Andrej Chadanovi\u010d \u2013 \u041d\u0430 \u0431\u0435\u0440\u0430\u0437\u0435 \u0432\u043e\u043b\u0456 (On the shore of freedom) - hochroth minsk","isPartOf":{"@id":"https:\/\/minsk.hochroth.eu\/#website"},"primaryImageOfPage":{"@id":"https:\/\/minsk.hochroth.eu\/product\/andrej-chadanovic-%d0%bd%d0%b0-%d0%b1%d0%b5%d1%80%d0%b0%d0%b7%d0%b5-%d0%b2%d0%be%d0%bb%d1%96-on-the-shore-of-freedom\/#primaryimage"},"image":{"@id":"https:\/\/minsk.hochroth.eu\/product\/andrej-chadanovic-%d0%bd%d0%b0-%d0%b1%d0%b5%d1%80%d0%b0%d0%b7%d0%b5-%d0%b2%d0%be%d0%bb%d1%96-on-the-shore-of-freedom\/#primaryimage"},"thumbnailUrl":"https:\/\/minsk.hochroth.eu\/wp-content\/uploads\/2024\/05\/Andrej-Chadanovic-3-\u043a\u043e\u043f\u0438\u044f.jpeg","datePublished":"2024-05-11T13:35:28+00:00","dateModified":"2024-06-11T09:24:27+00:00","breadcrumb":{"@id":"https:\/\/minsk.hochroth.eu\/product\/andrej-chadanovic-%d0%bd%d0%b0-%d0%b1%d0%b5%d1%80%d0%b0%d0%b7%d0%b5-%d0%b2%d0%be%d0%bb%d1%96-on-the-shore-of-freedom\/#breadcrumb"},"inLanguage":"en-GB","potentialAction":[{"@type":"ReadAction","target":["https:\/\/minsk.hochroth.eu\/product\/andrej-chadanovic-%d0%bd%d0%b0-%d0%b1%d0%b5%d1%80%d0%b0%d0%b7%d0%b5-%d0%b2%d0%be%d0%bb%d1%96-on-the-shore-of-freedom\/"]}]},{"@type":"ImageObject","inLanguage":"en-GB","@id":"https:\/\/minsk.hochroth.eu\/product\/andrej-chadanovic-%d0%bd%d0%b0-%d0%b1%d0%b5%d1%80%d0%b0%d0%b7%d0%b5-%d0%b2%d0%be%d0%bb%d1%96-on-the-shore-of-freedom\/#primaryimage","url":"https:\/\/minsk.hochroth.eu\/wp-content\/uploads\/2024\/05\/Andrej-Chadanovic-3-\u043a\u043e\u043f\u0438\u044f.jpeg","contentUrl":"https:\/\/minsk.hochroth.eu\/wp-content\/uploads\/2024\/05\/Andrej-Chadanovic-3-\u043a\u043e\u043f\u0438\u044f.jpeg","width":1345,"height":1793},{"@type":"BreadcrumbList","@id":"https:\/\/minsk.hochroth.eu\/product\/andrej-chadanovic-%d0%bd%d0%b0-%d0%b1%d0%b5%d1%80%d0%b0%d0%b7%d0%b5-%d0%b2%d0%be%d0%bb%d1%96-on-the-shore-of-freedom\/#breadcrumb","itemListElement":[{"@type":"ListItem","position":1,"name":"Startseite","item":"https:\/\/minsk.hochroth.eu\/"},{"@type":"ListItem","position":2,"name":"Shop","item":"https:\/\/minsk.hochroth.eu\/shop\/"},{"@type":"ListItem","position":3,"name":"Andrej Chadanovi\u010d \u2013 \u041d\u0430 \u0431\u0435\u0440\u0430\u0437\u0435 \u0432\u043e\u043b\u0456 (On the shore of freedom)"}]},{"@type":"WebSite","@id":"https:\/\/minsk.hochroth.eu\/#website","url":"https:\/\/minsk.hochroth.eu\/","name":"hochroth m\u0456\u043d\u0441\u043a","description":"","publisher":{"@id":"https:\/\/minsk.hochroth.eu\/#organization"},"potentialAction":[{"@type":"SearchAction","target":{"@type":"EntryPoint","urlTemplate":"https:\/\/minsk.hochroth.eu\/?s={search_term_string}"},"query-input":{"@type":"PropertyValueSpecification","valueRequired":true,"valueName":"search_term_string"}}],"inLanguage":"en-GB"},{"@type":"Organization","@id":"https:\/\/minsk.hochroth.eu\/#organization","name":"hochroth verlag","url":"https:\/\/minsk.hochroth.eu\/","logo":{"@type":"ImageObject","inLanguage":"en-GB","@id":"https:\/\/minsk.hochroth.eu\/#\/schema\/logo\/image\/","url":"https:\/\/minsk.hochroth.eu\/wp-content\/uploads\/2021\/12\/211208_hochroth_fb.png","contentUrl":"https:\/\/minsk.hochroth.eu\/wp-content\/uploads\/2021\/12\/211208_hochroth_fb.png","width":1200,"height":630,"caption":"hochroth verlag"},"image":{"@id":"https:\/\/minsk.hochroth.eu\/#\/schema\/logo\/image\/"}}]}},"_links":{"self":[{"href":"https:\/\/minsk.hochroth.eu\/en\/wp-json\/wp\/v2\/product\/8770","targetHints":{"allow":["GET"]}}],"collection":[{"href":"https:\/\/minsk.hochroth.eu\/en\/wp-json\/wp\/v2\/product"}],"about":[{"href":"https:\/\/minsk.hochroth.eu\/en\/wp-json\/wp\/v2\/types\/product"}],"wp:featuredmedia":[{"embeddable":true,"href":"https:\/\/minsk.hochroth.eu\/en\/wp-json\/wp\/v2\/media\/8978"}],"wp:attachment":[{"href":"https:\/\/minsk.hochroth.eu\/en\/wp-json\/wp\/v2\/media?parent=8770"}],"wp:term":[{"taxonomy":"product_brand","embeddable":true,"href":"https:\/\/minsk.hochroth.eu\/en\/wp-json\/wp\/v2\/product_brand?post=8770"},{"taxonomy":"product_cat","embeddable":true,"href":"https:\/\/minsk.hochroth.eu\/en\/wp-json\/wp\/v2\/product_cat?post=8770"},{"taxonomy":"product_tag","embeddable":true,"href":"https:\/\/minsk.hochroth.eu\/en\/wp-json\/wp\/v2\/product_tag?post=8770"}],"curies":[{"name":"wp","href":"https:\/\/api.w.org\/{rel}","templated":true}]}}