{"id":8763,"date":"2024-05-11T12:09:06","date_gmt":"2024-05-11T12:09:06","guid":{"rendered":"https:\/\/minsk.hochroth.eu\/?post_type=product&#038;p=8763"},"modified":"2024-06-11T09:00:40","modified_gmt":"2024-06-11T09:00:40","slug":"hanna-sieviaryniec-%d1%82%d0%be%d0%b5-%d1%88%d1%82%d0%be-%d1%81%d0%ba%d0%b0%d0%b7%d0%b0%d0%bb%d0%b0%d1%81%d1%8f-%d0%b2%d0%b5%d1%80%d1%88%d0%b0%d0%bc-what-turned-out-to-be-a-poem","status":"publish","type":"product","link":"https:\/\/minsk.hochroth.eu\/en\/product\/hanna-sieviaryniec-%d1%82%d0%be%d0%b5-%d1%88%d1%82%d0%be-%d1%81%d0%ba%d0%b0%d0%b7%d0%b0%d0%bb%d0%b0%d1%81%d1%8f-%d0%b2%d0%b5%d1%80%d1%88%d0%b0%d0%bc-what-turned-out-to-be-a-poem\/","title":{"rendered":"Hanna Sieviaryniec \u2013 \u0422\u043e\u0435, \u0448\u0442\u043e \u0441\u043a\u0430\u0437\u0430\u043b\u0430\u0441\u044f \u0432\u0435\u0440\u0448\u0430\u043c (What was said as a poem)"},"content":{"rendered":"<h6 class=\"p1\">Hanna Sieviaryniec \u2013 \u0422\u043e\u0435, \u0448\u0442\u043e \u0441\u043a\u0430\u0437\u0430\u043b\u0430\u0441\u044f \u0432\u0435\u0440\u0448\u0430\u043c (What was said as a poem)<br \/>\nIllustration: Pavie\u0142 Sieviaryniec<br \/>\nhochroth Minsk<br \/>\nBerlin, 2023<br \/>\nISBN 978-3-949850-17-2<br \/>\nLanguage: Belarusian<\/h6>\n<p class=\"p1\">The creative treasury of the writer, journalist and teacher Hanna Sieviaryniec is so diverse, that there is seemingly no room left for poetry. Still, the reader has the opportunity to meet her artistic statement, which was formed precisely in the poetic form.<span class=\"Apple-converted-space\">\u00a0<\/span><\/p>\n<p class=\"p1\">This poetry book turned out to be a sincere and, so to speak, &#8220;undisguised&#8221; narrative about oneself and the time. That is why it begins with the portrait of the author, made by Pavie\u0142 Sieviaryniec &#8211; a famous public figure, political prisoner, brother. Calm eyes and gentle smile&#8230; They are completely organic to the poetic manner of the author &#8211; realistic images of the Belarusian space and kind humor, characteristic of the national literary tradition.<span class=\"Apple-converted-space\">\u00a0<\/span><\/p>\n<p class=\"p1\">They are conveyed to the reader not by someone who laments the victims of the time, marked by the atmosphere of the Stalinist 1937 and prison walls. These things are there in the book, too, but they do not overshadow the other kind of things. There is the voice of the intelligent and strong woman, who is accustomed to both joy and sorrow, and who is capable of translating them into the admiration for life in its various manifestations.<\/p>\n<p class=\"p2\"><b>Hanna Sieviaryniec<\/b> is a Belarusian teacher, journalist and writer, literary critic, researcher of Belarusian literature. She was born in Minsk in 1975. She graduated from the Faculty of Philology and made postgraduate studies at the Belarusian State University. She is the author of fiction and documentary books &#8220;\u0414\u0437\u0435\u043d\u044c \u0441\u0432\u044f\u0442\u043e\u0433\u0430 \u041f\u0430\u0442\u0440\u044b\u043a\u0430&#8221; (&#8220;St. Patrick&#8217;s Day&#8221;, 2017), &#8220;\u0423\u043b\u0430\u0434\u0437\u0456\u043c\u0456\u0440 \u0414\u0443\u0431\u043e\u045e\u043a\u0430: \u0451\u043d \u0456 \u043f\u0440\u0430 \u044f\u0433\u043e&#8221; (&#8220;U\u0142adzimir Dubo\u016dka: him and about him&#8221;, 2017), &#8220;\u0413\u0430\u0441\u0446\u0456\u043d\u0456\u0446\u0430 \u00ab\u0411\u0435\u043b\u044c\u0433\u0456\u044f\u00bb&#8221; (&#8220;Belgium Hotel&#8221;, 2019), &#8220;\u0412\u0430\u043a\u043e\u043b \u041f\u044f\u0442\u0440\u0430 \u0413\u043b\u0435\u0431\u043a\u0456&#8221; (&#8220;Around Piotr Hlebka&#8221;, 2019), &#8220;\u041c\u0430\u044f \u0448\u043a\u043e\u043b\u0430&#8221; (&#8220;My School&#8221;, 2021). Editor and author of prefaces and comments to the books &#8220;\u0410\u043b\u0435\u0441\u044c \u0414\u0443\u0434\u0430\u0440. \u0412\u044b\u0431\u0440\u0430\u043d\u044b\u044f \u0442\u0432\u043e\u0440\u044b&#8221; (&#8220;Ale\u015b Dudar. Selected works&#8221;, 2017), &#8220;\u042f\u043d\u043a\u0430 \u041a\u0443\u043f\u0430\u043b\u0430. \u0412\u044b\u0431\u0440\u0430\u043d\u044b\u044f \u0442\u0432\u043e\u0440\u044b&#8221; (&#8220;Janka Kupa\u0142a. Selected Works&#8221;, 2020), &#8220;\u0422\u0440\u044b \u0410\u043d\u0435\u0433\u0456\u043d\u044b: \u041f\u0443\u0448\u043a\u0456\u043d, \u0414\u0443\u0434\u0430\u0440, \u041a\u0443\u043b\u044f\u0448\u043e\u045e&#8221; (&#8220;Three Onegins: Pushkin, Dudar, Kula\u0161o\u016d&#8221;, 2020), &#8220;\u041a\u0430\u0441\u0442\u0443\u0441\u044c \u0421\u0435\u0432\u044f\u0440\u044b\u043d\u0435\u0446. \u0412\u044b\u0431\u0440\u0430\u043d\u044b\u044f \u0442\u0432\u043e\u0440\u044b&#8221; (&#8220;Kastu\u015b Sieviaryniec. Selected works&#8221;, 2022). Laureate of the Alaksandr U\u0142asa\u016d &#8220;Exlibris&#8221; award (2014), &#8220;\u0413\u043b\u0456\u043d\u044f\u043d\u044b \u0412\u044f\u043b\u0435\u0441&#8221; award (2017) and &#8220;\u041f\u0440\u0430\u0437\u0440\u044b\u0441\u0442\u044b \u042d\u043e\u043b&#8221; award (2018). &#8220;Person of the Year 2019&#8221; &#8211; according to the &#8220;Na\u0161a Niva&#8221;<span class=\"Apple-converted-space\">\u00a0<\/span><\/p>\n","protected":false},"excerpt":{"rendered":"<p>This poetry book turned out to be a sincere and, so to speak, &#8220;undisguised&#8221; narrative about oneself and the time. Language: Belarusian<\/p>\n","protected":false},"featured_media":8973,"template":"","meta":{"_themeisle_gutenberg_block_has_review":false},"product_brand":[],"product_cat":[646],"product_tag":[],"class_list":{"0":"post-8763","1":"product","2":"type-product","3":"status-publish","4":"has-post-thumbnail","6":"product_cat-hanna-sieviaryniec","8":"first","9":"instock","10":"shipping-taxable","11":"purchasable","12":"product-type-simple"},"yoast_head":"<!-- This site is optimized with the Yoast SEO plugin v27.3 - https:\/\/yoast.com\/product\/yoast-seo-wordpress\/ -->\n<title>Hanna Sieviaryniec \u2013 \u0422\u043e\u0435, \u0448\u0442\u043e \u0441\u043a\u0430\u0437\u0430\u043b\u0430\u0441\u044f \u0432\u0435\u0440\u0448\u0430\u043c (What was said as a poem) - hochroth minsk<\/title>\n<meta name=\"robots\" content=\"index, follow, max-snippet:-1, max-image-preview:large, max-video-preview:-1\" \/>\n<link rel=\"canonical\" href=\"https:\/\/minsk.hochroth.eu\/en\/product\/hanna-sieviaryniec-\u0442\u043e\u0435-\u0448\u0442\u043e-\u0441\u043a\u0430\u0437\u0430\u043b\u0430\u0441\u044f-\u0432\u0435\u0440\u0448\u0430\u043c-what-turned-out-to-be-a-poem\/\" \/>\n<meta property=\"og:locale\" content=\"en_GB\" \/>\n<meta property=\"og:type\" content=\"article\" \/>\n<meta property=\"og:title\" content=\"Hanna Sieviaryniec \u2013 \u0422\u043e\u0435, \u0448\u0442\u043e \u0441\u043a\u0430\u0437\u0430\u043b\u0430\u0441\u044f \u0432\u0435\u0440\u0448\u0430\u043c (What was said as a poem) - hochroth minsk\" \/>\n<meta property=\"og:description\" content=\"This poetry book turned out to be a sincere and, so to speak, &quot;undisguised&quot; narrative about oneself and the time. Language: Belarusian\" \/>\n<meta property=\"og:url\" content=\"https:\/\/minsk.hochroth.eu\/en\/product\/hanna-sieviaryniec-\u0442\u043e\u0435-\u0448\u0442\u043e-\u0441\u043a\u0430\u0437\u0430\u043b\u0430\u0441\u044f-\u0432\u0435\u0440\u0448\u0430\u043c-what-turned-out-to-be-a-poem\/\" \/>\n<meta property=\"og:site_name\" content=\"hochroth minsk\" \/>\n<meta property=\"article:modified_time\" content=\"2024-06-11T09:00:40+00:00\" \/>\n<meta property=\"og:image\" content=\"https:\/\/minsk.hochroth.eu\/wp-content\/uploads\/2024\/05\/Sevyarinec.jpeg\" \/>\n\t<meta property=\"og:image:width\" content=\"845\" \/>\n\t<meta property=\"og:image:height\" content=\"1128\" \/>\n\t<meta property=\"og:image:type\" content=\"image\/jpeg\" \/>\n<meta name=\"twitter:card\" content=\"summary_large_image\" \/>\n<meta name=\"twitter:label1\" content=\"Estimated reading time\" \/>\n\t<meta name=\"twitter:data1\" content=\"2 minutes\" \/>\n<script type=\"application\/ld+json\" class=\"yoast-schema-graph\">{\"@context\":\"https:\\\/\\\/schema.org\",\"@graph\":[{\"@type\":\"WebPage\",\"@id\":\"https:\\\/\\\/minsk.hochroth.eu\\\/product\\\/hanna-sieviaryniec-%d1%82%d0%be%d0%b5-%d1%88%d1%82%d0%be-%d1%81%d0%ba%d0%b0%d0%b7%d0%b0%d0%bb%d0%b0%d1%81%d1%8f-%d0%b2%d0%b5%d1%80%d1%88%d0%b0%d0%bc-what-turned-out-to-be-a-poem\\\/\",\"url\":\"https:\\\/\\\/minsk.hochroth.eu\\\/product\\\/hanna-sieviaryniec-%d1%82%d0%be%d0%b5-%d1%88%d1%82%d0%be-%d1%81%d0%ba%d0%b0%d0%b7%d0%b0%d0%bb%d0%b0%d1%81%d1%8f-%d0%b2%d0%b5%d1%80%d1%88%d0%b0%d0%bc-what-turned-out-to-be-a-poem\\\/\",\"name\":\"Hanna Sieviaryniec \u2013 \u0422\u043e\u0435, \u0448\u0442\u043e \u0441\u043a\u0430\u0437\u0430\u043b\u0430\u0441\u044f \u0432\u0435\u0440\u0448\u0430\u043c (What was said as a poem) - hochroth minsk\",\"isPartOf\":{\"@id\":\"https:\\\/\\\/minsk.hochroth.eu\\\/#website\"},\"primaryImageOfPage\":{\"@id\":\"https:\\\/\\\/minsk.hochroth.eu\\\/product\\\/hanna-sieviaryniec-%d1%82%d0%be%d0%b5-%d1%88%d1%82%d0%be-%d1%81%d0%ba%d0%b0%d0%b7%d0%b0%d0%bb%d0%b0%d1%81%d1%8f-%d0%b2%d0%b5%d1%80%d1%88%d0%b0%d0%bc-what-turned-out-to-be-a-poem\\\/#primaryimage\"},\"image\":{\"@id\":\"https:\\\/\\\/minsk.hochroth.eu\\\/product\\\/hanna-sieviaryniec-%d1%82%d0%be%d0%b5-%d1%88%d1%82%d0%be-%d1%81%d0%ba%d0%b0%d0%b7%d0%b0%d0%bb%d0%b0%d1%81%d1%8f-%d0%b2%d0%b5%d1%80%d1%88%d0%b0%d0%bc-what-turned-out-to-be-a-poem\\\/#primaryimage\"},\"thumbnailUrl\":\"https:\\\/\\\/minsk.hochroth.eu\\\/wp-content\\\/uploads\\\/2024\\\/05\\\/Sevyarinec.jpeg\",\"datePublished\":\"2024-05-11T12:09:06+00:00\",\"dateModified\":\"2024-06-11T09:00:40+00:00\",\"breadcrumb\":{\"@id\":\"https:\\\/\\\/minsk.hochroth.eu\\\/product\\\/hanna-sieviaryniec-%d1%82%d0%be%d0%b5-%d1%88%d1%82%d0%be-%d1%81%d0%ba%d0%b0%d0%b7%d0%b0%d0%bb%d0%b0%d1%81%d1%8f-%d0%b2%d0%b5%d1%80%d1%88%d0%b0%d0%bc-what-turned-out-to-be-a-poem\\\/#breadcrumb\"},\"inLanguage\":\"en-GB\",\"potentialAction\":[{\"@type\":\"ReadAction\",\"target\":[\"https:\\\/\\\/minsk.hochroth.eu\\\/product\\\/hanna-sieviaryniec-%d1%82%d0%be%d0%b5-%d1%88%d1%82%d0%be-%d1%81%d0%ba%d0%b0%d0%b7%d0%b0%d0%bb%d0%b0%d1%81%d1%8f-%d0%b2%d0%b5%d1%80%d1%88%d0%b0%d0%bc-what-turned-out-to-be-a-poem\\\/\"]}]},{\"@type\":\"ImageObject\",\"inLanguage\":\"en-GB\",\"@id\":\"https:\\\/\\\/minsk.hochroth.eu\\\/product\\\/hanna-sieviaryniec-%d1%82%d0%be%d0%b5-%d1%88%d1%82%d0%be-%d1%81%d0%ba%d0%b0%d0%b7%d0%b0%d0%bb%d0%b0%d1%81%d1%8f-%d0%b2%d0%b5%d1%80%d1%88%d0%b0%d0%bc-what-turned-out-to-be-a-poem\\\/#primaryimage\",\"url\":\"https:\\\/\\\/minsk.hochroth.eu\\\/wp-content\\\/uploads\\\/2024\\\/05\\\/Sevyarinec.jpeg\",\"contentUrl\":\"https:\\\/\\\/minsk.hochroth.eu\\\/wp-content\\\/uploads\\\/2024\\\/05\\\/Sevyarinec.jpeg\",\"width\":845,\"height\":1128},{\"@type\":\"BreadcrumbList\",\"@id\":\"https:\\\/\\\/minsk.hochroth.eu\\\/product\\\/hanna-sieviaryniec-%d1%82%d0%be%d0%b5-%d1%88%d1%82%d0%be-%d1%81%d0%ba%d0%b0%d0%b7%d0%b0%d0%bb%d0%b0%d1%81%d1%8f-%d0%b2%d0%b5%d1%80%d1%88%d0%b0%d0%bc-what-turned-out-to-be-a-poem\\\/#breadcrumb\",\"itemListElement\":[{\"@type\":\"ListItem\",\"position\":1,\"name\":\"Startseite\",\"item\":\"https:\\\/\\\/minsk.hochroth.eu\\\/\"},{\"@type\":\"ListItem\",\"position\":2,\"name\":\"Shop\",\"item\":\"https:\\\/\\\/minsk.hochroth.eu\\\/shop\\\/\"},{\"@type\":\"ListItem\",\"position\":3,\"name\":\"Hanna Sieviaryniec \u2013 \u0422\u043e\u0435, \u0448\u0442\u043e \u0441\u043a\u0430\u0437\u0430\u043b\u0430\u0441\u044f \u0432\u0435\u0440\u0448\u0430\u043c (What was said as a poem)\"}]},{\"@type\":\"WebSite\",\"@id\":\"https:\\\/\\\/minsk.hochroth.eu\\\/#website\",\"url\":\"https:\\\/\\\/minsk.hochroth.eu\\\/\",\"name\":\"hochroth m\u0456\u043d\u0441\u043a\",\"description\":\"\",\"publisher\":{\"@id\":\"https:\\\/\\\/minsk.hochroth.eu\\\/#organization\"},\"potentialAction\":[{\"@type\":\"SearchAction\",\"target\":{\"@type\":\"EntryPoint\",\"urlTemplate\":\"https:\\\/\\\/minsk.hochroth.eu\\\/?s={search_term_string}\"},\"query-input\":{\"@type\":\"PropertyValueSpecification\",\"valueRequired\":true,\"valueName\":\"search_term_string\"}}],\"inLanguage\":\"en-GB\"},{\"@type\":\"Organization\",\"@id\":\"https:\\\/\\\/minsk.hochroth.eu\\\/#organization\",\"name\":\"hochroth verlag\",\"url\":\"https:\\\/\\\/minsk.hochroth.eu\\\/\",\"logo\":{\"@type\":\"ImageObject\",\"inLanguage\":\"en-GB\",\"@id\":\"https:\\\/\\\/minsk.hochroth.eu\\\/#\\\/schema\\\/logo\\\/image\\\/\",\"url\":\"https:\\\/\\\/minsk.hochroth.eu\\\/wp-content\\\/uploads\\\/2021\\\/12\\\/211208_hochroth_fb.png\",\"contentUrl\":\"https:\\\/\\\/minsk.hochroth.eu\\\/wp-content\\\/uploads\\\/2021\\\/12\\\/211208_hochroth_fb.png\",\"width\":1200,\"height\":630,\"caption\":\"hochroth verlag\"},\"image\":{\"@id\":\"https:\\\/\\\/minsk.hochroth.eu\\\/#\\\/schema\\\/logo\\\/image\\\/\"}}]}<\/script>\n<!-- \/ Yoast SEO plugin. -->","yoast_head_json":{"title":"Hanna Sieviaryniec \u2013 \u0422\u043e\u0435, \u0448\u0442\u043e \u0441\u043a\u0430\u0437\u0430\u043b\u0430\u0441\u044f \u0432\u0435\u0440\u0448\u0430\u043c (What was said as a poem) - hochroth minsk","robots":{"index":"index","follow":"follow","max-snippet":"max-snippet:-1","max-image-preview":"max-image-preview:large","max-video-preview":"max-video-preview:-1"},"canonical":"https:\/\/minsk.hochroth.eu\/en\/product\/hanna-sieviaryniec-\u0442\u043e\u0435-\u0448\u0442\u043e-\u0441\u043a\u0430\u0437\u0430\u043b\u0430\u0441\u044f-\u0432\u0435\u0440\u0448\u0430\u043c-what-turned-out-to-be-a-poem\/","og_locale":"en_GB","og_type":"article","og_title":"Hanna Sieviaryniec \u2013 \u0422\u043e\u0435, \u0448\u0442\u043e \u0441\u043a\u0430\u0437\u0430\u043b\u0430\u0441\u044f \u0432\u0435\u0440\u0448\u0430\u043c (What was said as a poem) - hochroth minsk","og_description":"This poetry book turned out to be a sincere and, so to speak, \"undisguised\" narrative about oneself and the time. Language: Belarusian","og_url":"https:\/\/minsk.hochroth.eu\/en\/product\/hanna-sieviaryniec-\u0442\u043e\u0435-\u0448\u0442\u043e-\u0441\u043a\u0430\u0437\u0430\u043b\u0430\u0441\u044f-\u0432\u0435\u0440\u0448\u0430\u043c-what-turned-out-to-be-a-poem\/","og_site_name":"hochroth minsk","article_modified_time":"2024-06-11T09:00:40+00:00","og_image":[{"width":845,"height":1128,"url":"https:\/\/minsk.hochroth.eu\/wp-content\/uploads\/2024\/05\/Sevyarinec.jpeg","type":"image\/jpeg"}],"twitter_card":"summary_large_image","twitter_misc":{"Estimated reading time":"2 minutes"},"schema":{"@context":"https:\/\/schema.org","@graph":[{"@type":"WebPage","@id":"https:\/\/minsk.hochroth.eu\/product\/hanna-sieviaryniec-%d1%82%d0%be%d0%b5-%d1%88%d1%82%d0%be-%d1%81%d0%ba%d0%b0%d0%b7%d0%b0%d0%bb%d0%b0%d1%81%d1%8f-%d0%b2%d0%b5%d1%80%d1%88%d0%b0%d0%bc-what-turned-out-to-be-a-poem\/","url":"https:\/\/minsk.hochroth.eu\/product\/hanna-sieviaryniec-%d1%82%d0%be%d0%b5-%d1%88%d1%82%d0%be-%d1%81%d0%ba%d0%b0%d0%b7%d0%b0%d0%bb%d0%b0%d1%81%d1%8f-%d0%b2%d0%b5%d1%80%d1%88%d0%b0%d0%bc-what-turned-out-to-be-a-poem\/","name":"Hanna Sieviaryniec \u2013 \u0422\u043e\u0435, \u0448\u0442\u043e \u0441\u043a\u0430\u0437\u0430\u043b\u0430\u0441\u044f \u0432\u0435\u0440\u0448\u0430\u043c (What was said as a poem) - hochroth minsk","isPartOf":{"@id":"https:\/\/minsk.hochroth.eu\/#website"},"primaryImageOfPage":{"@id":"https:\/\/minsk.hochroth.eu\/product\/hanna-sieviaryniec-%d1%82%d0%be%d0%b5-%d1%88%d1%82%d0%be-%d1%81%d0%ba%d0%b0%d0%b7%d0%b0%d0%bb%d0%b0%d1%81%d1%8f-%d0%b2%d0%b5%d1%80%d1%88%d0%b0%d0%bc-what-turned-out-to-be-a-poem\/#primaryimage"},"image":{"@id":"https:\/\/minsk.hochroth.eu\/product\/hanna-sieviaryniec-%d1%82%d0%be%d0%b5-%d1%88%d1%82%d0%be-%d1%81%d0%ba%d0%b0%d0%b7%d0%b0%d0%bb%d0%b0%d1%81%d1%8f-%d0%b2%d0%b5%d1%80%d1%88%d0%b0%d0%bc-what-turned-out-to-be-a-poem\/#primaryimage"},"thumbnailUrl":"https:\/\/minsk.hochroth.eu\/wp-content\/uploads\/2024\/05\/Sevyarinec.jpeg","datePublished":"2024-05-11T12:09:06+00:00","dateModified":"2024-06-11T09:00:40+00:00","breadcrumb":{"@id":"https:\/\/minsk.hochroth.eu\/product\/hanna-sieviaryniec-%d1%82%d0%be%d0%b5-%d1%88%d1%82%d0%be-%d1%81%d0%ba%d0%b0%d0%b7%d0%b0%d0%bb%d0%b0%d1%81%d1%8f-%d0%b2%d0%b5%d1%80%d1%88%d0%b0%d0%bc-what-turned-out-to-be-a-poem\/#breadcrumb"},"inLanguage":"en-GB","potentialAction":[{"@type":"ReadAction","target":["https:\/\/minsk.hochroth.eu\/product\/hanna-sieviaryniec-%d1%82%d0%be%d0%b5-%d1%88%d1%82%d0%be-%d1%81%d0%ba%d0%b0%d0%b7%d0%b0%d0%bb%d0%b0%d1%81%d1%8f-%d0%b2%d0%b5%d1%80%d1%88%d0%b0%d0%bc-what-turned-out-to-be-a-poem\/"]}]},{"@type":"ImageObject","inLanguage":"en-GB","@id":"https:\/\/minsk.hochroth.eu\/product\/hanna-sieviaryniec-%d1%82%d0%be%d0%b5-%d1%88%d1%82%d0%be-%d1%81%d0%ba%d0%b0%d0%b7%d0%b0%d0%bb%d0%b0%d1%81%d1%8f-%d0%b2%d0%b5%d1%80%d1%88%d0%b0%d0%bc-what-turned-out-to-be-a-poem\/#primaryimage","url":"https:\/\/minsk.hochroth.eu\/wp-content\/uploads\/2024\/05\/Sevyarinec.jpeg","contentUrl":"https:\/\/minsk.hochroth.eu\/wp-content\/uploads\/2024\/05\/Sevyarinec.jpeg","width":845,"height":1128},{"@type":"BreadcrumbList","@id":"https:\/\/minsk.hochroth.eu\/product\/hanna-sieviaryniec-%d1%82%d0%be%d0%b5-%d1%88%d1%82%d0%be-%d1%81%d0%ba%d0%b0%d0%b7%d0%b0%d0%bb%d0%b0%d1%81%d1%8f-%d0%b2%d0%b5%d1%80%d1%88%d0%b0%d0%bc-what-turned-out-to-be-a-poem\/#breadcrumb","itemListElement":[{"@type":"ListItem","position":1,"name":"Startseite","item":"https:\/\/minsk.hochroth.eu\/"},{"@type":"ListItem","position":2,"name":"Shop","item":"https:\/\/minsk.hochroth.eu\/shop\/"},{"@type":"ListItem","position":3,"name":"Hanna Sieviaryniec \u2013 \u0422\u043e\u0435, \u0448\u0442\u043e \u0441\u043a\u0430\u0437\u0430\u043b\u0430\u0441\u044f \u0432\u0435\u0440\u0448\u0430\u043c (What was said as a poem)"}]},{"@type":"WebSite","@id":"https:\/\/minsk.hochroth.eu\/#website","url":"https:\/\/minsk.hochroth.eu\/","name":"hochroth m\u0456\u043d\u0441\u043a","description":"","publisher":{"@id":"https:\/\/minsk.hochroth.eu\/#organization"},"potentialAction":[{"@type":"SearchAction","target":{"@type":"EntryPoint","urlTemplate":"https:\/\/minsk.hochroth.eu\/?s={search_term_string}"},"query-input":{"@type":"PropertyValueSpecification","valueRequired":true,"valueName":"search_term_string"}}],"inLanguage":"en-GB"},{"@type":"Organization","@id":"https:\/\/minsk.hochroth.eu\/#organization","name":"hochroth verlag","url":"https:\/\/minsk.hochroth.eu\/","logo":{"@type":"ImageObject","inLanguage":"en-GB","@id":"https:\/\/minsk.hochroth.eu\/#\/schema\/logo\/image\/","url":"https:\/\/minsk.hochroth.eu\/wp-content\/uploads\/2021\/12\/211208_hochroth_fb.png","contentUrl":"https:\/\/minsk.hochroth.eu\/wp-content\/uploads\/2021\/12\/211208_hochroth_fb.png","width":1200,"height":630,"caption":"hochroth verlag"},"image":{"@id":"https:\/\/minsk.hochroth.eu\/#\/schema\/logo\/image\/"}}]}},"_links":{"self":[{"href":"https:\/\/minsk.hochroth.eu\/en\/wp-json\/wp\/v2\/product\/8763","targetHints":{"allow":["GET"]}}],"collection":[{"href":"https:\/\/minsk.hochroth.eu\/en\/wp-json\/wp\/v2\/product"}],"about":[{"href":"https:\/\/minsk.hochroth.eu\/en\/wp-json\/wp\/v2\/types\/product"}],"wp:featuredmedia":[{"embeddable":true,"href":"https:\/\/minsk.hochroth.eu\/en\/wp-json\/wp\/v2\/media\/8973"}],"wp:attachment":[{"href":"https:\/\/minsk.hochroth.eu\/en\/wp-json\/wp\/v2\/media?parent=8763"}],"wp:term":[{"taxonomy":"product_brand","embeddable":true,"href":"https:\/\/minsk.hochroth.eu\/en\/wp-json\/wp\/v2\/product_brand?post=8763"},{"taxonomy":"product_cat","embeddable":true,"href":"https:\/\/minsk.hochroth.eu\/en\/wp-json\/wp\/v2\/product_cat?post=8763"},{"taxonomy":"product_tag","embeddable":true,"href":"https:\/\/minsk.hochroth.eu\/en\/wp-json\/wp\/v2\/product_tag?post=8763"}],"curies":[{"name":"wp","href":"https:\/\/api.w.org\/{rel}","templated":true}]}}