{"id":8762,"date":"2024-05-11T11:51:12","date_gmt":"2024-05-11T11:51:12","guid":{"rendered":"https:\/\/minsk.hochroth.eu\/?post_type=product&#038;p=8762"},"modified":"2024-06-11T08:58:46","modified_gmt":"2024-06-11T08:58:46","slug":"nastya-kudasava-%d1%8f-%d0%bf%d1%80%d0%b0%d1%86%d1%8f%d0%b3%d0%b2%d0%b0%d1%8e-i-continue-2","status":"publish","type":"product","link":"https:\/\/minsk.hochroth.eu\/en\/product\/nastya-kudasava-%d1%8f-%d0%bf%d1%80%d0%b0%d1%86%d1%8f%d0%b3%d0%b2%d0%b0%d1%8e-i-continue-2\/","title":{"rendered":"Nastya Kudasava \u2013 \u042f \u043f\u0440\u0430\u0446\u044f\u0433\u0432\u0430\u044e (I continue)"},"content":{"rendered":"<h6 class=\"p1\">Nastya Kudasava \u2013 \u042f \u043f\u0440\u0430\u0446\u044f\u0433\u0432\u0430\u044e (I continue)<br \/>\nIllustration: Volha Prankievi\u010d<br \/>\nhochroth Minsk<br \/>\nBerlin, 2023<br \/>\nISBN 978-3-949850-16-5<br \/>\nLanguage: Belarusian<\/h6>\n<p class=\"p1\">The book includes poems written from August 20, 2020 to December 26, 2022.<\/p>\n<p class=\"p1\">Similar to \u201cI get out\u201d, \u201cI continue\u201d is a call that references both the famous Belarusian meme of 2020 and poetic inspiration, personal and civic pain. The title of the new poetry book by Nasta Kudasava reflects the time when the poems were written \u2013 from August 20, 2020, to December 26, 2022. These are probably the darkest pages in the history of post-Soviet Belarus.<\/p>\n<p class=\"p1\">These times are transferred to the coordinates of eternity by a classical poetic form and unique intonation. In it the motifs of the Silver Age of Russian poetry and the traditions of national folklore, the references to the Bible and the pagan incantations are intertwined. Of course, the visual decoration made by the artist Volha Prankievi\u010d plays its role, too.<\/p>\n<p class=\"p1\">At the same time, something new can be seen in the author\u2019s creative style. There are bright social notes that invade the lyrical diary, reminding about the violence and terror. There is also the existential stoicism, tense waiting and responsibility for Life. The latter seems very important (if not the main) for the protagonist \u2013 the woman feeling the need to protect the World.<\/p>\n<p class=\"p2\"><b>Nasta Kudasava<\/b>\u00a0is the Belarusian poet and translator. She was born on May 25, 1984, in Raha\u010do\u016d, Homiel region. Author of the books of poetry \u201c\u041b\u0456\u0441\u0446\u0435 \u043c\u0430\u0456\u0445 \u0440\u0443\u043a\u201d (\u201cLeaves of my hands\u201d, 2006), \u201c\u0420\u044b\u0431\u044b\u201d (\u201cFish\u201d, 2013), \u201c\u041c\u0430\u0451 \u043d\u0435\u0432\u044b\u043c\u0430\u045e\u043b\u044f\u201d (\u201cMy unspoken\u201d, 2016), \u201c\u0412\u044f\u0441\u043d\u0430. \u0412\u0443\u0441\u043d\u0430\u043c \u0446\u0435\u0441\u043d\u0430\u201d (\u201cSpring. No space for mouth\u201d, 2021), \u201c\u041f\u043e\u0431\u0430\u0447\u201d (\u201cNearby\u201d, 2022). Translates poetry from Russian, Ukrainian and Udmurt into Belarusian. Kudasava received the Belarusian PEN-Center \u201cBook of the Year-2016\u201d award for \u201c\u041c\u0430\u0451 \u043d\u0435\u0432\u044b\u043c\u0430\u045e\u043b\u044f\u201d, the \u201c\u041f\u0440\u0430\u0437\u0440\u044b\u0441\u0442\u044b \u042d\u043e\u043b\u201d award (2018) in the nomination \u201cThe best poetic publication of the year\u201d, the Micha\u015b Stralco\u016d literary award (2021). Winner of the Magdalena Radziwi\u0142\u0142 scholarship for female writers and translators (2018), laureate of the first U\u0142adzimir Karatkievi\u010d festival (2019). The poems have been translated into Polish, Czech, Ukrainian, Lithuanian and other languages.<\/p>\n","protected":false},"excerpt":{"rendered":"<p>The book includes poems written from August 20, 2020 to December 26, 2022. These are probably the darkest pages in the history of post-Soviet Belarus. Language: Belarusian<\/p>\n","protected":false},"featured_media":8972,"template":"","meta":{"_themeisle_gutenberg_block_has_review":false},"product_brand":[],"product_cat":[644],"product_tag":[],"class_list":{"0":"post-8762","1":"product","2":"type-product","3":"status-publish","4":"has-post-thumbnail","6":"product_cat-nasta-kudasava","8":"first","9":"instock","10":"shipping-taxable","11":"purchasable","12":"product-type-simple"},"yoast_head":"<!-- This site is optimized with the Yoast SEO plugin v27.3 - https:\/\/yoast.com\/product\/yoast-seo-wordpress\/ -->\n<title>Nastya Kudasava \u2013 \u042f \u043f\u0440\u0430\u0446\u044f\u0433\u0432\u0430\u044e (I continue) - hochroth minsk<\/title>\n<meta name=\"robots\" content=\"index, follow, max-snippet:-1, max-image-preview:large, max-video-preview:-1\" \/>\n<link rel=\"canonical\" href=\"https:\/\/minsk.hochroth.eu\/en\/product\/nastya-kudasava-\u044f-\u043f\u0440\u0430\u0446\u044f\u0433\u0432\u0430\u044e-i-continue-2\/\" \/>\n<meta property=\"og:locale\" content=\"en_GB\" \/>\n<meta property=\"og:type\" content=\"article\" \/>\n<meta property=\"og:title\" content=\"Nastya Kudasava \u2013 \u042f \u043f\u0440\u0430\u0446\u044f\u0433\u0432\u0430\u044e (I continue) - hochroth minsk\" \/>\n<meta property=\"og:description\" content=\"The book includes poems written from August 20, 2020 to December 26, 2022. These are probably the darkest pages in the history of post-Soviet Belarus. Language: Belarusian\" \/>\n<meta property=\"og:url\" content=\"https:\/\/minsk.hochroth.eu\/en\/product\/nastya-kudasava-\u044f-\u043f\u0440\u0430\u0446\u044f\u0433\u0432\u0430\u044e-i-continue-2\/\" \/>\n<meta property=\"og:site_name\" content=\"hochroth minsk\" \/>\n<meta property=\"article:modified_time\" content=\"2024-06-11T08:58:46+00:00\" \/>\n<meta property=\"og:image\" content=\"https:\/\/minsk.hochroth.eu\/wp-content\/uploads\/2024\/05\/Kudasava_illustration2-1.jpeg\" \/>\n\t<meta property=\"og:image:width\" content=\"486\" \/>\n\t<meta property=\"og:image:height\" content=\"648\" \/>\n\t<meta property=\"og:image:type\" content=\"image\/jpeg\" \/>\n<meta name=\"twitter:card\" content=\"summary_large_image\" \/>\n<meta name=\"twitter:label1\" content=\"Estimated reading time\" \/>\n\t<meta name=\"twitter:data1\" content=\"2 minutes\" \/>\n<script type=\"application\/ld+json\" class=\"yoast-schema-graph\">{\"@context\":\"https:\\\/\\\/schema.org\",\"@graph\":[{\"@type\":\"WebPage\",\"@id\":\"https:\\\/\\\/minsk.hochroth.eu\\\/product\\\/nastya-kudasava-%d1%8f-%d0%bf%d1%80%d0%b0%d1%86%d1%8f%d0%b3%d0%b2%d0%b0%d1%8e-i-continue-2\\\/\",\"url\":\"https:\\\/\\\/minsk.hochroth.eu\\\/product\\\/nastya-kudasava-%d1%8f-%d0%bf%d1%80%d0%b0%d1%86%d1%8f%d0%b3%d0%b2%d0%b0%d1%8e-i-continue-2\\\/\",\"name\":\"Nastya Kudasava \u2013 \u042f \u043f\u0440\u0430\u0446\u044f\u0433\u0432\u0430\u044e (I continue) - hochroth minsk\",\"isPartOf\":{\"@id\":\"https:\\\/\\\/minsk.hochroth.eu\\\/#website\"},\"primaryImageOfPage\":{\"@id\":\"https:\\\/\\\/minsk.hochroth.eu\\\/product\\\/nastya-kudasava-%d1%8f-%d0%bf%d1%80%d0%b0%d1%86%d1%8f%d0%b3%d0%b2%d0%b0%d1%8e-i-continue-2\\\/#primaryimage\"},\"image\":{\"@id\":\"https:\\\/\\\/minsk.hochroth.eu\\\/product\\\/nastya-kudasava-%d1%8f-%d0%bf%d1%80%d0%b0%d1%86%d1%8f%d0%b3%d0%b2%d0%b0%d1%8e-i-continue-2\\\/#primaryimage\"},\"thumbnailUrl\":\"https:\\\/\\\/minsk.hochroth.eu\\\/wp-content\\\/uploads\\\/2024\\\/05\\\/Kudasava_illustration2-1.jpeg\",\"datePublished\":\"2024-05-11T11:51:12+00:00\",\"dateModified\":\"2024-06-11T08:58:46+00:00\",\"breadcrumb\":{\"@id\":\"https:\\\/\\\/minsk.hochroth.eu\\\/product\\\/nastya-kudasava-%d1%8f-%d0%bf%d1%80%d0%b0%d1%86%d1%8f%d0%b3%d0%b2%d0%b0%d1%8e-i-continue-2\\\/#breadcrumb\"},\"inLanguage\":\"en-GB\",\"potentialAction\":[{\"@type\":\"ReadAction\",\"target\":[\"https:\\\/\\\/minsk.hochroth.eu\\\/product\\\/nastya-kudasava-%d1%8f-%d0%bf%d1%80%d0%b0%d1%86%d1%8f%d0%b3%d0%b2%d0%b0%d1%8e-i-continue-2\\\/\"]}]},{\"@type\":\"ImageObject\",\"inLanguage\":\"en-GB\",\"@id\":\"https:\\\/\\\/minsk.hochroth.eu\\\/product\\\/nastya-kudasava-%d1%8f-%d0%bf%d1%80%d0%b0%d1%86%d1%8f%d0%b3%d0%b2%d0%b0%d1%8e-i-continue-2\\\/#primaryimage\",\"url\":\"https:\\\/\\\/minsk.hochroth.eu\\\/wp-content\\\/uploads\\\/2024\\\/05\\\/Kudasava_illustration2-1.jpeg\",\"contentUrl\":\"https:\\\/\\\/minsk.hochroth.eu\\\/wp-content\\\/uploads\\\/2024\\\/05\\\/Kudasava_illustration2-1.jpeg\",\"width\":486,\"height\":648},{\"@type\":\"BreadcrumbList\",\"@id\":\"https:\\\/\\\/minsk.hochroth.eu\\\/product\\\/nastya-kudasava-%d1%8f-%d0%bf%d1%80%d0%b0%d1%86%d1%8f%d0%b3%d0%b2%d0%b0%d1%8e-i-continue-2\\\/#breadcrumb\",\"itemListElement\":[{\"@type\":\"ListItem\",\"position\":1,\"name\":\"Startseite\",\"item\":\"https:\\\/\\\/minsk.hochroth.eu\\\/\"},{\"@type\":\"ListItem\",\"position\":2,\"name\":\"Shop\",\"item\":\"https:\\\/\\\/minsk.hochroth.eu\\\/shop\\\/\"},{\"@type\":\"ListItem\",\"position\":3,\"name\":\"Nastya Kudasava \u2013 \u042f \u043f\u0440\u0430\u0446\u044f\u0433\u0432\u0430\u044e (I continue)\"}]},{\"@type\":\"WebSite\",\"@id\":\"https:\\\/\\\/minsk.hochroth.eu\\\/#website\",\"url\":\"https:\\\/\\\/minsk.hochroth.eu\\\/\",\"name\":\"hochroth m\u0456\u043d\u0441\u043a\",\"description\":\"\",\"publisher\":{\"@id\":\"https:\\\/\\\/minsk.hochroth.eu\\\/#organization\"},\"potentialAction\":[{\"@type\":\"SearchAction\",\"target\":{\"@type\":\"EntryPoint\",\"urlTemplate\":\"https:\\\/\\\/minsk.hochroth.eu\\\/?s={search_term_string}\"},\"query-input\":{\"@type\":\"PropertyValueSpecification\",\"valueRequired\":true,\"valueName\":\"search_term_string\"}}],\"inLanguage\":\"en-GB\"},{\"@type\":\"Organization\",\"@id\":\"https:\\\/\\\/minsk.hochroth.eu\\\/#organization\",\"name\":\"hochroth verlag\",\"url\":\"https:\\\/\\\/minsk.hochroth.eu\\\/\",\"logo\":{\"@type\":\"ImageObject\",\"inLanguage\":\"en-GB\",\"@id\":\"https:\\\/\\\/minsk.hochroth.eu\\\/#\\\/schema\\\/logo\\\/image\\\/\",\"url\":\"https:\\\/\\\/minsk.hochroth.eu\\\/wp-content\\\/uploads\\\/2021\\\/12\\\/211208_hochroth_fb.png\",\"contentUrl\":\"https:\\\/\\\/minsk.hochroth.eu\\\/wp-content\\\/uploads\\\/2021\\\/12\\\/211208_hochroth_fb.png\",\"width\":1200,\"height\":630,\"caption\":\"hochroth verlag\"},\"image\":{\"@id\":\"https:\\\/\\\/minsk.hochroth.eu\\\/#\\\/schema\\\/logo\\\/image\\\/\"}}]}<\/script>\n<!-- \/ Yoast SEO plugin. -->","yoast_head_json":{"title":"Nastya Kudasava \u2013 \u042f \u043f\u0440\u0430\u0446\u044f\u0433\u0432\u0430\u044e (I continue) - hochroth minsk","robots":{"index":"index","follow":"follow","max-snippet":"max-snippet:-1","max-image-preview":"max-image-preview:large","max-video-preview":"max-video-preview:-1"},"canonical":"https:\/\/minsk.hochroth.eu\/en\/product\/nastya-kudasava-\u044f-\u043f\u0440\u0430\u0446\u044f\u0433\u0432\u0430\u044e-i-continue-2\/","og_locale":"en_GB","og_type":"article","og_title":"Nastya Kudasava \u2013 \u042f \u043f\u0440\u0430\u0446\u044f\u0433\u0432\u0430\u044e (I continue) - hochroth minsk","og_description":"The book includes poems written from August 20, 2020 to December 26, 2022. These are probably the darkest pages in the history of post-Soviet Belarus. Language: Belarusian","og_url":"https:\/\/minsk.hochroth.eu\/en\/product\/nastya-kudasava-\u044f-\u043f\u0440\u0430\u0446\u044f\u0433\u0432\u0430\u044e-i-continue-2\/","og_site_name":"hochroth minsk","article_modified_time":"2024-06-11T08:58:46+00:00","og_image":[{"width":486,"height":648,"url":"https:\/\/minsk.hochroth.eu\/wp-content\/uploads\/2024\/05\/Kudasava_illustration2-1.jpeg","type":"image\/jpeg"}],"twitter_card":"summary_large_image","twitter_misc":{"Estimated reading time":"2 minutes"},"schema":{"@context":"https:\/\/schema.org","@graph":[{"@type":"WebPage","@id":"https:\/\/minsk.hochroth.eu\/product\/nastya-kudasava-%d1%8f-%d0%bf%d1%80%d0%b0%d1%86%d1%8f%d0%b3%d0%b2%d0%b0%d1%8e-i-continue-2\/","url":"https:\/\/minsk.hochroth.eu\/product\/nastya-kudasava-%d1%8f-%d0%bf%d1%80%d0%b0%d1%86%d1%8f%d0%b3%d0%b2%d0%b0%d1%8e-i-continue-2\/","name":"Nastya Kudasava \u2013 \u042f \u043f\u0440\u0430\u0446\u044f\u0433\u0432\u0430\u044e (I continue) - hochroth minsk","isPartOf":{"@id":"https:\/\/minsk.hochroth.eu\/#website"},"primaryImageOfPage":{"@id":"https:\/\/minsk.hochroth.eu\/product\/nastya-kudasava-%d1%8f-%d0%bf%d1%80%d0%b0%d1%86%d1%8f%d0%b3%d0%b2%d0%b0%d1%8e-i-continue-2\/#primaryimage"},"image":{"@id":"https:\/\/minsk.hochroth.eu\/product\/nastya-kudasava-%d1%8f-%d0%bf%d1%80%d0%b0%d1%86%d1%8f%d0%b3%d0%b2%d0%b0%d1%8e-i-continue-2\/#primaryimage"},"thumbnailUrl":"https:\/\/minsk.hochroth.eu\/wp-content\/uploads\/2024\/05\/Kudasava_illustration2-1.jpeg","datePublished":"2024-05-11T11:51:12+00:00","dateModified":"2024-06-11T08:58:46+00:00","breadcrumb":{"@id":"https:\/\/minsk.hochroth.eu\/product\/nastya-kudasava-%d1%8f-%d0%bf%d1%80%d0%b0%d1%86%d1%8f%d0%b3%d0%b2%d0%b0%d1%8e-i-continue-2\/#breadcrumb"},"inLanguage":"en-GB","potentialAction":[{"@type":"ReadAction","target":["https:\/\/minsk.hochroth.eu\/product\/nastya-kudasava-%d1%8f-%d0%bf%d1%80%d0%b0%d1%86%d1%8f%d0%b3%d0%b2%d0%b0%d1%8e-i-continue-2\/"]}]},{"@type":"ImageObject","inLanguage":"en-GB","@id":"https:\/\/minsk.hochroth.eu\/product\/nastya-kudasava-%d1%8f-%d0%bf%d1%80%d0%b0%d1%86%d1%8f%d0%b3%d0%b2%d0%b0%d1%8e-i-continue-2\/#primaryimage","url":"https:\/\/minsk.hochroth.eu\/wp-content\/uploads\/2024\/05\/Kudasava_illustration2-1.jpeg","contentUrl":"https:\/\/minsk.hochroth.eu\/wp-content\/uploads\/2024\/05\/Kudasava_illustration2-1.jpeg","width":486,"height":648},{"@type":"BreadcrumbList","@id":"https:\/\/minsk.hochroth.eu\/product\/nastya-kudasava-%d1%8f-%d0%bf%d1%80%d0%b0%d1%86%d1%8f%d0%b3%d0%b2%d0%b0%d1%8e-i-continue-2\/#breadcrumb","itemListElement":[{"@type":"ListItem","position":1,"name":"Startseite","item":"https:\/\/minsk.hochroth.eu\/"},{"@type":"ListItem","position":2,"name":"Shop","item":"https:\/\/minsk.hochroth.eu\/shop\/"},{"@type":"ListItem","position":3,"name":"Nastya Kudasava \u2013 \u042f \u043f\u0440\u0430\u0446\u044f\u0433\u0432\u0430\u044e (I continue)"}]},{"@type":"WebSite","@id":"https:\/\/minsk.hochroth.eu\/#website","url":"https:\/\/minsk.hochroth.eu\/","name":"hochroth m\u0456\u043d\u0441\u043a","description":"","publisher":{"@id":"https:\/\/minsk.hochroth.eu\/#organization"},"potentialAction":[{"@type":"SearchAction","target":{"@type":"EntryPoint","urlTemplate":"https:\/\/minsk.hochroth.eu\/?s={search_term_string}"},"query-input":{"@type":"PropertyValueSpecification","valueRequired":true,"valueName":"search_term_string"}}],"inLanguage":"en-GB"},{"@type":"Organization","@id":"https:\/\/minsk.hochroth.eu\/#organization","name":"hochroth verlag","url":"https:\/\/minsk.hochroth.eu\/","logo":{"@type":"ImageObject","inLanguage":"en-GB","@id":"https:\/\/minsk.hochroth.eu\/#\/schema\/logo\/image\/","url":"https:\/\/minsk.hochroth.eu\/wp-content\/uploads\/2021\/12\/211208_hochroth_fb.png","contentUrl":"https:\/\/minsk.hochroth.eu\/wp-content\/uploads\/2021\/12\/211208_hochroth_fb.png","width":1200,"height":630,"caption":"hochroth verlag"},"image":{"@id":"https:\/\/minsk.hochroth.eu\/#\/schema\/logo\/image\/"}}]}},"_links":{"self":[{"href":"https:\/\/minsk.hochroth.eu\/en\/wp-json\/wp\/v2\/product\/8762","targetHints":{"allow":["GET"]}}],"collection":[{"href":"https:\/\/minsk.hochroth.eu\/en\/wp-json\/wp\/v2\/product"}],"about":[{"href":"https:\/\/minsk.hochroth.eu\/en\/wp-json\/wp\/v2\/types\/product"}],"wp:featuredmedia":[{"embeddable":true,"href":"https:\/\/minsk.hochroth.eu\/en\/wp-json\/wp\/v2\/media\/8972"}],"wp:attachment":[{"href":"https:\/\/minsk.hochroth.eu\/en\/wp-json\/wp\/v2\/media?parent=8762"}],"wp:term":[{"taxonomy":"product_brand","embeddable":true,"href":"https:\/\/minsk.hochroth.eu\/en\/wp-json\/wp\/v2\/product_brand?post=8762"},{"taxonomy":"product_cat","embeddable":true,"href":"https:\/\/minsk.hochroth.eu\/en\/wp-json\/wp\/v2\/product_cat?post=8762"},{"taxonomy":"product_tag","embeddable":true,"href":"https:\/\/minsk.hochroth.eu\/en\/wp-json\/wp\/v2\/product_tag?post=8762"}],"curies":[{"name":"wp","href":"https:\/\/api.w.org\/{rel}","templated":true}]}}