{"id":4551,"date":"2016-12-02T18:46:26","date_gmt":"2016-12-02T18:46:26","guid":{"rendered":""},"modified":"2024-08-02T07:05:44","modified_gmt":"2024-08-02T07:05:44","slug":"imprint","status":"publish","type":"page","link":"https:\/\/minsk.hochroth.eu\/en\/imprint\/","title":{"rendered":"Imprint"},"content":{"rendered":"<div>The \u201cHochroth Minsk\u201d publishing house was founded as a department of German publishing house \u201cHochroth Verlag\u201d <a href=\"https:\/\/www.hochroth.de\/\">https:\/\/www.hochroth.de\/<\/a><\/div>\n<div>Dmitry Strotsev is responsible for direction \u201cHochroth Minsk\u201d. For all questions, write to us at: <a href=\"mailto:minsk@hochroth.de\">minsk@hochroth.de<\/a><\/div>\n<div>\n<p>hochroth Berlin n. e. V.<br \/>\nKelbraer Str. 5<br \/>\n12059 Berlin<br \/>\nTel. +49 (0)30 40749960 (Vera Kurlenina)<\/p>\n<p><strong>Verantwortlich f\u00fcr den Inhalt der Seite<\/strong>:<\/p>\n<p>Dmitry Strotsev<br \/>\nminsk@hochroth.de<\/p>\n<p><strong>Gestaltung der Seite:<br \/>\n<\/strong><a href=\"http:\/\/www.thedailyfrown.de\/\">Fabian Thomas<\/a><\/p>\n<h3>Haftung f\u00fcr Inhalte<\/h3>\n<p>Obwohl wir uns um Aktualit\u00e4t, Vollst\u00e4ndigkeit und Richtigkeit der Inhalte unserer Seiten bem\u00fchen, k\u00f6nnen wir hierf\u00fcr keine Garantie \u00fcbernehmen.<br \/>\nNach \u00a7 7 Absatz 1 TMG sind wir als Diensteanbieter f\u00fcr eigene Inhalte auf unseren Seiten nach den allgemeinen Gesetzen verantwortlich.<br \/>\nEine Verpflichtung zur \u00dcberwachung \u00fcbermittelter oder gespeicherter fremder Informationen besteht jedoch nicht (\u00a7\u00a7 8-10 TMG). Sobald uns Rechtsverst\u00f6\u00dfe bekannt werden, werden wir die entsprechenden Inhalte umgehend entfernen. Eine dahingehende Haftung wird jedoch erst ab dem Zeitpunkt der Kenntnis konkreter Rechtsverletzungen \u00fcbernommen.<\/p>\n<h3>Haftung f\u00fcr Links<\/h3>\n<p>Unsere Seiten enthalten Links auf externe Webseiten Dritter. Auf die Inhalte dieser direkt oder indirekt verlinkten Webseiten haben wir keinen Einfluss. F\u00fcr die Richtigkeit der Inhalte ist immer der jeweilige Anbieter oder Betreiber verantwortlich, weshalb wir diesbez\u00fcglich keinerlei Gew\u00e4hr \u00fcbernehmen.<\/p>\n<p>Die fremden Webseiten haben wir zum Zeitpunkt der Verlinkung auf m\u00f6gliche Rechtsverst\u00f6\u00dfe \u00fcberpr\u00fcft. Zum Zeitpunkt der Verlinkung waren keinerlei Rechtsverletzungen erkennbar. Eine st\u00e4ndige \u00dcberpr\u00fcfung s\u00e4mtlicher Inhalte der von uns verlinkten Seiten ohne tats\u00e4chliche Anhaltspunkte f\u00fcr einen Rechtsversto\u00df k\u00f6nnen wir nicht leisten. Falls uns Rechtsverletzungen bekannt werden, werden wir die entsprechenden Links sofort entfernen.<\/p>\n<h3>Urheberrecht<\/h3>\n<p>Die durch den Betreiber dieser Seite erstellten Inhalte und Werke auf diesen Webseiten unterliegen dem deutschen Urheberrecht. S\u00e4mtliche Beitr\u00e4ge Dritter sind als solche gekennzeichnet. Die Vervielf\u00e4ltigung, Bearbeitung, Verbreitung und jede Art der Verwertung au\u00dferhalb der Grenzen des Urheberrechts bed\u00fcrfen der schriftlichen Zustimmung des jeweiligen Autors bzw. Erstellers. Kopien von diesen Seiten sind nur f\u00fcr den privaten Bereich gestattet, nicht jedoch f\u00fcr kommerzielle Zwecke.<\/p>\n<h3 id=\"datenschutz\">Datenschutz<\/h3>\n<p>F\u00fcr die Sicherheit der Daten\u00fcbertragung im Internet k\u00f6nnen wir keine Gew\u00e4hr \u00fcbernehmen, insbesondere besteht bei der \u00dcbertragung von Daten per E-Mail die Gefahr des Zugriffs durch Dritte.<\/p>\n<p>Im Falle der Erhebung personenbezogener oder gesch\u00e4ftlicher Daten (E-Mail-Adressen, Namen, Anschriften) auf unseren Seiten erfolgt die Preisgabe dieser Daten seitens des Nutzers stets auf freiwilliger Basis. Die Inanspruchnahme und Bezahlung aller angebotenen Dienste ist auch ohne Angabe solcher Daten bzw. unter Angabe anonymisierter Daten oder eines Pseudonyms gestattet, soweit dies technisch m\u00f6glich und zumutbar ist. Eine ausf\u00fchrliche Erkl\u00e4rung zum Datenschutz auf unseren Webseiten finden Sie\u00a0<a href=\"https:\/\/www.hochroth.de\/datenschutzerklaerung\/\">hier<\/a>.<\/p>\n<p>Einer Nutzung der im Impressum ver\u00f6ffentlichten Kontaktdaten durch Dritte zu Werbezwecken wird hiermit ausdr\u00fccklich widersprochen. Der Betreiber beh\u00e4lt sich f\u00fcr den Fall unverlangt zugesandter Werbe- oder Informationsmaterialien ausdr\u00fccklich rechtliche Schritte vor.<\/p>\n<h3>Rechtswirksamkeit dieses Haftungsausschlusses<\/h3>\n<p>Vorstehender Haftungsausschluss ist Teil des Internetangebots, von dem aus auf diese Seite verwiesen wurde. Sollten einzelne Regelungen oder Formulierungen dieses Haftungsausschlusses unwirksam sein oder werden, bleiben die \u00fcbrigen Regelungen in ihrem Inhalt und ihrer G\u00fcltigkeit hiervon unber\u00fchrt.<\/p>\n<p>Quelle:\u00a0<a href=\"http:\/\/www.anwalt-seiten.de\/\">anwalt-seiten.de<\/a><\/p>\n<p>hochroth ist ein europ\u00e4isches Verlagskollektiv mit mehreren eigenst\u00e4ndigen Gruppen. Alle Mitarbeiter arbeiten ehrenamtlich und verfolgen gemeinn\u00fctzige Ziele. hochroth Berlin n.e.V. ist in Berlin gemeldet, ihm wurde die Gemeinn\u00fctzigkeit durch das Finanzamt bescheinigt.<\/p>\n<p>Steuernummer 27\/667\/55569<\/p>\n<\/div>\n<p>Siehe auch<\/p>\n<ul>\n<li><a href=\"https:\/\/minsk.hochroth.eu\/en\/widerrufsrecht\/\">Widerrufsrecht<\/a><\/li>\n<li><a href=\"https:\/\/minsk.hochroth.eu\/en\/general-terms-and-conditions\/\">Allgemeine Gesch\u00e4ftsbedingungen<\/a><\/li>\n<\/ul>\n","protected":false},"excerpt":{"rendered":"<p>The \u201cHochroth Minsk\u201d publishing house was founded as a department of German publishing house \u201cHochroth Verlag\u201d https:\/\/www.hochroth.de\/ Dmitry Strotsev is responsible for direction \u201cHochroth Minsk\u201d. For all questions, write to us at: minsk@hochroth.de hochroth Berlin n. e. V. Kelbraer Str. 5 12059 Berlin Tel. +49 (0)30 40749960 (Vera Kurlenina) Verantwortlich f\u00fcr den Inhalt der Seite: [&hellip;]<\/p>\n","protected":false},"author":2,"featured_media":0,"parent":0,"menu_order":0,"comment_status":"closed","ping_status":"closed","template":"","meta":{"_themeisle_gutenberg_block_has_review":false,"footnotes":""},"class_list":["post-4551","page","type-page","status-publish","hentry"],"blocksy_meta":{"styles_descriptor":{"styles":{"desktop":"","tablet":"","mobile":""},"google_fonts":[],"version":6}},"yoast_head":"<!-- This site is optimized with the Yoast SEO plugin v27.3 - https:\/\/yoast.com\/product\/yoast-seo-wordpress\/ -->\n<title>Imprint - hochroth minsk<\/title>\n<meta name=\"robots\" content=\"index, follow, max-snippet:-1, max-image-preview:large, max-video-preview:-1\" \/>\n<link rel=\"canonical\" href=\"https:\/\/minsk.hochroth.eu\/en\/imprint\/\" \/>\n<meta property=\"og:locale\" content=\"en_GB\" \/>\n<meta property=\"og:type\" content=\"article\" \/>\n<meta property=\"og:title\" content=\"Imprint - hochroth minsk\" \/>\n<meta property=\"og:description\" content=\"The \u201cHochroth Minsk\u201d publishing house was founded as a department of German publishing house \u201cHochroth Verlag\u201d https:\/\/www.hochroth.de\/ Dmitry Strotsev is responsible for direction \u201cHochroth Minsk\u201d. For all questions, write to us at: minsk@hochroth.de hochroth Berlin n. e. V. Kelbraer Str. 5 12059 Berlin Tel. +49 (0)30 40749960 (Vera Kurlenina) Verantwortlich f\u00fcr den Inhalt der Seite: [&hellip;]\" \/>\n<meta property=\"og:url\" content=\"https:\/\/minsk.hochroth.eu\/en\/imprint\/\" \/>\n<meta property=\"og:site_name\" content=\"hochroth minsk\" \/>\n<meta property=\"article:modified_time\" content=\"2024-08-02T07:05:44+00:00\" \/>\n<meta property=\"og:image\" content=\"https:\/\/minsk.hochroth.eu\/wp-content\/uploads\/2021\/12\/211208_hochroth_fb.png\" \/>\n\t<meta property=\"og:image:width\" content=\"1200\" \/>\n\t<meta property=\"og:image:height\" content=\"630\" \/>\n\t<meta property=\"og:image:type\" content=\"image\/png\" \/>\n<meta name=\"twitter:card\" content=\"summary_large_image\" \/>\n<meta name=\"twitter:label1\" content=\"Estimated reading time\" \/>\n\t<meta name=\"twitter:data1\" content=\"3 minutes\" \/>\n<script type=\"application\/ld+json\" class=\"yoast-schema-graph\">{\"@context\":\"https:\\\/\\\/schema.org\",\"@graph\":[{\"@type\":\"WebPage\",\"@id\":\"https:\\\/\\\/minsk.hochroth.eu\\\/imprint\\\/\",\"url\":\"https:\\\/\\\/minsk.hochroth.eu\\\/imprint\\\/\",\"name\":\"Imprint - hochroth minsk\",\"isPartOf\":{\"@id\":\"https:\\\/\\\/minsk.hochroth.eu\\\/#website\"},\"datePublished\":\"2016-12-02T18:46:26+00:00\",\"dateModified\":\"2024-08-02T07:05:44+00:00\",\"breadcrumb\":{\"@id\":\"https:\\\/\\\/minsk.hochroth.eu\\\/imprint\\\/#breadcrumb\"},\"inLanguage\":\"en-GB\",\"potentialAction\":[{\"@type\":\"ReadAction\",\"target\":[\"https:\\\/\\\/minsk.hochroth.eu\\\/imprint\\\/\"]}]},{\"@type\":\"BreadcrumbList\",\"@id\":\"https:\\\/\\\/minsk.hochroth.eu\\\/imprint\\\/#breadcrumb\",\"itemListElement\":[{\"@type\":\"ListItem\",\"position\":1,\"name\":\"Startseite\",\"item\":\"https:\\\/\\\/minsk.hochroth.eu\\\/\"},{\"@type\":\"ListItem\",\"position\":2,\"name\":\"Imprint\"}]},{\"@type\":\"WebSite\",\"@id\":\"https:\\\/\\\/minsk.hochroth.eu\\\/#website\",\"url\":\"https:\\\/\\\/minsk.hochroth.eu\\\/\",\"name\":\"hochroth m\u0456\u043d\u0441\u043a\",\"description\":\"\",\"publisher\":{\"@id\":\"https:\\\/\\\/minsk.hochroth.eu\\\/#organization\"},\"potentialAction\":[{\"@type\":\"SearchAction\",\"target\":{\"@type\":\"EntryPoint\",\"urlTemplate\":\"https:\\\/\\\/minsk.hochroth.eu\\\/?s={search_term_string}\"},\"query-input\":{\"@type\":\"PropertyValueSpecification\",\"valueRequired\":true,\"valueName\":\"search_term_string\"}}],\"inLanguage\":\"en-GB\"},{\"@type\":\"Organization\",\"@id\":\"https:\\\/\\\/minsk.hochroth.eu\\\/#organization\",\"name\":\"hochroth verlag\",\"url\":\"https:\\\/\\\/minsk.hochroth.eu\\\/\",\"logo\":{\"@type\":\"ImageObject\",\"inLanguage\":\"en-GB\",\"@id\":\"https:\\\/\\\/minsk.hochroth.eu\\\/#\\\/schema\\\/logo\\\/image\\\/\",\"url\":\"https:\\\/\\\/minsk.hochroth.eu\\\/wp-content\\\/uploads\\\/2021\\\/12\\\/211208_hochroth_fb.png\",\"contentUrl\":\"https:\\\/\\\/minsk.hochroth.eu\\\/wp-content\\\/uploads\\\/2021\\\/12\\\/211208_hochroth_fb.png\",\"width\":1200,\"height\":630,\"caption\":\"hochroth verlag\"},\"image\":{\"@id\":\"https:\\\/\\\/minsk.hochroth.eu\\\/#\\\/schema\\\/logo\\\/image\\\/\"}}]}<\/script>\n<!-- \/ Yoast SEO plugin. -->","yoast_head_json":{"title":"Imprint - hochroth minsk","robots":{"index":"index","follow":"follow","max-snippet":"max-snippet:-1","max-image-preview":"max-image-preview:large","max-video-preview":"max-video-preview:-1"},"canonical":"https:\/\/minsk.hochroth.eu\/en\/imprint\/","og_locale":"en_GB","og_type":"article","og_title":"Imprint - hochroth minsk","og_description":"The \u201cHochroth Minsk\u201d publishing house was founded as a department of German publishing house \u201cHochroth Verlag\u201d https:\/\/www.hochroth.de\/ Dmitry Strotsev is responsible for direction \u201cHochroth Minsk\u201d. For all questions, write to us at: minsk@hochroth.de hochroth Berlin n. e. V. Kelbraer Str. 5 12059 Berlin Tel. +49 (0)30 40749960 (Vera Kurlenina) Verantwortlich f\u00fcr den Inhalt der Seite: [&hellip;]","og_url":"https:\/\/minsk.hochroth.eu\/en\/imprint\/","og_site_name":"hochroth minsk","article_modified_time":"2024-08-02T07:05:44+00:00","og_image":[{"width":1200,"height":630,"url":"https:\/\/minsk.hochroth.eu\/wp-content\/uploads\/2021\/12\/211208_hochroth_fb.png","type":"image\/png"}],"twitter_card":"summary_large_image","twitter_misc":{"Estimated reading time":"3 minutes"},"schema":{"@context":"https:\/\/schema.org","@graph":[{"@type":"WebPage","@id":"https:\/\/minsk.hochroth.eu\/imprint\/","url":"https:\/\/minsk.hochroth.eu\/imprint\/","name":"Imprint - hochroth minsk","isPartOf":{"@id":"https:\/\/minsk.hochroth.eu\/#website"},"datePublished":"2016-12-02T18:46:26+00:00","dateModified":"2024-08-02T07:05:44+00:00","breadcrumb":{"@id":"https:\/\/minsk.hochroth.eu\/imprint\/#breadcrumb"},"inLanguage":"en-GB","potentialAction":[{"@type":"ReadAction","target":["https:\/\/minsk.hochroth.eu\/imprint\/"]}]},{"@type":"BreadcrumbList","@id":"https:\/\/minsk.hochroth.eu\/imprint\/#breadcrumb","itemListElement":[{"@type":"ListItem","position":1,"name":"Startseite","item":"https:\/\/minsk.hochroth.eu\/"},{"@type":"ListItem","position":2,"name":"Imprint"}]},{"@type":"WebSite","@id":"https:\/\/minsk.hochroth.eu\/#website","url":"https:\/\/minsk.hochroth.eu\/","name":"hochroth m\u0456\u043d\u0441\u043a","description":"","publisher":{"@id":"https:\/\/minsk.hochroth.eu\/#organization"},"potentialAction":[{"@type":"SearchAction","target":{"@type":"EntryPoint","urlTemplate":"https:\/\/minsk.hochroth.eu\/?s={search_term_string}"},"query-input":{"@type":"PropertyValueSpecification","valueRequired":true,"valueName":"search_term_string"}}],"inLanguage":"en-GB"},{"@type":"Organization","@id":"https:\/\/minsk.hochroth.eu\/#organization","name":"hochroth verlag","url":"https:\/\/minsk.hochroth.eu\/","logo":{"@type":"ImageObject","inLanguage":"en-GB","@id":"https:\/\/minsk.hochroth.eu\/#\/schema\/logo\/image\/","url":"https:\/\/minsk.hochroth.eu\/wp-content\/uploads\/2021\/12\/211208_hochroth_fb.png","contentUrl":"https:\/\/minsk.hochroth.eu\/wp-content\/uploads\/2021\/12\/211208_hochroth_fb.png","width":1200,"height":630,"caption":"hochroth verlag"},"image":{"@id":"https:\/\/minsk.hochroth.eu\/#\/schema\/logo\/image\/"}}]}},"_links":{"self":[{"href":"https:\/\/minsk.hochroth.eu\/en\/wp-json\/wp\/v2\/pages\/4551","targetHints":{"allow":["GET"]}}],"collection":[{"href":"https:\/\/minsk.hochroth.eu\/en\/wp-json\/wp\/v2\/pages"}],"about":[{"href":"https:\/\/minsk.hochroth.eu\/en\/wp-json\/wp\/v2\/types\/page"}],"author":[{"embeddable":true,"href":"https:\/\/minsk.hochroth.eu\/en\/wp-json\/wp\/v2\/users\/2"}],"replies":[{"embeddable":true,"href":"https:\/\/minsk.hochroth.eu\/en\/wp-json\/wp\/v2\/comments?post=4551"}],"version-history":[{"count":16,"href":"https:\/\/minsk.hochroth.eu\/en\/wp-json\/wp\/v2\/pages\/4551\/revisions"}],"predecessor-version":[{"id":9059,"href":"https:\/\/minsk.hochroth.eu\/en\/wp-json\/wp\/v2\/pages\/4551\/revisions\/9059"}],"wp:attachment":[{"href":"https:\/\/minsk.hochroth.eu\/en\/wp-json\/wp\/v2\/media?parent=4551"}],"curies":[{"name":"wp","href":"https:\/\/api.w.org\/{rel}","templated":true}]}}