{"id":1764,"date":"2024-05-15T14:06:04","date_gmt":"2024-05-15T14:06:04","guid":{"rendered":"http:\/\/www.hochroth.de\/?page_id=1764"},"modified":"2024-05-17T13:34:29","modified_gmt":"2024-05-17T13:34:29","slug":"authors-and-translators","status":"publish","type":"page","link":"https:\/\/minsk.hochroth.eu\/en\/authors-and-translators\/","title":{"rendered":"authors and translators"},"content":{"rendered":"\n<div class=\"wp-block-columns is-layout-flex wp-container-core-columns-is-layout-28f84493 wp-block-columns-is-layout-flex\">\n<div class=\"wp-block-column is-layout-flow wp-block-column-is-layout-flow\" style=\"flex-basis:25%\"><\/div>\n\n\n\n<div class=\"wp-block-column is-layout-flow wp-block-column-is-layout-flow\" style=\"flex-basis:15px\"><\/div>\n<\/div>\n\n\n\n<p>&nbsp;<\/p>\n\n\n<div data-block-name=\"woocommerce\/product-categories\" data-font-size=\"medium\" data-has-count=\"false\" class=\"wp-block-woocommerce-product-categories wc-block-product-categories is-list has-font-size has-medium-font-size\" style=\"\"><ul class=\"wc-block-product-categories-list wc-block-product-categories-list--depth-0\">\t\t\t\t<li class=\"wc-block-product-categories-list-item\">\t\t\t\t\t<a style=\"\" href=\"https:\/\/minsk.hochroth.eu\/en\/product-category\/aksentsev-felix\/\"><span class=\"wc-block-product-categories-list-item__name\">Aksentsev Felix<\/span><\/a>\t\t\t\t<\/li>\t\t\t\t\t\t\t<li class=\"wc-block-product-categories-list-item\">\t\t\t\t\t<a style=\"\" href=\"https:\/\/minsk.hochroth.eu\/en\/product-category\/alaskievic-marharyta\/\"><span class=\"wc-block-product-categories-list-item__name\">Ala\u0161kievi\u010d Marharyta<\/span><\/a>\t\t\t\t<\/li>\t\t\t\t\t\t\t<li class=\"wc-block-product-categories-list-item\">\t\t\t\t\t<a style=\"\" href=\"https:\/\/minsk.hochroth.eu\/en\/product-category\/bartosh-georgij\/\"><span class=\"wc-block-product-categories-list-item__name\">Bartosh Georgij<\/span><\/a>\t\t\t\t<\/li>\t\t\t\t\t\t\t<li class=\"wc-block-product-categories-list-item\">\t\t\t\t\t<a style=\"\" href=\"https:\/\/minsk.hochroth.eu\/en\/product-category\/burlak-viera\/\"><span class=\"wc-block-product-categories-list-item__name\">Bur\u0142ak Viera<\/span><\/a>\t\t\t\t<\/li>\t\t\t\t\t\t\t<li class=\"wc-block-product-categories-list-item\">\t\t\t\t\t<a style=\"\" href=\"https:\/\/minsk.hochroth.eu\/en\/product-category\/chechyk-felix\/\"><span class=\"wc-block-product-categories-list-item__name\">Chechyk Felix<\/span><\/a>\t\t\t\t<\/li>\t\t\t\t\t\t\t<li class=\"wc-block-product-categories-list-item\">\t\t\t\t\t<a style=\"\" href=\"https:\/\/minsk.hochroth.eu\/en\/product-category\/frydrych-samotny\/\"><span class=\"wc-block-product-categories-list-item__name\">Frydrych Samotny<\/span><\/a>\t\t\t\t<\/li>\t\t\t\t\t\t\t<li class=\"wc-block-product-categories-list-item\">\t\t\t\t\t<a style=\"\" href=\"https:\/\/minsk.hochroth.eu\/en\/product-category\/hlazau-uladzimir\/\"><span class=\"wc-block-product-categories-list-item__name\">H\u0142aza\u016d U\u0142adzimir<\/span><\/a>\t\t\t\t<\/li>\t\t\t\t\t\t\t<li class=\"wc-block-product-categories-list-item\">\t\t\t\t\t<a style=\"\" href=\"https:\/\/minsk.hochroth.eu\/en\/product-category\/hobbel-marina\/\"><span class=\"wc-block-product-categories-list-item__name\">Hobbel Marina<\/span><\/a>\t\t\t\t<\/li>\t\t\t\t\t\t\t<li class=\"wc-block-product-categories-list-item\">\t\t\t\t\t<a style=\"\" href=\"https:\/\/minsk.hochroth.eu\/en\/product-category\/izdryk-yuriy\/\"><span class=\"wc-block-product-categories-list-item__name\">Izdryk Yuriy<\/span><\/a>\t\t\t\t<\/li>\t\t\t\t\t\t\t<li class=\"wc-block-product-categories-list-item\">\t\t\t\t\t<a style=\"\" href=\"https:\/\/minsk.hochroth.eu\/en\/product-category\/jankuta-hanna\/\"><span class=\"wc-block-product-categories-list-item__name\">Jankuta Hanna<\/span><\/a>\t\t\t\t<\/li>\t\t\t\t\t\t\t<li class=\"wc-block-product-categories-list-item\">\t\t\t\t\t<a style=\"\" href=\"https:\/\/minsk.hochroth.eu\/en\/product-category\/kazakova-lina\/\"><span class=\"wc-block-product-categories-list-item__name\">Kazakova Lina<\/span><\/a>\t\t\t\t<\/li>\t\t\t\t\t\t\t<li class=\"wc-block-product-categories-list-item\">\t\t\t\t\t<a style=\"\" href=\"https:\/\/minsk.hochroth.eu\/en\/product-category\/kryvtsov-dali-maksim\/\"><span class=\"wc-block-product-categories-list-item__name\">Kryvtsov &quot;Dali&quot; Maksim<\/span><\/a>\t\t\t\t<\/li>\t\t\t\t\t\t\t<li class=\"wc-block-product-categories-list-item\">\t\t\t\t\t<a style=\"\" href=\"https:\/\/minsk.hochroth.eu\/en\/product-category\/lusine\/\"><span class=\"wc-block-product-categories-list-item__name\">Lusine<\/span><\/a>\t\t\t\t<\/li>\t\t\t\t\t\t\t<li class=\"wc-block-product-categories-list-item\">\t\t\t\t\t<a style=\"\" href=\"https:\/\/minsk.hochroth.eu\/en\/product-category\/maryja-martysievic\/\"><span class=\"wc-block-product-categories-list-item__name\">Maryja Martysievi\u010d<\/span><\/a>\t\t\t\t<\/li>\t\t\t\t\t\t\t<li class=\"wc-block-product-categories-list-item\">\t\t\t\t\t<a style=\"\" href=\"https:\/\/minsk.hochroth.eu\/en\/product-category\/niadbaj-taciana\/\"><span class=\"wc-block-product-categories-list-item__name\">Niadbaj Taciana<\/span><\/a>\t\t\t\t<\/li>\t\t\t\t\t\t\t<li class=\"wc-block-product-categories-list-item\">\t\t\t\t\t<a style=\"\" href=\"https:\/\/minsk.hochroth.eu\/en\/product-category\/plotka-ales\/\"><span class=\"wc-block-product-categories-list-item__name\">Plotka Ales<\/span><\/a>\t\t\t\t<\/li>\t\t\t\t\t\t\t<li class=\"wc-block-product-categories-list-item\">\t\t\t\t\t<a style=\"\" href=\"https:\/\/minsk.hochroth.eu\/en\/product-category\/rusiecka-natalia\/\"><span class=\"wc-block-product-categories-list-item__name\">Rusiecka Natalia<\/span><\/a>\t\t\t\t<\/li>\t\t\t\t\t\t\t<li class=\"wc-block-product-categories-list-item\">\t\t\t\t\t<a style=\"\" href=\"https:\/\/minsk.hochroth.eu\/en\/product-category\/weiler-thomas\/\"><span class=\"wc-block-product-categories-list-item__name\">Weiler Thomas<\/span><\/a>\t\t\t\t<\/li>\t\t\t\t\t\t\t<li class=\"wc-block-product-categories-list-item\">\t\t\t\t\t<a style=\"\" href=\"https:\/\/minsk.hochroth.eu\/en\/product-category\/zybul-viktar\/\"><span class=\"wc-block-product-categories-list-item__name\">\u017dybul Viktar<\/span><\/a>\t\t\t\t<\/li>\t\t\t\t\t\t\t<li class=\"wc-block-product-categories-list-item\">\t\t\t\t\t<a style=\"\" href=\"https:\/\/minsk.hochroth.eu\/en\/product-category\/raman-abramcuk\/\"><span class=\"wc-block-product-categories-list-item__name\">Abram\u010duk Raman<\/span><\/a>\t\t\t\t<\/li>\t\t\t\t\t\t\t<li class=\"wc-block-product-categories-list-item\">\t\t\t\t\t<a style=\"\" href=\"https:\/\/minsk.hochroth.eu\/en\/product-category\/kryscina-banduryna\/\"><span class=\"wc-block-product-categories-list-item__name\">Banduryna Kry\u015bcina<\/span><\/a>\t\t\t\t<\/li>\t\t\t\t\t\t\t<li class=\"wc-block-product-categories-list-item\">\t\t\t\t\t<a style=\"\" href=\"https:\/\/minsk.hochroth.eu\/en\/product-category\/felix-batoryn\/\"><span class=\"wc-block-product-categories-list-item__name\">Batoryn Felix<\/span><\/a>\t\t\t\t<\/li>\t\t\t\t\t\t\t<li class=\"wc-block-product-categories-list-item\">\t\t\t\t\t<a style=\"\" href=\"https:\/\/minsk.hochroth.eu\/en\/product-category\/sabina-brillo\/\"><span class=\"wc-block-product-categories-list-item__name\">Brillo Sabina<\/span><\/a>\t\t\t\t<\/li>\t\t\t\t\t\t\t<li class=\"wc-block-product-categories-list-item\">\t\t\t\t\t<a style=\"\" href=\"https:\/\/minsk.hochroth.eu\/en\/product-category\/andrej-chadanovic\/\"><span class=\"wc-block-product-categories-list-item__name\">Chadanovi\u010d Andrej<\/span><\/a>\t\t\t\t<\/li>\t\t\t\t\t\t\t<li class=\"wc-block-product-categories-list-item\">\t\t\t\t\t<a style=\"\" href=\"https:\/\/minsk.hochroth.eu\/en\/product-category\/kasia-ioffe\/\"><span class=\"wc-block-product-categories-list-item__name\">Ioffe Kasia<\/span><\/a>\t\t\t\t<\/li>\t\t\t\t\t\t\t<li class=\"wc-block-product-categories-list-item\">\t\t\t\t\t<a style=\"\" href=\"https:\/\/minsk.hochroth.eu\/en\/product-category\/artur-kamarouski\/\"><span class=\"wc-block-product-categories-list-item__name\">Kamaro\u016dski Artur<\/span><\/a>\t\t\t\t<\/li>\t\t\t\t\t\t\t<li class=\"wc-block-product-categories-list-item\">\t\t\t\t\t<a style=\"\" href=\"https:\/\/minsk.hochroth.eu\/en\/product-category\/hanna-komar\/\"><span class=\"wc-block-product-categories-list-item__name\">Komar Hanna<\/span><\/a>\t\t\t\t<\/li>\t\t\t\t\t\t\t<li class=\"wc-block-product-categories-list-item\">\t\t\t\t\t<a style=\"\" href=\"https:\/\/minsk.hochroth.eu\/en\/product-category\/nasta-kudasava\/\"><span class=\"wc-block-product-categories-list-item__name\">Kudasava Nasta<\/span><\/a>\t\t\t\t<\/li>\t\t\t\t\t\t\t<li class=\"wc-block-product-categories-list-item\">\t\t\t\t\t<a style=\"\" href=\"https:\/\/minsk.hochroth.eu\/en\/product-category\/ihar-kulikou\/\"><span class=\"wc-block-product-categories-list-item__name\">Kuliko\u016d Ihar<\/span><\/a>\t\t\t\t<\/li>\t\t\t\t\t\t\t<li class=\"wc-block-product-categories-list-item\">\t\t\t\t\t<a style=\"\" href=\"https:\/\/minsk.hochroth.eu\/en\/product-category\/siarhiej-prylucki\/\"><span class=\"wc-block-product-categories-list-item__name\">Pry\u0142ucki Siarhiej<\/span><\/a>\t\t\t\t<\/li>\t\t\t\t\t\t\t<li class=\"wc-block-product-categories-list-item\">\t\t\t\t\t<a style=\"\" href=\"https:\/\/minsk.hochroth.eu\/en\/product-category\/hanna-sieviaryniec\/\"><span class=\"wc-block-product-categories-list-item__name\">Sieviaryniec Hanna<\/span><\/a>\t\t\t\t<\/li>\t\t\t\t\t\t\t<li class=\"wc-block-product-categories-list-item\">\t\t\t\t\t<a style=\"\" href=\"https:\/\/minsk.hochroth.eu\/en\/product-category\/dmitri-strotsev\/\"><span class=\"wc-block-product-categories-list-item__name\">Strotsev Dmitri<\/span><\/a>\t\t\t\t<\/li>\t\t\t\t\t\t\t<li class=\"wc-block-product-categories-list-item\">\t\t\t\t\t<a style=\"\" href=\"https:\/\/minsk.hochroth.eu\/en\/product-category\/weihe-andreas\/\"><span class=\"wc-block-product-categories-list-item__name\">Weihe Andreas<\/span><\/a>\t\t\t\t<\/li>\t\t\t\t\t\t\t<li class=\"wc-block-product-categories-list-item\">\t\t\t\t\t<a style=\"\" href=\"https:\/\/minsk.hochroth.eu\/en\/product-category\/serhiy-zhadan\/\"><span class=\"wc-block-product-categories-list-item__name\">Zhadan Serhiy<\/span><\/a>\t\t\t\t<\/li>\t\t\t\t\t\t\t<li class=\"wc-block-product-categories-list-item\">\t\t\t\t\t<a style=\"\" href=\"https:\/\/minsk.hochroth.eu\/en\/product-category\/volha-zlotnikava\/\"><span class=\"wc-block-product-categories-list-item__name\">Z\u0142otnikava Volha<\/span><\/a>\t\t\t\t<\/li>\t\t\t<\/ul><\/div>","protected":false},"excerpt":{"rendered":"<p>Alle Autor*innen &#038; \u00dcbersetzer*innen, die bei hochroth ver\u00f6ffentlicht haben <\/p>\n","protected":false},"author":3,"featured_media":0,"parent":0,"menu_order":0,"comment_status":"closed","ping_status":"closed","template":"","meta":{"_themeisle_gutenberg_block_has_review":false,"footnotes":""},"class_list":["post-1764","page","type-page","status-publish","hentry"],"blocksy_meta":{"styles_descriptor":{"styles":{"desktop":"","tablet":"","mobile":""},"google_fonts":[],"version":6}},"yoast_head":"<!-- This site is optimized with the Yoast SEO plugin v27.4 - https:\/\/yoast.com\/product\/yoast-seo-wordpress\/ -->\n<title>authors and translators - hochroth minsk<\/title>\n<meta name=\"robots\" content=\"index, follow, max-snippet:-1, max-image-preview:large, max-video-preview:-1\" \/>\n<link rel=\"canonical\" href=\"https:\/\/minsk.hochroth.eu\/en\/authors-and-translators\/\" \/>\n<meta property=\"og:locale\" content=\"en_GB\" \/>\n<meta property=\"og:type\" content=\"article\" \/>\n<meta property=\"og:title\" content=\"authors and translators - hochroth minsk\" \/>\n<meta property=\"og:description\" content=\"Alle Autor*innen &amp; \u00dcbersetzer*innen, die bei hochroth ver\u00f6ffentlicht haben\" \/>\n<meta property=\"og:url\" content=\"https:\/\/minsk.hochroth.eu\/en\/authors-and-translators\/\" \/>\n<meta property=\"og:site_name\" content=\"hochroth minsk\" \/>\n<meta property=\"article:modified_time\" content=\"2024-05-17T13:34:29+00:00\" \/>\n<meta property=\"og:image\" content=\"https:\/\/minsk.hochroth.eu\/wp-content\/uploads\/2021\/12\/211208_hochroth_fb.png\" \/>\n\t<meta property=\"og:image:width\" content=\"1200\" \/>\n\t<meta property=\"og:image:height\" content=\"630\" \/>\n\t<meta property=\"og:image:type\" content=\"image\/png\" \/>\n<meta name=\"twitter:card\" content=\"summary_large_image\" \/>\n<script type=\"application\/ld+json\" class=\"yoast-schema-graph\">{\"@context\":\"https:\\\/\\\/schema.org\",\"@graph\":[{\"@type\":\"WebPage\",\"@id\":\"https:\\\/\\\/minsk.hochroth.eu\\\/authors-and-translators\\\/\",\"url\":\"https:\\\/\\\/minsk.hochroth.eu\\\/authors-and-translators\\\/\",\"name\":\"authors and translators - hochroth minsk\",\"isPartOf\":{\"@id\":\"https:\\\/\\\/minsk.hochroth.eu\\\/#website\"},\"datePublished\":\"2024-05-15T14:06:04+00:00\",\"dateModified\":\"2024-05-17T13:34:29+00:00\",\"breadcrumb\":{\"@id\":\"https:\\\/\\\/minsk.hochroth.eu\\\/authors-and-translators\\\/#breadcrumb\"},\"inLanguage\":\"en-GB\",\"potentialAction\":[{\"@type\":\"ReadAction\",\"target\":[\"https:\\\/\\\/minsk.hochroth.eu\\\/authors-and-translators\\\/\"]}]},{\"@type\":\"BreadcrumbList\",\"@id\":\"https:\\\/\\\/minsk.hochroth.eu\\\/authors-and-translators\\\/#breadcrumb\",\"itemListElement\":[{\"@type\":\"ListItem\",\"position\":1,\"name\":\"Startseite\",\"item\":\"https:\\\/\\\/minsk.hochroth.eu\\\/\"},{\"@type\":\"ListItem\",\"position\":2,\"name\":\"authors and translators\"}]},{\"@type\":\"WebSite\",\"@id\":\"https:\\\/\\\/minsk.hochroth.eu\\\/#website\",\"url\":\"https:\\\/\\\/minsk.hochroth.eu\\\/\",\"name\":\"hochroth m\u0456\u043d\u0441\u043a\",\"description\":\"\",\"publisher\":{\"@id\":\"https:\\\/\\\/minsk.hochroth.eu\\\/#organization\"},\"potentialAction\":[{\"@type\":\"SearchAction\",\"target\":{\"@type\":\"EntryPoint\",\"urlTemplate\":\"https:\\\/\\\/minsk.hochroth.eu\\\/?s={search_term_string}\"},\"query-input\":{\"@type\":\"PropertyValueSpecification\",\"valueRequired\":true,\"valueName\":\"search_term_string\"}}],\"inLanguage\":\"en-GB\"},{\"@type\":\"Organization\",\"@id\":\"https:\\\/\\\/minsk.hochroth.eu\\\/#organization\",\"name\":\"hochroth verlag\",\"url\":\"https:\\\/\\\/minsk.hochroth.eu\\\/\",\"logo\":{\"@type\":\"ImageObject\",\"inLanguage\":\"en-GB\",\"@id\":\"https:\\\/\\\/minsk.hochroth.eu\\\/#\\\/schema\\\/logo\\\/image\\\/\",\"url\":\"https:\\\/\\\/minsk.hochroth.eu\\\/wp-content\\\/uploads\\\/2021\\\/12\\\/211208_hochroth_fb.png\",\"contentUrl\":\"https:\\\/\\\/minsk.hochroth.eu\\\/wp-content\\\/uploads\\\/2021\\\/12\\\/211208_hochroth_fb.png\",\"width\":1200,\"height\":630,\"caption\":\"hochroth verlag\"},\"image\":{\"@id\":\"https:\\\/\\\/minsk.hochroth.eu\\\/#\\\/schema\\\/logo\\\/image\\\/\"}}]}<\/script>\n<!-- \/ Yoast SEO plugin. -->","yoast_head_json":{"title":"authors and translators - hochroth minsk","robots":{"index":"index","follow":"follow","max-snippet":"max-snippet:-1","max-image-preview":"max-image-preview:large","max-video-preview":"max-video-preview:-1"},"canonical":"https:\/\/minsk.hochroth.eu\/en\/authors-and-translators\/","og_locale":"en_GB","og_type":"article","og_title":"authors and translators - hochroth minsk","og_description":"Alle Autor*innen & \u00dcbersetzer*innen, die bei hochroth ver\u00f6ffentlicht haben","og_url":"https:\/\/minsk.hochroth.eu\/en\/authors-and-translators\/","og_site_name":"hochroth minsk","article_modified_time":"2024-05-17T13:34:29+00:00","og_image":[{"width":1200,"height":630,"url":"https:\/\/minsk.hochroth.eu\/wp-content\/uploads\/2021\/12\/211208_hochroth_fb.png","type":"image\/png"}],"twitter_card":"summary_large_image","schema":{"@context":"https:\/\/schema.org","@graph":[{"@type":"WebPage","@id":"https:\/\/minsk.hochroth.eu\/authors-and-translators\/","url":"https:\/\/minsk.hochroth.eu\/authors-and-translators\/","name":"authors and translators - hochroth minsk","isPartOf":{"@id":"https:\/\/minsk.hochroth.eu\/#website"},"datePublished":"2024-05-15T14:06:04+00:00","dateModified":"2024-05-17T13:34:29+00:00","breadcrumb":{"@id":"https:\/\/minsk.hochroth.eu\/authors-and-translators\/#breadcrumb"},"inLanguage":"en-GB","potentialAction":[{"@type":"ReadAction","target":["https:\/\/minsk.hochroth.eu\/authors-and-translators\/"]}]},{"@type":"BreadcrumbList","@id":"https:\/\/minsk.hochroth.eu\/authors-and-translators\/#breadcrumb","itemListElement":[{"@type":"ListItem","position":1,"name":"Startseite","item":"https:\/\/minsk.hochroth.eu\/"},{"@type":"ListItem","position":2,"name":"authors and translators"}]},{"@type":"WebSite","@id":"https:\/\/minsk.hochroth.eu\/#website","url":"https:\/\/minsk.hochroth.eu\/","name":"hochroth m\u0456\u043d\u0441\u043a","description":"","publisher":{"@id":"https:\/\/minsk.hochroth.eu\/#organization"},"potentialAction":[{"@type":"SearchAction","target":{"@type":"EntryPoint","urlTemplate":"https:\/\/minsk.hochroth.eu\/?s={search_term_string}"},"query-input":{"@type":"PropertyValueSpecification","valueRequired":true,"valueName":"search_term_string"}}],"inLanguage":"en-GB"},{"@type":"Organization","@id":"https:\/\/minsk.hochroth.eu\/#organization","name":"hochroth verlag","url":"https:\/\/minsk.hochroth.eu\/","logo":{"@type":"ImageObject","inLanguage":"en-GB","@id":"https:\/\/minsk.hochroth.eu\/#\/schema\/logo\/image\/","url":"https:\/\/minsk.hochroth.eu\/wp-content\/uploads\/2021\/12\/211208_hochroth_fb.png","contentUrl":"https:\/\/minsk.hochroth.eu\/wp-content\/uploads\/2021\/12\/211208_hochroth_fb.png","width":1200,"height":630,"caption":"hochroth verlag"},"image":{"@id":"https:\/\/minsk.hochroth.eu\/#\/schema\/logo\/image\/"}}]}},"_links":{"self":[{"href":"https:\/\/minsk.hochroth.eu\/en\/wp-json\/wp\/v2\/pages\/1764","targetHints":{"allow":["GET"]}}],"collection":[{"href":"https:\/\/minsk.hochroth.eu\/en\/wp-json\/wp\/v2\/pages"}],"about":[{"href":"https:\/\/minsk.hochroth.eu\/en\/wp-json\/wp\/v2\/types\/page"}],"author":[{"embeddable":true,"href":"https:\/\/minsk.hochroth.eu\/en\/wp-json\/wp\/v2\/users\/3"}],"replies":[{"embeddable":true,"href":"https:\/\/minsk.hochroth.eu\/en\/wp-json\/wp\/v2\/comments?post=1764"}],"version-history":[{"count":464,"href":"https:\/\/minsk.hochroth.eu\/en\/wp-json\/wp\/v2\/pages\/1764\/revisions"}],"predecessor-version":[{"id":8790,"href":"https:\/\/minsk.hochroth.eu\/en\/wp-json\/wp\/v2\/pages\/1764\/revisions\/8790"}],"wp:attachment":[{"href":"https:\/\/minsk.hochroth.eu\/en\/wp-json\/wp\/v2\/media?parent=1764"}],"curies":[{"name":"wp","href":"https:\/\/api.w.org\/{rel}","templated":true}]}}