{"id":9351,"date":"2026-04-27T10:22:42","date_gmt":"2026-04-27T10:22:42","guid":{"rendered":"https:\/\/minsk.hochroth.eu\/?post_type=product&#038;p=9351"},"modified":"2026-04-27T10:22:42","modified_gmt":"2026-04-27T10:22:42","slug":"ihar-babkou-laughter-and-stone","status":"publish","type":"product","link":"https:\/\/minsk.hochroth.eu\/be\/product\/ihar-babkou-laughter-and-stone\/","title":{"rendered":"\u0406\u0433\u0430\u0440 \u0411\u0430\u0431\u043a\u043e\u0443\u0306 \u2014 \u0421\u043b\u044f\u0437\u0430 \u0456 \u043a\u0430\u043c\u0435\u043d\u044c"},"content":{"rendered":"<h6 class=\"p1\">\u0406\u0433\u0430\u0440 \u0411\u0430\u0431\u043a\u043e\u0443\u0306<br \/>\n\u0421\u043b\u044f\u0437\u0430 \u0456 \u043a\u0430\u043c\u0435\u043d\u044c<br \/>\n\u0406\u043b\u044e\u0441\u0442\u0440\u0430\u0446\u044b\u044f: \u041c\u0430\u0448\u0430 \u041c\u0430\u0440\u043e\u0437<br \/>\n\u041a\u0430\u0440\u044d\u043a\u0442\u0443\u0440\u0430: \u0415\u0432\u0430 \u0410\u0440\u043b\u043e\u0432\u0430<br \/>\nhochroth Minsk<br \/>\nBerlin, 2026<span class=\"Apple-converted-space\"><br \/>\n<\/span>ISBN 978-3-949850-79-0<\/h6>\n<p class=\"p1\">\u0406\u0433\u0430\u0440 \u0411\u0430\u0431\u043a\u043e\u0443\u0306 \u2013 \u043f\u0430\u044d\u0442, \u0444\u0456\u043b\u043e\u0441\u0430\u0444, \u0432\u0430\u043d\u0434\u0440\u043e\u0443\u0306\u043d\u0456\u043a.<span class=\"Apple-converted-space\">\u00a0<\/span><\/p>\n<p class=\"p1\">\u0410\u0443\u0306\u0442\u0430\u0440 \u0442\u0440\u043e\u0445 \u043a\u043d\u0456\u0433 \u043f\u0430\u044d\u0437\u0456\u0456 \u00abSolus Rex\u00bb (1992), \u00ab\u0413\u0435\u0440\u043e\u0438\u0306 \u0432\u0430\u0438\u0306\u043d\u044b \u0437\u0430 \u043f\u0440\u0430\u0437\u0440\u044b\u0441\u0442\u0430\u0441\u0446\u044c\u00bb (1998), \u00ab\u0417\u0430\u0441\u044b\u043d\u0430\u0446\u044c, \u043f\u0440\u0430\u0447\u044b\u043d\u0430\u0446\u0446\u0430, \u0441\u043b\u0443\u0445\u0430\u0446\u044c \u0433\u0430\u043b\u0430\u0441\u044b \u0440\u044b\u0431\u00bb (2009), \u0440\u0430\u043c\u0430\u043d\u0430\u0443\u0306 \u00ab\u0410\u0434\u0430\u043c \u041a\u043b\u0430\u043a\u043e\u0446\u043a\u0456 \u0456 \u044f\u0433\u043e\u043d\u044b\u044f \u0446\u0435\u043d\u0456\u00bb (2001), \u00ab\u201c\u0425\u0432\u0456\u043b\u0456\u043d\u043a\u0430\u201d: \u0442\u0440\u044b \u0433\u0456\u0441\u0442\u043e\u0440\u044b\u0456\u00bb (2013), \u00ab\u201c\u0425\u0432\u0456\u043b\u0456\u043d\u043a\u0430\u201d: \u0434\u0440\u0443\u0433\u0430\u044f \u043a\u043d\u0456\u0433\u0430 (2017), \u043a\u043d\u0456\u0433\u0456 \u044d\u0441\u044d \u00ab\u041a\u0430\u0440\u0430\u043b\u0435\u0443\u0306\u0441\u0442\u0432\u0430 \u0411\u0435\u043b\u0430\u0440\u0443\u0441\u044c: \u0432\u044b\u0442\u043b\u0443\u043c\u0430\u0447\u044d\u043d\u043d\u0456 \u0440\u0443(\u0456)\u043d\u0430\u0443\u0306\u00bb (2005).<\/p>\n<p class=\"p1\">\u0416\u044b\u0432\u0435 \u0443\u0306 \u041c\u0435\u043d\u0441\u043a\u0443.<\/p>\n<p class=\"p1\">\u0416\u044b\u0432\u0430\u044f \u043a\u043d\u0456\u0433\u0430 \u043f\u0430\u044d\u0437\u0456\u0456: \u0432\u0435\u0440\u0448\u044b \u043f\u0440\u044b\u0431\u0456\u0442\u044b\u044f \u0446\u0432\u0456\u043a\u0430\u043c\u0456\n\u0434\u0430 \u0441\u0442\u0430\u0440\u043e\u043d\u0430\u043a \u0436\u044b\u0446\u0446\u044f, \u043a\u0430\u043c\u0435\u043d\u0442\u0430\u0440\u044b \u043f\u0456\u0448\u0430 \u0441\u0430\u043c\u0430 \u0440\u044d\u0447\u0430\u0456\u0441\u043d\u0430\u0441\u0446\u044c, \u0434\u0440\u0443\u043a\u0430\u0440\u0430 \u0456 \u0432\u044b\u0434\u0430\u0443\u0306\u0446\u0443 \u0443\u0306\u0436\u043e \u0434\u043e\u0443\u0306\u0433\u0456 \u0447\u0430\u0441 \u0448\u0443\u043a\u0430\u044e\u0446\u044c \u0456 \u043d\u0435 \u043c\u043e\u0433\u0443\u0446\u044c \u0437\u043d\u0430\u0438\u0306\u0441\u0446\u0456, \u043a\u043e\u0448\u0442 \u0432\u044b\u043a\u043b\u0456\u043a\u0430\u0435 \u043d\u0435\u0440\u0432\u043e\u0432\u044b\u044f \u0443\u0306\u0441\u043c\u0435\u0448\u043a\u0456.<\/p>","protected":false},"excerpt":{"rendered":"<p>Ihar Babko\u016d Laughter and Stone Illustration by Masha Maroz Proofreading by Eva Ar\u0142ova hochroth Minsk Berlin, 2026 ISBN 978-3-949850-79-0 Ihar Babko\u016d is a poet, philisopher and traveller.\u00a0 He is the author of three collections of poetry &#8211; &#8220;Solus Rex&#8221; (1992), &#8220;\u0413\u0435\u0440\u043e\u0439 \u0432\u0430\u0439\u043d\u044b \u0437\u0430 \u043f\u0440\u0430\u0437\u0440\u044b\u0441\u0442\u0430\u0441\u0446\u044c&#8221; (&#8220;Hero of the War for Transparency&#8221;, 1998), and &#8220;\u0417\u0430\u0441\u044b\u043d\u0430\u0446\u044c, \u043f\u0440\u0430\u0447\u044b\u043d\u0430\u0446\u0446\u0430, \u0441\u043b\u0443\u0445\u0430\u0446\u044c [&hellip;]<\/p>\n","protected":false},"featured_media":9352,"template":"","meta":{"_themeisle_gutenberg_block_has_review":false},"product_brand":[],"product_cat":[692],"product_tag":[],"class_list":{"0":"post-9351","1":"product","2":"type-product","3":"status-publish","4":"has-post-thumbnail","6":"product_cat-babkou-ihar","8":"first","9":"instock","10":"shipping-taxable","11":"purchasable","12":"product-type-simple"},"yoast_head":"<!-- This site is optimized with the Yoast SEO plugin v27.4 - https:\/\/yoast.com\/product\/yoast-seo-wordpress\/ -->\n<title>Ihar Babko\u016d \u2014 Laughter and Stone - hochroth minsk<\/title>\n<meta name=\"robots\" content=\"index, follow, max-snippet:-1, max-image-preview:large, max-video-preview:-1\" \/>\n<link rel=\"canonical\" href=\"https:\/\/minsk.hochroth.eu\/be\/product\/ihar-babkou-laughter-and-stone\/\" \/>\n<meta property=\"og:locale\" content=\"en_US\" \/>\n<meta property=\"og:type\" content=\"article\" \/>\n<meta property=\"og:title\" content=\"Ihar Babko\u016d \u2014 Laughter and Stone - hochroth minsk\" \/>\n<meta property=\"og:description\" content=\"Ihar Babko\u016d Laughter and Stone Illustration by Masha Maroz Proofreading by Eva Ar\u0142ova hochroth Minsk Berlin, 2026 ISBN 978-3-949850-79-0 Ihar Babko\u016d is a poet, philisopher and traveller.\u00a0 He is the author of three collections of poetry &#8211; &#8220;Solus Rex&#8221; (1992), &#8220;\u0413\u0435\u0440\u043e\u0439 \u0432\u0430\u0439\u043d\u044b \u0437\u0430 \u043f\u0440\u0430\u0437\u0440\u044b\u0441\u0442\u0430\u0441\u0446\u044c&#8221; (&#8220;Hero of the War for Transparency&#8221;, 1998), and &#8220;\u0417\u0430\u0441\u044b\u043d\u0430\u0446\u044c, \u043f\u0440\u0430\u0447\u044b\u043d\u0430\u0446\u0446\u0430, \u0441\u043b\u0443\u0445\u0430\u0446\u044c [&hellip;]\" \/>\n<meta property=\"og:url\" content=\"https:\/\/minsk.hochroth.eu\/be\/product\/ihar-babkou-laughter-and-stone\/\" \/>\n<meta property=\"og:site_name\" content=\"hochroth minsk\" \/>\n<meta property=\"og:image\" content=\"https:\/\/minsk.hochroth.eu\/wp-content\/uploads\/2026\/04\/\u0421\u043d\u0438\u043c\u043e\u043a-\u044d\u043a\u0440\u0430\u043d\u0430-2026-04-27-\u0432-13.19.09.png\" \/>\n\t<meta property=\"og:image:width\" content=\"938\" \/>\n\t<meta property=\"og:image:height\" content=\"1364\" \/>\n\t<meta property=\"og:image:type\" content=\"image\/png\" \/>\n<meta name=\"twitter:card\" content=\"summary_large_image\" \/>\n<meta name=\"twitter:label1\" content=\"Est. reading time\" \/>\n\t<meta name=\"twitter:data1\" content=\"1 minute\" \/>\n<script type=\"application\/ld+json\" class=\"yoast-schema-graph\">{\"@context\":\"https:\\\/\\\/schema.org\",\"@graph\":[{\"@type\":\"WebPage\",\"@id\":\"https:\\\/\\\/minsk.hochroth.eu\\\/product\\\/ihar-babkou-laughter-and-stone\\\/\",\"url\":\"https:\\\/\\\/minsk.hochroth.eu\\\/product\\\/ihar-babkou-laughter-and-stone\\\/\",\"name\":\"Ihar Babko\u016d \u2014 Laughter and Stone - hochroth minsk\",\"isPartOf\":{\"@id\":\"https:\\\/\\\/minsk.hochroth.eu\\\/#website\"},\"primaryImageOfPage\":{\"@id\":\"https:\\\/\\\/minsk.hochroth.eu\\\/product\\\/ihar-babkou-laughter-and-stone\\\/#primaryimage\"},\"image\":{\"@id\":\"https:\\\/\\\/minsk.hochroth.eu\\\/product\\\/ihar-babkou-laughter-and-stone\\\/#primaryimage\"},\"thumbnailUrl\":\"https:\\\/\\\/minsk.hochroth.eu\\\/wp-content\\\/uploads\\\/2026\\\/04\\\/\u0421\u043d\u0438\u043c\u043e\u043a-\u044d\u043a\u0440\u0430\u043d\u0430-2026-04-27-\u0432-13.19.09.png\",\"datePublished\":\"2026-04-27T10:22:42+00:00\",\"breadcrumb\":{\"@id\":\"https:\\\/\\\/minsk.hochroth.eu\\\/product\\\/ihar-babkou-laughter-and-stone\\\/#breadcrumb\"},\"inLanguage\":\"be\",\"potentialAction\":[{\"@type\":\"ReadAction\",\"target\":[\"https:\\\/\\\/minsk.hochroth.eu\\\/product\\\/ihar-babkou-laughter-and-stone\\\/\"]}]},{\"@type\":\"ImageObject\",\"inLanguage\":\"be\",\"@id\":\"https:\\\/\\\/minsk.hochroth.eu\\\/product\\\/ihar-babkou-laughter-and-stone\\\/#primaryimage\",\"url\":\"https:\\\/\\\/minsk.hochroth.eu\\\/wp-content\\\/uploads\\\/2026\\\/04\\\/\u0421\u043d\u0438\u043c\u043e\u043a-\u044d\u043a\u0440\u0430\u043d\u0430-2026-04-27-\u0432-13.19.09.png\",\"contentUrl\":\"https:\\\/\\\/minsk.hochroth.eu\\\/wp-content\\\/uploads\\\/2026\\\/04\\\/\u0421\u043d\u0438\u043c\u043e\u043a-\u044d\u043a\u0440\u0430\u043d\u0430-2026-04-27-\u0432-13.19.09.png\",\"width\":938,\"height\":1364},{\"@type\":\"BreadcrumbList\",\"@id\":\"https:\\\/\\\/minsk.hochroth.eu\\\/product\\\/ihar-babkou-laughter-and-stone\\\/#breadcrumb\",\"itemListElement\":[{\"@type\":\"ListItem\",\"position\":1,\"name\":\"Startseite\",\"item\":\"https:\\\/\\\/minsk.hochroth.eu\\\/\"},{\"@type\":\"ListItem\",\"position\":2,\"name\":\"Shop\",\"item\":\"https:\\\/\\\/minsk.hochroth.eu\\\/shop\\\/\"},{\"@type\":\"ListItem\",\"position\":3,\"name\":\"Ihar Babko\u016d \u2014 Laughter and Stone\"}]},{\"@type\":\"WebSite\",\"@id\":\"https:\\\/\\\/minsk.hochroth.eu\\\/#website\",\"url\":\"https:\\\/\\\/minsk.hochroth.eu\\\/\",\"name\":\"hochroth m\u0456\u043d\u0441\u043a\",\"description\":\"\",\"publisher\":{\"@id\":\"https:\\\/\\\/minsk.hochroth.eu\\\/#organization\"},\"potentialAction\":[{\"@type\":\"SearchAction\",\"target\":{\"@type\":\"EntryPoint\",\"urlTemplate\":\"https:\\\/\\\/minsk.hochroth.eu\\\/?s={search_term_string}\"},\"query-input\":{\"@type\":\"PropertyValueSpecification\",\"valueRequired\":true,\"valueName\":\"search_term_string\"}}],\"inLanguage\":\"be\"},{\"@type\":\"Organization\",\"@id\":\"https:\\\/\\\/minsk.hochroth.eu\\\/#organization\",\"name\":\"hochroth verlag\",\"url\":\"https:\\\/\\\/minsk.hochroth.eu\\\/\",\"logo\":{\"@type\":\"ImageObject\",\"inLanguage\":\"be\",\"@id\":\"https:\\\/\\\/minsk.hochroth.eu\\\/#\\\/schema\\\/logo\\\/image\\\/\",\"url\":\"https:\\\/\\\/minsk.hochroth.eu\\\/wp-content\\\/uploads\\\/2021\\\/12\\\/211208_hochroth_fb.png\",\"contentUrl\":\"https:\\\/\\\/minsk.hochroth.eu\\\/wp-content\\\/uploads\\\/2021\\\/12\\\/211208_hochroth_fb.png\",\"width\":1200,\"height\":630,\"caption\":\"hochroth verlag\"},\"image\":{\"@id\":\"https:\\\/\\\/minsk.hochroth.eu\\\/#\\\/schema\\\/logo\\\/image\\\/\"}}]}<\/script>\n<!-- \/ Yoast SEO plugin. -->","yoast_head_json":{"title":"Ihar Babko\u016d \u2014 Laughter and Stone - hochroth minsk","robots":{"index":"index","follow":"follow","max-snippet":"max-snippet:-1","max-image-preview":"max-image-preview:large","max-video-preview":"max-video-preview:-1"},"canonical":"https:\/\/minsk.hochroth.eu\/be\/product\/ihar-babkou-laughter-and-stone\/","og_locale":"en_US","og_type":"article","og_title":"Ihar Babko\u016d \u2014 Laughter and Stone - hochroth minsk","og_description":"Ihar Babko\u016d Laughter and Stone Illustration by Masha Maroz Proofreading by Eva Ar\u0142ova hochroth Minsk Berlin, 2026 ISBN 978-3-949850-79-0 Ihar Babko\u016d is a poet, philisopher and traveller.\u00a0 He is the author of three collections of poetry &#8211; &#8220;Solus Rex&#8221; (1992), &#8220;\u0413\u0435\u0440\u043e\u0439 \u0432\u0430\u0439\u043d\u044b \u0437\u0430 \u043f\u0440\u0430\u0437\u0440\u044b\u0441\u0442\u0430\u0441\u0446\u044c&#8221; (&#8220;Hero of the War for Transparency&#8221;, 1998), and &#8220;\u0417\u0430\u0441\u044b\u043d\u0430\u0446\u044c, \u043f\u0440\u0430\u0447\u044b\u043d\u0430\u0446\u0446\u0430, \u0441\u043b\u0443\u0445\u0430\u0446\u044c [&hellip;]","og_url":"https:\/\/minsk.hochroth.eu\/be\/product\/ihar-babkou-laughter-and-stone\/","og_site_name":"hochroth minsk","og_image":[{"width":938,"height":1364,"url":"https:\/\/minsk.hochroth.eu\/wp-content\/uploads\/2026\/04\/\u0421\u043d\u0438\u043c\u043e\u043a-\u044d\u043a\u0440\u0430\u043d\u0430-2026-04-27-\u0432-13.19.09.png","type":"image\/png"}],"twitter_card":"summary_large_image","twitter_misc":{"Est. reading time":"1 minute"},"schema":{"@context":"https:\/\/schema.org","@graph":[{"@type":"WebPage","@id":"https:\/\/minsk.hochroth.eu\/product\/ihar-babkou-laughter-and-stone\/","url":"https:\/\/minsk.hochroth.eu\/product\/ihar-babkou-laughter-and-stone\/","name":"Ihar Babko\u016d \u2014 Laughter and Stone - hochroth minsk","isPartOf":{"@id":"https:\/\/minsk.hochroth.eu\/#website"},"primaryImageOfPage":{"@id":"https:\/\/minsk.hochroth.eu\/product\/ihar-babkou-laughter-and-stone\/#primaryimage"},"image":{"@id":"https:\/\/minsk.hochroth.eu\/product\/ihar-babkou-laughter-and-stone\/#primaryimage"},"thumbnailUrl":"https:\/\/minsk.hochroth.eu\/wp-content\/uploads\/2026\/04\/\u0421\u043d\u0438\u043c\u043e\u043a-\u044d\u043a\u0440\u0430\u043d\u0430-2026-04-27-\u0432-13.19.09.png","datePublished":"2026-04-27T10:22:42+00:00","breadcrumb":{"@id":"https:\/\/minsk.hochroth.eu\/product\/ihar-babkou-laughter-and-stone\/#breadcrumb"},"inLanguage":"be","potentialAction":[{"@type":"ReadAction","target":["https:\/\/minsk.hochroth.eu\/product\/ihar-babkou-laughter-and-stone\/"]}]},{"@type":"ImageObject","inLanguage":"be","@id":"https:\/\/minsk.hochroth.eu\/product\/ihar-babkou-laughter-and-stone\/#primaryimage","url":"https:\/\/minsk.hochroth.eu\/wp-content\/uploads\/2026\/04\/\u0421\u043d\u0438\u043c\u043e\u043a-\u044d\u043a\u0440\u0430\u043d\u0430-2026-04-27-\u0432-13.19.09.png","contentUrl":"https:\/\/minsk.hochroth.eu\/wp-content\/uploads\/2026\/04\/\u0421\u043d\u0438\u043c\u043e\u043a-\u044d\u043a\u0440\u0430\u043d\u0430-2026-04-27-\u0432-13.19.09.png","width":938,"height":1364},{"@type":"BreadcrumbList","@id":"https:\/\/minsk.hochroth.eu\/product\/ihar-babkou-laughter-and-stone\/#breadcrumb","itemListElement":[{"@type":"ListItem","position":1,"name":"Startseite","item":"https:\/\/minsk.hochroth.eu\/"},{"@type":"ListItem","position":2,"name":"Shop","item":"https:\/\/minsk.hochroth.eu\/shop\/"},{"@type":"ListItem","position":3,"name":"Ihar Babko\u016d \u2014 Laughter and Stone"}]},{"@type":"WebSite","@id":"https:\/\/minsk.hochroth.eu\/#website","url":"https:\/\/minsk.hochroth.eu\/","name":"hochroth m\u0456\u043d\u0441\u043a","description":"","publisher":{"@id":"https:\/\/minsk.hochroth.eu\/#organization"},"potentialAction":[{"@type":"SearchAction","target":{"@type":"EntryPoint","urlTemplate":"https:\/\/minsk.hochroth.eu\/?s={search_term_string}"},"query-input":{"@type":"PropertyValueSpecification","valueRequired":true,"valueName":"search_term_string"}}],"inLanguage":"be"},{"@type":"Organization","@id":"https:\/\/minsk.hochroth.eu\/#organization","name":"hochroth verlag","url":"https:\/\/minsk.hochroth.eu\/","logo":{"@type":"ImageObject","inLanguage":"be","@id":"https:\/\/minsk.hochroth.eu\/#\/schema\/logo\/image\/","url":"https:\/\/minsk.hochroth.eu\/wp-content\/uploads\/2021\/12\/211208_hochroth_fb.png","contentUrl":"https:\/\/minsk.hochroth.eu\/wp-content\/uploads\/2021\/12\/211208_hochroth_fb.png","width":1200,"height":630,"caption":"hochroth verlag"},"image":{"@id":"https:\/\/minsk.hochroth.eu\/#\/schema\/logo\/image\/"}}]}},"_links":{"self":[{"href":"https:\/\/minsk.hochroth.eu\/be\/wp-json\/wp\/v2\/product\/9351","targetHints":{"allow":["GET"]}}],"collection":[{"href":"https:\/\/minsk.hochroth.eu\/be\/wp-json\/wp\/v2\/product"}],"about":[{"href":"https:\/\/minsk.hochroth.eu\/be\/wp-json\/wp\/v2\/types\/product"}],"wp:featuredmedia":[{"embeddable":true,"href":"https:\/\/minsk.hochroth.eu\/be\/wp-json\/wp\/v2\/media\/9352"}],"wp:attachment":[{"href":"https:\/\/minsk.hochroth.eu\/be\/wp-json\/wp\/v2\/media?parent=9351"}],"wp:term":[{"taxonomy":"product_brand","embeddable":true,"href":"https:\/\/minsk.hochroth.eu\/be\/wp-json\/wp\/v2\/product_brand?post=9351"},{"taxonomy":"product_cat","embeddable":true,"href":"https:\/\/minsk.hochroth.eu\/be\/wp-json\/wp\/v2\/product_cat?post=9351"},{"taxonomy":"product_tag","embeddable":true,"href":"https:\/\/minsk.hochroth.eu\/be\/wp-json\/wp\/v2\/product_tag?post=9351"}],"curies":[{"name":"wp","href":"https:\/\/api.w.org\/{rel}","templated":true}]}}