{"id":9119,"date":"2024-12-09T18:31:36","date_gmt":"2024-12-09T18:31:36","guid":{"rendered":"https:\/\/minsk.hochroth.eu\/?post_type=product&#038;p=9119"},"modified":"2024-12-09T18:31:36","modified_gmt":"2024-12-09T18:31:36","slug":"viera-burlak-%d0%b0%d0%bc%d0%b0%d0%bb%d1%8c-almost","status":"publish","type":"product","link":"https:\/\/minsk.hochroth.eu\/be\/product\/viera-burlak-%d0%b0%d0%bc%d0%b0%d0%bb%d1%8c-almost\/","title":{"rendered":"\u0412\u0435\u0440\u0430 \u0411\u0443\u0440\u043b\u0430\u043a \u2013 \u0410\u043c\u0430\u043b\u044c"},"content":{"rendered":"<h6 class=\"p1\">\u0412\u0435\u0440\u0430 \u0411\u0443\u0440\u043b\u0430\u043a: \u0410\u043c\u0430\u043b\u044c<br \/>\n\u0406\u043b\u044e\u0441\u0442\u0440\u0430\u0446\u044b\u044f: \u041a\u0430\u0441\u0442\u0443\u0441\u044c \u0416\u044b\u0431\u0443\u043b\u044c<br \/>\nhochroth Minsk<br \/>\n\u0411\u0435\u0440\u043b\u0456\u043d, 2024<br \/>\nISBN 978-3-949850-56-1<br \/>\n\u041c\u043e\u0432\u0430: \u0431\u0435\u043b\u0430\u0440\u0443\u0441\u043a\u0430\u044f<\/h6>\n<p class=\"p1\"><strong>\u0412\u0435\u0440\u0430 \u0411\u0443\u0440\u043b\u0430\u043a<\/strong> \u0431\u0435\u043b\u0430\u0440\u0443\u0441\u043a\u0430\u044f \u043f\u0456\u0441\u044c\u043c\u0435\u043d\u043d\u0456\u0446\u0430, \u043f\u0435\u0440\u0430\u043a\u043b\u0430\u0434\u0447\u044b\u0446\u0430. \u041d\u0430\u0440\u0430\u0434\u0437\u0456\u043b\u0430\u0441\u044f \u0443\u0306 1977 \u0433\u043e\u0434\u0437\u0435 \u0443\u0306 \u041a\u0456\u0435\u0432\u0435. \u0412\u044b\u043f\u0443\u0441\u043a\u043d\u0456\u0446\u0430 \u0444\u0456\u043b\u0430\u043b\u0430\u0433\u0456\u0447\u043d\u0430\u0433\u0430 \u0444\u0430\u043a\u0443\u043b\u044c\u0442\u044d\u0442\u0430 \u0411\u0414\u0423.<\/p>\n<p class=\"p1\">\u0410\u0443\u0306\u0442\u0430\u0440\u043a\u0430 \u0432\u0435\u0440\u0448\u0430\u0432\u0430\u043d\u044b\u0445 \u043a\u043d\u0456\u0433 \u00ab\u0417\u0430 \u0437\u0434\u0430\u0440\u043e\u0432\u044b \u043b\u0430\u0434 \u0436\u044b\u0446\u044c\u0446\u044f\u00bb (2003), \u00ab\u0417\u0430\u0431\u0456 \u0443\u0306 \u0441\u0430\u0431\u0435 \u0421\u0430\u043a\u0440\u0430\u0442\u0430\u00bb (\u0440\u0430\u0437\u0430\u043c \u0437 \u0412. \u0416\u044b\u0431\u0443\u043b\u0435\u043c, 2008), \u00ab\u0414\u0437\u0435\u0446\u0456 \u0456 \u0437\u0434\u0430\u043d\u0456\u00bb (2012), \u00abRe\u0328ke\u0328 do nogi\u00bb (2013, \u0437 \u043f\u0435\u0440\u0430\u043a\u043b\u0430\u0434\u0430\u043c \u043d\u0430 \u043f\u043e\u043b\u044c\u00ad \u0441\u043a\u0443\u044e \u043c\u043e\u0432\u0443 \u0410. \u041f\u0430\u043c\u043e\u0440\u0441\u043a\u0430\u0433\u0430, \u041a. \u041a\u0432\u044f\u0442\u043a\u043e\u0443\u0306\u0441\u043a\u0430\u0438\u0306), \u043a\u043d\u0456\u0433\u0456 \u043f\u0440\u043e\u0437\u044b \u00ab\u0422\u0432\u043e\u0440\u044b \u0441\u043e\u043d\u043d\u0430\u0433\u0430 \u0436\u0430\u043d\u0440\u0443\u00bb (2011), \u043a\u043d\u0456\u0433\u0456 \u0434\u0437\u0456\u0446\u044f\u0447\u044b\u0445 \u0432\u0435\u0440\u0448\u0430\u0443\u0306 \u00ab\u0424\u0430\u043d\u0442\u0430\u0437\u044e\u0440\u043a\u0456\u00bb (2018).<span class=\"Apple-converted-space\">\u00a0<\/span><\/p>\n<p class=\"p1\">\u041f\u0435\u0440\u0430\u043a\u043b\u0430\u0434\u0430\u0435 \u043c\u0430\u0441\u0442\u0430\u0446\u043a\u0443\u044e \u043b\u0456\u0442\u0430\u0440\u0430\u0442\u0443\u0440\u0443 \u0437 \u0430\u043d\u0433\u043b\u0456\u0438\u0306\u0441\u043a\u0430\u0438\u0306, \u0443\u043a\u0440\u0430\u0456\u043d\u0441\u043a\u0430\u0438\u0306 \u0456 \u0440\u0443\u0441\u043a\u0430\u0438\u0306 \u043c\u043e\u0443\u0306 (\u041b. \u041a\u044d\u0440\u0430\u043b \u00ab\u0421\u043a\u0440\u043e\u0437\u044c \u043b\u044e\u0441\u0442\u044d\u0440\u043a\u0430 \u0456 \u0448\u0442\u043e \u0443\u0306\u0431\u0430\u0447\u044b\u043b\u0430 \u0442\u0430\u043c \u0410\u043b\u0456\u0441\u0430\u00bb, 2017, \u0410. \u041a\u043e\u043d\u0430\u043d \u0414\u043e\u0438\u0306\u043b \u00ab\u0421\u0430\u0431\u0430\u043a\u0430 \u0411\u0430\u0441\u043a\u0435\u0440\u0432\u0456\u043b\u044f\u0443\u0306\u00bb, 2023, \u0456 \u0456\u043d\u0448.).<\/p>\n<p class=\"p1\">\u0423\u0434\u0437\u0435\u043b\u044c\u043d\u0456\u0446\u0430 \u043c\u0430\u0441\u0442\u0430\u0446\u043a\u0456\u0445 \u0456 \u043b\u0456\u0442\u0430\u0440\u0430\u0442\u0443\u0440\u043d\u044b\u0445 \u043f\u0440\u0430\u0435\u043a\u0442\u0430\u0443\u0306: \u00ab\u0421\u0443\u0432\u044f\u0437\u044c\u00ad \u0440\u0430\u0437\u0440\u044b\u0443\u0306\u00bb (\u0423\u043a\u0440\u0430\u0456\u043d\u0430 \u2013 \u0411\u0435\u043b\u0430\u0440\u0443\u0441\u044c, 2004), \u00ab\u041f\u0430\u0440\u0430\u0434\u0430\u043a \u0441\u043b\u043e\u0443\u0306\u00bb (\u041c\u0456\u043d\u0441\u043a, 2006, 2007), \u00ab\u0411\u0435\u043b\u0430\u0440\u0443\u0441\u043a\u0456 \u043b\u0456\u0442\u0430\u0440\u0430\u0442\u0443\u0440\u043d\u044b \u0442\u0443\u0440 \u0443 \u041b\u0430\u043f\u043b\u0430\u043d\u0434\u044b\u044e\u00bb (\u0428\u0432\u0435\u0446\u044b\u044f, 2011), \u00ab\u041c\u0456\u0436\u043d\u0430\u0440\u043e\u0434\u043d\u044b \u0436\u0430\u043d\u043e\u0447\u044b \u0441\u043b\u044d\u043c\u00bb \u0443 \u043c\u0435\u0436\u0430\u0445 \u0444\u0435\u0441\u0442\u044b\u0432\u0430\u043b\u044e \u00ab\u0412\u0435\u0440\u0448\u044b \u043d\u0430 \u0430\u0441\u0444\u0430\u043b\u044c\u0446\u0435\u00bb \u0456\u043c\u044f \u041c\u0456\u0445\u0430\u0441\u044f \u0421\u0442\u0440\u0430\u043b\u044c\u0446\u043e\u0432\u0430 (\u041c\u0456\u043d\u0441\u043a, 2012), \u00ab\u0422\u0440\u044d\u0446\u0456 \u041b\u0456\u0442\u0430\u0440\u0430\u0442\u0443\u0440\u043d\u044b \u0444\u0435\u0441\u0442\u044b\u0432\u0430\u043b\u044c \u0456\u043c\u044f \u0427\u044d\u0441\u043b\u0430\u0432\u0430 \u041c\u0456\u043b\u0430\u0448\u0430\u00bb (\u041a\u0440\u0430\u043a\u0430\u0443\u0306, 2013), \u00ab\u041b\u0456\u0442\u0430\u0440\u0430\u0442\u0443\u0440\u043d\u0430\u0435 \u043f\u0430\u0434\u0430\u0440\u043e\u0436\u0436\u0430 \u0443\u0306 \u0410\u0440\u043a\u00ad \u0442\u044b\u043a\u0443\u00bb (\u0428\u0432\u0435\u0446\u044b\u044f \u2013 \u041d\u0430\u0440\u0432\u0435\u0433\u0456\u044f, 2013), \u043f\u0440\u0430\u0435\u043a\u0442\u0430 \u00abPoetry Affairs\u00bb \u0443 \u043c\u0435\u0436\u0430\u0445 \u0444\u0435\u0441\u0442\u044b\u0432\u0430\u043b\u044e \u00abEclat\u00bb (\u0428\u0442\u0443\u0442\u0433\u0430\u0440\u0442, 2023, 2024) \u0456 \u0456\u043d\u0448.<\/p>\n<p class=\"p1\">\u041b\u0430\u0443\u0306\u0440\u044d\u0430\u0442\u043a\u0430 \u043f\u0440\u044d\u043c\u0456\u0456 \u0437\u0430 \u043d\u0430\u0438\u0306\u043b\u0435\u043f\u0448\u044b \u043f\u0435\u0440\u0430\u043a\u043b\u0430\u0434 \u0456\u043c\u044f \u041a\u0430\u0440\u043b\u0430\u0441\u0430 \u0428\u044d\u0440\u043c\u0430\u043d\u0430 (2017), \u043f\u0440\u044d\u043c\u0456\u0456 \u0437\u0430 \u043d\u0430\u0438\u0306\u043b\u0435\u043f\u0448\u0443\u044e \u0434\u0437\u0456\u0446\u044f\u0447\u0443\u044e \u043a\u043d\u0456\u0433\u0443 \u0456\u043c\u044f \u0426\u0435\u0308\u0442\u043a\u0456 (2018).<\/p>","protected":false},"excerpt":{"rendered":"<p>Viera Bur\u0142ak: \u0410\u043c\u0430\u043b\u044c (Almost) Illustration: Kastu\u015b \u017dybul hochroth Minsk Berlin, 2024 ISBN 978-3-949850-56-1 Language: Belarusian Viera Bur\u0142ak is a Belarusian writer and translator. She was born in 1977 in Kyiv. Graduated from the Faculty of Philology of the Belarusian State University. Author of the poetry books &#8220;\u0417\u0430 \u0437\u0434\u0430\u0440\u043e\u0432\u044b \u043b\u0430\u0434 \u0436\u044b\u0446\u044c\u0446\u044f&#8221; (&#8220;For a healthy way of [&hellip;]<\/p>\n","protected":false},"featured_media":9120,"template":"","meta":{"_themeisle_gutenberg_block_has_review":false},"product_brand":[],"product_cat":[673],"product_tag":[],"class_list":{"0":"post-9119","1":"product","2":"type-product","3":"status-publish","4":"has-post-thumbnail","6":"product_cat-burlak-viera","8":"first","9":"instock","10":"shipping-taxable","11":"purchasable","12":"product-type-simple"},"yoast_head":"<!-- This site is optimized with the Yoast SEO plugin v27.3 - https:\/\/yoast.com\/product\/yoast-seo-wordpress\/ -->\n<title>Viera Bur\u0142ak \u2013 \u0410\u043c\u0430\u043b\u044c (Almost) - hochroth minsk<\/title>\n<meta name=\"robots\" content=\"index, follow, max-snippet:-1, max-image-preview:large, max-video-preview:-1\" \/>\n<link rel=\"canonical\" href=\"https:\/\/minsk.hochroth.eu\/be\/product\/viera-burlak-\u0430\u043c\u0430\u043b\u044c-almost\/\" \/>\n<meta property=\"og:locale\" content=\"en_US\" \/>\n<meta property=\"og:type\" content=\"article\" \/>\n<meta property=\"og:title\" content=\"Viera Bur\u0142ak \u2013 \u0410\u043c\u0430\u043b\u044c (Almost) - hochroth minsk\" \/>\n<meta property=\"og:description\" content=\"Viera Bur\u0142ak: \u0410\u043c\u0430\u043b\u044c (Almost) Illustration: Kastu\u015b \u017dybul hochroth Minsk Berlin, 2024 ISBN 978-3-949850-56-1 Language: Belarusian Viera Bur\u0142ak is a Belarusian writer and translator. She was born in 1977 in Kyiv. Graduated from the Faculty of Philology of the Belarusian State University. Author of the poetry books &#8220;\u0417\u0430 \u0437\u0434\u0430\u0440\u043e\u0432\u044b \u043b\u0430\u0434 \u0436\u044b\u0446\u044c\u0446\u044f&#8221; (&#8220;For a healthy way of [&hellip;]\" \/>\n<meta property=\"og:url\" content=\"https:\/\/minsk.hochroth.eu\/be\/product\/viera-burlak-\u0430\u043c\u0430\u043b\u044c-almost\/\" \/>\n<meta property=\"og:site_name\" content=\"hochroth minsk\" \/>\n<meta property=\"og:image\" content=\"https:\/\/minsk.hochroth.eu\/wp-content\/uploads\/2024\/12\/\u0421\u043d\u0438\u043c\u043e\u043a-\u044d\u043a\u0440\u0430\u043d\u0430-2024-12-09-\u0432-21.27.20.png\" \/>\n\t<meta property=\"og:image:width\" content=\"652\" \/>\n\t<meta property=\"og:image:height\" content=\"980\" \/>\n\t<meta property=\"og:image:type\" content=\"image\/png\" \/>\n<meta name=\"twitter:card\" content=\"summary_large_image\" \/>\n<meta name=\"twitter:label1\" content=\"Est. reading time\" \/>\n\t<meta name=\"twitter:data1\" content=\"2 minutes\" \/>\n<script type=\"application\/ld+json\" class=\"yoast-schema-graph\">{\"@context\":\"https:\\\/\\\/schema.org\",\"@graph\":[{\"@type\":\"WebPage\",\"@id\":\"https:\\\/\\\/minsk.hochroth.eu\\\/product\\\/viera-burlak-%d0%b0%d0%bc%d0%b0%d0%bb%d1%8c-almost\\\/\",\"url\":\"https:\\\/\\\/minsk.hochroth.eu\\\/product\\\/viera-burlak-%d0%b0%d0%bc%d0%b0%d0%bb%d1%8c-almost\\\/\",\"name\":\"Viera Bur\u0142ak \u2013 \u0410\u043c\u0430\u043b\u044c (Almost) - hochroth minsk\",\"isPartOf\":{\"@id\":\"https:\\\/\\\/minsk.hochroth.eu\\\/#website\"},\"primaryImageOfPage\":{\"@id\":\"https:\\\/\\\/minsk.hochroth.eu\\\/product\\\/viera-burlak-%d0%b0%d0%bc%d0%b0%d0%bb%d1%8c-almost\\\/#primaryimage\"},\"image\":{\"@id\":\"https:\\\/\\\/minsk.hochroth.eu\\\/product\\\/viera-burlak-%d0%b0%d0%bc%d0%b0%d0%bb%d1%8c-almost\\\/#primaryimage\"},\"thumbnailUrl\":\"https:\\\/\\\/minsk.hochroth.eu\\\/wp-content\\\/uploads\\\/2024\\\/12\\\/\u0421\u043d\u0438\u043c\u043e\u043a-\u044d\u043a\u0440\u0430\u043d\u0430-2024-12-09-\u0432-21.27.20.png\",\"datePublished\":\"2024-12-09T18:31:36+00:00\",\"breadcrumb\":{\"@id\":\"https:\\\/\\\/minsk.hochroth.eu\\\/product\\\/viera-burlak-%d0%b0%d0%bc%d0%b0%d0%bb%d1%8c-almost\\\/#breadcrumb\"},\"inLanguage\":\"be\",\"potentialAction\":[{\"@type\":\"ReadAction\",\"target\":[\"https:\\\/\\\/minsk.hochroth.eu\\\/product\\\/viera-burlak-%d0%b0%d0%bc%d0%b0%d0%bb%d1%8c-almost\\\/\"]}]},{\"@type\":\"ImageObject\",\"inLanguage\":\"be\",\"@id\":\"https:\\\/\\\/minsk.hochroth.eu\\\/product\\\/viera-burlak-%d0%b0%d0%bc%d0%b0%d0%bb%d1%8c-almost\\\/#primaryimage\",\"url\":\"https:\\\/\\\/minsk.hochroth.eu\\\/wp-content\\\/uploads\\\/2024\\\/12\\\/\u0421\u043d\u0438\u043c\u043e\u043a-\u044d\u043a\u0440\u0430\u043d\u0430-2024-12-09-\u0432-21.27.20.png\",\"contentUrl\":\"https:\\\/\\\/minsk.hochroth.eu\\\/wp-content\\\/uploads\\\/2024\\\/12\\\/\u0421\u043d\u0438\u043c\u043e\u043a-\u044d\u043a\u0440\u0430\u043d\u0430-2024-12-09-\u0432-21.27.20.png\",\"width\":652,\"height\":980},{\"@type\":\"BreadcrumbList\",\"@id\":\"https:\\\/\\\/minsk.hochroth.eu\\\/product\\\/viera-burlak-%d0%b0%d0%bc%d0%b0%d0%bb%d1%8c-almost\\\/#breadcrumb\",\"itemListElement\":[{\"@type\":\"ListItem\",\"position\":1,\"name\":\"Startseite\",\"item\":\"https:\\\/\\\/minsk.hochroth.eu\\\/\"},{\"@type\":\"ListItem\",\"position\":2,\"name\":\"Shop\",\"item\":\"https:\\\/\\\/minsk.hochroth.eu\\\/shop\\\/\"},{\"@type\":\"ListItem\",\"position\":3,\"name\":\"Viera Bur\u0142ak \u2013 \u0410\u043c\u0430\u043b\u044c (Almost)\"}]},{\"@type\":\"WebSite\",\"@id\":\"https:\\\/\\\/minsk.hochroth.eu\\\/#website\",\"url\":\"https:\\\/\\\/minsk.hochroth.eu\\\/\",\"name\":\"hochroth m\u0456\u043d\u0441\u043a\",\"description\":\"\",\"publisher\":{\"@id\":\"https:\\\/\\\/minsk.hochroth.eu\\\/#organization\"},\"potentialAction\":[{\"@type\":\"SearchAction\",\"target\":{\"@type\":\"EntryPoint\",\"urlTemplate\":\"https:\\\/\\\/minsk.hochroth.eu\\\/?s={search_term_string}\"},\"query-input\":{\"@type\":\"PropertyValueSpecification\",\"valueRequired\":true,\"valueName\":\"search_term_string\"}}],\"inLanguage\":\"be\"},{\"@type\":\"Organization\",\"@id\":\"https:\\\/\\\/minsk.hochroth.eu\\\/#organization\",\"name\":\"hochroth verlag\",\"url\":\"https:\\\/\\\/minsk.hochroth.eu\\\/\",\"logo\":{\"@type\":\"ImageObject\",\"inLanguage\":\"be\",\"@id\":\"https:\\\/\\\/minsk.hochroth.eu\\\/#\\\/schema\\\/logo\\\/image\\\/\",\"url\":\"https:\\\/\\\/minsk.hochroth.eu\\\/wp-content\\\/uploads\\\/2021\\\/12\\\/211208_hochroth_fb.png\",\"contentUrl\":\"https:\\\/\\\/minsk.hochroth.eu\\\/wp-content\\\/uploads\\\/2021\\\/12\\\/211208_hochroth_fb.png\",\"width\":1200,\"height\":630,\"caption\":\"hochroth verlag\"},\"image\":{\"@id\":\"https:\\\/\\\/minsk.hochroth.eu\\\/#\\\/schema\\\/logo\\\/image\\\/\"}}]}<\/script>\n<!-- \/ Yoast SEO plugin. -->","yoast_head_json":{"title":"Viera Bur\u0142ak \u2013 \u0410\u043c\u0430\u043b\u044c (Almost) - hochroth minsk","robots":{"index":"index","follow":"follow","max-snippet":"max-snippet:-1","max-image-preview":"max-image-preview:large","max-video-preview":"max-video-preview:-1"},"canonical":"https:\/\/minsk.hochroth.eu\/be\/product\/viera-burlak-\u0430\u043c\u0430\u043b\u044c-almost\/","og_locale":"en_US","og_type":"article","og_title":"Viera Bur\u0142ak \u2013 \u0410\u043c\u0430\u043b\u044c (Almost) - hochroth minsk","og_description":"Viera Bur\u0142ak: \u0410\u043c\u0430\u043b\u044c (Almost) Illustration: Kastu\u015b \u017dybul hochroth Minsk Berlin, 2024 ISBN 978-3-949850-56-1 Language: Belarusian Viera Bur\u0142ak is a Belarusian writer and translator. She was born in 1977 in Kyiv. Graduated from the Faculty of Philology of the Belarusian State University. Author of the poetry books &#8220;\u0417\u0430 \u0437\u0434\u0430\u0440\u043e\u0432\u044b \u043b\u0430\u0434 \u0436\u044b\u0446\u044c\u0446\u044f&#8221; (&#8220;For a healthy way of [&hellip;]","og_url":"https:\/\/minsk.hochroth.eu\/be\/product\/viera-burlak-\u0430\u043c\u0430\u043b\u044c-almost\/","og_site_name":"hochroth minsk","og_image":[{"width":652,"height":980,"url":"https:\/\/minsk.hochroth.eu\/wp-content\/uploads\/2024\/12\/\u0421\u043d\u0438\u043c\u043e\u043a-\u044d\u043a\u0440\u0430\u043d\u0430-2024-12-09-\u0432-21.27.20.png","type":"image\/png"}],"twitter_card":"summary_large_image","twitter_misc":{"Est. reading time":"2 minutes"},"schema":{"@context":"https:\/\/schema.org","@graph":[{"@type":"WebPage","@id":"https:\/\/minsk.hochroth.eu\/product\/viera-burlak-%d0%b0%d0%bc%d0%b0%d0%bb%d1%8c-almost\/","url":"https:\/\/minsk.hochroth.eu\/product\/viera-burlak-%d0%b0%d0%bc%d0%b0%d0%bb%d1%8c-almost\/","name":"Viera Bur\u0142ak \u2013 \u0410\u043c\u0430\u043b\u044c (Almost) - hochroth minsk","isPartOf":{"@id":"https:\/\/minsk.hochroth.eu\/#website"},"primaryImageOfPage":{"@id":"https:\/\/minsk.hochroth.eu\/product\/viera-burlak-%d0%b0%d0%bc%d0%b0%d0%bb%d1%8c-almost\/#primaryimage"},"image":{"@id":"https:\/\/minsk.hochroth.eu\/product\/viera-burlak-%d0%b0%d0%bc%d0%b0%d0%bb%d1%8c-almost\/#primaryimage"},"thumbnailUrl":"https:\/\/minsk.hochroth.eu\/wp-content\/uploads\/2024\/12\/\u0421\u043d\u0438\u043c\u043e\u043a-\u044d\u043a\u0440\u0430\u043d\u0430-2024-12-09-\u0432-21.27.20.png","datePublished":"2024-12-09T18:31:36+00:00","breadcrumb":{"@id":"https:\/\/minsk.hochroth.eu\/product\/viera-burlak-%d0%b0%d0%bc%d0%b0%d0%bb%d1%8c-almost\/#breadcrumb"},"inLanguage":"be","potentialAction":[{"@type":"ReadAction","target":["https:\/\/minsk.hochroth.eu\/product\/viera-burlak-%d0%b0%d0%bc%d0%b0%d0%bb%d1%8c-almost\/"]}]},{"@type":"ImageObject","inLanguage":"be","@id":"https:\/\/minsk.hochroth.eu\/product\/viera-burlak-%d0%b0%d0%bc%d0%b0%d0%bb%d1%8c-almost\/#primaryimage","url":"https:\/\/minsk.hochroth.eu\/wp-content\/uploads\/2024\/12\/\u0421\u043d\u0438\u043c\u043e\u043a-\u044d\u043a\u0440\u0430\u043d\u0430-2024-12-09-\u0432-21.27.20.png","contentUrl":"https:\/\/minsk.hochroth.eu\/wp-content\/uploads\/2024\/12\/\u0421\u043d\u0438\u043c\u043e\u043a-\u044d\u043a\u0440\u0430\u043d\u0430-2024-12-09-\u0432-21.27.20.png","width":652,"height":980},{"@type":"BreadcrumbList","@id":"https:\/\/minsk.hochroth.eu\/product\/viera-burlak-%d0%b0%d0%bc%d0%b0%d0%bb%d1%8c-almost\/#breadcrumb","itemListElement":[{"@type":"ListItem","position":1,"name":"Startseite","item":"https:\/\/minsk.hochroth.eu\/"},{"@type":"ListItem","position":2,"name":"Shop","item":"https:\/\/minsk.hochroth.eu\/shop\/"},{"@type":"ListItem","position":3,"name":"Viera Bur\u0142ak \u2013 \u0410\u043c\u0430\u043b\u044c (Almost)"}]},{"@type":"WebSite","@id":"https:\/\/minsk.hochroth.eu\/#website","url":"https:\/\/minsk.hochroth.eu\/","name":"hochroth m\u0456\u043d\u0441\u043a","description":"","publisher":{"@id":"https:\/\/minsk.hochroth.eu\/#organization"},"potentialAction":[{"@type":"SearchAction","target":{"@type":"EntryPoint","urlTemplate":"https:\/\/minsk.hochroth.eu\/?s={search_term_string}"},"query-input":{"@type":"PropertyValueSpecification","valueRequired":true,"valueName":"search_term_string"}}],"inLanguage":"be"},{"@type":"Organization","@id":"https:\/\/minsk.hochroth.eu\/#organization","name":"hochroth verlag","url":"https:\/\/minsk.hochroth.eu\/","logo":{"@type":"ImageObject","inLanguage":"be","@id":"https:\/\/minsk.hochroth.eu\/#\/schema\/logo\/image\/","url":"https:\/\/minsk.hochroth.eu\/wp-content\/uploads\/2021\/12\/211208_hochroth_fb.png","contentUrl":"https:\/\/minsk.hochroth.eu\/wp-content\/uploads\/2021\/12\/211208_hochroth_fb.png","width":1200,"height":630,"caption":"hochroth verlag"},"image":{"@id":"https:\/\/minsk.hochroth.eu\/#\/schema\/logo\/image\/"}}]}},"_links":{"self":[{"href":"https:\/\/minsk.hochroth.eu\/be\/wp-json\/wp\/v2\/product\/9119","targetHints":{"allow":["GET"]}}],"collection":[{"href":"https:\/\/minsk.hochroth.eu\/be\/wp-json\/wp\/v2\/product"}],"about":[{"href":"https:\/\/minsk.hochroth.eu\/be\/wp-json\/wp\/v2\/types\/product"}],"wp:featuredmedia":[{"embeddable":true,"href":"https:\/\/minsk.hochroth.eu\/be\/wp-json\/wp\/v2\/media\/9120"}],"wp:attachment":[{"href":"https:\/\/minsk.hochroth.eu\/be\/wp-json\/wp\/v2\/media?parent=9119"}],"wp:term":[{"taxonomy":"product_brand","embeddable":true,"href":"https:\/\/minsk.hochroth.eu\/be\/wp-json\/wp\/v2\/product_brand?post=9119"},{"taxonomy":"product_cat","embeddable":true,"href":"https:\/\/minsk.hochroth.eu\/be\/wp-json\/wp\/v2\/product_cat?post=9119"},{"taxonomy":"product_tag","embeddable":true,"href":"https:\/\/minsk.hochroth.eu\/be\/wp-json\/wp\/v2\/product_tag?post=9119"}],"curies":[{"name":"wp","href":"https:\/\/api.w.org\/{rel}","templated":true}]}}