{"id":9116,"date":"2024-12-09T16:41:09","date_gmt":"2024-12-09T16:41:09","guid":{"rendered":"https:\/\/minsk.hochroth.eu\/?post_type=product&#038;p=9116"},"modified":"2024-12-09T16:41:56","modified_gmt":"2024-12-09T16:41:56","slug":"uladzimir-hlazau-%d0%bf%d0%be%d0%ba%d0%b0%d0%b7%d0%b0%d0%bd%d0%b8%d1%8f-%d0%b1%d0%b0%d1%80%d0%be%d0%bc%d0%b5%d1%82%d1%80%d0%b0-barometer-readings","status":"publish","type":"product","link":"https:\/\/minsk.hochroth.eu\/be\/product\/uladzimir-hlazau-%d0%bf%d0%be%d0%ba%d0%b0%d0%b7%d0%b0%d0%bd%d0%b8%d1%8f-%d0%b1%d0%b0%d1%80%d0%be%d0%bc%d0%b5%d1%82%d1%80%d0%b0-barometer-readings\/","title":{"rendered":"\u0423\u043b\u0430\u0434\u0437\u0456\u043c\u0456\u0440 \u0413\u043b\u0430\u0437\u0430\u045e \u2013 \u041f\u043e\u043a\u0430\u0437\u0430\u043d\u0438\u044f \u0431\u0430\u0440\u043e\u043c\u0435\u0442\u0440\u0430"},"content":{"rendered":"<h6 class=\"p1\">\u0423\u043b\u0430\u0434\u0437\u0456\u043c\u0456\u0440 \u0413\u043b\u0430\u0437\u0430\u045e \u2013 \u041f\u043e\u043a\u0430\u0437\u0430\u043d\u0438\u044f \u0431\u0430\u0440\u043e\u043c\u0435\u0442\u0440\u0430<br \/>\n\u0406\u043b\u044e\u0441\u0442\u0440\u0430\u0446\u044b\u044f: Joseph Gronski<span class=\"Apple-converted-space\"><br \/>\n<\/span>hochroth Minsk<br \/>\n\u0411\u0435\u0440\u043b\u0456\u043d, 2024<br \/>\nISBN 978-3-949850-53-0<br \/>\n\u041c\u043e\u0432\u0430: \u0440\u0443\u0441\u043a\u0430\u044f<\/h6>\n<p class=\"p1\"><strong>\u0423\u043b\u0430\u0434\u0437\u0456\u043c\u0456\u0440 \u0413\u043b\u0430\u0437\u0430\u045e<\/strong> (\u043d\u0430\u0440\u0430\u0434\u0437\u0456\u045e\u0441\u044f \u045e 1974 \u0433\u043e\u0434\u0437\u0435 \u045e \u0411\u0435\u0440\u0430\u0441\u044c\u0446\u0456) \u2013 \u043f\u0430\u044d\u0442 \u0456 \u044d\u0441\u044d\u0456\u0441\u0442. \u0410\u0434\u0437\u0456\u043d \u0437 \u0437\u0430\u0441\u043d\u0430\u0432\u0430\u043b\u044c\u043d\u0456\u043a\u0430\u045e \u043b\u0456\u0447\u0431\u0430\u0432\u0430\u0433\u0430 \u0447\u0430\u0441\u043e\u043f\u0456\u0441\u0430 \u201c\u041b\u0406\u0422\u0420\u0410\u0416\u201d. \u041f\u0440\u0430\u0446\u0430\u0432\u0430\u045e \u0443 \u0433\u0430\u0437\u0435\u0446\u0435 \u201c\u0411\u0440\u044d\u0441\u0446\u043a\u0456 \u043a\u0443\u0440\u2019\u0435\u0440\u201d. \u0410\u045e\u0442\u0430\u0440 \u043a\u043d\u0456\u0433\u0456 \u043d\u0430\u0440\u044b\u0441\u0430\u045e \u201c\u0421\u0438\u043c\u0444\u043e\u043d\u0438\u044f \u0435\u0432\u0440\u0435\u0438\u0306\u0441\u043a\u043e\u0433\u043e \u0434\u0440\u0435\u0432\u0430 \u0411\u0440\u0435\u0441\u0442\u0447\u0438\u043d\u044b\u201d (2019) \u0456 \u043f\u0430\u044d\u0442\u044b\u0447\u043d\u044b\u0445 \u0437\u0431\u043e\u0440\u043d\u0456\u043a\u0430\u045e \u201c\u0412\u0440\u0435\u043c\u044f \u0441\u043e\u0431\u0441\u0442\u0432\u0435\u043d\u043d\u043e\u0435\u201d (2014) \u0456 \u201c\u0411\u0440\u0435\u0441\u0442\u0441\u043a\u0438\u0438\u0306 \u043c\u0438\u0440\u201d (2021). \u0416\u044b\u0432\u0435 \u045e \u0411\u0435\u0440\u0430\u0441\u044c\u0446\u0456.<\/p>","protected":false},"excerpt":{"rendered":"<p>U\u0142adzimir H\u0142aza\u016d: Barometer readings (\u041f\u043e\u043a\u0430\u0437\u0430\u043d\u0438\u044f \u0431\u0430\u0440\u043e\u043c\u0435\u0442\u0440\u0430) Illustration: Joseph Gronski hochroth Minsk Berlin, 2024 ISBN 978-3-949850-53-0 Language: Russian U\u0142adzimir H\u0142aza\u016d (born in 1974 in Brest) is a poet and essayist. One of the founders of the digital magazine &#8220;\u041b\u0406\u0422\u0420\u0410\u0416&#8221;. Worked in the &#8220;\u0411\u0440\u044d\u0441\u0446\u043a\u0456 \u043a\u0443\u0440\u2019\u0435\u0440&#8221; newspaper. Author of the book of essays &#8220;Symphony of the Jewish Tree [&hellip;]<\/p>\n","protected":false},"featured_media":9117,"template":"","meta":{"_themeisle_gutenberg_block_has_review":false},"product_brand":[],"product_cat":[672],"product_tag":[],"class_list":{"0":"post-9116","1":"product","2":"type-product","3":"status-publish","4":"has-post-thumbnail","6":"product_cat-hlazau-uladzimir","8":"first","9":"instock","10":"shipping-taxable","11":"purchasable","12":"product-type-simple"},"yoast_head":"<!-- This site is optimized with the Yoast SEO plugin v27.5 - https:\/\/yoast.com\/product\/yoast-seo-wordpress\/ -->\n<title>U\u0142adzimir H\u0142aza\u016d \u2013 \u041f\u043e\u043a\u0430\u0437\u0430\u043d\u0438\u044f \u0431\u0430\u0440\u043e\u043c\u0435\u0442\u0440\u0430 (Barometer readings) - hochroth minsk<\/title>\n<meta name=\"robots\" content=\"index, follow, max-snippet:-1, max-image-preview:large, max-video-preview:-1\" \/>\n<link rel=\"canonical\" href=\"https:\/\/minsk.hochroth.eu\/be\/product\/uladzimir-hlazau-\u043f\u043e\u043a\u0430\u0437\u0430\u043d\u0438\u044f-\u0431\u0430\u0440\u043e\u043c\u0435\u0442\u0440\u0430-barometer-readings\/\" \/>\n<meta property=\"og:locale\" content=\"en_US\" \/>\n<meta property=\"og:type\" content=\"article\" \/>\n<meta property=\"og:title\" content=\"U\u0142adzimir H\u0142aza\u016d \u2013 \u041f\u043e\u043a\u0430\u0437\u0430\u043d\u0438\u044f \u0431\u0430\u0440\u043e\u043c\u0435\u0442\u0440\u0430 (Barometer readings) - hochroth minsk\" \/>\n<meta property=\"og:description\" content=\"U\u0142adzimir H\u0142aza\u016d: Barometer readings (\u041f\u043e\u043a\u0430\u0437\u0430\u043d\u0438\u044f \u0431\u0430\u0440\u043e\u043c\u0435\u0442\u0440\u0430) Illustration: Joseph Gronski hochroth Minsk Berlin, 2024 ISBN 978-3-949850-53-0 Language: Russian U\u0142adzimir H\u0142aza\u016d (born in 1974 in Brest) is a poet and essayist. One of the founders of the digital magazine &#8220;\u041b\u0406\u0422\u0420\u0410\u0416&#8221;. Worked in the &#8220;\u0411\u0440\u044d\u0441\u0446\u043a\u0456 \u043a\u0443\u0440\u2019\u0435\u0440&#8221; newspaper. Author of the book of essays &#8220;Symphony of the Jewish Tree [&hellip;]\" \/>\n<meta property=\"og:url\" content=\"https:\/\/minsk.hochroth.eu\/be\/product\/uladzimir-hlazau-\u043f\u043e\u043a\u0430\u0437\u0430\u043d\u0438\u044f-\u0431\u0430\u0440\u043e\u043c\u0435\u0442\u0440\u0430-barometer-readings\/\" \/>\n<meta property=\"og:site_name\" content=\"hochroth minsk\" \/>\n<meta property=\"article:modified_time\" content=\"2024-12-09T16:41:56+00:00\" \/>\n<meta property=\"og:image\" content=\"https:\/\/minsk.hochroth.eu\/wp-content\/uploads\/2024\/12\/\u0421\u043d\u0438\u043c\u043e\u043a-\u044d\u043a\u0440\u0430\u043d\u0430-2024-12-09-\u0432-19.33.41.png\" \/>\n\t<meta property=\"og:image:width\" content=\"816\" \/>\n\t<meta property=\"og:image:height\" content=\"1146\" \/>\n\t<meta property=\"og:image:type\" content=\"image\/png\" \/>\n<meta name=\"twitter:card\" content=\"summary_large_image\" \/>\n<meta name=\"twitter:label1\" content=\"Est. reading time\" \/>\n\t<meta name=\"twitter:data1\" content=\"1 minute\" \/>\n<script type=\"application\/ld+json\" class=\"yoast-schema-graph\">{\"@context\":\"https:\\\/\\\/schema.org\",\"@graph\":[{\"@type\":\"WebPage\",\"@id\":\"https:\\\/\\\/minsk.hochroth.eu\\\/product\\\/uladzimir-hlazau-%d0%bf%d0%be%d0%ba%d0%b0%d0%b7%d0%b0%d0%bd%d0%b8%d1%8f-%d0%b1%d0%b0%d1%80%d0%be%d0%bc%d0%b5%d1%82%d1%80%d0%b0-barometer-readings\\\/\",\"url\":\"https:\\\/\\\/minsk.hochroth.eu\\\/product\\\/uladzimir-hlazau-%d0%bf%d0%be%d0%ba%d0%b0%d0%b7%d0%b0%d0%bd%d0%b8%d1%8f-%d0%b1%d0%b0%d1%80%d0%be%d0%bc%d0%b5%d1%82%d1%80%d0%b0-barometer-readings\\\/\",\"name\":\"U\u0142adzimir H\u0142aza\u016d \u2013 \u041f\u043e\u043a\u0430\u0437\u0430\u043d\u0438\u044f \u0431\u0430\u0440\u043e\u043c\u0435\u0442\u0440\u0430 (Barometer readings) - hochroth minsk\",\"isPartOf\":{\"@id\":\"https:\\\/\\\/minsk.hochroth.eu\\\/#website\"},\"primaryImageOfPage\":{\"@id\":\"https:\\\/\\\/minsk.hochroth.eu\\\/product\\\/uladzimir-hlazau-%d0%bf%d0%be%d0%ba%d0%b0%d0%b7%d0%b0%d0%bd%d0%b8%d1%8f-%d0%b1%d0%b0%d1%80%d0%be%d0%bc%d0%b5%d1%82%d1%80%d0%b0-barometer-readings\\\/#primaryimage\"},\"image\":{\"@id\":\"https:\\\/\\\/minsk.hochroth.eu\\\/product\\\/uladzimir-hlazau-%d0%bf%d0%be%d0%ba%d0%b0%d0%b7%d0%b0%d0%bd%d0%b8%d1%8f-%d0%b1%d0%b0%d1%80%d0%be%d0%bc%d0%b5%d1%82%d1%80%d0%b0-barometer-readings\\\/#primaryimage\"},\"thumbnailUrl\":\"https:\\\/\\\/minsk.hochroth.eu\\\/wp-content\\\/uploads\\\/2024\\\/12\\\/\u0421\u043d\u0438\u043c\u043e\u043a-\u044d\u043a\u0440\u0430\u043d\u0430-2024-12-09-\u0432-19.33.41.png\",\"datePublished\":\"2024-12-09T16:41:09+00:00\",\"dateModified\":\"2024-12-09T16:41:56+00:00\",\"breadcrumb\":{\"@id\":\"https:\\\/\\\/minsk.hochroth.eu\\\/product\\\/uladzimir-hlazau-%d0%bf%d0%be%d0%ba%d0%b0%d0%b7%d0%b0%d0%bd%d0%b8%d1%8f-%d0%b1%d0%b0%d1%80%d0%be%d0%bc%d0%b5%d1%82%d1%80%d0%b0-barometer-readings\\\/#breadcrumb\"},\"inLanguage\":\"be\",\"potentialAction\":[{\"@type\":\"ReadAction\",\"target\":[\"https:\\\/\\\/minsk.hochroth.eu\\\/product\\\/uladzimir-hlazau-%d0%bf%d0%be%d0%ba%d0%b0%d0%b7%d0%b0%d0%bd%d0%b8%d1%8f-%d0%b1%d0%b0%d1%80%d0%be%d0%bc%d0%b5%d1%82%d1%80%d0%b0-barometer-readings\\\/\"]}]},{\"@type\":\"ImageObject\",\"inLanguage\":\"be\",\"@id\":\"https:\\\/\\\/minsk.hochroth.eu\\\/product\\\/uladzimir-hlazau-%d0%bf%d0%be%d0%ba%d0%b0%d0%b7%d0%b0%d0%bd%d0%b8%d1%8f-%d0%b1%d0%b0%d1%80%d0%be%d0%bc%d0%b5%d1%82%d1%80%d0%b0-barometer-readings\\\/#primaryimage\",\"url\":\"https:\\\/\\\/minsk.hochroth.eu\\\/wp-content\\\/uploads\\\/2024\\\/12\\\/\u0421\u043d\u0438\u043c\u043e\u043a-\u044d\u043a\u0440\u0430\u043d\u0430-2024-12-09-\u0432-19.33.41.png\",\"contentUrl\":\"https:\\\/\\\/minsk.hochroth.eu\\\/wp-content\\\/uploads\\\/2024\\\/12\\\/\u0421\u043d\u0438\u043c\u043e\u043a-\u044d\u043a\u0440\u0430\u043d\u0430-2024-12-09-\u0432-19.33.41.png\",\"width\":816,\"height\":1146},{\"@type\":\"BreadcrumbList\",\"@id\":\"https:\\\/\\\/minsk.hochroth.eu\\\/product\\\/uladzimir-hlazau-%d0%bf%d0%be%d0%ba%d0%b0%d0%b7%d0%b0%d0%bd%d0%b8%d1%8f-%d0%b1%d0%b0%d1%80%d0%be%d0%bc%d0%b5%d1%82%d1%80%d0%b0-barometer-readings\\\/#breadcrumb\",\"itemListElement\":[{\"@type\":\"ListItem\",\"position\":1,\"name\":\"Startseite\",\"item\":\"https:\\\/\\\/minsk.hochroth.eu\\\/\"},{\"@type\":\"ListItem\",\"position\":2,\"name\":\"Shop\",\"item\":\"https:\\\/\\\/minsk.hochroth.eu\\\/shop\\\/\"},{\"@type\":\"ListItem\",\"position\":3,\"name\":\"U\u0142adzimir H\u0142aza\u016d \u2013 \u041f\u043e\u043a\u0430\u0437\u0430\u043d\u0438\u044f \u0431\u0430\u0440\u043e\u043c\u0435\u0442\u0440\u0430 (Barometer readings)\"}]},{\"@type\":\"WebSite\",\"@id\":\"https:\\\/\\\/minsk.hochroth.eu\\\/#website\",\"url\":\"https:\\\/\\\/minsk.hochroth.eu\\\/\",\"name\":\"hochroth m\u0456\u043d\u0441\u043a\",\"description\":\"\",\"publisher\":{\"@id\":\"https:\\\/\\\/minsk.hochroth.eu\\\/#organization\"},\"potentialAction\":[{\"@type\":\"SearchAction\",\"target\":{\"@type\":\"EntryPoint\",\"urlTemplate\":\"https:\\\/\\\/minsk.hochroth.eu\\\/?s={search_term_string}\"},\"query-input\":{\"@type\":\"PropertyValueSpecification\",\"valueRequired\":true,\"valueName\":\"search_term_string\"}}],\"inLanguage\":\"be\"},{\"@type\":\"Organization\",\"@id\":\"https:\\\/\\\/minsk.hochroth.eu\\\/#organization\",\"name\":\"hochroth verlag\",\"url\":\"https:\\\/\\\/minsk.hochroth.eu\\\/\",\"logo\":{\"@type\":\"ImageObject\",\"inLanguage\":\"be\",\"@id\":\"https:\\\/\\\/minsk.hochroth.eu\\\/#\\\/schema\\\/logo\\\/image\\\/\",\"url\":\"https:\\\/\\\/minsk.hochroth.eu\\\/wp-content\\\/uploads\\\/2021\\\/12\\\/211208_hochroth_fb.png\",\"contentUrl\":\"https:\\\/\\\/minsk.hochroth.eu\\\/wp-content\\\/uploads\\\/2021\\\/12\\\/211208_hochroth_fb.png\",\"width\":1200,\"height\":630,\"caption\":\"hochroth verlag\"},\"image\":{\"@id\":\"https:\\\/\\\/minsk.hochroth.eu\\\/#\\\/schema\\\/logo\\\/image\\\/\"}}]}<\/script>\n<!-- \/ Yoast SEO plugin. -->","yoast_head_json":{"title":"U\u0142adzimir H\u0142aza\u016d \u2013 \u041f\u043e\u043a\u0430\u0437\u0430\u043d\u0438\u044f \u0431\u0430\u0440\u043e\u043c\u0435\u0442\u0440\u0430 (Barometer readings) - hochroth minsk","robots":{"index":"index","follow":"follow","max-snippet":"max-snippet:-1","max-image-preview":"max-image-preview:large","max-video-preview":"max-video-preview:-1"},"canonical":"https:\/\/minsk.hochroth.eu\/be\/product\/uladzimir-hlazau-\u043f\u043e\u043a\u0430\u0437\u0430\u043d\u0438\u044f-\u0431\u0430\u0440\u043e\u043c\u0435\u0442\u0440\u0430-barometer-readings\/","og_locale":"en_US","og_type":"article","og_title":"U\u0142adzimir H\u0142aza\u016d \u2013 \u041f\u043e\u043a\u0430\u0437\u0430\u043d\u0438\u044f \u0431\u0430\u0440\u043e\u043c\u0435\u0442\u0440\u0430 (Barometer readings) - hochroth minsk","og_description":"U\u0142adzimir H\u0142aza\u016d: Barometer readings (\u041f\u043e\u043a\u0430\u0437\u0430\u043d\u0438\u044f \u0431\u0430\u0440\u043e\u043c\u0435\u0442\u0440\u0430) Illustration: Joseph Gronski hochroth Minsk Berlin, 2024 ISBN 978-3-949850-53-0 Language: Russian U\u0142adzimir H\u0142aza\u016d (born in 1974 in Brest) is a poet and essayist. One of the founders of the digital magazine &#8220;\u041b\u0406\u0422\u0420\u0410\u0416&#8221;. Worked in the &#8220;\u0411\u0440\u044d\u0441\u0446\u043a\u0456 \u043a\u0443\u0440\u2019\u0435\u0440&#8221; newspaper. Author of the book of essays &#8220;Symphony of the Jewish Tree [&hellip;]","og_url":"https:\/\/minsk.hochroth.eu\/be\/product\/uladzimir-hlazau-\u043f\u043e\u043a\u0430\u0437\u0430\u043d\u0438\u044f-\u0431\u0430\u0440\u043e\u043c\u0435\u0442\u0440\u0430-barometer-readings\/","og_site_name":"hochroth minsk","article_modified_time":"2024-12-09T16:41:56+00:00","og_image":[{"width":816,"height":1146,"url":"https:\/\/minsk.hochroth.eu\/wp-content\/uploads\/2024\/12\/\u0421\u043d\u0438\u043c\u043e\u043a-\u044d\u043a\u0440\u0430\u043d\u0430-2024-12-09-\u0432-19.33.41.png","type":"image\/png"}],"twitter_card":"summary_large_image","twitter_misc":{"Est. reading time":"1 minute"},"schema":{"@context":"https:\/\/schema.org","@graph":[{"@type":"WebPage","@id":"https:\/\/minsk.hochroth.eu\/product\/uladzimir-hlazau-%d0%bf%d0%be%d0%ba%d0%b0%d0%b7%d0%b0%d0%bd%d0%b8%d1%8f-%d0%b1%d0%b0%d1%80%d0%be%d0%bc%d0%b5%d1%82%d1%80%d0%b0-barometer-readings\/","url":"https:\/\/minsk.hochroth.eu\/product\/uladzimir-hlazau-%d0%bf%d0%be%d0%ba%d0%b0%d0%b7%d0%b0%d0%bd%d0%b8%d1%8f-%d0%b1%d0%b0%d1%80%d0%be%d0%bc%d0%b5%d1%82%d1%80%d0%b0-barometer-readings\/","name":"U\u0142adzimir H\u0142aza\u016d \u2013 \u041f\u043e\u043a\u0430\u0437\u0430\u043d\u0438\u044f \u0431\u0430\u0440\u043e\u043c\u0435\u0442\u0440\u0430 (Barometer readings) - hochroth minsk","isPartOf":{"@id":"https:\/\/minsk.hochroth.eu\/#website"},"primaryImageOfPage":{"@id":"https:\/\/minsk.hochroth.eu\/product\/uladzimir-hlazau-%d0%bf%d0%be%d0%ba%d0%b0%d0%b7%d0%b0%d0%bd%d0%b8%d1%8f-%d0%b1%d0%b0%d1%80%d0%be%d0%bc%d0%b5%d1%82%d1%80%d0%b0-barometer-readings\/#primaryimage"},"image":{"@id":"https:\/\/minsk.hochroth.eu\/product\/uladzimir-hlazau-%d0%bf%d0%be%d0%ba%d0%b0%d0%b7%d0%b0%d0%bd%d0%b8%d1%8f-%d0%b1%d0%b0%d1%80%d0%be%d0%bc%d0%b5%d1%82%d1%80%d0%b0-barometer-readings\/#primaryimage"},"thumbnailUrl":"https:\/\/minsk.hochroth.eu\/wp-content\/uploads\/2024\/12\/\u0421\u043d\u0438\u043c\u043e\u043a-\u044d\u043a\u0440\u0430\u043d\u0430-2024-12-09-\u0432-19.33.41.png","datePublished":"2024-12-09T16:41:09+00:00","dateModified":"2024-12-09T16:41:56+00:00","breadcrumb":{"@id":"https:\/\/minsk.hochroth.eu\/product\/uladzimir-hlazau-%d0%bf%d0%be%d0%ba%d0%b0%d0%b7%d0%b0%d0%bd%d0%b8%d1%8f-%d0%b1%d0%b0%d1%80%d0%be%d0%bc%d0%b5%d1%82%d1%80%d0%b0-barometer-readings\/#breadcrumb"},"inLanguage":"be","potentialAction":[{"@type":"ReadAction","target":["https:\/\/minsk.hochroth.eu\/product\/uladzimir-hlazau-%d0%bf%d0%be%d0%ba%d0%b0%d0%b7%d0%b0%d0%bd%d0%b8%d1%8f-%d0%b1%d0%b0%d1%80%d0%be%d0%bc%d0%b5%d1%82%d1%80%d0%b0-barometer-readings\/"]}]},{"@type":"ImageObject","inLanguage":"be","@id":"https:\/\/minsk.hochroth.eu\/product\/uladzimir-hlazau-%d0%bf%d0%be%d0%ba%d0%b0%d0%b7%d0%b0%d0%bd%d0%b8%d1%8f-%d0%b1%d0%b0%d1%80%d0%be%d0%bc%d0%b5%d1%82%d1%80%d0%b0-barometer-readings\/#primaryimage","url":"https:\/\/minsk.hochroth.eu\/wp-content\/uploads\/2024\/12\/\u0421\u043d\u0438\u043c\u043e\u043a-\u044d\u043a\u0440\u0430\u043d\u0430-2024-12-09-\u0432-19.33.41.png","contentUrl":"https:\/\/minsk.hochroth.eu\/wp-content\/uploads\/2024\/12\/\u0421\u043d\u0438\u043c\u043e\u043a-\u044d\u043a\u0440\u0430\u043d\u0430-2024-12-09-\u0432-19.33.41.png","width":816,"height":1146},{"@type":"BreadcrumbList","@id":"https:\/\/minsk.hochroth.eu\/product\/uladzimir-hlazau-%d0%bf%d0%be%d0%ba%d0%b0%d0%b7%d0%b0%d0%bd%d0%b8%d1%8f-%d0%b1%d0%b0%d1%80%d0%be%d0%bc%d0%b5%d1%82%d1%80%d0%b0-barometer-readings\/#breadcrumb","itemListElement":[{"@type":"ListItem","position":1,"name":"Startseite","item":"https:\/\/minsk.hochroth.eu\/"},{"@type":"ListItem","position":2,"name":"Shop","item":"https:\/\/minsk.hochroth.eu\/shop\/"},{"@type":"ListItem","position":3,"name":"U\u0142adzimir H\u0142aza\u016d \u2013 \u041f\u043e\u043a\u0430\u0437\u0430\u043d\u0438\u044f \u0431\u0430\u0440\u043e\u043c\u0435\u0442\u0440\u0430 (Barometer readings)"}]},{"@type":"WebSite","@id":"https:\/\/minsk.hochroth.eu\/#website","url":"https:\/\/minsk.hochroth.eu\/","name":"hochroth m\u0456\u043d\u0441\u043a","description":"","publisher":{"@id":"https:\/\/minsk.hochroth.eu\/#organization"},"potentialAction":[{"@type":"SearchAction","target":{"@type":"EntryPoint","urlTemplate":"https:\/\/minsk.hochroth.eu\/?s={search_term_string}"},"query-input":{"@type":"PropertyValueSpecification","valueRequired":true,"valueName":"search_term_string"}}],"inLanguage":"be"},{"@type":"Organization","@id":"https:\/\/minsk.hochroth.eu\/#organization","name":"hochroth verlag","url":"https:\/\/minsk.hochroth.eu\/","logo":{"@type":"ImageObject","inLanguage":"be","@id":"https:\/\/minsk.hochroth.eu\/#\/schema\/logo\/image\/","url":"https:\/\/minsk.hochroth.eu\/wp-content\/uploads\/2021\/12\/211208_hochroth_fb.png","contentUrl":"https:\/\/minsk.hochroth.eu\/wp-content\/uploads\/2021\/12\/211208_hochroth_fb.png","width":1200,"height":630,"caption":"hochroth verlag"},"image":{"@id":"https:\/\/minsk.hochroth.eu\/#\/schema\/logo\/image\/"}}]}},"_links":{"self":[{"href":"https:\/\/minsk.hochroth.eu\/be\/wp-json\/wp\/v2\/product\/9116","targetHints":{"allow":["GET"]}}],"collection":[{"href":"https:\/\/minsk.hochroth.eu\/be\/wp-json\/wp\/v2\/product"}],"about":[{"href":"https:\/\/minsk.hochroth.eu\/be\/wp-json\/wp\/v2\/types\/product"}],"wp:featuredmedia":[{"embeddable":true,"href":"https:\/\/minsk.hochroth.eu\/be\/wp-json\/wp\/v2\/media\/9117"}],"wp:attachment":[{"href":"https:\/\/minsk.hochroth.eu\/be\/wp-json\/wp\/v2\/media?parent=9116"}],"wp:term":[{"taxonomy":"product_brand","embeddable":true,"href":"https:\/\/minsk.hochroth.eu\/be\/wp-json\/wp\/v2\/product_brand?post=9116"},{"taxonomy":"product_cat","embeddable":true,"href":"https:\/\/minsk.hochroth.eu\/be\/wp-json\/wp\/v2\/product_cat?post=9116"},{"taxonomy":"product_tag","embeddable":true,"href":"https:\/\/minsk.hochroth.eu\/be\/wp-json\/wp\/v2\/product_tag?post=9116"}],"curies":[{"name":"wp","href":"https:\/\/api.w.org\/{rel}","templated":true}]}}