{"id":8778,"date":"2024-05-11T15:25:27","date_gmt":"2024-05-11T15:25:27","guid":{"rendered":"https:\/\/minsk.hochroth.eu\/?post_type=product&#038;p=8778"},"modified":"2024-06-11T09:35:20","modified_gmt":"2024-06-11T09:35:20","slug":"dmitri-strotsev-%d1%80oeticka-reportaz-%d1%80oetic-reportage","status":"publish","type":"product","link":"https:\/\/minsk.hochroth.eu\/be\/product\/dmitri-strotsev-%d1%80oeticka-reportaz-%d1%80oetic-reportage\/","title":{"rendered":"\u0414\u0437\u043c\u0456\u0442\u0440\u044b\u0439 \u0421\u0442\u0440\u043e\u0446\u0430\u045e \u2013 \u0420oetick\u00e1 report\u00e1\u017e (\u041f\u0430\u044d\u0442\u044b\u0447\u043d\u044b \u0440\u044d\u043f\u0430\u0440\u0442\u0430\u0436)"},"content":{"rendered":"<h6>\u0414\u0437\u043c\u0456\u0442\u0440\u044b\u0439 \u0421\u0442\u0440\u043e\u0446\u0430\u045e \u2013 \u0420oetick\u00e1 report\u00e1\u017e (\u041f\u0430\u044d\u0442\u044b\u0447\u043d\u044b \u0440\u044d\u043f\u0430\u0440\u0442\u0430\u0436)<br \/>\n\u0406\u043b\u044e\u0441\u0442\u0440\u0430\u0446\u044b\u0456 \u0421\u0432\u044f\u0442\u043b\u0430\u043d\u044b \u0421\u043e\u0444\u2019\u0456 \u0414\u0437\u0435\u043c\u0456\u0434\u043e\u0432\u0456\u0447<br \/>\n\u041f\u0435\u0440\u0430\u043a\u043b\u0430\u0434\u044b: \u041c\u0430\u043a\u0441 \u0411\u044f\u043b\u044f\u045e\u0441\u043a\u0456, \u041c\u0430\u0440\u0446\u044b\u044f \u041f\u0430\u0442\u043e\u043d, \u0425\u0435\u043b\u0435\u043d\u0430 \u0412\u043e\u0441\u0442\u0440\u044b, \u041c\u0430\u043a\u0441 \u0428\u0447\u0443\u0440<br \/>\nhochroth Minsk<br \/>\n\u0411\u0435\u0440\u043b\u0456\u043d, 2024<br \/>\nISBN 978-3-949850-47-9<br \/>\n\u041c\u043e\u0432\u0430: \u0447\u044d\u0448\u0441\u043a\u0430\u044f<\/h6>\n<p>\u0414\u0437\u043c\u0456\u0442\u0440\u044b\u0439 \u0421\u0442\u0440\u043e\u0446\u0430\u045e (\u043d\u0430\u0440. 1963) \u2013 \u0431\u0435\u043b\u0430\u0440\u0443\u0441\u043a\u0456 \u043f\u0430\u044d\u0442, \u044f\u043a\u0456 \u043f\u0456\u0448\u0430 \u043d\u0430 \u0440\u0443\u0441\u043a\u0430\u0439 \u043c\u043e\u0432\u0435. \u0410\u045e\u0442\u0430\u0440 22 \u043a\u043d\u0456\u0433 \u043f\u0430\u044d\u0437\u0456\u0456, \u043f\u0435\u0440\u0430\u043a\u043b\u0430\u0434\u0437\u0435\u043d\u044b\u0445 \u043d\u0430 \u0440\u043e\u0437\u043d\u044b\u044f \u043c\u043e\u0432\u044b, \u043b\u0430\u045e\u0440\u044d\u0430\u0442 \u0448\u044d\u0440\u0430\u0433\u0443 \u0435\u045e\u0440\u0430\u043f\u0435\u0439\u0441\u043a\u0456\u0445 \u043b\u0456\u0442\u0430\u0440\u0430\u0442\u0443\u0440\u043d\u044b\u0445 \u043f\u0440\u044d\u043c\u0456\u0439, \u0443 \u0442\u044b\u043c \u043b\u0456\u043a\u0443 \u043f\u0440\u044d\u043c\u0456\u0456 \u0411\u0456\u0431\u043b\u0456\u044f\u0442\u044d\u043a\u0456 \u0456\u043c\u044f \u0412\u0430\u0446\u043b\u0430\u0432\u0430 \u0413\u0430\u045e\u043b\u0430 \u00abDisturbing the Peace Award for a Courageous Writer at Risk\u00bb (2021). \u0423 \u0446\u044f\u043f\u0435\u0440\u0430\u0448\u043d\u0456 \u0447\u0430\u0441 \u0436\u044b\u0432\u0435 \u045e \u0411\u0435\u0440\u043b\u0456\u043d\u0435.<\/p>\n<p>\u00ab\u041f\u0430\u044d\u0442\u044b\u0447\u043d\u044b \u0440\u044d\u043f\u0430\u0440\u0442\u0430\u0436\u00bb \u2014 \u043f\u0435\u0440\u0448\u0430\u044f \u043a\u043d\u0456\u0433\u0430 \u0421\u0442\u0440\u043e\u0446\u0430\u0432\u0430 \u043d\u0430 \u0447\u044d\u0448\u0441\u043a\u0430\u0439 \u043c\u043e\u0432\u0435. \u0417\u0431\u043e\u0440\u043d\u0456\u043a \u0432\u044b\u0439\u0448\u0430\u045e \u0443 \u0431\u0435\u0440\u043b\u0456\u043d\u0441\u043a\u0456\u043c \u0432\u044b\u0434\u0430\u0432\u0435\u0446\u0442\u0432\u0435 hochroth Minsk, \u044f\u043a\u043e\u0435 \u0441\u043f\u0435\u0446\u044b\u044f\u043b\u0456\u0437\u0443\u0435\u0446\u0446\u0430 \u043d\u0430 \u0432\u044b\u0434\u0430\u043d\u043d\u0456 \u0431\u0435\u043b\u0430\u0440\u0443\u0441\u043a\u0430\u0439 \u043f\u0430\u044d\u0437\u0456\u0456 \u043d\u0430 \u0440\u043e\u0437\u043d\u044b\u0445 \u043c\u043e\u0432\u0430\u0445. \u041f\u0430\u044d\u0442\u044b\u0447\u043d\u044b \u0440\u044d\u043f\u0430\u0440\u0442\u0430\u0436 \u2014 \u0443\u043b\u0430\u0441\u043d\u044b \u0430\u045e\u0442\u0430\u0440\u0441\u043a\u0456 \u0436\u0430\u043d\u0440 \u0421\u0442\u0440\u043e\u0446\u0430\u0432\u0430, \u044f\u043a\u0456 \u043f\u0430\u044d\u0442 \u0440\u0430\u0437\u0432\u0456\u0432\u0430\u0435 \u0431\u043e\u043b\u044c\u0448 \u0437\u0430 20 \u0433\u0430\u0434\u043e\u045e.<\/p>\n<p>\u0423 \u043a\u043d\u0456\u0437\u0435 \u0441\u0430\u0431\u0440\u0430\u043d\u044b\u044f \u0432\u0435\u0440\u0448\u044b, \u043d\u0430\u043f\u0456\u0441\u0430\u043d\u044b\u044f \u045e \u043f\u0435\u0440\u044b\u044f\u0434 \u0437 2008 \u043f\u0430 2022 \u0433\u043e\u0434. 2008 \u0433\u043e\u0434 \u2013 \u043f\u0430\u0447\u0430\u0442\u0430\u043a \u0430\u0434\u043a\u0440\u044b\u0442\u0430\u0439 \u0440\u0430\u0441\u0456\u0439\u0441\u043a\u0430\u0439 \u0432\u0430\u0435\u043d\u043d\u0430\u0439 \u044d\u043a\u0441\u043f\u0430\u043d\u0441\u0456\u0456, \u0443\u0432\u0430\u0440\u0432\u0430\u043d\u043d\u044f \u0432\u043e\u0439\u0441\u043a\u0430\u045e \u0420\u0430\u0441\u0456\u0439\u0441\u043a\u0430\u0439 \u0424\u0435\u0434\u044d\u0440\u0430\u0446\u044b\u0456 \u045e \u0413\u0440\u0443\u0437\u0456\u044e. 2022 \u0433\u043e\u0434 \u2013 \u043f\u043e\u045e\u043d\u0430\u043c\u0430\u0448\u0442\u0430\u0431\u043d\u0430\u0435 \u045e\u0432\u0430\u0440\u0432\u0430\u043d\u043d\u0435 \u0440\u0430\u0441\u0435\u0439\u0441\u043a\u0430\u0439 \u0430\u0440\u043c\u0456\u0456 \u0432\u0430 \u0423\u043a\u0440\u0430\u0456\u043d\u0443. \u0414\u043b\u044f \u0421\u0442\u0440\u043e\u0446\u0430\u0432\u0430 \u044f\u043a \u043f\u0430\u044d\u0442\u0430 \u0446\u044d\u043d\u0442\u0440\u0430\u043b\u044c\u043d\u0430\u0439 \u0437\u2019\u044f\u045e\u043b\u044f\u0435\u0446\u0446\u0430 \u043d\u0435\u0430\u0431\u0445\u043e\u0434\u043d\u0430\u0441\u0446\u044c \u0441\u0432\u0435\u0434\u0447\u0430\u043d\u043d\u044f \u043f\u0440\u0430 \u0442\u0440\u0430\u0433\u0435\u0434\u044b\u044e, \u0447\u0430\u0441\u0430\u043c \u0437 \u0441\u0430\u043c\u0430\u0433\u0430 \u043c\u0435\u0441\u0446\u0430 \u043f\u0430\u0434\u0437\u0435\u044f\u045e. \u0413\u044d\u0442\u0430 \u0432\u0430\u0436\u043d\u0430\u0435 \u043f\u0430\u0446\u0432\u044f\u0440\u0434\u0436\u044d\u043d\u043d\u0435 \u0433\u043e\u0434\u043d\u0430\u0441\u0446\u0456 \u0456 \u0430\u0434\u043a\u0430\u0437\u043d\u0430\u0441\u0446\u0456 \u0430\u0441\u043e\u0431\u044b \u043f\u0435\u0440\u0430\u0434 \u0442\u0432\u0430\u0440\u0430\u043c \u0432\u0430\u0435\u043d\u043d\u0430\u0439 \u0456 \u043f\u0430\u043b\u0456\u0442\u044b\u0447\u043d\u0430\u0439 \u043a\u0430\u0442\u0430\u0441\u0442\u0440\u043e\u0444\u044b.<\/p>\n<p>\u0423 \u0441\u0432\u0430\u0456\u043c \u043d\u043e\u0432\u044b\u043c \u0437\u0431\u043e\u0440\u043d\u0456\u043a\u0443 \u0430\u045e\u0442\u0430\u0440 \u0437\u0432\u044f\u0440\u0442\u0430\u0435\u0446\u0446\u0430 \u0434\u0430 \u0447\u044d\u0448\u0441\u043a\u0430\u0439 \u0430\u045e\u0434\u044b\u0442\u043e\u0440\u044b\u0456. \u0421\u0442\u0440\u043e\u0446\u0430\u045e \u043c\u0430\u0435 \u0434\u043e\u0431\u0440\u044b\u044f \u0441\u0443\u0432\u044f\u0437\u0456 \u0437 \u0427\u044d\u0445\u0456\u044f\u0439, \u043f\u0430\u0434\u0442\u0440\u044b\u043c\u043b\u0456\u0432\u0430\u0435 \u0441\u044f\u0431\u0440\u043e\u045e\u0441\u043a\u0456\u044f \u0430\u0434\u043d\u043e\u0441\u0456\u043d\u044b \u0437 \u0444\u043e\u043d\u0434\u0430\u043c\u0456 \u0412\u0430\u0446\u043b\u0430\u0432\u0430 \u0413\u0430\u045e\u043b\u0430 \u0456 \u0410\u0440\u043d\u043e\u0448\u0442\u0430 \u041b\u044e\u0441\u0446\u0456\u0433\u0430 \u0456 \u0437 \u0447\u044d\u0448\u0441\u043a\u0456\u043c\u0456 \u043f\u0435\u0440\u0430\u043a\u043b\u0430\u0434\u0447\u044b\u043a\u0430\u043c\u0456. \u0412\u044b\u043d\u0456\u043a\u0430\u043c \u0433\u044d\u0442\u0430\u0433\u0430 \u0441\u044f\u0431\u0440\u043e\u045e\u0441\u0442\u0432\u0430 \u0456 \u0441\u0442\u0430\u043b\u0430 \u043a\u043d\u0456\u0433\u0430 \u201c\u041f\u0430\u044d\u0442\u044b\u0447\u043d\u044b \u0440\u044d\u043f\u0430\u0440\u0442\u0430\u0436\u201d. \u0410\u045e\u0442\u0430\u0440 \u0441\u043f\u0430\u0434\u0437\u044f\u0435\u0446\u0446\u0430, \u0448\u0442\u043e \u0437\u043d\u0430\u0451\u043c\u0441\u0442\u0432\u0430 \u0437 \u0433\u044d\u0442\u0430\u0439 \u043a\u043d\u0456\u0433\u0430\u0439 \u0434\u0430\u043f\u0430\u043c\u043e\u0436\u0430 \u0447\u044d\u0448\u0441\u043a\u0430\u043c\u0443 \u0447\u044b\u0442\u0430\u0447\u0443 \u0431\u043b\u0456\u0436\u044d\u0439 \u0430\u0434\u0447\u0443\u0446\u044c \u043f\u0430\u0434\u0437\u0435\u0456, \u044f\u043a\u0456\u044f \u0430\u0434\u0431\u044b\u0432\u0430\u044e\u0446\u0446\u0430 \u0432\u0430 \u0423\u0441\u0445\u043e\u0434\u043d\u044f\u0439 \u0415\u045e\u0440\u043e\u043f\u0435, \u0456 \u0431\u043e\u043b\u044c\u0448 \u043f\u043e\u045e\u043d\u0430 \u045e\u0441\u0432\u044f\u0434\u043e\u043c\u0456\u0446\u044c \u043c\u0430\u0448\u0442\u0430\u0431\u044b \u0433\u044d\u0442\u0430\u0439 \u0433\u0443\u043c\u0430\u043d\u0456\u0442\u0430\u0440\u043d\u0430\u0439 \u043a\u0430\u0442\u0430\u0441\u0442\u0440\u043e\u0444\u044b.<\/p>","protected":false},"excerpt":{"rendered":"<p>\u041f\u0430\u044d\u0442\u044b\u0447\u043d\u044b \u0440\u044d\u043f\u0430\u0440\u0442\u0430\u0436 \u2014 \u0443\u043b\u0430\u0441\u043d\u044b \u0430\u045e\u0442\u0430\u0440\u0441\u043a\u0456 \u0436\u0430\u043d\u0440 \u0421\u0442\u0440\u043e\u0446\u0430\u0432\u0430, \u044f\u043a\u0456 \u043f\u0430\u044d\u0442 \u0440\u0430\u0437\u0432\u0456\u0432\u0430\u0435 \u0431\u043e\u043b\u044c\u0448 \u0437\u0430 20 \u0433\u0430\u0434\u043e\u045e. \u0423 \u043a\u043d\u0456\u0437\u0435 \u0441\u0430\u0431\u0440\u0430\u043d\u044b\u044f \u0432\u0435\u0440\u0448\u044b, \u043d\u0430\u043f\u0456\u0441\u0430\u043d\u044b\u044f \u045e \u043f\u0435\u0440\u044b\u044f\u0434 \u0437 2008 \u043f\u0430 2022 \u0433\u043e\u0434. \u00ab\u041f\u0430\u044d\u0442\u044b\u0447\u043d\u044b \u0440\u044d\u043f\u0430\u0440\u0442\u0430\u0436\u00bb \u2014 \u043f\u0435\u0440\u0448\u0430\u044f \u043a\u043d\u0456\u0433\u0430 \u0421\u0442\u0440\u043e\u0446\u0430\u0432\u0430 \u043d\u0430 \u0447\u044d\u0448\u0441\u043a\u0430\u0439 \u043c\u043e\u0432\u0435.<\/p>","protected":false},"featured_media":8984,"template":"","meta":{"_themeisle_gutenberg_block_has_review":false},"product_brand":[],"product_cat":[643],"product_tag":[],"class_list":{"0":"post-8778","1":"product","2":"type-product","3":"status-publish","4":"has-post-thumbnail","6":"product_cat-dmitri-strotsev","8":"first","9":"instock","10":"shipping-taxable","11":"purchasable","12":"product-type-simple"},"yoast_head":"<!-- This site is optimized with the Yoast SEO plugin v27.3 - https:\/\/yoast.com\/product\/yoast-seo-wordpress\/ -->\n<title>Dmitri Strotsev \u2013 \u0420oetick\u00e1 report\u00e1\u017e (\u0420oetic Reportage) - hochroth minsk<\/title>\n<meta name=\"robots\" content=\"index, follow, max-snippet:-1, max-image-preview:large, max-video-preview:-1\" \/>\n<link rel=\"canonical\" href=\"https:\/\/minsk.hochroth.eu\/be\/product\/dmitri-strotsev-\u0440oeticka-reportaz-\u0440oetic-reportage\/\" \/>\n<meta property=\"og:locale\" content=\"en_US\" \/>\n<meta property=\"og:type\" content=\"article\" \/>\n<meta property=\"og:title\" content=\"Dmitri Strotsev \u2013 \u0420oetick\u00e1 report\u00e1\u017e (\u0420oetic Reportage) - hochroth minsk\" \/>\n<meta property=\"og:description\" content=\"Poetic reportage is Strotsev\u2019s own genre, which the poet has been developing for more than 20 years. The book contains poems written between 2008 and 2022. \u201cPoetic Reportage\u201d is Strotsev\u2019s first book in the Czech language.\" \/>\n<meta property=\"og:url\" content=\"https:\/\/minsk.hochroth.eu\/be\/product\/dmitri-strotsev-\u0440oeticka-reportaz-\u0440oetic-reportage\/\" \/>\n<meta property=\"og:site_name\" content=\"hochroth minsk\" \/>\n<meta property=\"article:modified_time\" content=\"2024-06-11T09:35:20+00:00\" \/>\n<meta property=\"og:image\" content=\"https:\/\/minsk.hochroth.eu\/wp-content\/uploads\/2024\/05\/Dmitrij-Strocev-2-5-768x1024.jpeg\" \/>\n\t<meta property=\"og:image:width\" content=\"768\" \/>\n\t<meta property=\"og:image:height\" content=\"1024\" \/>\n\t<meta property=\"og:image:type\" content=\"image\/jpeg\" \/>\n<meta name=\"twitter:card\" content=\"summary_large_image\" \/>\n<meta name=\"twitter:label1\" content=\"Est. reading time\" \/>\n\t<meta name=\"twitter:data1\" content=\"2 minutes\" \/>\n<script type=\"application\/ld+json\" class=\"yoast-schema-graph\">{\"@context\":\"https:\\\/\\\/schema.org\",\"@graph\":[{\"@type\":\"WebPage\",\"@id\":\"https:\\\/\\\/minsk.hochroth.eu\\\/product\\\/dmitri-strotsev-%d1%80oeticka-reportaz-%d1%80oetic-reportage\\\/\",\"url\":\"https:\\\/\\\/minsk.hochroth.eu\\\/product\\\/dmitri-strotsev-%d1%80oeticka-reportaz-%d1%80oetic-reportage\\\/\",\"name\":\"Dmitri Strotsev \u2013 \u0420oetick\u00e1 report\u00e1\u017e (\u0420oetic Reportage) - hochroth minsk\",\"isPartOf\":{\"@id\":\"https:\\\/\\\/minsk.hochroth.eu\\\/#website\"},\"primaryImageOfPage\":{\"@id\":\"https:\\\/\\\/minsk.hochroth.eu\\\/product\\\/dmitri-strotsev-%d1%80oeticka-reportaz-%d1%80oetic-reportage\\\/#primaryimage\"},\"image\":{\"@id\":\"https:\\\/\\\/minsk.hochroth.eu\\\/product\\\/dmitri-strotsev-%d1%80oeticka-reportaz-%d1%80oetic-reportage\\\/#primaryimage\"},\"thumbnailUrl\":\"https:\\\/\\\/minsk.hochroth.eu\\\/wp-content\\\/uploads\\\/2024\\\/05\\\/Dmitrij-Strocev-2-5.jpeg\",\"datePublished\":\"2024-05-11T15:25:27+00:00\",\"dateModified\":\"2024-06-11T09:35:20+00:00\",\"breadcrumb\":{\"@id\":\"https:\\\/\\\/minsk.hochroth.eu\\\/product\\\/dmitri-strotsev-%d1%80oeticka-reportaz-%d1%80oetic-reportage\\\/#breadcrumb\"},\"inLanguage\":\"be\",\"potentialAction\":[{\"@type\":\"ReadAction\",\"target\":[\"https:\\\/\\\/minsk.hochroth.eu\\\/product\\\/dmitri-strotsev-%d1%80oeticka-reportaz-%d1%80oetic-reportage\\\/\"]}]},{\"@type\":\"ImageObject\",\"inLanguage\":\"be\",\"@id\":\"https:\\\/\\\/minsk.hochroth.eu\\\/product\\\/dmitri-strotsev-%d1%80oeticka-reportaz-%d1%80oetic-reportage\\\/#primaryimage\",\"url\":\"https:\\\/\\\/minsk.hochroth.eu\\\/wp-content\\\/uploads\\\/2024\\\/05\\\/Dmitrij-Strocev-2-5.jpeg\",\"contentUrl\":\"https:\\\/\\\/minsk.hochroth.eu\\\/wp-content\\\/uploads\\\/2024\\\/05\\\/Dmitrij-Strocev-2-5.jpeg\",\"width\":1737,\"height\":2315},{\"@type\":\"BreadcrumbList\",\"@id\":\"https:\\\/\\\/minsk.hochroth.eu\\\/product\\\/dmitri-strotsev-%d1%80oeticka-reportaz-%d1%80oetic-reportage\\\/#breadcrumb\",\"itemListElement\":[{\"@type\":\"ListItem\",\"position\":1,\"name\":\"Startseite\",\"item\":\"https:\\\/\\\/minsk.hochroth.eu\\\/\"},{\"@type\":\"ListItem\",\"position\":2,\"name\":\"Shop\",\"item\":\"https:\\\/\\\/minsk.hochroth.eu\\\/shop\\\/\"},{\"@type\":\"ListItem\",\"position\":3,\"name\":\"Dmitri Strotsev \u2013 \u0420oetick\u00e1 report\u00e1\u017e (\u0420oetic Reportage)\"}]},{\"@type\":\"WebSite\",\"@id\":\"https:\\\/\\\/minsk.hochroth.eu\\\/#website\",\"url\":\"https:\\\/\\\/minsk.hochroth.eu\\\/\",\"name\":\"hochroth m\u0456\u043d\u0441\u043a\",\"description\":\"\",\"publisher\":{\"@id\":\"https:\\\/\\\/minsk.hochroth.eu\\\/#organization\"},\"potentialAction\":[{\"@type\":\"SearchAction\",\"target\":{\"@type\":\"EntryPoint\",\"urlTemplate\":\"https:\\\/\\\/minsk.hochroth.eu\\\/?s={search_term_string}\"},\"query-input\":{\"@type\":\"PropertyValueSpecification\",\"valueRequired\":true,\"valueName\":\"search_term_string\"}}],\"inLanguage\":\"be\"},{\"@type\":\"Organization\",\"@id\":\"https:\\\/\\\/minsk.hochroth.eu\\\/#organization\",\"name\":\"hochroth verlag\",\"url\":\"https:\\\/\\\/minsk.hochroth.eu\\\/\",\"logo\":{\"@type\":\"ImageObject\",\"inLanguage\":\"be\",\"@id\":\"https:\\\/\\\/minsk.hochroth.eu\\\/#\\\/schema\\\/logo\\\/image\\\/\",\"url\":\"https:\\\/\\\/minsk.hochroth.eu\\\/wp-content\\\/uploads\\\/2021\\\/12\\\/211208_hochroth_fb.png\",\"contentUrl\":\"https:\\\/\\\/minsk.hochroth.eu\\\/wp-content\\\/uploads\\\/2021\\\/12\\\/211208_hochroth_fb.png\",\"width\":1200,\"height\":630,\"caption\":\"hochroth verlag\"},\"image\":{\"@id\":\"https:\\\/\\\/minsk.hochroth.eu\\\/#\\\/schema\\\/logo\\\/image\\\/\"}}]}<\/script>\n<!-- \/ Yoast SEO plugin. -->","yoast_head_json":{"title":"Dmitri Strotsev \u2013 \u0420oetick\u00e1 report\u00e1\u017e (\u0420oetic Reportage) - hochroth minsk","robots":{"index":"index","follow":"follow","max-snippet":"max-snippet:-1","max-image-preview":"max-image-preview:large","max-video-preview":"max-video-preview:-1"},"canonical":"https:\/\/minsk.hochroth.eu\/be\/product\/dmitri-strotsev-\u0440oeticka-reportaz-\u0440oetic-reportage\/","og_locale":"en_US","og_type":"article","og_title":"Dmitri Strotsev \u2013 \u0420oetick\u00e1 report\u00e1\u017e (\u0420oetic Reportage) - hochroth minsk","og_description":"Poetic reportage is Strotsev\u2019s own genre, which the poet has been developing for more than 20 years. The book contains poems written between 2008 and 2022. \u201cPoetic Reportage\u201d is Strotsev\u2019s first book in the Czech language.","og_url":"https:\/\/minsk.hochroth.eu\/be\/product\/dmitri-strotsev-\u0440oeticka-reportaz-\u0440oetic-reportage\/","og_site_name":"hochroth minsk","article_modified_time":"2024-06-11T09:35:20+00:00","og_image":[{"width":768,"height":1024,"url":"https:\/\/minsk.hochroth.eu\/wp-content\/uploads\/2024\/05\/Dmitrij-Strocev-2-5-768x1024.jpeg","type":"image\/jpeg"}],"twitter_card":"summary_large_image","twitter_misc":{"Est. reading time":"2 minutes"},"schema":{"@context":"https:\/\/schema.org","@graph":[{"@type":"WebPage","@id":"https:\/\/minsk.hochroth.eu\/product\/dmitri-strotsev-%d1%80oeticka-reportaz-%d1%80oetic-reportage\/","url":"https:\/\/minsk.hochroth.eu\/product\/dmitri-strotsev-%d1%80oeticka-reportaz-%d1%80oetic-reportage\/","name":"Dmitri Strotsev \u2013 \u0420oetick\u00e1 report\u00e1\u017e (\u0420oetic Reportage) - hochroth minsk","isPartOf":{"@id":"https:\/\/minsk.hochroth.eu\/#website"},"primaryImageOfPage":{"@id":"https:\/\/minsk.hochroth.eu\/product\/dmitri-strotsev-%d1%80oeticka-reportaz-%d1%80oetic-reportage\/#primaryimage"},"image":{"@id":"https:\/\/minsk.hochroth.eu\/product\/dmitri-strotsev-%d1%80oeticka-reportaz-%d1%80oetic-reportage\/#primaryimage"},"thumbnailUrl":"https:\/\/minsk.hochroth.eu\/wp-content\/uploads\/2024\/05\/Dmitrij-Strocev-2-5.jpeg","datePublished":"2024-05-11T15:25:27+00:00","dateModified":"2024-06-11T09:35:20+00:00","breadcrumb":{"@id":"https:\/\/minsk.hochroth.eu\/product\/dmitri-strotsev-%d1%80oeticka-reportaz-%d1%80oetic-reportage\/#breadcrumb"},"inLanguage":"be","potentialAction":[{"@type":"ReadAction","target":["https:\/\/minsk.hochroth.eu\/product\/dmitri-strotsev-%d1%80oeticka-reportaz-%d1%80oetic-reportage\/"]}]},{"@type":"ImageObject","inLanguage":"be","@id":"https:\/\/minsk.hochroth.eu\/product\/dmitri-strotsev-%d1%80oeticka-reportaz-%d1%80oetic-reportage\/#primaryimage","url":"https:\/\/minsk.hochroth.eu\/wp-content\/uploads\/2024\/05\/Dmitrij-Strocev-2-5.jpeg","contentUrl":"https:\/\/minsk.hochroth.eu\/wp-content\/uploads\/2024\/05\/Dmitrij-Strocev-2-5.jpeg","width":1737,"height":2315},{"@type":"BreadcrumbList","@id":"https:\/\/minsk.hochroth.eu\/product\/dmitri-strotsev-%d1%80oeticka-reportaz-%d1%80oetic-reportage\/#breadcrumb","itemListElement":[{"@type":"ListItem","position":1,"name":"Startseite","item":"https:\/\/minsk.hochroth.eu\/"},{"@type":"ListItem","position":2,"name":"Shop","item":"https:\/\/minsk.hochroth.eu\/shop\/"},{"@type":"ListItem","position":3,"name":"Dmitri Strotsev \u2013 \u0420oetick\u00e1 report\u00e1\u017e (\u0420oetic Reportage)"}]},{"@type":"WebSite","@id":"https:\/\/minsk.hochroth.eu\/#website","url":"https:\/\/minsk.hochroth.eu\/","name":"hochroth m\u0456\u043d\u0441\u043a","description":"","publisher":{"@id":"https:\/\/minsk.hochroth.eu\/#organization"},"potentialAction":[{"@type":"SearchAction","target":{"@type":"EntryPoint","urlTemplate":"https:\/\/minsk.hochroth.eu\/?s={search_term_string}"},"query-input":{"@type":"PropertyValueSpecification","valueRequired":true,"valueName":"search_term_string"}}],"inLanguage":"be"},{"@type":"Organization","@id":"https:\/\/minsk.hochroth.eu\/#organization","name":"hochroth verlag","url":"https:\/\/minsk.hochroth.eu\/","logo":{"@type":"ImageObject","inLanguage":"be","@id":"https:\/\/minsk.hochroth.eu\/#\/schema\/logo\/image\/","url":"https:\/\/minsk.hochroth.eu\/wp-content\/uploads\/2021\/12\/211208_hochroth_fb.png","contentUrl":"https:\/\/minsk.hochroth.eu\/wp-content\/uploads\/2021\/12\/211208_hochroth_fb.png","width":1200,"height":630,"caption":"hochroth verlag"},"image":{"@id":"https:\/\/minsk.hochroth.eu\/#\/schema\/logo\/image\/"}}]}},"_links":{"self":[{"href":"https:\/\/minsk.hochroth.eu\/be\/wp-json\/wp\/v2\/product\/8778","targetHints":{"allow":["GET"]}}],"collection":[{"href":"https:\/\/minsk.hochroth.eu\/be\/wp-json\/wp\/v2\/product"}],"about":[{"href":"https:\/\/minsk.hochroth.eu\/be\/wp-json\/wp\/v2\/types\/product"}],"wp:featuredmedia":[{"embeddable":true,"href":"https:\/\/minsk.hochroth.eu\/be\/wp-json\/wp\/v2\/media\/8984"}],"wp:attachment":[{"href":"https:\/\/minsk.hochroth.eu\/be\/wp-json\/wp\/v2\/media?parent=8778"}],"wp:term":[{"taxonomy":"product_brand","embeddable":true,"href":"https:\/\/minsk.hochroth.eu\/be\/wp-json\/wp\/v2\/product_brand?post=8778"},{"taxonomy":"product_cat","embeddable":true,"href":"https:\/\/minsk.hochroth.eu\/be\/wp-json\/wp\/v2\/product_cat?post=8778"},{"taxonomy":"product_tag","embeddable":true,"href":"https:\/\/minsk.hochroth.eu\/be\/wp-json\/wp\/v2\/product_tag?post=8778"}],"curies":[{"name":"wp","href":"https:\/\/api.w.org\/{rel}","templated":true}]}}